{"id":1150,"date":"2022-03-21T16:46:47","date_gmt":"2022-03-21T15:46:47","guid":{"rendered":"https:\/\/site.educa.madrid.org\/cpm.adolfosalazar.madrid\/?page_id=1150"},"modified":"2024-10-24T11:15:58","modified_gmt":"2024-10-24T09:15:58","slug":"manuel-cepero-gutierrez","status":"publish","type":"page","link":"https:\/\/site.educa.madrid.org\/cpm.adolfosalazar.madrid\/index.php\/manuel-cepero-gutierrez\/","title":{"rendered":"Manuel Cepero Guti\u00e9rrez"},"content":{"rendered":"\n<div class=\"wp-block-columns is-layout-flex wp-container-core-columns-is-layout-9d6595d7 wp-block-columns-is-layout-flex\">\n<div class=\"wp-block-column is-layout-flow wp-block-column-is-layout-flow\" style=\"flex-basis:33.33%\">\n<figure class=\"wp-block-image size-large\"><img loading=\"lazy\" decoding=\"async\" width=\"1024\" height=\"1024\" src=\"https:\/\/site.educa.madrid.org\/cpm.adolfosalazar.madrid\/\/wp-content\/uploads\/cpm.adolfosalazar.madrid\/2022\/03\/ManuelCepero-Depto-Conjuntos-1024x1024.jpg\" alt=\"\" class=\"wp-image-992\" srcset=\"https:\/\/site.educa.madrid.org\/cpm.adolfosalazar.madrid\/\/wp-content\/uploads\/cpm.adolfosalazar.madrid\/2022\/03\/ManuelCepero-Depto-Conjuntos-1024x1024.jpg 1024w, https:\/\/site.educa.madrid.org\/cpm.adolfosalazar.madrid\/\/wp-content\/uploads\/cpm.adolfosalazar.madrid\/2022\/03\/ManuelCepero-Depto-Conjuntos-300x300.jpg 300w, https:\/\/site.educa.madrid.org\/cpm.adolfosalazar.madrid\/\/wp-content\/uploads\/cpm.adolfosalazar.madrid\/2022\/03\/ManuelCepero-Depto-Conjuntos-150x150.jpg 150w, https:\/\/site.educa.madrid.org\/cpm.adolfosalazar.madrid\/\/wp-content\/uploads\/cpm.adolfosalazar.madrid\/2022\/03\/ManuelCepero-Depto-Conjuntos-768x768.jpg 768w, https:\/\/site.educa.madrid.org\/cpm.adolfosalazar.madrid\/\/wp-content\/uploads\/cpm.adolfosalazar.madrid\/2022\/03\/ManuelCepero-Depto-Conjuntos-1536x1536.jpg 1536w, https:\/\/site.educa.madrid.org\/cpm.adolfosalazar.madrid\/\/wp-content\/uploads\/cpm.adolfosalazar.madrid\/2022\/03\/ManuelCepero-Depto-Conjuntos-2048x2048.jpg 2048w, https:\/\/site.educa.madrid.org\/cpm.adolfosalazar.madrid\/\/wp-content\/uploads\/cpm.adolfosalazar.madrid\/2022\/03\/ManuelCepero-Depto-Conjuntos-700x700.jpg 700w, https:\/\/site.educa.madrid.org\/cpm.adolfosalazar.madrid\/\/wp-content\/uploads\/cpm.adolfosalazar.madrid\/2022\/03\/ManuelCepero-Depto-Conjuntos-520x520.jpg 520w, https:\/\/site.educa.madrid.org\/cpm.adolfosalazar.madrid\/\/wp-content\/uploads\/cpm.adolfosalazar.madrid\/2022\/03\/ManuelCepero-Depto-Conjuntos-360x360.jpg 360w, https:\/\/site.educa.madrid.org\/cpm.adolfosalazar.madrid\/\/wp-content\/uploads\/cpm.adolfosalazar.madrid\/2022\/03\/ManuelCepero-Depto-Conjuntos-250x250.jpg 250w, https:\/\/site.educa.madrid.org\/cpm.adolfosalazar.madrid\/\/wp-content\/uploads\/cpm.adolfosalazar.madrid\/2022\/03\/ManuelCepero-Depto-Conjuntos-100x100.jpg 100w\" sizes=\"auto, (max-width: 1024px) 100vw, 1024px\" \/><figcaption class=\"wp-element-caption\"><strong>Asignatura: <\/strong><br>Piano Complementario<\/figcaption><\/figure>\n<\/div>\n\n\n\n<div class=\"wp-block-column is-layout-flow wp-block-column-is-layout-flow\" style=\"flex-basis:66.66%\">\n<p>Empec\u00e9 a estudiar piano a los ocho a\u00f1os, a dar conciertos profesionalmente a los dieciocho, y a dar clases en este conservatorio a los veintiseis, hace ya m\u00e1s de veinte.<\/p>\n\n\n\n<p>Al principio di Historia de la M\u00fasica, y despu\u00e9s M\u00fasica de C\u00e1mara y algo de Piano. Estudi\u00e9 en el Conservatorio Superior de Madrid en la c\u00e1tedra de D. Manuel Carra. Mi trayectoria es parecida a la de muchos m\u00fasicos de mi generaci\u00f3n: varias titulaciones, premios acad\u00e9micos y tambi\u00e9n alguno m\u00e1s bien modesto en concursos de interpretaci\u00f3n, y la licenciatura en Derecho en la UNED.<\/p>\n\n\n\n<p>Me gusta leer, hacer deporte, y me gusta mi profesi\u00f3n en la que aprendo cosas a diario, y que me permite estar en contacto con buena m\u00fasica y con gente joven con la que compartirla, lo cual es muy gratificante.<\/p>\n<\/div>\n<\/div>\n","protected":false},"excerpt":{"rendered":"<p>Empec\u00e9 a estudiar piano a los ocho a\u00f1os, a dar conciertos profesionalmente a los dieciocho, y a dar clases en este conservatorio a los veintiseis, hace ya m\u00e1s de veinte. Al principio di Historia de la M\u00fasica, y despu\u00e9s M\u00fasica de C\u00e1mara y algo de Piano. Estudi\u00e9 en el Conservatorio Superior de Madrid en la<\/p><\/div>\n<div class=\"blog-btn\"><a href=\"https:\/\/site.educa.madrid.org\/cpm.adolfosalazar.madrid\/index.php\/manuel-cepero-gutierrez\/\" class=\"home-blog-btn\">Leer m\u00e1s<\/a><\/p>\n","protected":false},"author":3,"featured_media":0,"parent":0,"menu_order":0,"comment_status":"closed","ping_status":"closed","template":"page-templates\/page_fullwidth.php","meta":{"footnotes":""},"folder":[39],"class_list":["post-1150","page","type-page","status-publish","hentry"],"rttpg_featured_image_url":null,"rttpg_author":{"display_name":"cpm.adolfosalazar.madrid","author_link":"https:\/\/site.educa.madrid.org\/cpm.adolfosalazar.madrid\/index.php\/author\/cuenta_cpm-adolfosalazar-madrid\/"},"rttpg_comment":0,"rttpg_category":" <a href=\"https:\/\/site.educa.madrid.org\/cpm.adolfosalazar.madrid\/?taxonomy=folder&#038;term=bios-profesores-1679781238\" rel=\"tag\">Bios Profesores<\/a>","rttpg_excerpt":"Empec\u00e9 a estudiar piano a los ocho a\u00f1os, a dar conciertos profesionalmente a los dieciocho, y a dar clases en este conservatorio a los veintiseis, hace ya m\u00e1s de veinte. Al principio di Historia de la M\u00fasica, y despu\u00e9s M\u00fasica de C\u00e1mara y algo de Piano. Estudi\u00e9 en el Conservatorio Superior de Madrid en laLeer&hellip;","post_mailing_queue_ids":[],"_links":{"self":[{"href":"https:\/\/site.educa.madrid.org\/cpm.adolfosalazar.madrid\/index.php\/wp-json\/wp\/v2\/pages\/1150","targetHints":{"allow":["GET"]}}],"collection":[{"href":"https:\/\/site.educa.madrid.org\/cpm.adolfosalazar.madrid\/index.php\/wp-json\/wp\/v2\/pages"}],"about":[{"href":"https:\/\/site.educa.madrid.org\/cpm.adolfosalazar.madrid\/index.php\/wp-json\/wp\/v2\/types\/page"}],"author":[{"embeddable":true,"href":"https:\/\/site.educa.madrid.org\/cpm.adolfosalazar.madrid\/index.php\/wp-json\/wp\/v2\/users\/3"}],"replies":[{"embeddable":true,"href":"https:\/\/site.educa.madrid.org\/cpm.adolfosalazar.madrid\/index.php\/wp-json\/wp\/v2\/comments?post=1150"}],"version-history":[{"count":3,"href":"https:\/\/site.educa.madrid.org\/cpm.adolfosalazar.madrid\/index.php\/wp-json\/wp\/v2\/pages\/1150\/revisions"}],"predecessor-version":[{"id":5100,"href":"https:\/\/site.educa.madrid.org\/cpm.adolfosalazar.madrid\/index.php\/wp-json\/wp\/v2\/pages\/1150\/revisions\/5100"}],"wp:attachment":[{"href":"https:\/\/site.educa.madrid.org\/cpm.adolfosalazar.madrid\/index.php\/wp-json\/wp\/v2\/media?parent=1150"}],"wp:term":[{"taxonomy":"folder","embeddable":true,"href":"https:\/\/site.educa.madrid.org\/cpm.adolfosalazar.madrid\/index.php\/wp-json\/wp\/v2\/folder?post=1150"}],"curies":[{"name":"wp","href":"https:\/\/api.w.org\/{rel}","templated":true}]}}