{"id":1155,"date":"2022-03-21T16:49:55","date_gmt":"2022-03-21T15:49:55","guid":{"rendered":"https:\/\/site.educa.madrid.org\/cpm.adolfosalazar.madrid\/?page_id=1155"},"modified":"2022-03-21T16:50:49","modified_gmt":"2022-03-21T15:50:49","slug":"carlos-dominguez-gonzalez","status":"publish","type":"page","link":"https:\/\/site.educa.madrid.org\/cpm.adolfosalazar.madrid\/index.php\/carlos-dominguez-gonzalez\/","title":{"rendered":"Carlos Dom\u00ednguez Gonz\u00e1lez"},"content":{"rendered":"\n<div class=\"wp-block-columns is-layout-flex wp-container-core-columns-is-layout-9d6595d7 wp-block-columns-is-layout-flex\">\n<div class=\"wp-block-column is-layout-flow wp-block-column-is-layout-flow\" style=\"flex-basis:33.33%\">\n<figure class=\"wp-block-image size-large\"><img loading=\"lazy\" decoding=\"async\" width=\"600\" height=\"400\" src=\"https:\/\/site.educa.madrid.org\/cpm.adolfosalazar.madrid\/\/wp-content\/uploads\/cpm.adolfosalazar.madrid\/2022\/03\/Carlos-Dominguez-Foto.jpg\" alt=\"\" class=\"wp-image-994\" srcset=\"https:\/\/site.educa.madrid.org\/cpm.adolfosalazar.madrid\/\/wp-content\/uploads\/cpm.adolfosalazar.madrid\/2022\/03\/Carlos-Dominguez-Foto.jpg 600w, https:\/\/site.educa.madrid.org\/cpm.adolfosalazar.madrid\/\/wp-content\/uploads\/cpm.adolfosalazar.madrid\/2022\/03\/Carlos-Dominguez-Foto-300x200.jpg 300w, https:\/\/site.educa.madrid.org\/cpm.adolfosalazar.madrid\/\/wp-content\/uploads\/cpm.adolfosalazar.madrid\/2022\/03\/Carlos-Dominguez-Foto-391x260.jpg 391w, https:\/\/site.educa.madrid.org\/cpm.adolfosalazar.madrid\/\/wp-content\/uploads\/cpm.adolfosalazar.madrid\/2022\/03\/Carlos-Dominguez-Foto-520x347.jpg 520w, https:\/\/site.educa.madrid.org\/cpm.adolfosalazar.madrid\/\/wp-content\/uploads\/cpm.adolfosalazar.madrid\/2022\/03\/Carlos-Dominguez-Foto-360x240.jpg 360w, https:\/\/site.educa.madrid.org\/cpm.adolfosalazar.madrid\/\/wp-content\/uploads\/cpm.adolfosalazar.madrid\/2022\/03\/Carlos-Dominguez-Foto-250x167.jpg 250w, https:\/\/site.educa.madrid.org\/cpm.adolfosalazar.madrid\/\/wp-content\/uploads\/cpm.adolfosalazar.madrid\/2022\/03\/Carlos-Dominguez-Foto-100x67.jpg 100w, https:\/\/site.educa.madrid.org\/cpm.adolfosalazar.madrid\/\/wp-content\/uploads\/cpm.adolfosalazar.madrid\/2022\/03\/Carlos-Dominguez-Foto-272x182.jpg 272w\" sizes=\"auto, (max-width: 600px) 100vw, 600px\" \/><figcaption><strong>Asignaturas:<\/strong> Piano<\/figcaption><\/figure>\n<\/div>\n\n\n\n<div class=\"wp-block-column is-layout-flow wp-block-column-is-layout-flow\" style=\"flex-basis:66.66%\">\n<p>Nace en Tenerife. Realiz\u00f3 sus estudios en el Conservatorio Superior de M\u00fasica de Santa Cruz de Tenerife con las profesoras Blanca Reyes y M\u00aa \u00c1ngeles D\u00edaz, ingresando posteriormente en la C\u00e1tedra de Jes\u00fas \u00c1ngel Rodr\u00edguez bajo cuya direcci\u00f3n obtiene el T\u00edtulo de Profesor Superior de Piano con las m\u00e1ximas calificaciones. Ampli\u00f3 estudios con Mr. Alexander Kelly en la Royal Academy of Music de Londres, instituci\u00f3n que le otorg\u00f3 la Hodgson Memorial Scholarship y la Grover-Bennett Scholarship. As\u00ed mismo, ha recibido los consejos del pianista Josep Colom.<\/p>\n\n\n\n<p>Galardonado en los concursos \u201cC\u00edrculo de Amistad XII de Enero\u201d (Tenerife), Mu\u00f1oz Molleda\u201d (C\u00e1diz), \u201cLilian Davies\u201d (Londres), \u201cPrimer Centenario Yamaha\u201d (Tenerife) y \u201cCiudad de Albacete\u201d. Premio de Honor en la especialidad de M\u00fasica de C\u00e1mara por el Real Conservatorio de M\u00fasica de Madrid.<\/p>\n\n\n\n<p>Ha desarrollado una amplia actividad concert\u00edstica como solista y como miembro de diversas formaciones camer\u00edsticas, as\u00ed como en el campo del repertorio vocal. Ha grabado la integral de la m\u00fasica para voz y piano de I. Alb\u00e9niz junto al tenor Carlos J. M\u00e9ndez para el sello SEDEM.<\/p>\n\n\n\n<p>Ha sido solista con la Orquesta Sinf\u00f3nica de Tenerife en su ciclo de J\u00f3venes Int\u00e9rpretes, bajo la direcci\u00f3n de Jos\u00e9 G\u00f3mez; en el IX Festival Internacional de Piano de la ULL, dirigido por David Gilbert; con la Camerata de Tenerife y la Orquesta Cl\u00e1sica de la Laguna bajo la direcci\u00f3n de Mark Peters.<\/p>\n\n\n\n<p>Actualmente ejerce como profesor de Piano en el Conservatorio Profesional de M\u00fasica &nbsp;\u201dAdolfo Salazar\u201d de Madrid.<\/p>\n<\/div>\n<\/div>\n","protected":false},"excerpt":{"rendered":"<p>Nace en Tenerife. Realiz\u00f3 sus estudios en el Conservatorio Superior de M\u00fasica de Santa Cruz de Tenerife con las profesoras Blanca Reyes y M\u00aa \u00c1ngeles D\u00edaz, ingresando posteriormente en la C\u00e1tedra de Jes\u00fas \u00c1ngel Rodr\u00edguez bajo cuya direcci\u00f3n obtiene el T\u00edtulo de Profesor Superior de Piano con las m\u00e1ximas calificaciones. Ampli\u00f3 estudios con Mr. Alexander<\/p><\/div>\n<div class=\"blog-btn\"><a href=\"https:\/\/site.educa.madrid.org\/cpm.adolfosalazar.madrid\/index.php\/carlos-dominguez-gonzalez\/\" class=\"home-blog-btn\">Leer m\u00e1s<\/a><\/p>\n","protected":false},"author":3,"featured_media":0,"parent":0,"menu_order":0,"comment_status":"closed","ping_status":"closed","template":"page-templates\/page_fullwidth.php","meta":{"footnotes":""},"folder":[39],"class_list":["post-1155","page","type-page","status-publish","hentry"],"rttpg_featured_image_url":null,"rttpg_author":{"display_name":"cpm.adolfosalazar.madrid","author_link":"https:\/\/site.educa.madrid.org\/cpm.adolfosalazar.madrid\/index.php\/author\/cuenta_cpm-adolfosalazar-madrid\/"},"rttpg_comment":0,"rttpg_category":" <a href=\"https:\/\/site.educa.madrid.org\/cpm.adolfosalazar.madrid\/?taxonomy=folder&#038;term=bios-profesores-1679781238\" rel=\"tag\">Bios Profesores<\/a>","rttpg_excerpt":"Nace en Tenerife. Realiz\u00f3 sus estudios en el Conservatorio Superior de M\u00fasica de Santa Cruz de Tenerife con las profesoras Blanca Reyes y M\u00aa \u00c1ngeles D\u00edaz, ingresando posteriormente en la C\u00e1tedra de Jes\u00fas \u00c1ngel Rodr\u00edguez bajo cuya direcci\u00f3n obtiene el T\u00edtulo de Profesor Superior de Piano con las m\u00e1ximas calificaciones. Ampli\u00f3 estudios con Mr. AlexanderLeer&hellip;","post_mailing_queue_ids":[],"_links":{"self":[{"href":"https:\/\/site.educa.madrid.org\/cpm.adolfosalazar.madrid\/index.php\/wp-json\/wp\/v2\/pages\/1155","targetHints":{"allow":["GET"]}}],"collection":[{"href":"https:\/\/site.educa.madrid.org\/cpm.adolfosalazar.madrid\/index.php\/wp-json\/wp\/v2\/pages"}],"about":[{"href":"https:\/\/site.educa.madrid.org\/cpm.adolfosalazar.madrid\/index.php\/wp-json\/wp\/v2\/types\/page"}],"author":[{"embeddable":true,"href":"https:\/\/site.educa.madrid.org\/cpm.adolfosalazar.madrid\/index.php\/wp-json\/wp\/v2\/users\/3"}],"replies":[{"embeddable":true,"href":"https:\/\/site.educa.madrid.org\/cpm.adolfosalazar.madrid\/index.php\/wp-json\/wp\/v2\/comments?post=1155"}],"version-history":[{"count":2,"href":"https:\/\/site.educa.madrid.org\/cpm.adolfosalazar.madrid\/index.php\/wp-json\/wp\/v2\/pages\/1155\/revisions"}],"predecessor-version":[{"id":1157,"href":"https:\/\/site.educa.madrid.org\/cpm.adolfosalazar.madrid\/index.php\/wp-json\/wp\/v2\/pages\/1155\/revisions\/1157"}],"wp:attachment":[{"href":"https:\/\/site.educa.madrid.org\/cpm.adolfosalazar.madrid\/index.php\/wp-json\/wp\/v2\/media?parent=1155"}],"wp:term":[{"taxonomy":"folder","embeddable":true,"href":"https:\/\/site.educa.madrid.org\/cpm.adolfosalazar.madrid\/index.php\/wp-json\/wp\/v2\/folder?post=1155"}],"curies":[{"name":"wp","href":"https:\/\/api.w.org\/{rel}","templated":true}]}}