{"id":1159,"date":"2022-03-21T16:51:34","date_gmt":"2022-03-21T15:51:34","guid":{"rendered":"https:\/\/site.educa.madrid.org\/cpm.adolfosalazar.madrid\/?page_id=1159"},"modified":"2022-03-21T16:52:40","modified_gmt":"2022-03-21T15:52:40","slug":"farid-fasla-fernandez","status":"publish","type":"page","link":"https:\/\/site.educa.madrid.org\/cpm.adolfosalazar.madrid\/index.php\/farid-fasla-fernandez\/","title":{"rendered":"Farid Fasla Fern\u00e1ndez"},"content":{"rendered":"\n<div class=\"wp-block-columns is-layout-flex wp-container-core-columns-is-layout-9d6595d7 wp-block-columns-is-layout-flex\">\n<div class=\"wp-block-column is-layout-flow wp-block-column-is-layout-flow\" style=\"flex-basis:33.33%\">\n<figure class=\"wp-block-image size-large\"><img loading=\"lazy\" decoding=\"async\" width=\"350\" height=\"350\" src=\"https:\/\/site.educa.madrid.org\/cpm.adolfosalazar.madrid\/\/wp-content\/uploads\/cpm.adolfosalazar.madrid\/2022\/03\/Farid-Fasla-1.jpg\" alt=\"\" class=\"wp-image-995\" srcset=\"https:\/\/site.educa.madrid.org\/cpm.adolfosalazar.madrid\/\/wp-content\/uploads\/cpm.adolfosalazar.madrid\/2022\/03\/Farid-Fasla-1.jpg 350w, https:\/\/site.educa.madrid.org\/cpm.adolfosalazar.madrid\/\/wp-content\/uploads\/cpm.adolfosalazar.madrid\/2022\/03\/Farid-Fasla-1-300x300.jpg 300w, https:\/\/site.educa.madrid.org\/cpm.adolfosalazar.madrid\/\/wp-content\/uploads\/cpm.adolfosalazar.madrid\/2022\/03\/Farid-Fasla-1-150x150.jpg 150w, https:\/\/site.educa.madrid.org\/cpm.adolfosalazar.madrid\/\/wp-content\/uploads\/cpm.adolfosalazar.madrid\/2022\/03\/Farid-Fasla-1-250x250.jpg 250w, https:\/\/site.educa.madrid.org\/cpm.adolfosalazar.madrid\/\/wp-content\/uploads\/cpm.adolfosalazar.madrid\/2022\/03\/Farid-Fasla-1-100x100.jpg 100w\" sizes=\"auto, (max-width: 350px) 100vw, 350px\" \/><figcaption><strong>Asignatura: <\/strong>Viol\u00edn<\/figcaption><\/figure>\n<\/div>\n\n\n\n<div class=\"wp-block-column is-layout-flow wp-block-column-is-layout-flow\" style=\"flex-basis:66.66%\">\n<p>Desde 1995 es profesor y jefe del del Departamento de Cuerda del Conservatorio Profesional de M\u00fasica \u201cAdolfo Salazar\u201d de Madrid. Director art\u00edstico del festival y curso de verano Proyecto Musical Villa de Lerma, de la Academia de M\u00fasica d\u2019 Estiu de la Vila de Rialp y dirige una clase para ni\u00f1os especialmente dotados en la Escuela de M\u00fasica Prolat.<\/p>\n\n\n\n<p>Con una incre\u00edble pasi\u00f3n por la ense\u00f1anza, este profesor ha formado ya a varias generaciones de violinistas que desarrollan una carrera en importantes orquestas nacionales y europeas como la Orquesta Nacional de Espa\u00f1a, las orquestas sinf\u00f3nicas de Hamburgo, Bayerische Staatsoper, English National Ballet o Sinf\u00f3nica de M\u00e1laga, en reconocidos grupos de c\u00e1mara o como profesores, en diferentes conservatorios estatales espa\u00f1oles e instituciones educativas de Gran Breta\u00f1a, Ucrania y Canad\u00e1.<\/p>\n\n\n\n<p>Nacido en C\u00f3rdoba, estudi\u00f3 viol\u00edn en los conservatorios de Salamanca, Mosc\u00fa y Odessa, al tiempo que realiz\u00f3 cursos de perfeccionamiento con Anton io Arias, Lev\u00f3n Mamikonian, Irina Medvedeva y Wladimir K\u00ebhn. Disc\u00edpulo de Lara Lev en el Conservatorio Estatal de Odessa, profundiz\u00f3 en el repertorio de c\u00e1mara con Anna May y Olga Maslak. Durante este periodo estudia adem\u00e1s direcci\u00f3n de orquesta con Vera Bazilevich. Siendo aun estudiante destaca por sus inquietudes pedag\u00f3gicas y es nombrado profesor asistente de la Escuela Especial de M\u00fasica de Odessa. Ha sido titulado como Master of Fine Arts y Magister of Arts por el Academia de M\u00fasica de Odessa \u201cA. Nezhdanova\u201d, habiendo recibido diferentes premios y menciones a lo largo de su carrera.<\/p>\n\n\n\n<p>Imparte regularmente cursos de pedagog\u00eda y clases magistrales de t\u00e9cnica e interpretaci\u00f3n en Segovia, San Lorenzo de El Escorial, \u00dabeda, Bail\u00e9n, Madrid y P\u00e4iv\u00f6l\u00e4 (Finlandia), colaborando asimismo con instituciones educativas en Francia y Bielorrusia. Ha sido profesor invitado de la Joven Orquesta de la Comunidad de Madrid. Adem\u00e1s de numerosos recitales en Espa\u00f1a (destacando los de la Fundaci\u00f3n Juan March de Madrid y ciclos de m\u00fasica contempor\u00e1nea del Auditorio Nacional y Auditorio de Zaragoza), ha participado en diversos festivales en Argelia, Portugal, Rusia, Ucrania y Serbia.<\/p>\n\n\n\n<p>La totalidad de sus alumnos prosigue sus estudios superiores en los m\u00e1s prestigiosos centros superiores europeos; adem\u00e1s varios de ellos han sido premiados en concursos nacionales de viol\u00edn y m\u00fasica de c\u00e1mara.<\/p>\n\n\n\n<p>Idiomas: Castellano, franc\u00e9s, ruso e ingl\u00e9s<\/p>\n\n\n\n<p><a rel=\"noreferrer noopener\" href=\"https:\/\/www.youtube.com\/user\/faridfasla\" target=\"_blank\"><strong><span class=\"has-inline-color has-vivid-red-color\">Canal Youtube<\/span><\/strong><\/a><\/p>\n<\/div>\n<\/div>\n","protected":false},"excerpt":{"rendered":"<p>Desde 1995 es profesor y jefe del del Departamento de Cuerda del Conservatorio Profesional de M\u00fasica \u201cAdolfo Salazar\u201d de Madrid. Director art\u00edstico del festival y curso de verano Proyecto Musical Villa de Lerma, de la Academia de M\u00fasica d\u2019 Estiu de la Vila de Rialp y dirige una clase para ni\u00f1os especialmente dotados en la<\/p><\/div>\n<div class=\"blog-btn\"><a href=\"https:\/\/site.educa.madrid.org\/cpm.adolfosalazar.madrid\/index.php\/farid-fasla-fernandez\/\" class=\"home-blog-btn\">Leer m\u00e1s<\/a><\/p>\n","protected":false},"author":3,"featured_media":0,"parent":0,"menu_order":0,"comment_status":"closed","ping_status":"closed","template":"page-templates\/page_fullwidth.php","meta":{"footnotes":""},"folder":[39],"class_list":["post-1159","page","type-page","status-publish","hentry"],"rttpg_featured_image_url":null,"rttpg_author":{"display_name":"cpm.adolfosalazar.madrid","author_link":"https:\/\/site.educa.madrid.org\/cpm.adolfosalazar.madrid\/index.php\/author\/cuenta_cpm-adolfosalazar-madrid\/"},"rttpg_comment":0,"rttpg_category":" <a href=\"https:\/\/site.educa.madrid.org\/cpm.adolfosalazar.madrid\/?taxonomy=folder&#038;term=bios-profesores-1679781238\" rel=\"tag\">Bios Profesores<\/a>","rttpg_excerpt":"Desde 1995 es profesor y jefe del del Departamento de Cuerda del Conservatorio Profesional de M\u00fasica \u201cAdolfo Salazar\u201d de Madrid. Director art\u00edstico del festival y curso de verano Proyecto Musical Villa de Lerma, de la Academia de M\u00fasica d\u2019 Estiu de la Vila de Rialp y dirige una clase para ni\u00f1os especialmente dotados en laLeer&hellip;","post_mailing_queue_ids":[],"_links":{"self":[{"href":"https:\/\/site.educa.madrid.org\/cpm.adolfosalazar.madrid\/index.php\/wp-json\/wp\/v2\/pages\/1159","targetHints":{"allow":["GET"]}}],"collection":[{"href":"https:\/\/site.educa.madrid.org\/cpm.adolfosalazar.madrid\/index.php\/wp-json\/wp\/v2\/pages"}],"about":[{"href":"https:\/\/site.educa.madrid.org\/cpm.adolfosalazar.madrid\/index.php\/wp-json\/wp\/v2\/types\/page"}],"author":[{"embeddable":true,"href":"https:\/\/site.educa.madrid.org\/cpm.adolfosalazar.madrid\/index.php\/wp-json\/wp\/v2\/users\/3"}],"replies":[{"embeddable":true,"href":"https:\/\/site.educa.madrid.org\/cpm.adolfosalazar.madrid\/index.php\/wp-json\/wp\/v2\/comments?post=1159"}],"version-history":[{"count":2,"href":"https:\/\/site.educa.madrid.org\/cpm.adolfosalazar.madrid\/index.php\/wp-json\/wp\/v2\/pages\/1159\/revisions"}],"predecessor-version":[{"id":1161,"href":"https:\/\/site.educa.madrid.org\/cpm.adolfosalazar.madrid\/index.php\/wp-json\/wp\/v2\/pages\/1159\/revisions\/1161"}],"wp:attachment":[{"href":"https:\/\/site.educa.madrid.org\/cpm.adolfosalazar.madrid\/index.php\/wp-json\/wp\/v2\/media?parent=1159"}],"wp:term":[{"taxonomy":"folder","embeddable":true,"href":"https:\/\/site.educa.madrid.org\/cpm.adolfosalazar.madrid\/index.php\/wp-json\/wp\/v2\/folder?post=1159"}],"curies":[{"name":"wp","href":"https:\/\/api.w.org\/{rel}","templated":true}]}}