{"id":1164,"date":"2022-03-21T16:53:23","date_gmt":"2022-03-21T15:53:23","guid":{"rendered":"https:\/\/site.educa.madrid.org\/cpm.adolfosalazar.madrid\/?page_id=1164"},"modified":"2024-10-10T10:46:42","modified_gmt":"2024-10-10T08:46:42","slug":"blanca-fernandez-gonzalez","status":"publish","type":"page","link":"https:\/\/site.educa.madrid.org\/cpm.adolfosalazar.madrid\/index.php\/blanca-fernandez-gonzalez\/","title":{"rendered":"Blanca Fern\u00e1ndez Gonz\u00e1lez"},"content":{"rendered":"\n<div class=\"wp-block-columns is-layout-flex wp-container-core-columns-is-layout-9d6595d7 wp-block-columns-is-layout-flex\">\n<div class=\"wp-block-column is-layout-flow wp-block-column-is-layout-flow\" style=\"flex-basis:33.33%\">\n<figure class=\"wp-block-gallery has-nested-images columns-default is-cropped wp-block-gallery-1 is-layout-flex wp-block-gallery-is-layout-flex\">\n<figure class=\"wp-block-image size-full\"><img loading=\"lazy\" decoding=\"async\" width=\"442\" height=\"507\" data-id=\"5014\" src=\"https:\/\/site.educa.madrid.org\/cpm.adolfosalazar.madrid\/\/wp-content\/uploads\/cpm.adolfosalazar.madrid\/2024\/10\/Blanca-Fernandez-foto-zoom-1.jpg\" alt=\"\" class=\"wp-image-5014\" srcset=\"https:\/\/site.educa.madrid.org\/cpm.adolfosalazar.madrid\/\/wp-content\/uploads\/cpm.adolfosalazar.madrid\/2024\/10\/Blanca-Fernandez-foto-zoom-1.jpg 442w, https:\/\/site.educa.madrid.org\/cpm.adolfosalazar.madrid\/\/wp-content\/uploads\/cpm.adolfosalazar.madrid\/2024\/10\/Blanca-Fernandez-foto-zoom-1-262x300.jpg 262w\" sizes=\"auto, (max-width: 442px) 100vw, 442px\" \/><figcaption class=\"wp-element-caption\"><strong>Asignatura:\u00a0<\/strong>Viol\u00edn, Orquesta<\/figcaption><\/figure>\n<\/figure>\n<\/div>\n\n\n\n<div class=\"wp-block-column is-layout-flow wp-block-column-is-layout-flow\" style=\"flex-basis:66.66%\">\n<p>Nacida en Madrid en 1991, Blanca Fern\u00e1ndez Gonz\u00e1lez realiza un m\u00e1ster de interpretaci\u00f3n con \u201cdistinction\u201d en la Royal Academy of Music de Londres (RAM) en 2015 con el profesor Maurice Hasson, donde es premiada con el \u201cSantander UK Universities Award\u201d. Se titula en Viol\u00edn en 2013, obteniendo la m\u00e1xima calificaci\u00f3n en su recital final con el profesor Detlef Hahn en la Guildhall School of Music &amp; Drama (GSMD). Sus estudios son becados por la Comunidad de Madrid, Juventudes Musicales, Banco Santander, Sociedad de Artistas Int\u00e9rpretes o Ejecutantes Espa\u00f1oles (AIE), Astona International de Suiza y Royal Academy of Music.<\/p>\n\n\n\n<p>En el \u00e1mbito orquestal, colabora con la Orquesta Sinf\u00f3nica de Londres (London Symphony Orchestra \u2013 LSO), Orquesta de la Comunidad de Madrid (ORCAM), Orquesta Sinf\u00f3nica de Madrid (OSM), Schleswig-Holstein Festival Orchestra (SHFO), Spira Mirabilis.<\/p>\n\n\n\n<p>Como m\u00fasica de c\u00e1mara, destacan sus actuaciones en St. Martin in the Fields, Astona International (Suiza), Festival Cl\u00e1sicos en Verano (C.A. Madrid), Centro Cultural Conde Duque, Aurora Festival (Suecia), Regent\u2019s Hall de Londres, Wigmore Hall String Quartet Festival, Gaulitana Festival (Malta), St James\u2019 Paddington, Teatro Real.<\/p>\n\n\n\n<p>Ofrece conciertos como solista con diversas agrupaciones, como la Orquesta \u00abAndr\u00e9s Segovia\u00bb, la Orquesta Iuventas o la Orquesta UPM, obtiene premios en concursos internacionales y realiza grabaciones en directo para Televisi\u00f3n Espa\u00f1ola y Classical Planet.<\/p>\n\n\n\n<p>Complementa sus estudios de viol\u00edn moderno con los de viola, cursados bajo la tutela de James Sleigh en la Royal Academy of Music. Asimismo, estudia la especialidad de viol\u00edn barroco con el profesor Pavlo Beznosiuk, colaborando con la Academy of Ancient Music. Recibe clases de la profesora Ida Bieler en la Universidad de Graz as\u00ed como de Lorenza Borrani en la Scuola di Musica di Fiesole.<\/p>\n\n\n\n<p>Actualmente, compagina su actividad concert\u00edstica como m\u00fasica de c\u00e1mara, solista y colaboradora de orquestas profesionales con la docencia. Es profesora de Viol\u00edn por oposici\u00f3n en el Conservatorio \u201cAdolfo Salazar\u201d de Madrid.&nbsp;<\/p>\n\n\n\n<p><a href=\"http:\/\/www.blancafernandezgonzalez.com\">www.blancafernandezgonzalez.com<\/a><\/p>\n<\/div>\n<\/div>\n\n\n\n<p><\/p>\n","protected":false},"excerpt":{"rendered":"<p>Nacida en Madrid en 1991, Blanca Fern\u00e1ndez Gonz\u00e1lez realiza un m\u00e1ster de interpretaci\u00f3n con \u201cdistinction\u201d en la Royal Academy of Music de Londres (RAM) en 2015 con el profesor Maurice Hasson, donde es premiada con el \u201cSantander UK Universities Award\u201d. Se titula en Viol\u00edn en 2013, obteniendo la m\u00e1xima calificaci\u00f3n en su recital final con<\/p><\/div>\n<div class=\"blog-btn\"><a href=\"https:\/\/site.educa.madrid.org\/cpm.adolfosalazar.madrid\/index.php\/blanca-fernandez-gonzalez\/\" class=\"home-blog-btn\">Leer m\u00e1s<\/a><\/p>\n","protected":false},"author":3,"featured_media":0,"parent":0,"menu_order":0,"comment_status":"closed","ping_status":"closed","template":"page-templates\/page_fullwidth.php","meta":{"footnotes":""},"folder":[39],"class_list":["post-1164","page","type-page","status-publish","hentry"],"rttpg_featured_image_url":null,"rttpg_author":{"display_name":"cpm.adolfosalazar.madrid","author_link":"https:\/\/site.educa.madrid.org\/cpm.adolfosalazar.madrid\/index.php\/author\/cuenta_cpm-adolfosalazar-madrid\/"},"rttpg_comment":0,"rttpg_category":" <a href=\"https:\/\/site.educa.madrid.org\/cpm.adolfosalazar.madrid\/?taxonomy=folder&#038;term=bios-profesores-1679781238\" rel=\"tag\">Bios Profesores<\/a>","rttpg_excerpt":"Nacida en Madrid en 1991, Blanca Fern\u00e1ndez Gonz\u00e1lez realiza un m\u00e1ster de interpretaci\u00f3n con \u201cdistinction\u201d en la Royal Academy of Music de Londres (RAM) en 2015 con el profesor Maurice Hasson, donde es premiada con el \u201cSantander UK Universities Award\u201d. Se titula en Viol\u00edn en 2013, obteniendo la m\u00e1xima calificaci\u00f3n en su recital final conLeer&hellip;","post_mailing_queue_ids":[],"_links":{"self":[{"href":"https:\/\/site.educa.madrid.org\/cpm.adolfosalazar.madrid\/index.php\/wp-json\/wp\/v2\/pages\/1164","targetHints":{"allow":["GET"]}}],"collection":[{"href":"https:\/\/site.educa.madrid.org\/cpm.adolfosalazar.madrid\/index.php\/wp-json\/wp\/v2\/pages"}],"about":[{"href":"https:\/\/site.educa.madrid.org\/cpm.adolfosalazar.madrid\/index.php\/wp-json\/wp\/v2\/types\/page"}],"author":[{"embeddable":true,"href":"https:\/\/site.educa.madrid.org\/cpm.adolfosalazar.madrid\/index.php\/wp-json\/wp\/v2\/users\/3"}],"replies":[{"embeddable":true,"href":"https:\/\/site.educa.madrid.org\/cpm.adolfosalazar.madrid\/index.php\/wp-json\/wp\/v2\/comments?post=1164"}],"version-history":[{"count":5,"href":"https:\/\/site.educa.madrid.org\/cpm.adolfosalazar.madrid\/index.php\/wp-json\/wp\/v2\/pages\/1164\/revisions"}],"predecessor-version":[{"id":5015,"href":"https:\/\/site.educa.madrid.org\/cpm.adolfosalazar.madrid\/index.php\/wp-json\/wp\/v2\/pages\/1164\/revisions\/5015"}],"wp:attachment":[{"href":"https:\/\/site.educa.madrid.org\/cpm.adolfosalazar.madrid\/index.php\/wp-json\/wp\/v2\/media?parent=1164"}],"wp:term":[{"taxonomy":"folder","embeddable":true,"href":"https:\/\/site.educa.madrid.org\/cpm.adolfosalazar.madrid\/index.php\/wp-json\/wp\/v2\/folder?post=1164"}],"curies":[{"name":"wp","href":"https:\/\/api.w.org\/{rel}","templated":true}]}}