{"id":1183,"date":"2022-03-21T17:02:16","date_gmt":"2022-03-21T16:02:16","guid":{"rendered":"https:\/\/site.educa.madrid.org\/cpm.adolfosalazar.madrid\/?page_id=1183"},"modified":"2025-10-16T13:28:57","modified_gmt":"2025-10-16T11:28:57","slug":"belen-gonzalez-domonte","status":"publish","type":"page","link":"https:\/\/site.educa.madrid.org\/cpm.adolfosalazar.madrid\/index.php\/belen-gonzalez-domonte\/","title":{"rendered":"Bel\u00e9n Gonz\u00e1lez Domonte"},"content":{"rendered":"\n<div class=\"wp-block-columns is-layout-flex wp-container-core-columns-is-layout-9d6595d7 wp-block-columns-is-layout-flex\">\n<div class=\"wp-block-column is-layout-flow wp-block-column-is-layout-flow\" style=\"flex-basis:33.33%\">\n<figure class=\"wp-block-image size-large\"><img loading=\"lazy\" decoding=\"async\" width=\"794\" height=\"1024\" src=\"https:\/\/site.educa.madrid.org\/cpm.adolfosalazar.madrid\/\/wp-content\/uploads\/cpm.adolfosalazar.madrid\/2022\/03\/Belen-Gonzalez-Foto-primavera-2018-794x1024.jpg\" alt=\"\" class=\"wp-image-1001\" srcset=\"https:\/\/site.educa.madrid.org\/cpm.adolfosalazar.madrid\/\/wp-content\/uploads\/cpm.adolfosalazar.madrid\/2022\/03\/Belen-Gonzalez-Foto-primavera-2018-794x1024.jpg 794w, https:\/\/site.educa.madrid.org\/cpm.adolfosalazar.madrid\/\/wp-content\/uploads\/cpm.adolfosalazar.madrid\/2022\/03\/Belen-Gonzalez-Foto-primavera-2018-233x300.jpg 233w, https:\/\/site.educa.madrid.org\/cpm.adolfosalazar.madrid\/\/wp-content\/uploads\/cpm.adolfosalazar.madrid\/2022\/03\/Belen-Gonzalez-Foto-primavera-2018-768x990.jpg 768w, https:\/\/site.educa.madrid.org\/cpm.adolfosalazar.madrid\/\/wp-content\/uploads\/cpm.adolfosalazar.madrid\/2022\/03\/Belen-Gonzalez-Foto-primavera-2018-1192x1536.jpg 1192w, https:\/\/site.educa.madrid.org\/cpm.adolfosalazar.madrid\/\/wp-content\/uploads\/cpm.adolfosalazar.madrid\/2022\/03\/Belen-Gonzalez-Foto-primavera-2018-1589x2048.jpg 1589w, https:\/\/site.educa.madrid.org\/cpm.adolfosalazar.madrid\/\/wp-content\/uploads\/cpm.adolfosalazar.madrid\/2022\/03\/Belen-Gonzalez-Foto-primavera-2018-700x902.jpg 700w, https:\/\/site.educa.madrid.org\/cpm.adolfosalazar.madrid\/\/wp-content\/uploads\/cpm.adolfosalazar.madrid\/2022\/03\/Belen-Gonzalez-Foto-primavera-2018-520x670.jpg 520w, https:\/\/site.educa.madrid.org\/cpm.adolfosalazar.madrid\/\/wp-content\/uploads\/cpm.adolfosalazar.madrid\/2022\/03\/Belen-Gonzalez-Foto-primavera-2018-360x464.jpg 360w, https:\/\/site.educa.madrid.org\/cpm.adolfosalazar.madrid\/\/wp-content\/uploads\/cpm.adolfosalazar.madrid\/2022\/03\/Belen-Gonzalez-Foto-primavera-2018-250x322.jpg 250w, https:\/\/site.educa.madrid.org\/cpm.adolfosalazar.madrid\/\/wp-content\/uploads\/cpm.adolfosalazar.madrid\/2022\/03\/Belen-Gonzalez-Foto-primavera-2018-100x129.jpg 100w, https:\/\/site.educa.madrid.org\/cpm.adolfosalazar.madrid\/\/wp-content\/uploads\/cpm.adolfosalazar.madrid\/2022\/03\/Belen-Gonzalez-Foto-primavera-2018.jpg 1744w\" sizes=\"auto, (max-width: 794px) 100vw, 794px\" \/><figcaption class=\"wp-element-caption\"><strong>Asignaturas:<\/strong> Piano, M\u00fasica de C\u00e1mara<\/figcaption><\/figure>\n<\/div>\n\n\n\n<div class=\"wp-block-column is-layout-flow wp-block-column-is-layout-flow\" style=\"flex-basis:66.66%\">\n<p>Bel\u00e9n Gonz\u00e1lez Domonte nace en Madrid.<\/p>\n\n\n\n<p>Cursa sus estudios de Piano en el Real Conservatorio Superior de M\u00fasica de Madrid con Consuelo Mej\u00edas, y contin\u00faa el Grado Superior en la C\u00e1tedra de Guillermo Gonz\u00e1lez, con quien finaliza la carrera obteniendo Menci\u00f3n de Honor.<\/p>\n\n\n\n<p>Ampl\u00eda su formaci\u00f3n en la Schola Cantorum de Par\u00eds con Jean Paul Sevilla y en Dallas con Alfred Moledous.<\/p>\n\n\n\n<p>Recibe clases magistrales de Alicia de Larrocha, Antoni Besses, Joaqu\u00edn Ach\u00facarro, Paul Badura-Skoda, Alessandra Frantseva y Stand Ford.<\/p>\n\n\n\n<p>Su actividad concert\u00edstica es amplia, tanto de solista como en diversas agrupaciones camer\u00edsticas y se extiende por toda la geograf\u00eda espa\u00f1ola, Francia, EE.UU. y Alemania.<\/p>\n\n\n\n<p>Se especializa en el repertorio espa\u00f1ol, mostrando especial inter\u00e9s en la obra de E. Granados, M. de Falla, F. Mompou, I. Alb\u00e9niz y E. Halffter.<\/p>\n\n\n\n<p>Entre sus galardones destacan el \u201cPremio Rosa Sabater\u201d a la mejor interpretaci\u00f3n de M\u00fasica Espa\u00f1ola en el XXXIX Concurso Internacional de Piano \u201cPremio Ja\u00e9n\u201d (1997) y Tercer Premio en el IV Concurso Nacional \u201cJos\u00e9 Roca\u201d de Valencia (2001).<\/p>\n\n\n\n<p>Realiza grabaciones en directo para Radio Nacional de Espa\u00f1a y la Televisi\u00f3n Educativa Iberoamericana.<\/p>\n\n\n\n<p>Su discograf\u00eda cuenta con \u201cTres Piezas Infantiles\u201d para piano a cuatro manos de Ernesto Halffter, junto a Guillermo Gonz\u00e1lez para el Sello Naxos; dos CDs con obras para piano solo de I. Alb\u00e9niz (Several Records), y tres CDs con las integrales de las Sonatas para Clarinete y Piano de J. B. Vanhal y F. A. Hoffmeister, junto a David Arenas (Several Records).<\/p>\n\n\n\n<p>Profesora numeraria por oposici\u00f3n desde 2002, desempe\u00f1a su labor docente como Profesora de M\u00fasica de C\u00e1mara en el Real Conservatorio Superior de M\u00fasica de Madrid desde 2003 hasta 2018.<\/p>\n\n\n\n<p>En la actualidad es Profesora de Piano en el Conservatorio Profesional de M\u00fasica \u201cAdolfo Salazar\u201d de Madrid.<\/p>\n<\/div>\n<\/div>\n","protected":false},"excerpt":{"rendered":"<p>Bel\u00e9n Gonz\u00e1lez Domonte nace en Madrid. Cursa sus estudios de Piano en el Real Conservatorio Superior de M\u00fasica de Madrid con Consuelo Mej\u00edas, y contin\u00faa el Grado Superior en la C\u00e1tedra de Guillermo Gonz\u00e1lez, con quien finaliza la carrera obteniendo Menci\u00f3n de Honor. Ampl\u00eda su formaci\u00f3n en la Schola Cantorum de Par\u00eds con Jean Paul<\/p><\/div>\n<div class=\"blog-btn\"><a href=\"https:\/\/site.educa.madrid.org\/cpm.adolfosalazar.madrid\/index.php\/belen-gonzalez-domonte\/\" class=\"home-blog-btn\">Leer m\u00e1s<\/a><\/p>\n","protected":false},"author":3,"featured_media":0,"parent":0,"menu_order":0,"comment_status":"closed","ping_status":"closed","template":"page-templates\/page_fullwidth.php","meta":{"footnotes":""},"folder":[39],"class_list":["post-1183","page","type-page","status-publish","hentry"],"rttpg_featured_image_url":null,"rttpg_author":{"display_name":"cpm.adolfosalazar.madrid","author_link":"https:\/\/site.educa.madrid.org\/cpm.adolfosalazar.madrid\/index.php\/author\/cuenta_cpm-adolfosalazar-madrid\/"},"rttpg_comment":0,"rttpg_category":" <a href=\"https:\/\/site.educa.madrid.org\/cpm.adolfosalazar.madrid\/?taxonomy=folder&#038;term=bios-profesores-1679781238\" rel=\"tag\">Bios Profesores<\/a>","rttpg_excerpt":"Bel\u00e9n Gonz\u00e1lez Domonte nace en Madrid. Cursa sus estudios de Piano en el Real Conservatorio Superior de M\u00fasica de Madrid con Consuelo Mej\u00edas, y contin\u00faa el Grado Superior en la C\u00e1tedra de Guillermo Gonz\u00e1lez, con quien finaliza la carrera obteniendo Menci\u00f3n de Honor. Ampl\u00eda su formaci\u00f3n en la Schola Cantorum de Par\u00eds con Jean PaulLeer&hellip;","post_mailing_queue_ids":[],"_links":{"self":[{"href":"https:\/\/site.educa.madrid.org\/cpm.adolfosalazar.madrid\/index.php\/wp-json\/wp\/v2\/pages\/1183","targetHints":{"allow":["GET"]}}],"collection":[{"href":"https:\/\/site.educa.madrid.org\/cpm.adolfosalazar.madrid\/index.php\/wp-json\/wp\/v2\/pages"}],"about":[{"href":"https:\/\/site.educa.madrid.org\/cpm.adolfosalazar.madrid\/index.php\/wp-json\/wp\/v2\/types\/page"}],"author":[{"embeddable":true,"href":"https:\/\/site.educa.madrid.org\/cpm.adolfosalazar.madrid\/index.php\/wp-json\/wp\/v2\/users\/3"}],"replies":[{"embeddable":true,"href":"https:\/\/site.educa.madrid.org\/cpm.adolfosalazar.madrid\/index.php\/wp-json\/wp\/v2\/comments?post=1183"}],"version-history":[{"count":3,"href":"https:\/\/site.educa.madrid.org\/cpm.adolfosalazar.madrid\/index.php\/wp-json\/wp\/v2\/pages\/1183\/revisions"}],"predecessor-version":[{"id":6002,"href":"https:\/\/site.educa.madrid.org\/cpm.adolfosalazar.madrid\/index.php\/wp-json\/wp\/v2\/pages\/1183\/revisions\/6002"}],"wp:attachment":[{"href":"https:\/\/site.educa.madrid.org\/cpm.adolfosalazar.madrid\/index.php\/wp-json\/wp\/v2\/media?parent=1183"}],"wp:term":[{"taxonomy":"folder","embeddable":true,"href":"https:\/\/site.educa.madrid.org\/cpm.adolfosalazar.madrid\/index.php\/wp-json\/wp\/v2\/folder?post=1183"}],"curies":[{"name":"wp","href":"https:\/\/api.w.org\/{rel}","templated":true}]}}