{"id":1193,"date":"2022-03-21T17:07:26","date_gmt":"2022-03-21T16:07:26","guid":{"rendered":"https:\/\/site.educa.madrid.org\/cpm.adolfosalazar.madrid\/?page_id=1193"},"modified":"2022-03-21T17:08:28","modified_gmt":"2022-03-21T16:08:28","slug":"nuria-guerras-pardo","status":"publish","type":"page","link":"https:\/\/site.educa.madrid.org\/cpm.adolfosalazar.madrid\/index.php\/nuria-guerras-pardo\/","title":{"rendered":"Nuria Guerras Pardo"},"content":{"rendered":"\n<div class=\"wp-block-columns is-layout-flex wp-container-core-columns-is-layout-9d6595d7 wp-block-columns-is-layout-flex\">\n<div class=\"wp-block-column is-layout-flow wp-block-column-is-layout-flow\" style=\"flex-basis:33.33%\">\n<figure class=\"wp-block-image size-large\"><img loading=\"lazy\" decoding=\"async\" width=\"342\" height=\"377\" src=\"https:\/\/site.educa.madrid.org\/cpm.adolfosalazar.madrid\/\/wp-content\/uploads\/cpm.adolfosalazar.madrid\/2022\/03\/Nuria-Guerras-Fotografia-editada-definitiva.jpg\" alt=\"\" class=\"wp-image-970\" srcset=\"https:\/\/site.educa.madrid.org\/cpm.adolfosalazar.madrid\/\/wp-content\/uploads\/cpm.adolfosalazar.madrid\/2022\/03\/Nuria-Guerras-Fotografia-editada-definitiva.jpg 342w, https:\/\/site.educa.madrid.org\/cpm.adolfosalazar.madrid\/\/wp-content\/uploads\/cpm.adolfosalazar.madrid\/2022\/03\/Nuria-Guerras-Fotografia-editada-definitiva-272x300.jpg 272w, https:\/\/site.educa.madrid.org\/cpm.adolfosalazar.madrid\/\/wp-content\/uploads\/cpm.adolfosalazar.madrid\/2022\/03\/Nuria-Guerras-Fotografia-editada-definitiva-250x276.jpg 250w, https:\/\/site.educa.madrid.org\/cpm.adolfosalazar.madrid\/\/wp-content\/uploads\/cpm.adolfosalazar.madrid\/2022\/03\/Nuria-Guerras-Fotografia-editada-definitiva-100x110.jpg 100w\" sizes=\"auto, (max-width: 342px) 100vw, 342px\" \/><figcaption><strong>Asignaturas:<\/strong> Piano<\/figcaption><\/figure>\n<\/div>\n\n\n\n<div class=\"wp-block-column is-layout-flow wp-block-column-is-layout-flow\" style=\"flex-basis:66.66%\">\n<p><strong>Nuria Guerras Pardo<\/strong>&nbsp;destacada como \u201cpianista de extraordinaria calidad art\u00edstica\u201c (J. D. Diario \u00c1rea), \u201dpianista sobresaliente\u2026 con talento, garra y seguridad de directora\u201d (Jorge de Ortuzar, El Norte de Castilla), ha ofrecido recitales en Espa\u00f1a, Hungr\u00eda y en Estados Unidos y realizado giras de conciertos como solista, en d\u00faos con cantantes y en diferentes formaciones camer\u00edsticas con notable \u00e9xito de cr\u00edtica y p\u00fablico.<\/p>\n\n\n\n<p>En Espa\u00f1a destacan sus&nbsp;conciertos&nbsp;en salas como el Auditorio Nacional de Madrid (Sala de C\u00e1mara), Teatro Arriaga de Bilbao, Gran Teatro Falla de C\u00e1diz, Auditorio Fundaci\u00f3n Pedro Barri\u00e9 de la Maza de La Coru\u00f1a, Real Coliseo Carlos III de San Lorenzo de El Escorial, Centro Cultural de la Villa de Madrid, Ateneo de Madrid, Universidad Polit\u00e9cnica, Fundaci\u00f3n Eutherpe o la Fundaci\u00f3n March de Madrid entre otras. Asimismo ha realizado grabaciones para RNE y TVE.<\/p>\n\n\n\n<p>Invitada por la Southern Methodist University, Meadows School of the Arts en&nbsp;Dallas, EE.UU, realiza estudios de postgrado bajo la direcci\u00f3n del Maestro&nbsp;Joaqu\u00edn Ach\u00facarro&nbsp;que ostenta la C\u00e1tedra Especial Estes Tate de Piano, obteniendo el Artist Certificate in Piano Performance. Uni\u00e9ndole a \u00e9l una gran vocaci\u00f3n, es pianista apadrinada de la Fundaci\u00f3n Joaqu\u00edn Ach\u00facarro, que, a trav\u00e9s de sus disc\u00edpulos, se ocupa de la conservaci\u00f3n y desarrollo del legado del aclamado pianista por todo el mundo.<\/p>\n\n\n\n<p>Es&nbsp;titulada Superior de&nbsp;Piano&nbsp;y&nbsp;titulada Superior de&nbsp;M\u00fasica de C\u00e1mara&nbsp;por el Real Conservatorio Superior de M\u00fasica de Madrid, su ciudad natal, finalizando brillantemente sus estudios de Piano con la catedr\u00e1tica&nbsp;M\u00aa \u00c1ngeles Renter\u00eda.&nbsp; &nbsp; &nbsp; &nbsp; Ha recibido&nbsp;becas&nbsp;del Ministerio de Cultura, Comunidad de Madrid, Instituto de la Juventud y la Fundaci\u00f3n Rich para realizar estudios de postgraduado en Hungr\u00eda y Estados Unidos.<\/p>\n\n\n\n<p>En la Academia Franz Liszt de Budapest (Hungr\u00eda), estudia Piano con Mariann \u00c1brah\u00e1m y Bal\u00e1zs Szokolay y M\u00fasica de C\u00e1mara con Devich S\u00e1ndor.<\/p>\n\n\n\n<p>Tambi\u00e9n ha recibido Clases Magistrales y consejos de Maestros como Vlado Perlemuter, Georges Cziffra, Ferenc Rados, Mat Jansson, Aur\u00e9le Nicolet y Aldo Mancinelli.<\/p>\n\n\n\n<p>Pertenece al&nbsp;Cuerpo de Profesores de M\u00fasica y Artes Esc\u00e9nicas. Como&nbsp;profesora&nbsp;especialista en&nbsp;Piano&nbsp;y&nbsp;M\u00fasica de C\u00e1mara&nbsp;ha desarrollado su labor pedag\u00f3gica en el Conservatorio de M\u00fasica Padre Antonio Soler de San Lorenzo del Escorial de la Comunidad de Madrid y desde 1998 en el Conservatorio Profesional de M\u00fasica Adolfo Salazar de Madrid.<\/p>\n\n\n\n<p>Ampliando su labor docente, ha impartido&nbsp;cursos&nbsp;de interpretaci\u00f3n y t\u00e9cnica pian\u00edstica, as\u00ed como de m\u00fasica de c\u00e1mara en diferentes instituciones educativas como la Fundaci\u00f3n Eutherpe de Le\u00f3n, entre otras.<\/p>\n\n\n\n<p>En la ense\u00f1anza del piano, a\u00fana su experiencia art\u00edstica y pedag\u00f3gica desarrollando una metodolog\u00eda basada en el aprendizaje desde la sensibilidad y un profundo estudio sonoro, t\u00e9cnico y musical; guiando al alumno en la comprensi\u00f3n del&nbsp; contenido musical y expresivo, y como fin \u00faltimo, a comunicar fielmente al oyente la experiencia de disfrutar la creaci\u00f3n musical.<\/p>\n\n\n\n<p>Compaginando su actividad docente, ha asumido funciones de&nbsp;Jefa de Departamento de Piano&nbsp;y de&nbsp;Vicedirectora&nbsp;de este Centro, en las que, con el objetivo de potenciar en los estudiantes de m\u00fasica un completo desarrollo art\u00edstico, realiza una amplia gesti\u00f3n en la organizaci\u00f3n de conciertos, cursos, concursos y festivales entre los que destaca la Celebraci\u00f3n del&nbsp;25 Aniversario&nbsp;del Conservatorio. As\u00ed mismo, coordina intercambios educativos nacionales e internacionales, como el encuentro con Canad\u00e1, con el Point Grey Secundary School de Vancouver y el Programa ERASMUS+ 2016-17 con instituciones educativas de Malta y Serbia. Ha establecido v\u00ednculos con instituciones del mundo de la m\u00fasica y la cultura entre los que destacan la Comunidad de Madrid (Consejer\u00eda de Educaci\u00f3n, Juventud y Deporte),&nbsp; Ayuntamiento de Madrid, Ministerio de Cultura (Acci\u00f3n Cultural Espa\u00f1ola), Teatro Real, Teatros del Canal, Biblioteca Regional de Madrid, Fundaci\u00f3n Pi\u00fa Mosso, Embajada de Finlandia, Museo F\u00e9lix Ca\u00f1ada, Juventudes Musicales, IBERM\u00daSICA y el Centro Nacional de Difusi\u00f3n Musical del INAEM, entre otros.<\/p>\n<\/div>\n<\/div>\n","protected":false},"excerpt":{"rendered":"<p>Nuria Guerras Pardo&nbsp;destacada como \u201cpianista de extraordinaria calidad art\u00edstica\u201c (J. D. Diario \u00c1rea), \u201dpianista sobresaliente\u2026 con talento, garra y seguridad de directora\u201d (Jorge de Ortuzar, El Norte de Castilla), ha ofrecido recitales en Espa\u00f1a, Hungr\u00eda y en Estados Unidos y realizado giras de conciertos como solista, en d\u00faos con cantantes y en diferentes formaciones camer\u00edsticas<\/p><\/div>\n<div class=\"blog-btn\"><a href=\"https:\/\/site.educa.madrid.org\/cpm.adolfosalazar.madrid\/index.php\/nuria-guerras-pardo\/\" class=\"home-blog-btn\">Leer m\u00e1s<\/a><\/p>\n","protected":false},"author":3,"featured_media":0,"parent":0,"menu_order":0,"comment_status":"closed","ping_status":"closed","template":"page-templates\/page_fullwidth.php","meta":{"footnotes":""},"folder":[39],"class_list":["post-1193","page","type-page","status-publish","hentry"],"rttpg_featured_image_url":null,"rttpg_author":{"display_name":"cpm.adolfosalazar.madrid","author_link":"https:\/\/site.educa.madrid.org\/cpm.adolfosalazar.madrid\/index.php\/author\/cuenta_cpm-adolfosalazar-madrid\/"},"rttpg_comment":0,"rttpg_category":" <a href=\"https:\/\/site.educa.madrid.org\/cpm.adolfosalazar.madrid\/?taxonomy=folder&#038;term=bios-profesores-1679781238\" rel=\"tag\">Bios Profesores<\/a>","rttpg_excerpt":"Nuria Guerras Pardo&nbsp;destacada como \u201cpianista de extraordinaria calidad art\u00edstica\u201c (J. D. Diario \u00c1rea), \u201dpianista sobresaliente\u2026 con talento, garra y seguridad de directora\u201d (Jorge de Ortuzar, El Norte de Castilla), ha ofrecido recitales en Espa\u00f1a, Hungr\u00eda y en Estados Unidos y realizado giras de conciertos como solista, en d\u00faos con cantantes y en diferentes formaciones camer\u00edsticasLeer&hellip;","post_mailing_queue_ids":[],"_links":{"self":[{"href":"https:\/\/site.educa.madrid.org\/cpm.adolfosalazar.madrid\/index.php\/wp-json\/wp\/v2\/pages\/1193","targetHints":{"allow":["GET"]}}],"collection":[{"href":"https:\/\/site.educa.madrid.org\/cpm.adolfosalazar.madrid\/index.php\/wp-json\/wp\/v2\/pages"}],"about":[{"href":"https:\/\/site.educa.madrid.org\/cpm.adolfosalazar.madrid\/index.php\/wp-json\/wp\/v2\/types\/page"}],"author":[{"embeddable":true,"href":"https:\/\/site.educa.madrid.org\/cpm.adolfosalazar.madrid\/index.php\/wp-json\/wp\/v2\/users\/3"}],"replies":[{"embeddable":true,"href":"https:\/\/site.educa.madrid.org\/cpm.adolfosalazar.madrid\/index.php\/wp-json\/wp\/v2\/comments?post=1193"}],"version-history":[{"count":2,"href":"https:\/\/site.educa.madrid.org\/cpm.adolfosalazar.madrid\/index.php\/wp-json\/wp\/v2\/pages\/1193\/revisions"}],"predecessor-version":[{"id":1195,"href":"https:\/\/site.educa.madrid.org\/cpm.adolfosalazar.madrid\/index.php\/wp-json\/wp\/v2\/pages\/1193\/revisions\/1195"}],"wp:attachment":[{"href":"https:\/\/site.educa.madrid.org\/cpm.adolfosalazar.madrid\/index.php\/wp-json\/wp\/v2\/media?parent=1193"}],"wp:term":[{"taxonomy":"folder","embeddable":true,"href":"https:\/\/site.educa.madrid.org\/cpm.adolfosalazar.madrid\/index.php\/wp-json\/wp\/v2\/folder?post=1193"}],"curies":[{"name":"wp","href":"https:\/\/api.w.org\/{rel}","templated":true}]}}