{"id":1201,"date":"2022-03-21T17:10:38","date_gmt":"2022-03-21T16:10:38","guid":{"rendered":"https:\/\/site.educa.madrid.org\/cpm.adolfosalazar.madrid\/?page_id=1201"},"modified":"2022-03-21T17:11:34","modified_gmt":"2022-03-21T16:11:34","slug":"adolfo-hontanon-merlo","status":"publish","type":"page","link":"https:\/\/site.educa.madrid.org\/cpm.adolfosalazar.madrid\/index.php\/adolfo-hontanon-merlo\/","title":{"rendered":"Adolfo Honta\u00f1\u00f3n Merlo"},"content":{"rendered":"\n<div class=\"wp-block-columns is-layout-flex wp-container-core-columns-is-layout-9d6595d7 wp-block-columns-is-layout-flex\">\n<div class=\"wp-block-column is-layout-flow wp-block-column-is-layout-flow\" style=\"flex-basis:33.33%\">\n<figure class=\"wp-block-image size-large\"><img loading=\"lazy\" decoding=\"async\" width=\"1024\" height=\"1024\" src=\"https:\/\/site.educa.madrid.org\/cpm.adolfosalazar.madrid\/\/wp-content\/uploads\/cpm.adolfosalazar.madrid\/2022\/03\/Adolfo-Hontanon-Depto-Cuerda-copia-1024x1024.jpg\" alt=\"\" class=\"wp-image-977\" srcset=\"https:\/\/site.educa.madrid.org\/cpm.adolfosalazar.madrid\/\/wp-content\/uploads\/cpm.adolfosalazar.madrid\/2022\/03\/Adolfo-Hontanon-Depto-Cuerda-copia-1024x1024.jpg 1024w, https:\/\/site.educa.madrid.org\/cpm.adolfosalazar.madrid\/\/wp-content\/uploads\/cpm.adolfosalazar.madrid\/2022\/03\/Adolfo-Hontanon-Depto-Cuerda-copia-300x300.jpg 300w, https:\/\/site.educa.madrid.org\/cpm.adolfosalazar.madrid\/\/wp-content\/uploads\/cpm.adolfosalazar.madrid\/2022\/03\/Adolfo-Hontanon-Depto-Cuerda-copia-150x150.jpg 150w, https:\/\/site.educa.madrid.org\/cpm.adolfosalazar.madrid\/\/wp-content\/uploads\/cpm.adolfosalazar.madrid\/2022\/03\/Adolfo-Hontanon-Depto-Cuerda-copia-768x767.jpg 768w, https:\/\/site.educa.madrid.org\/cpm.adolfosalazar.madrid\/\/wp-content\/uploads\/cpm.adolfosalazar.madrid\/2022\/03\/Adolfo-Hontanon-Depto-Cuerda-copia-700x699.jpg 700w, https:\/\/site.educa.madrid.org\/cpm.adolfosalazar.madrid\/\/wp-content\/uploads\/cpm.adolfosalazar.madrid\/2022\/03\/Adolfo-Hontanon-Depto-Cuerda-copia-520x520.jpg 520w, https:\/\/site.educa.madrid.org\/cpm.adolfosalazar.madrid\/\/wp-content\/uploads\/cpm.adolfosalazar.madrid\/2022\/03\/Adolfo-Hontanon-Depto-Cuerda-copia-360x360.jpg 360w, https:\/\/site.educa.madrid.org\/cpm.adolfosalazar.madrid\/\/wp-content\/uploads\/cpm.adolfosalazar.madrid\/2022\/03\/Adolfo-Hontanon-Depto-Cuerda-copia-250x250.jpg 250w, https:\/\/site.educa.madrid.org\/cpm.adolfosalazar.madrid\/\/wp-content\/uploads\/cpm.adolfosalazar.madrid\/2022\/03\/Adolfo-Hontanon-Depto-Cuerda-copia-100x100.jpg 100w, https:\/\/site.educa.madrid.org\/cpm.adolfosalazar.madrid\/\/wp-content\/uploads\/cpm.adolfosalazar.madrid\/2022\/03\/Adolfo-Hontanon-Depto-Cuerda-copia.jpg 1099w\" sizes=\"auto, (max-width: 1024px) 100vw, 1024px\" \/><figcaption><strong>Asignaturas: <\/strong>Viola<\/figcaption><\/figure>\n<\/div>\n\n\n\n<div class=\"wp-block-column is-layout-flow wp-block-column-is-layout-flow\" style=\"flex-basis:66.66%\">\n<p>Inicia sus estudios en Santander, traslad\u00e1ndose luego a Madrid para estudiar con Emilio Mateu y Thuan Do Min, continuando posteriormente su formaci\u00f3n en Holanda en el Conservatorio de Rotterdam con Ron Ephrat y Rivka Golani.<br>Ha sido miembro de la Orquesta de la Comunidad de Madrid, y ha formado parte de numerosas orquestas de c\u00e1mara entre las que destacan la Orquesta de C\u00e1mara Andr\u00e9s Segovia, Orpheus Consort, etc. Asimismo ha colaborado con asiduidad con la Orquesta Sinf\u00f3nica de Radio Televisi\u00f3n Espa\u00f1ola (RTVE), Orquesta Nacional de Espa\u00f1a (ONE), Orquesta Ciudad de Granada y National Reis Opera de Holanda y, m\u00e1s recientemente, con la Orquesta de la Comunidad Valenciana y la Symphony Orquestra of India, entre otras.<br>En el campo de la m\u00fasica de c\u00e1mara ha actuado por gran parte de la geograf\u00eda espa\u00f1ola formando parte del Ensemble Verso, Art Concertante, y, m\u00e1s recientemente, con el Mediterranean String Trio.<br>En la actualidad ocupa una plaza de Profesor de Viola en el Conservatorio \u201cAdolfo Salazar\u201d de Madrid.<\/p>\n<\/div>\n<\/div>\n","protected":false},"excerpt":{"rendered":"<p>Inicia sus estudios en Santander, traslad\u00e1ndose luego a Madrid para estudiar con Emilio Mateu y Thuan Do Min, continuando posteriormente su formaci\u00f3n en Holanda en el Conservatorio de Rotterdam con Ron Ephrat y Rivka Golani.Ha sido miembro de la Orquesta de la Comunidad de Madrid, y ha formado parte de numerosas orquestas de c\u00e1mara entre<\/p><\/div>\n<div class=\"blog-btn\"><a href=\"https:\/\/site.educa.madrid.org\/cpm.adolfosalazar.madrid\/index.php\/adolfo-hontanon-merlo\/\" class=\"home-blog-btn\">Leer m\u00e1s<\/a><\/p>\n","protected":false},"author":3,"featured_media":0,"parent":0,"menu_order":0,"comment_status":"closed","ping_status":"closed","template":"page-templates\/page_fullwidth.php","meta":{"footnotes":""},"folder":[39],"class_list":["post-1201","page","type-page","status-publish","hentry"],"rttpg_featured_image_url":null,"rttpg_author":{"display_name":"cpm.adolfosalazar.madrid","author_link":"https:\/\/site.educa.madrid.org\/cpm.adolfosalazar.madrid\/index.php\/author\/cuenta_cpm-adolfosalazar-madrid\/"},"rttpg_comment":0,"rttpg_category":" <a href=\"https:\/\/site.educa.madrid.org\/cpm.adolfosalazar.madrid\/?taxonomy=folder&#038;term=bios-profesores-1679781238\" rel=\"tag\">Bios Profesores<\/a>","rttpg_excerpt":"Inicia sus estudios en Santander, traslad\u00e1ndose luego a Madrid para estudiar con Emilio Mateu y Thuan Do Min, continuando posteriormente su formaci\u00f3n en Holanda en el Conservatorio de Rotterdam con Ron Ephrat y Rivka Golani.Ha sido miembro de la Orquesta de la Comunidad de Madrid, y ha formado parte de numerosas orquestas de c\u00e1mara entreLeer&hellip;","post_mailing_queue_ids":[],"_links":{"self":[{"href":"https:\/\/site.educa.madrid.org\/cpm.adolfosalazar.madrid\/index.php\/wp-json\/wp\/v2\/pages\/1201","targetHints":{"allow":["GET"]}}],"collection":[{"href":"https:\/\/site.educa.madrid.org\/cpm.adolfosalazar.madrid\/index.php\/wp-json\/wp\/v2\/pages"}],"about":[{"href":"https:\/\/site.educa.madrid.org\/cpm.adolfosalazar.madrid\/index.php\/wp-json\/wp\/v2\/types\/page"}],"author":[{"embeddable":true,"href":"https:\/\/site.educa.madrid.org\/cpm.adolfosalazar.madrid\/index.php\/wp-json\/wp\/v2\/users\/3"}],"replies":[{"embeddable":true,"href":"https:\/\/site.educa.madrid.org\/cpm.adolfosalazar.madrid\/index.php\/wp-json\/wp\/v2\/comments?post=1201"}],"version-history":[{"count":2,"href":"https:\/\/site.educa.madrid.org\/cpm.adolfosalazar.madrid\/index.php\/wp-json\/wp\/v2\/pages\/1201\/revisions"}],"predecessor-version":[{"id":1203,"href":"https:\/\/site.educa.madrid.org\/cpm.adolfosalazar.madrid\/index.php\/wp-json\/wp\/v2\/pages\/1201\/revisions\/1203"}],"wp:attachment":[{"href":"https:\/\/site.educa.madrid.org\/cpm.adolfosalazar.madrid\/index.php\/wp-json\/wp\/v2\/media?parent=1201"}],"wp:term":[{"taxonomy":"folder","embeddable":true,"href":"https:\/\/site.educa.madrid.org\/cpm.adolfosalazar.madrid\/index.php\/wp-json\/wp\/v2\/folder?post=1201"}],"curies":[{"name":"wp","href":"https:\/\/api.w.org\/{rel}","templated":true}]}}