{"id":1230,"date":"2022-03-21T17:22:28","date_gmt":"2022-03-21T16:22:28","guid":{"rendered":"https:\/\/site.educa.madrid.org\/cpm.adolfosalazar.madrid\/?page_id=1230"},"modified":"2024-10-16T10:40:49","modified_gmt":"2024-10-16T08:40:49","slug":"cesar-miguel-martin","status":"publish","type":"page","link":"https:\/\/site.educa.madrid.org\/cpm.adolfosalazar.madrid\/index.php\/cesar-miguel-martin\/","title":{"rendered":"C\u00e9sar Miguel Mart\u00edn"},"content":{"rendered":"\n<div class=\"wp-block-columns is-layout-flex wp-container-core-columns-is-layout-9d6595d7 wp-block-columns-is-layout-flex\">\n<div class=\"wp-block-column is-layout-flow wp-block-column-is-layout-flow\" style=\"flex-basis:33.33%\">\n<figure class=\"wp-block-image size-large\"><img loading=\"lazy\" decoding=\"async\" width=\"550\" height=\"408\" src=\"https:\/\/site.educa.madrid.org\/cpm.adolfosalazar.madrid\/\/wp-content\/uploads\/cpm.adolfosalazar.madrid\/2022\/03\/Cesar-Miguel-Foto.jpg\" alt=\"\" class=\"wp-image-971\" srcset=\"https:\/\/site.educa.madrid.org\/cpm.adolfosalazar.madrid\/\/wp-content\/uploads\/cpm.adolfosalazar.madrid\/2022\/03\/Cesar-Miguel-Foto.jpg 550w, https:\/\/site.educa.madrid.org\/cpm.adolfosalazar.madrid\/\/wp-content\/uploads\/cpm.adolfosalazar.madrid\/2022\/03\/Cesar-Miguel-Foto-300x223.jpg 300w, https:\/\/site.educa.madrid.org\/cpm.adolfosalazar.madrid\/\/wp-content\/uploads\/cpm.adolfosalazar.madrid\/2022\/03\/Cesar-Miguel-Foto-520x386.jpg 520w, https:\/\/site.educa.madrid.org\/cpm.adolfosalazar.madrid\/\/wp-content\/uploads\/cpm.adolfosalazar.madrid\/2022\/03\/Cesar-Miguel-Foto-360x267.jpg 360w, https:\/\/site.educa.madrid.org\/cpm.adolfosalazar.madrid\/\/wp-content\/uploads\/cpm.adolfosalazar.madrid\/2022\/03\/Cesar-Miguel-Foto-250x185.jpg 250w, https:\/\/site.educa.madrid.org\/cpm.adolfosalazar.madrid\/\/wp-content\/uploads\/cpm.adolfosalazar.madrid\/2022\/03\/Cesar-Miguel-Foto-100x74.jpg 100w\" sizes=\"auto, (max-width: 550px) 100vw, 550px\" \/><figcaption class=\"wp-element-caption\"><strong>Asignaturas:<\/strong> Tromb\u00f3n, banda, Producci\u00f3n Musical<\/figcaption><\/figure>\n<\/div>\n\n\n\n<div class=\"wp-block-column is-layout-flow wp-block-column-is-layout-flow\" style=\"flex-basis:66.66%\">\n<p>Profesor de tromb\u00f3n funcionario por oposici\u00f3n de la Comunidad de Madrid desde 2008, actualmente desarrolla su trabajo en el Conservatorio Profesional de M\u00fasica \u201cAdolfo Salazar\u201d de Madrid.<br>Debido a su inter\u00e9s por la tecnolog\u00eda musical y la composici\u00f3n, estudia el grado de Sonolog\u00eda en el RCSMM.&nbsp;<br>Ha publicado una serie de tres libros y cds con el t\u00edtulo \u201cQuiero tocar el tromb\u00f3n\u201d con la editorial qtvclassics, aportando nuevas ideas de trabajo a la metodolog\u00eda del tromb\u00f3n.<br>En 2005 finaliz\u00f3 sus estudios superiores de tromb\u00f3n en en Conservatorio Superior de Castilla y Le\u00f3n, Salamanca, obteniendo una \u201cMenci\u00f3n Honor\u00edfica\u201d y desde entonces ha colaborado con diferentes orquestas profesionales como la Orquesta de la R.T.V.E, Orquesta Nacional de Espa\u00f1a y Orquesta de la Comunidad de Madrid; actualmente forma parte de la Orquesta Sinf\u00f3nica de Burgos.<br>Aunque de formaci\u00f3n principalmente cl\u00e1sica, tambi\u00e9n ha desarrollado una intensa actividad art\u00edstica en el \u00e1mbito del Jazz y la m\u00fasica moderna, formando parte de numerosas Big Bands y grupos de diferente \u00edndole.&nbsp;<br>Durante 25 a\u00f1os ha realizado conciertos por toda la geograf\u00eda espa\u00f1ola junto al quinteto de metales \u201cQuin-Metal\u201d, siendo finalista en el concurso Yamaha para quintetos de metal de Madrid y concurso de m\u00fasica de c\u00e1mara de Arnuero (Cantabria).&nbsp;<br>Algunas de sus aportaciones e inquietudes did\u00e1cticas pueden consultarse en su blog&nbsp;<a href=\"http:\/\/autromactiva.blogspot.com\/\" target=\"_blank\" rel=\"noreferrer noopener\">autromactiva.blogspot.com<\/a>.<\/p>\n<\/div>\n<\/div>\n","protected":false},"excerpt":{"rendered":"<p>Profesor de tromb\u00f3n funcionario por oposici\u00f3n de la Comunidad de Madrid desde 2008, actualmente desarrolla su trabajo en el Conservatorio Profesional de M\u00fasica \u201cAdolfo Salazar\u201d de Madrid.Debido a su inter\u00e9s por la tecnolog\u00eda musical y la composici\u00f3n, estudia el grado de Sonolog\u00eda en el RCSMM.&nbsp;Ha publicado una serie de tres libros y cds con el<\/p><\/div>\n<div class=\"blog-btn\"><a href=\"https:\/\/site.educa.madrid.org\/cpm.adolfosalazar.madrid\/index.php\/cesar-miguel-martin\/\" class=\"home-blog-btn\">Leer m\u00e1s<\/a><\/p>\n","protected":false},"author":3,"featured_media":0,"parent":0,"menu_order":0,"comment_status":"closed","ping_status":"closed","template":"page-templates\/page_fullwidth.php","meta":{"footnotes":""},"folder":[39],"class_list":["post-1230","page","type-page","status-publish","hentry"],"rttpg_featured_image_url":null,"rttpg_author":{"display_name":"cpm.adolfosalazar.madrid","author_link":"https:\/\/site.educa.madrid.org\/cpm.adolfosalazar.madrid\/index.php\/author\/cuenta_cpm-adolfosalazar-madrid\/"},"rttpg_comment":0,"rttpg_category":" <a href=\"https:\/\/site.educa.madrid.org\/cpm.adolfosalazar.madrid\/?taxonomy=folder&#038;term=bios-profesores-1679781238\" rel=\"tag\">Bios Profesores<\/a>","rttpg_excerpt":"Profesor de tromb\u00f3n funcionario por oposici\u00f3n de la Comunidad de Madrid desde 2008, actualmente desarrolla su trabajo en el Conservatorio Profesional de M\u00fasica \u201cAdolfo Salazar\u201d de Madrid.Debido a su inter\u00e9s por la tecnolog\u00eda musical y la composici\u00f3n, estudia el grado de Sonolog\u00eda en el RCSMM.&nbsp;Ha publicado una serie de tres libros y cds con elLeer&hellip;","post_mailing_queue_ids":[],"_links":{"self":[{"href":"https:\/\/site.educa.madrid.org\/cpm.adolfosalazar.madrid\/index.php\/wp-json\/wp\/v2\/pages\/1230","targetHints":{"allow":["GET"]}}],"collection":[{"href":"https:\/\/site.educa.madrid.org\/cpm.adolfosalazar.madrid\/index.php\/wp-json\/wp\/v2\/pages"}],"about":[{"href":"https:\/\/site.educa.madrid.org\/cpm.adolfosalazar.madrid\/index.php\/wp-json\/wp\/v2\/types\/page"}],"author":[{"embeddable":true,"href":"https:\/\/site.educa.madrid.org\/cpm.adolfosalazar.madrid\/index.php\/wp-json\/wp\/v2\/users\/3"}],"replies":[{"embeddable":true,"href":"https:\/\/site.educa.madrid.org\/cpm.adolfosalazar.madrid\/index.php\/wp-json\/wp\/v2\/comments?post=1230"}],"version-history":[{"count":3,"href":"https:\/\/site.educa.madrid.org\/cpm.adolfosalazar.madrid\/index.php\/wp-json\/wp\/v2\/pages\/1230\/revisions"}],"predecessor-version":[{"id":5030,"href":"https:\/\/site.educa.madrid.org\/cpm.adolfosalazar.madrid\/index.php\/wp-json\/wp\/v2\/pages\/1230\/revisions\/5030"}],"wp:attachment":[{"href":"https:\/\/site.educa.madrid.org\/cpm.adolfosalazar.madrid\/index.php\/wp-json\/wp\/v2\/media?parent=1230"}],"wp:term":[{"taxonomy":"folder","embeddable":true,"href":"https:\/\/site.educa.madrid.org\/cpm.adolfosalazar.madrid\/index.php\/wp-json\/wp\/v2\/folder?post=1230"}],"curies":[{"name":"wp","href":"https:\/\/api.w.org\/{rel}","templated":true}]}}