{"id":1248,"date":"2022-03-21T17:36:53","date_gmt":"2022-03-21T16:36:53","guid":{"rendered":"https:\/\/site.educa.madrid.org\/cpm.adolfosalazar.madrid\/?page_id=1248"},"modified":"2022-03-21T17:37:50","modified_gmt":"2022-03-21T16:37:50","slug":"isidro-rodriguez","status":"publish","type":"page","link":"https:\/\/site.educa.madrid.org\/cpm.adolfosalazar.madrid\/index.php\/isidro-rodriguez\/","title":{"rendered":"Isidro Rodr\u00edguez"},"content":{"rendered":"\n<div class=\"wp-block-columns is-layout-flex wp-container-core-columns-is-layout-9d6595d7 wp-block-columns-is-layout-flex\">\n<div class=\"wp-block-column is-layout-flow wp-block-column-is-layout-flow\" style=\"flex-basis:33.33%\">\n<figure class=\"wp-block-image size-large\"><img loading=\"lazy\" decoding=\"async\" width=\"1024\" height=\"681\" src=\"https:\/\/site.educa.madrid.org\/cpm.adolfosalazar.madrid\/\/wp-content\/uploads\/cpm.adolfosalazar.madrid\/2022\/03\/Isidro-scaled-1-1024x681.jpg\" alt=\"\" class=\"wp-image-969\" srcset=\"https:\/\/site.educa.madrid.org\/cpm.adolfosalazar.madrid\/\/wp-content\/uploads\/cpm.adolfosalazar.madrid\/2022\/03\/Isidro-scaled-1-1024x681.jpg 1024w, https:\/\/site.educa.madrid.org\/cpm.adolfosalazar.madrid\/\/wp-content\/uploads\/cpm.adolfosalazar.madrid\/2022\/03\/Isidro-scaled-1-300x199.jpg 300w, https:\/\/site.educa.madrid.org\/cpm.adolfosalazar.madrid\/\/wp-content\/uploads\/cpm.adolfosalazar.madrid\/2022\/03\/Isidro-scaled-1-768x511.jpg 768w, https:\/\/site.educa.madrid.org\/cpm.adolfosalazar.madrid\/\/wp-content\/uploads\/cpm.adolfosalazar.madrid\/2022\/03\/Isidro-scaled-1-391x260.jpg 391w, https:\/\/site.educa.madrid.org\/cpm.adolfosalazar.madrid\/\/wp-content\/uploads\/cpm.adolfosalazar.madrid\/2022\/03\/Isidro-scaled-1-1536x1021.jpg 1536w, https:\/\/site.educa.madrid.org\/cpm.adolfosalazar.madrid\/\/wp-content\/uploads\/cpm.adolfosalazar.madrid\/2022\/03\/Isidro-scaled-1-2048x1362.jpg 2048w, https:\/\/site.educa.madrid.org\/cpm.adolfosalazar.madrid\/\/wp-content\/uploads\/cpm.adolfosalazar.madrid\/2022\/03\/Isidro-scaled-1-700x465.jpg 700w, https:\/\/site.educa.madrid.org\/cpm.adolfosalazar.madrid\/\/wp-content\/uploads\/cpm.adolfosalazar.madrid\/2022\/03\/Isidro-scaled-1-520x346.jpg 520w, https:\/\/site.educa.madrid.org\/cpm.adolfosalazar.madrid\/\/wp-content\/uploads\/cpm.adolfosalazar.madrid\/2022\/03\/Isidro-scaled-1-360x239.jpg 360w, https:\/\/site.educa.madrid.org\/cpm.adolfosalazar.madrid\/\/wp-content\/uploads\/cpm.adolfosalazar.madrid\/2022\/03\/Isidro-scaled-1-250x166.jpg 250w, https:\/\/site.educa.madrid.org\/cpm.adolfosalazar.madrid\/\/wp-content\/uploads\/cpm.adolfosalazar.madrid\/2022\/03\/Isidro-scaled-1-100x66.jpg 100w, https:\/\/site.educa.madrid.org\/cpm.adolfosalazar.madrid\/\/wp-content\/uploads\/cpm.adolfosalazar.madrid\/2022\/03\/Isidro-scaled-1-272x182.jpg 272w\" sizes=\"auto, (max-width: 1024px) 100vw, 1024px\" \/><figcaption><strong>Asignatura:<\/strong> Piano, Jefe Departamento Piano<\/figcaption><\/figure>\n<\/div>\n\n\n\n<div class=\"wp-block-column is-layout-flow wp-block-column-is-layout-flow\" style=\"flex-basis:66.66%\">\n<p>Inici\u00f3 sus estudios musicales de manera oficial a la edad de diez a\u00f1os en el Conservatorio Profesional de Ourense, su ciudad natal, con la maestra Rosa de Castro, traslad\u00e1ndose a Madrid para continuar su formaci\u00f3n con Celia de Yurre, cuya influencia ha sido un referente a lo largo de su carrera. Realiz\u00f3 los estudios superiores de piano bajo la direcci\u00f3n del maestro Ricardo Requejo, finalizando como alumno libre en el Conservatorio Superior Padre Antonio Soler.<\/p>\n\n\n\n<p>Ha recibido clases magistrales y cursos de especializaci\u00f3n con los profesores Antoni Besses, L\u00e1szl\u00f3 Somfai, Ferenc Rados, Rita Wagner, Paul Badura-Skoda, y Charles Rosen, entre otros.<\/p>\n\n\n\n<p>Combina su faceta de int\u00e9rprete con la de docente, siendo funcionario de carrera del cuerpo de profesores de m\u00fasica y artes esc\u00e9nicas desde 2007.<\/p>\n\n\n\n<p>Realiza el M\u00e1ster en Creaci\u00f3n e Interpretaci\u00f3n Musical por la Universidad Rey Juan Carlos y se doctora cum laude en Artes en la misma universidad con la tesis doctoral: \u201cRecuperaci\u00f3n de la producci\u00f3n para piano solo de Facundo de la Vi\u00f1a (1876-1952): Estudio anal\u00edtico e interpretativo\u201d, recibiendo el Premio Extraordinario de Doctorado.<\/p>\n\n\n\n<p>En la actualidad, es profesor de Piano del Conservatorio Profesional de M\u00fasica Adolfo Salazar, y se centra en la difusi\u00f3n de la obra para piano del maestro De la Vi\u00f1a, tras la grabaci\u00f3n de una selecci\u00f3n de la obra para piano producida por la Sociedad Espa\u00f1ola de Musicolog\u00eda (SEdeM), Ministerio de Educaci\u00f3n y Cultura e Inaem. Su faceta como investigador e int\u00e9rprete le llevan a la preparaci\u00f3n de nuevos proyectos en torno a la figura del compositor Facundo de la Vi\u00f1a.<\/p>\n<\/div>\n<\/div>\n","protected":false},"excerpt":{"rendered":"<p>Inici\u00f3 sus estudios musicales de manera oficial a la edad de diez a\u00f1os en el Conservatorio Profesional de Ourense, su ciudad natal, con la maestra Rosa de Castro, traslad\u00e1ndose a Madrid para continuar su formaci\u00f3n con Celia de Yurre, cuya influencia ha sido un referente a lo largo de su carrera. Realiz\u00f3 los estudios superiores<\/p><\/div>\n<div class=\"blog-btn\"><a href=\"https:\/\/site.educa.madrid.org\/cpm.adolfosalazar.madrid\/index.php\/isidro-rodriguez\/\" class=\"home-blog-btn\">Leer m\u00e1s<\/a><\/p>\n","protected":false},"author":3,"featured_media":0,"parent":0,"menu_order":0,"comment_status":"closed","ping_status":"closed","template":"page-templates\/page_fullwidth.php","meta":{"footnotes":""},"folder":[39],"class_list":["post-1248","page","type-page","status-publish","hentry"],"rttpg_featured_image_url":null,"rttpg_author":{"display_name":"cpm.adolfosalazar.madrid","author_link":"https:\/\/site.educa.madrid.org\/cpm.adolfosalazar.madrid\/index.php\/author\/cuenta_cpm-adolfosalazar-madrid\/"},"rttpg_comment":0,"rttpg_category":" <a href=\"https:\/\/site.educa.madrid.org\/cpm.adolfosalazar.madrid\/?taxonomy=folder&#038;term=bios-profesores-1679781238\" rel=\"tag\">Bios Profesores<\/a>","rttpg_excerpt":"Inici\u00f3 sus estudios musicales de manera oficial a la edad de diez a\u00f1os en el Conservatorio Profesional de Ourense, su ciudad natal, con la maestra Rosa de Castro, traslad\u00e1ndose a Madrid para continuar su formaci\u00f3n con Celia de Yurre, cuya influencia ha sido un referente a lo largo de su carrera. Realiz\u00f3 los estudios superioresLeer&hellip;","post_mailing_queue_ids":[],"_links":{"self":[{"href":"https:\/\/site.educa.madrid.org\/cpm.adolfosalazar.madrid\/index.php\/wp-json\/wp\/v2\/pages\/1248","targetHints":{"allow":["GET"]}}],"collection":[{"href":"https:\/\/site.educa.madrid.org\/cpm.adolfosalazar.madrid\/index.php\/wp-json\/wp\/v2\/pages"}],"about":[{"href":"https:\/\/site.educa.madrid.org\/cpm.adolfosalazar.madrid\/index.php\/wp-json\/wp\/v2\/types\/page"}],"author":[{"embeddable":true,"href":"https:\/\/site.educa.madrid.org\/cpm.adolfosalazar.madrid\/index.php\/wp-json\/wp\/v2\/users\/3"}],"replies":[{"embeddable":true,"href":"https:\/\/site.educa.madrid.org\/cpm.adolfosalazar.madrid\/index.php\/wp-json\/wp\/v2\/comments?post=1248"}],"version-history":[{"count":2,"href":"https:\/\/site.educa.madrid.org\/cpm.adolfosalazar.madrid\/index.php\/wp-json\/wp\/v2\/pages\/1248\/revisions"}],"predecessor-version":[{"id":1250,"href":"https:\/\/site.educa.madrid.org\/cpm.adolfosalazar.madrid\/index.php\/wp-json\/wp\/v2\/pages\/1248\/revisions\/1250"}],"wp:attachment":[{"href":"https:\/\/site.educa.madrid.org\/cpm.adolfosalazar.madrid\/index.php\/wp-json\/wp\/v2\/media?parent=1248"}],"wp:term":[{"taxonomy":"folder","embeddable":true,"href":"https:\/\/site.educa.madrid.org\/cpm.adolfosalazar.madrid\/index.php\/wp-json\/wp\/v2\/folder?post=1248"}],"curies":[{"name":"wp","href":"https:\/\/api.w.org\/{rel}","templated":true}]}}