{"id":1269,"date":"2022-03-21T17:48:51","date_gmt":"2022-03-21T16:48:51","guid":{"rendered":"https:\/\/site.educa.madrid.org\/cpm.adolfosalazar.madrid\/?page_id=1269"},"modified":"2022-03-21T17:49:46","modified_gmt":"2022-03-21T16:49:46","slug":"maria-auxiliadora-velez-del-castillo","status":"publish","type":"page","link":"https:\/\/site.educa.madrid.org\/cpm.adolfosalazar.madrid\/index.php\/maria-auxiliadora-velez-del-castillo\/","title":{"rendered":"Mar\u00eda Auxiliadora V\u00e9lez del Castillo"},"content":{"rendered":"\n<div class=\"wp-block-columns is-layout-flex wp-container-core-columns-is-layout-9d6595d7 wp-block-columns-is-layout-flex\">\n<div class=\"wp-block-column is-layout-flow wp-block-column-is-layout-flow\" style=\"flex-basis:33.33%\">\n<figure class=\"wp-block-image size-large\"><img loading=\"lazy\" decoding=\"async\" width=\"350\" height=\"350\" src=\"https:\/\/site.educa.madrid.org\/cpm.adolfosalazar.madrid\/\/wp-content\/uploads\/cpm.adolfosalazar.madrid\/2022\/03\/VELEZ-MARIA-AUXILIADORA.jpg\" alt=\"\" class=\"wp-image-955\" srcset=\"https:\/\/site.educa.madrid.org\/cpm.adolfosalazar.madrid\/\/wp-content\/uploads\/cpm.adolfosalazar.madrid\/2022\/03\/VELEZ-MARIA-AUXILIADORA.jpg 350w, https:\/\/site.educa.madrid.org\/cpm.adolfosalazar.madrid\/\/wp-content\/uploads\/cpm.adolfosalazar.madrid\/2022\/03\/VELEZ-MARIA-AUXILIADORA-300x300.jpg 300w, https:\/\/site.educa.madrid.org\/cpm.adolfosalazar.madrid\/\/wp-content\/uploads\/cpm.adolfosalazar.madrid\/2022\/03\/VELEZ-MARIA-AUXILIADORA-150x150.jpg 150w, https:\/\/site.educa.madrid.org\/cpm.adolfosalazar.madrid\/\/wp-content\/uploads\/cpm.adolfosalazar.madrid\/2022\/03\/VELEZ-MARIA-AUXILIADORA-250x250.jpg 250w, https:\/\/site.educa.madrid.org\/cpm.adolfosalazar.madrid\/\/wp-content\/uploads\/cpm.adolfosalazar.madrid\/2022\/03\/VELEZ-MARIA-AUXILIADORA-100x100.jpg 100w\" sizes=\"auto, (max-width: 350px) 100vw, 350px\" \/><figcaption><strong>Asignatura:<\/strong> Fundamentos de Composici\u00f3n, Armon\u00eda<\/figcaption><\/figure>\n<\/div>\n\n\n\n<div class=\"wp-block-column is-layout-flow wp-block-column-is-layout-flow\" style=\"flex-basis:66.66%\">\n<p>Nace en Madrid, y recibe sus primeras ense\u00f1anzas musicales de su madre.<\/p>\n\n\n\n<p>Posteriormente, estudia en el Real Conservatorio Superior de M\u00fasica de Madrid, donde obtiene las titulaciones de: Profesor Superior de Armon\u00eda, Contrapunto, Composici\u00f3n e Instrumentaci\u00f3n, con Menci\u00f3n Honor\u00edfica en Contrapunto y Fuga. Profesor Superior de Direcci\u00f3n de Orquesta. Profesor Superior de Piano. Entre sus profesores estar\u00edan Antonio Ram\u00edrez-\u00c1ngel, \u00c1ngel Arteaga, Ant\u00f3n Garc\u00eda Abril, Rom\u00e1n Al\u00eds, Enrique Garc\u00eda Asensio y Teresa Alonso Parada. Simult\u00e1neamente, termina los estudios de la Licenciatura de Filosof\u00eda y Letras en la Universidad Complutense de Madrid.<\/p>\n\n\n\n<p>Entre sus composiciones figuran varias obras para Voz y Piano, dos Cuartetos de Cuerda, Variaciones para \u00d3rgano y Orquesta de Cuerda y un Poema Sinf\u00f3nico.<\/p>\n\n\n\n<p>Inicialmente, ejerci\u00f3 como Profesora de Lenguaje Musical, Piano y Armon\u00eda en distintas Instituciones Educativas, y, desde 1992, es profesora de Armon\u00eda y Fundamentos de Composici\u00f3n en el Conservatorio Profesional de M\u00fasica Adolfo Salazar en Madrid.<\/p>\n<\/div>\n<\/div>\n","protected":false},"excerpt":{"rendered":"<p>Nace en Madrid, y recibe sus primeras ense\u00f1anzas musicales de su madre. Posteriormente, estudia en el Real Conservatorio Superior de M\u00fasica de Madrid, donde obtiene las titulaciones de: Profesor Superior de Armon\u00eda, Contrapunto, Composici\u00f3n e Instrumentaci\u00f3n, con Menci\u00f3n Honor\u00edfica en Contrapunto y Fuga. Profesor Superior de Direcci\u00f3n de Orquesta. Profesor Superior de Piano. Entre sus<\/p><\/div>\n<div class=\"blog-btn\"><a href=\"https:\/\/site.educa.madrid.org\/cpm.adolfosalazar.madrid\/index.php\/maria-auxiliadora-velez-del-castillo\/\" class=\"home-blog-btn\">Leer m\u00e1s<\/a><\/p>\n","protected":false},"author":3,"featured_media":0,"parent":0,"menu_order":0,"comment_status":"closed","ping_status":"closed","template":"page-templates\/page_fullwidth.php","meta":{"footnotes":""},"folder":[39],"class_list":["post-1269","page","type-page","status-publish","hentry"],"rttpg_featured_image_url":null,"rttpg_author":{"display_name":"cpm.adolfosalazar.madrid","author_link":"https:\/\/site.educa.madrid.org\/cpm.adolfosalazar.madrid\/index.php\/author\/cuenta_cpm-adolfosalazar-madrid\/"},"rttpg_comment":0,"rttpg_category":" <a href=\"https:\/\/site.educa.madrid.org\/cpm.adolfosalazar.madrid\/?taxonomy=folder&#038;term=bios-profesores-1679781238\" rel=\"tag\">Bios Profesores<\/a>","rttpg_excerpt":"Nace en Madrid, y recibe sus primeras ense\u00f1anzas musicales de su madre. Posteriormente, estudia en el Real Conservatorio Superior de M\u00fasica de Madrid, donde obtiene las titulaciones de: Profesor Superior de Armon\u00eda, Contrapunto, Composici\u00f3n e Instrumentaci\u00f3n, con Menci\u00f3n Honor\u00edfica en Contrapunto y Fuga. Profesor Superior de Direcci\u00f3n de Orquesta. Profesor Superior de Piano. Entre susLeer&hellip;","post_mailing_queue_ids":[],"_links":{"self":[{"href":"https:\/\/site.educa.madrid.org\/cpm.adolfosalazar.madrid\/index.php\/wp-json\/wp\/v2\/pages\/1269","targetHints":{"allow":["GET"]}}],"collection":[{"href":"https:\/\/site.educa.madrid.org\/cpm.adolfosalazar.madrid\/index.php\/wp-json\/wp\/v2\/pages"}],"about":[{"href":"https:\/\/site.educa.madrid.org\/cpm.adolfosalazar.madrid\/index.php\/wp-json\/wp\/v2\/types\/page"}],"author":[{"embeddable":true,"href":"https:\/\/site.educa.madrid.org\/cpm.adolfosalazar.madrid\/index.php\/wp-json\/wp\/v2\/users\/3"}],"replies":[{"embeddable":true,"href":"https:\/\/site.educa.madrid.org\/cpm.adolfosalazar.madrid\/index.php\/wp-json\/wp\/v2\/comments?post=1269"}],"version-history":[{"count":2,"href":"https:\/\/site.educa.madrid.org\/cpm.adolfosalazar.madrid\/index.php\/wp-json\/wp\/v2\/pages\/1269\/revisions"}],"predecessor-version":[{"id":1271,"href":"https:\/\/site.educa.madrid.org\/cpm.adolfosalazar.madrid\/index.php\/wp-json\/wp\/v2\/pages\/1269\/revisions\/1271"}],"wp:attachment":[{"href":"https:\/\/site.educa.madrid.org\/cpm.adolfosalazar.madrid\/index.php\/wp-json\/wp\/v2\/media?parent=1269"}],"wp:term":[{"taxonomy":"folder","embeddable":true,"href":"https:\/\/site.educa.madrid.org\/cpm.adolfosalazar.madrid\/index.php\/wp-json\/wp\/v2\/folder?post=1269"}],"curies":[{"name":"wp","href":"https:\/\/api.w.org\/{rel}","templated":true}]}}