{"id":154,"date":"2022-02-22T19:20:24","date_gmt":"2022-02-22T18:20:24","guid":{"rendered":"https:\/\/site.educa.madrid.org\/cpm.adolfosalazar.madrid\/?page_id=154"},"modified":"2022-03-25T17:09:02","modified_gmt":"2022-03-25T16:09:02","slug":"presentacion","status":"publish","type":"page","link":"https:\/\/site.educa.madrid.org\/cpm.adolfosalazar.madrid\/index.php\/presentacion\/","title":{"rendered":"Presentaci\u00f3n"},"content":{"rendered":"\n<div class=\"wp-block-columns is-layout-flex wp-container-core-columns-is-layout-9d6595d7 wp-block-columns-is-layout-flex\">\n<div class=\"wp-block-column is-layout-flow wp-block-column-is-layout-flow\" style=\"flex-basis:10%\"><\/div>\n\n\n\n<div class=\"wp-block-column is-layout-flow wp-block-column-is-layout-flow\" style=\"flex-basis:80%\">\n<p class=\"has-text-align-center has-large-font-size\"><strong>Presentaci\u00f3n<\/strong><\/p>\n\n\n\n<div class=\"wp-block-columns is-layout-flex wp-container-core-columns-is-layout-9d6595d7 wp-block-columns-is-layout-flex\">\n<div class=\"wp-block-column is-layout-flow wp-block-column-is-layout-flow\">\n<p>Inicia, descubre, desarrolla, estudia, forma y vive la m\u00fasica en el&nbsp;<strong>Conservatorio Profesional de M\u00fasica Adolfo Salazar<\/strong>: un&nbsp;<strong>centro p\u00fablico de educaci\u00f3n musical<\/strong>, dependiente de la&nbsp;<strong>Consejer\u00eda de Educaci\u00f3n e Investigaci\u00f3n de la Comunidad de Madrid<\/strong>, inaugurado en 1988 y en el que&nbsp;<strong>descubrir\u00e1s tus aptitudes para la m\u00fasica<\/strong>, desarrollaremos tu vocaci\u00f3n y cimentaremos una especializaci\u00f3n s\u00f3lida que pueda ayudarte a consolidar tu futuro personal y profesional..<\/p>\n\n\n\n<p>Nuestro conservatorio cuenta en la actualidad con&nbsp;<strong>trescientos veinte alumnos que reciben una educaci\u00f3n personalizada en el instrumento escogido<\/strong>, en un&nbsp;<strong>ambiente cercano e individualizado<\/strong>, bajo la&nbsp;<strong>supervisi\u00f3n de treinta y siete profesores altamente cualificados y motivados<\/strong>, capaces de poner en valor la&nbsp;<strong>gesti\u00f3n del talento<\/strong>, la&nbsp;<strong>inspiraci\u00f3n<\/strong>&nbsp;y la&nbsp;<strong>emoci\u00f3n<\/strong>, con el objetivo final de proponer una&nbsp;<strong>formaci\u00f3n integral como m\u00fasicos y personas.<\/strong><\/p>\n<\/div>\n\n\n\n<div class=\"wp-block-column is-layout-flow wp-block-column-is-layout-flow\">\n<p>Queremos&nbsp;<strong>compartir nuestros planes contigo<\/strong>&nbsp;durante este emocionante periodo de crecimiento. Tanto el Equipo Directivo como los profesionales del centro, docentes y no docentes, muestran la visi\u00f3n, la vocaci\u00f3n y la preparaci\u00f3n que nuestro centro ofrece en un&nbsp;<strong>entorno implicado y familiar<\/strong>, propicio para el&nbsp;<strong>desarrollo del estudiante<\/strong>&nbsp;gracias a nuestra experiencia y apoyo, y canalizando su&nbsp;<strong>esfuerzo personal<\/strong>.<\/p>\n\n\n\n<p>Tres d\u00e9cadas y&nbsp;<strong>varias generaciones de m\u00fasicos avalan el alto nivel<\/strong>&nbsp;que nuestros alumnos han manifestado en salas tan emblem\u00e1ticas de Madrid como el&nbsp;<strong>Auditorio Nacional<\/strong>,&nbsp;<strong>Teatro Infanta Isabel<\/strong>,&nbsp;<strong>Teatros del Canal<\/strong>, etc., as\u00ed como por las colaboraciones e intercambios nacionales e internacionales,&nbsp;<strong>Erasmus+<\/strong>&nbsp;y&nbsp;<strong>Clases Magistrales<\/strong>, aportando a todos aquellos que han pasado por nuestras aulas unas vivencias \u00fanicas.<\/p>\n\n\n\n<blockquote class=\"wp-block-quote is-style-default is-layout-flow wp-block-quote-is-layout-flow\"><p><em>Descubre tus aptitudes. Te acompa\u00f1amos en tu vocaci\u00f3n.<\/em><\/p><cite><em>Susana S\u00e1nchez Maceda<\/em><br><em>Directora<\/em><\/cite><\/blockquote>\n<\/div>\n<\/div>\n\n\n\n<div class=\"wp-block-image is-style-rounded\"><figure class=\"aligncenter size-full\"><img loading=\"lazy\" decoding=\"async\" width=\"1600\" height=\"340\" src=\"https:\/\/site.educa.madrid.org\/cpm.adolfosalazar.madrid\/\/wp-content\/uploads\/cpm.adolfosalazar.madrid\/2022\/02\/piano.jpg\" alt=\"\" class=\"wp-image-444\" srcset=\"https:\/\/site.educa.madrid.org\/cpm.adolfosalazar.madrid\/\/wp-content\/uploads\/cpm.adolfosalazar.madrid\/2022\/02\/piano.jpg 1600w, https:\/\/site.educa.madrid.org\/cpm.adolfosalazar.madrid\/\/wp-content\/uploads\/cpm.adolfosalazar.madrid\/2022\/02\/piano-300x64.jpg 300w, https:\/\/site.educa.madrid.org\/cpm.adolfosalazar.madrid\/\/wp-content\/uploads\/cpm.adolfosalazar.madrid\/2022\/02\/piano-1024x218.jpg 1024w, https:\/\/site.educa.madrid.org\/cpm.adolfosalazar.madrid\/\/wp-content\/uploads\/cpm.adolfosalazar.madrid\/2022\/02\/piano-768x163.jpg 768w, https:\/\/site.educa.madrid.org\/cpm.adolfosalazar.madrid\/\/wp-content\/uploads\/cpm.adolfosalazar.madrid\/2022\/02\/piano-1536x326.jpg 1536w, https:\/\/site.educa.madrid.org\/cpm.adolfosalazar.madrid\/\/wp-content\/uploads\/cpm.adolfosalazar.madrid\/2022\/02\/piano-700x149.jpg 700w, https:\/\/site.educa.madrid.org\/cpm.adolfosalazar.madrid\/\/wp-content\/uploads\/cpm.adolfosalazar.madrid\/2022\/02\/piano-520x111.jpg 520w, https:\/\/site.educa.madrid.org\/cpm.adolfosalazar.madrid\/\/wp-content\/uploads\/cpm.adolfosalazar.madrid\/2022\/02\/piano-360x77.jpg 360w, https:\/\/site.educa.madrid.org\/cpm.adolfosalazar.madrid\/\/wp-content\/uploads\/cpm.adolfosalazar.madrid\/2022\/02\/piano-250x53.jpg 250w, https:\/\/site.educa.madrid.org\/cpm.adolfosalazar.madrid\/\/wp-content\/uploads\/cpm.adolfosalazar.madrid\/2022\/02\/piano-100x21.jpg 100w\" sizes=\"auto, (max-width: 1600px) 100vw, 1600px\" \/><\/figure><\/div>\n<\/div>\n\n\n\n<div class=\"wp-block-column is-layout-flow wp-block-column-is-layout-flow\" style=\"flex-basis:10%\">\n<p><\/p>\n<\/div>\n<\/div>\n\n\n\n<p><\/p>\n","protected":false},"excerpt":{"rendered":"<p>Presentaci\u00f3n Inicia, descubre, desarrolla, estudia, forma y vive la m\u00fasica en el&nbsp;Conservatorio Profesional de M\u00fasica Adolfo Salazar: un&nbsp;centro p\u00fablico de educaci\u00f3n musical, dependiente de la&nbsp;Consejer\u00eda de Educaci\u00f3n e Investigaci\u00f3n de la Comunidad de Madrid, inaugurado en 1988 y en el que&nbsp;descubrir\u00e1s tus aptitudes para la m\u00fasica, desarrollaremos tu vocaci\u00f3n y cimentaremos una especializaci\u00f3n s\u00f3lida que<\/p><\/div>\n<div class=\"blog-btn\"><a href=\"https:\/\/site.educa.madrid.org\/cpm.adolfosalazar.madrid\/index.php\/presentacion\/\" class=\"home-blog-btn\">Leer m\u00e1s<\/a><\/p>\n","protected":false},"author":3,"featured_media":0,"parent":0,"menu_order":0,"comment_status":"closed","ping_status":"closed","template":"page-templates\/page_builder.php","meta":{"footnotes":""},"folder":[],"class_list":["post-154","page","type-page","status-publish","hentry"],"rttpg_featured_image_url":null,"rttpg_author":{"display_name":"cpm.adolfosalazar.madrid","author_link":"https:\/\/site.educa.madrid.org\/cpm.adolfosalazar.madrid\/index.php\/author\/cuenta_cpm-adolfosalazar-madrid\/"},"rttpg_comment":0,"rttpg_category":false,"rttpg_excerpt":"Presentaci\u00f3n Inicia, descubre, desarrolla, estudia, forma y vive la m\u00fasica en el&nbsp;Conservatorio Profesional de M\u00fasica Adolfo Salazar: un&nbsp;centro p\u00fablico de educaci\u00f3n musical, dependiente de la&nbsp;Consejer\u00eda de Educaci\u00f3n e Investigaci\u00f3n de la Comunidad de Madrid, inaugurado en 1988 y en el que&nbsp;descubrir\u00e1s tus aptitudes para la m\u00fasica, desarrollaremos tu vocaci\u00f3n y cimentaremos una especializaci\u00f3n s\u00f3lida queLeer&hellip;","post_mailing_queue_ids":[],"_links":{"self":[{"href":"https:\/\/site.educa.madrid.org\/cpm.adolfosalazar.madrid\/index.php\/wp-json\/wp\/v2\/pages\/154","targetHints":{"allow":["GET"]}}],"collection":[{"href":"https:\/\/site.educa.madrid.org\/cpm.adolfosalazar.madrid\/index.php\/wp-json\/wp\/v2\/pages"}],"about":[{"href":"https:\/\/site.educa.madrid.org\/cpm.adolfosalazar.madrid\/index.php\/wp-json\/wp\/v2\/types\/page"}],"author":[{"embeddable":true,"href":"https:\/\/site.educa.madrid.org\/cpm.adolfosalazar.madrid\/index.php\/wp-json\/wp\/v2\/users\/3"}],"replies":[{"embeddable":true,"href":"https:\/\/site.educa.madrid.org\/cpm.adolfosalazar.madrid\/index.php\/wp-json\/wp\/v2\/comments?post=154"}],"version-history":[{"count":6,"href":"https:\/\/site.educa.madrid.org\/cpm.adolfosalazar.madrid\/index.php\/wp-json\/wp\/v2\/pages\/154\/revisions"}],"predecessor-version":[{"id":1447,"href":"https:\/\/site.educa.madrid.org\/cpm.adolfosalazar.madrid\/index.php\/wp-json\/wp\/v2\/pages\/154\/revisions\/1447"}],"wp:attachment":[{"href":"https:\/\/site.educa.madrid.org\/cpm.adolfosalazar.madrid\/index.php\/wp-json\/wp\/v2\/media?parent=154"}],"wp:term":[{"taxonomy":"folder","embeddable":true,"href":"https:\/\/site.educa.madrid.org\/cpm.adolfosalazar.madrid\/index.php\/wp-json\/wp\/v2\/folder?post=154"}],"curies":[{"name":"wp","href":"https:\/\/api.w.org\/{rel}","templated":true}]}}