{"id":156,"date":"2022-02-22T19:20:53","date_gmt":"2022-02-22T18:20:53","guid":{"rendered":"https:\/\/site.educa.madrid.org\/cpm.adolfosalazar.madrid\/?page_id=156"},"modified":"2023-09-06T11:42:34","modified_gmt":"2023-09-06T09:42:34","slug":"plan-de-estudios","status":"publish","type":"page","link":"https:\/\/site.educa.madrid.org\/cpm.adolfosalazar.madrid\/index.php\/plan-de-estudios\/","title":{"rendered":"Plan de Estudios"},"content":{"rendered":"\n<hr class=\"wp-block-separator has-css-opacity is-style-wide\"\/>\n\n\n\n<div class=\"wp-block-columns is-layout-flex wp-container-core-columns-is-layout-9d6595d7 wp-block-columns-is-layout-flex\">\n<div class=\"wp-block-column is-layout-flow wp-block-column-is-layout-flow\" style=\"flex-basis:2%\">\n<p><\/p>\n<\/div>\n\n\n\n<div class=\"wp-block-column is-layout-flow wp-block-column-is-layout-flow\" style=\"flex-basis:80%\">\n<p class=\"has-text-align-center has-medium-font-size\"><strong>Ense\u00f1anzas Elementales<\/strong><\/p>\n\n\n\n<div class=\"wp-block-group\"><div class=\"wp-block-group__inner-container is-layout-flow wp-block-group-is-layout-flow\">\n<div class=\"wp-block-columns is-layout-flex wp-container-core-columns-is-layout-9d6595d7 wp-block-columns-is-layout-flex\">\n<div class=\"wp-block-column is-layout-flow wp-block-column-is-layout-flow\" style=\"flex-basis:45%\">\n<figure class=\"wp-block-table is-style-stripes\"><table><thead><tr><th class=\"has-text-align-left\" data-align=\"left\">Ense\u00f1anzas elementales 1\u00ba y 2\u00ba cursos<\/th><th><\/th><\/tr><\/thead><tbody><tr><td class=\"has-text-align-left\" data-align=\"left\">Instrumento (excepto percusi\u00f3n, clase individual)<\/td><td>1 h\/semana<\/td><\/tr><tr><td class=\"has-text-align-left\" data-align=\"left\">Instrumento (excepto percusi\u00f3n, clase colectiva)<\/td><td>1 h\/semana<\/td><\/tr><tr><td class=\"has-text-align-left\" data-align=\"left\">Percusi\u00f3n (clase colectiva)<\/td><td>2 h\/semana<\/td><\/tr><tr><td class=\"has-text-align-left\" data-align=\"left\">Lenguaje musical<\/td><td>2 h\/semana<\/td><\/tr><\/tbody><\/table><\/figure>\n<\/div>\n\n\n\n<div class=\"wp-block-column is-layout-flow wp-block-column-is-layout-flow\" style=\"flex-basis:45%\">\n<figure class=\"wp-block-table is-style-stripes\"><table><thead><tr><th>Ense\u00f1anzas elementales 3\u00ba y 4\u00ba cursos<\/th><th><\/th><\/tr><\/thead><tbody><tr><td>Instrumento (excepto percusi\u00f3n, clase individual)<\/td><td>1 h\/semana<\/td><\/tr><tr><td>Instrumento (excepto percusi\u00f3n, clase colectiva)<\/td><td>1 h\/semana<\/td><\/tr><tr><td>Percusi\u00f3n (clase colectiva)<\/td><td>2 h\/semana<\/td><\/tr><tr><td>Lenguaje musical<\/td><td>2 h\/semana<\/td><\/tr><tr><td>Coro<\/td><td>1,30 h\/semana<\/td><\/tr><\/tbody><\/table><\/figure>\n<\/div>\n\n\n\n<div class=\"wp-block-column is-layout-flow wp-block-column-is-layout-flow\" style=\"flex-basis:1%\"><\/div>\n<\/div>\n<\/div><\/div>\n\n\n\n<p class=\"has-text-align-center has-medium-font-size\"><strong>Ense\u00f1anzas Profesionales<\/strong><\/p>\n\n\n\n<div class=\"wp-block-group\"><div class=\"wp-block-group__inner-container is-layout-flow wp-block-group-is-layout-flow\">\n<div class=\"wp-block-columns is-layout-flex wp-container-core-columns-is-layout-9d6595d7 wp-block-columns-is-layout-flex\">\n<div class=\"wp-block-column is-layout-flow wp-block-column-is-layout-flow\" style=\"flex-basis:45%\">\n<figure class=\"wp-block-table is-style-stripes\"><table><thead><tr><th class=\"has-text-align-left\" data-align=\"left\">Ense\u00f1anzas profesionales <strong>1\u00ba y 2\u00ba cursos<\/strong><\/th><th><\/th><\/tr><\/thead><tbody><tr><td class=\"has-text-align-left\" data-align=\"left\">Instrumento (clase individual)<\/td><td>1 h\/semana<\/td><\/tr><tr><td class=\"has-text-align-left\" data-align=\"left\">Lenguaje musical<\/td><td>2 h\/semana<\/td><\/tr><tr><td class=\"has-text-align-left\" data-align=\"left\">Coro (piano y guitarra)<\/td><td>2 h\/semana<\/td><\/tr><tr><td class=\"has-text-align-left\" data-align=\"left\">Orquesta (excepto piano, guitarra)<\/td><td>1 h\/semana<\/td><\/tr><tr><td class=\"has-text-align-left\" data-align=\"left\">Piano Complementario (excepto piano y guitarra)<\/td><td>30 min\/semana<\/td><\/tr><tr><td class=\"has-text-align-left\" data-align=\"left\">Repertorio con piano (excepto piano, guitarra y percusi\u00f3n)<\/td><td>15 min\/semana<\/td><\/tr><\/tbody><\/table><\/figure>\n<\/div>\n\n\n\n<div class=\"wp-block-column is-layout-flow wp-block-column-is-layout-flow\" style=\"flex-basis:45%\">\n<figure class=\"wp-block-table is-style-stripes\"><table><thead><tr><th>Ense\u00f1anzas profesionales <strong>3\u00ba curso<\/strong><\/th><th><\/th><\/tr><\/thead><tbody><tr><td>Instrumento (clase individual)<\/td><td>1 h\/semana<\/td><\/tr><tr><td>Armon\u00eda<\/td><td>2 h\/semana<\/td><\/tr><tr><td>Conjunto (piano, guitarra y percusi\u00f3n)<\/td><td>1-1,30  h\/semana<\/td><\/tr><tr><td>Orquesta (exepto piano, guitarra)<\/td><td>1,30  h\/semana<\/td><\/tr><tr><td>Repertorio con piano (excepto piano y guitarra)<\/td><td>15 min\/semana<\/td><\/tr><\/tbody><\/table><\/figure>\n<\/div>\n\n\n\n<div class=\"wp-block-column is-layout-flow wp-block-column-is-layout-flow\" style=\"flex-basis:1%\"><\/div>\n<\/div>\n<\/div><\/div>\n\n\n\n<div class=\"wp-block-group\"><div class=\"wp-block-group__inner-container is-layout-flow wp-block-group-is-layout-flow\">\n<div class=\"wp-block-columns is-layout-flex wp-container-core-columns-is-layout-9d6595d7 wp-block-columns-is-layout-flex\">\n<div class=\"wp-block-column is-layout-flow wp-block-column-is-layout-flow\" style=\"flex-basis:45%\">\n<figure class=\"wp-block-table is-style-stripes\"><table><thead><tr><th class=\"has-text-align-left\" data-align=\"left\">Ense\u00f1anzas profesionales 4\u00ba curso<\/th><th><\/th><\/tr><\/thead><tbody><tr><td class=\"has-text-align-left\" data-align=\"left\">Instrumento (clase individual)<\/td><td>1 h\/semana<\/td><\/tr><tr><td class=\"has-text-align-left\" data-align=\"left\">Armon\u00eda<\/td><td>2 h\/semana<\/td><\/tr><tr><td class=\"has-text-align-left\" data-align=\"left\">Conjunto (saxof\u00f3n)<\/td><td>1,30 h\/semana<\/td><\/tr><tr><td class=\"has-text-align-left\" data-align=\"left\">M\u00fasica de c\u00e1mara (excepto saxof\u00f3n)<\/td><td>1-1,30 h\/semana<\/td><\/tr><tr><td class=\"has-text-align-left\" data-align=\"left\">Orquesta (excepto piano y guitarra)<\/td><td>1,30 h\/semana<\/td><\/tr><tr><td class=\"has-text-align-left\" data-align=\"left\">Repertorio con piano (excepto piano y guitarra)<\/td><td>30 min\/semana<\/td><\/tr><\/tbody><\/table><\/figure>\n<\/div>\n\n\n\n<div class=\"wp-block-column is-layout-flow wp-block-column-is-layout-flow\" style=\"flex-basis:45%\">\n<figure class=\"wp-block-table is-style-stripes\"><table><thead><tr><th>Ense\u00f1anzas profesionales 5\u00ba y 6\u00ba <br>PERFIL INSTRUMENTO <\/th><th><\/th><\/tr><\/thead><tbody><tr><td>Instrumento (clase individual)<\/td><td>1,30 h\/semana<\/td><\/tr><tr><td>Historia de la M\u00fasica<\/td><td>1,30 h\/semana<\/td><\/tr><tr><td>An\u00e1lisis<\/td><td>1,30  h\/semana<\/td><\/tr><tr><td>M\u00fasica de C\u00e1mara<\/td><td>1,30  h\/semana<\/td><\/tr><tr><td>Optativas<\/td><td>1 h\/semana<\/td><\/tr><tr><td>Acompa\u00f1amiento *1<\/td><td>1,30 h\/semana<\/td><\/tr><tr><td>Orquesta *2<\/td><td>1,30 h\/semana<\/td><\/tr><tr><td>Repertorio con piano *2<\/td><td>30 min\/semana<\/td><\/tr><tr><td>Repertorio instrumental *1 (6\u00bacurso)<\/td><td>1 h\/semana<\/td><\/tr><\/tbody><\/table><figcaption class=\"wp-element-caption\">*1 S\u00f3lo para Piano y Guitarra <br>*2 Excepto para Piano y Guitarra<\/figcaption><\/figure>\n\n\n\n<p><\/p>\n<\/div>\n\n\n\n<div class=\"wp-block-column is-layout-flow wp-block-column-is-layout-flow\" style=\"flex-basis:1%\"><\/div>\n<\/div>\n<\/div><\/div>\n\n\n\n<div class=\"wp-block-group\"><div class=\"wp-block-group__inner-container is-layout-flow wp-block-group-is-layout-flow\">\n<div class=\"wp-block-columns is-layout-flex wp-container-core-columns-is-layout-9d6595d7 wp-block-columns-is-layout-flex\">\n<div class=\"wp-block-column is-layout-flow wp-block-column-is-layout-flow\" style=\"flex-basis:45%\">\n<figure class=\"wp-block-table is-style-stripes\"><table><thead><tr><th class=\"has-text-align-left\" data-align=\"left\"><strong>Ense\u00f1anzas profesionales 5\u00ba y 6\u00ba<\/strong><br><strong> PERFIL COMPOSICI\u00d3N<\/strong><\/th><th><\/th><\/tr><\/thead><tbody><tr><td class=\"has-text-align-left\" data-align=\"left\">Instrumento (clase individual)<\/td><td>1 h\/semana<\/td><\/tr><tr><td class=\"has-text-align-left\" data-align=\"left\">Historia de la M\u00fasica<\/td><td>1,30 h\/semana<\/td><\/tr><tr><td class=\"has-text-align-left\" data-align=\"left\">Fundamentos de Composici\u00f3n<\/td><td>2 h\/semana<\/td><\/tr><tr><td class=\"has-text-align-left\" data-align=\"left\">M\u00fasica de c\u00e1mara<\/td><td>1,30 h\/semana<\/td><\/tr><tr><td class=\"has-text-align-left\" data-align=\"left\">Optativas<\/td><td>1 h\/semana<\/td><\/tr><tr><td class=\"has-text-align-left\" data-align=\"left\">Acompa\u00f1amiento *1<\/td><td>1,30 h\/semana<\/td><\/tr><tr><td class=\"has-text-align-left\" data-align=\"left\">Orquesta *2<\/td><td>1,30 h\/semana<\/td><\/tr><tr><td class=\"has-text-align-left\" data-align=\"left\">Repertorio con piano *2<\/td><td>30 min\/semana<\/td><\/tr><tr><td class=\"has-text-align-left\" data-align=\"left\">Repertorio Instrumental *1 (6\u00bacurso)<\/td><td>1 h\/semana<\/td><\/tr><\/tbody><\/table><figcaption class=\"wp-element-caption\">*1 S\u00f3lo para Piano y Guitarra.<br>*2 Excepto para Piano y Guitarra.<\/figcaption><\/figure>\n<\/div>\n\n\n\n<div class=\"wp-block-column is-layout-flow wp-block-column-is-layout-flow\" style=\"flex-basis:45%\">\n<figure class=\"wp-block-table is-style-stripes\"><table><thead><tr><th>Ense\u00f1anzas profesionales 5\u00ba y 6\u00ba<br> PERFIL JAZZ <\/th><th><\/th><\/tr><\/thead><tbody><tr><td>Instrumento (clase individual)<\/td><td>1 h\/semana<\/td><\/tr><tr><td>Historia de la M\u00fasica<\/td><td>1,30 h\/semana<\/td><\/tr><tr><td>Composici\u00f3n Jazz (6\u00bacurso)<\/td><td>1,30  h\/semana<\/td><\/tr><tr><td>An\u00e1lisis<\/td><td>1,30  h\/semana<\/td><\/tr><tr><td>M\u00fasica de C\u00e1mara<\/td><td>1,30 h\/semana<\/td><\/tr><tr><td>Optativas *3<\/td><td>1 h\/semana<\/td><\/tr><tr><td>Conjunto Jazz<\/td><td>1,30 h\/semana<\/td><\/tr><tr><td>Cifrado Americano (5\u00bacurso)<\/td><td>1,30 h\/semana<\/td><\/tr><\/tbody><\/table><figcaption class=\"wp-element-caption\">*3 Piano y Guitarra optativa en 5\u00ba y 6\u00ba cursos, Resto de Instrumentos optativa s\u00f3lo en 5\u00ba curso.<\/figcaption><\/figure>\n\n\n\n<p><\/p>\n<\/div>\n\n\n\n<div class=\"wp-block-column is-layout-flow wp-block-column-is-layout-flow\" style=\"flex-basis:1%\"><\/div>\n<\/div>\n\n\n\n<p><\/p>\n<\/div><\/div>\n\n\n\n<div class=\"wp-block-columns is-layout-flex wp-container-core-columns-is-layout-9d6595d7 wp-block-columns-is-layout-flex\">\n<div class=\"wp-block-column is-layout-flow wp-block-column-is-layout-flow\"><\/div>\n<\/div>\n<\/div>\n\n\n\n<div class=\"wp-block-column is-layout-flow wp-block-column-is-layout-flow\" style=\"flex-basis:15%\">\n<p class=\"has-text-align-center\" style=\"font-size:18px\"><strong>Accede a<\/strong><\/p>\n\n\n\n<ul class=\"wp-block-list\">\n<li><a href=\"https:\/\/raices.madrid.org\" data-type=\"URL\">\u00c1rea de profesores<\/a><\/li>\n\n\n\n<li><a href=\"https:\/\/site.educa.madrid.org\/cpm.adolfosalazar.madrid\/index.php\/presentacion\/\">Presentaci\u00f3n<\/a><\/li>\n\n\n\n<li><a href=\"https:\/\/site.educa.madrid.org\/cpm.adolfosalazar.madrid\/index.php\/plan-de-estudios\/\">Plan de Estudios<\/a><\/li>\n\n\n\n<li><a href=\"https:\/\/site.educa.madrid.org\/cpm.adolfosalazar.madrid\/index.php\/oferta-instrumental\/\">Oferta instrumental<\/a><\/li>\n\n\n\n<li><a href=\"https:\/\/site.educa.madrid.org\/cpm.adolfosalazar.madrid\/index.php\/documentos-del-centro\/\">Documentos del Centro<\/a><\/li>\n\n\n\n<li><a href=\"https:\/\/site.educa.madrid.org\/cpm.adolfosalazar.madrid\/index.php\/equipo\/\">Equipo<\/a>\n<ul class=\"wp-block-list\">\n<li><a href=\"https:\/\/site.educa.madrid.org\/cpm.adolfosalazar.madrid\/index.php\/equipo-directivo\/\">Equipo Directivo<\/a><\/li>\n\n\n\n<li><a href=\"https:\/\/site.educa.madrid.org\/cpm.adolfosalazar.madrid\/index.php\/consejo-escolar\/\">Consejo Escolar<\/a><\/li>\n\n\n\n<li><a href=\"https:\/\/site.educa.madrid.org\/cpm.adolfosalazar.madrid\/index.php\/comision-de-coordinacion-pedagogica\/\">Comisi\u00f3n de Coordinaci\u00f3n Pedag\u00f3gica<\/a><\/li>\n\n\n\n<li><a href=\"https:\/\/site.educa.madrid.org\/cpm.adolfosalazar.madrid\/index.php\/profesorado\/\">Profesorado<\/a><\/li>\n\n\n\n<li><a href=\"https:\/\/site.educa.madrid.org\/cpm.adolfosalazar.madrid\/index.php\/personal-no-docente\/\">Personal no docente<\/a><\/li>\n<\/ul>\n<\/li>\n<\/ul>\n\n\n\n<div class=\"wp-block-columns is-layout-flex wp-container-core-columns-is-layout-9d6595d7 wp-block-columns-is-layout-flex\">\n<div class=\"wp-block-column is-layout-flow wp-block-column-is-layout-flow\"><\/div>\n<\/div>\n\n\n<div class=\"wp-block-image is-style-rounded\">\n<figure class=\"aligncenter size-large\"><img loading=\"lazy\" decoding=\"async\" width=\"1024\" height=\"683\" src=\"https:\/\/site.educa.madrid.org\/cpm.adolfosalazar.madrid\/\/wp-content\/uploads\/cpm.adolfosalazar.madrid\/2022\/03\/Puestas-Abiertas-1024x683.jpg\" alt=\"\" class=\"wp-image-591\" srcset=\"https:\/\/site.educa.madrid.org\/cpm.adolfosalazar.madrid\/\/wp-content\/uploads\/cpm.adolfosalazar.madrid\/2022\/03\/Puestas-Abiertas-1024x683.jpg 1024w, https:\/\/site.educa.madrid.org\/cpm.adolfosalazar.madrid\/\/wp-content\/uploads\/cpm.adolfosalazar.madrid\/2022\/03\/Puestas-Abiertas-300x200.jpg 300w, https:\/\/site.educa.madrid.org\/cpm.adolfosalazar.madrid\/\/wp-content\/uploads\/cpm.adolfosalazar.madrid\/2022\/03\/Puestas-Abiertas-768x512.jpg 768w, https:\/\/site.educa.madrid.org\/cpm.adolfosalazar.madrid\/\/wp-content\/uploads\/cpm.adolfosalazar.madrid\/2022\/03\/Puestas-Abiertas-391x260.jpg 391w, https:\/\/site.educa.madrid.org\/cpm.adolfosalazar.madrid\/\/wp-content\/uploads\/cpm.adolfosalazar.madrid\/2022\/03\/Puestas-Abiertas-700x467.jpg 700w, https:\/\/site.educa.madrid.org\/cpm.adolfosalazar.madrid\/\/wp-content\/uploads\/cpm.adolfosalazar.madrid\/2022\/03\/Puestas-Abiertas-520x347.jpg 520w, https:\/\/site.educa.madrid.org\/cpm.adolfosalazar.madrid\/\/wp-content\/uploads\/cpm.adolfosalazar.madrid\/2022\/03\/Puestas-Abiertas-360x240.jpg 360w, https:\/\/site.educa.madrid.org\/cpm.adolfosalazar.madrid\/\/wp-content\/uploads\/cpm.adolfosalazar.madrid\/2022\/03\/Puestas-Abiertas-250x167.jpg 250w, https:\/\/site.educa.madrid.org\/cpm.adolfosalazar.madrid\/\/wp-content\/uploads\/cpm.adolfosalazar.madrid\/2022\/03\/Puestas-Abiertas-100x67.jpg 100w, https:\/\/site.educa.madrid.org\/cpm.adolfosalazar.madrid\/\/wp-content\/uploads\/cpm.adolfosalazar.madrid\/2022\/03\/Puestas-Abiertas-272x182.jpg 272w, https:\/\/site.educa.madrid.org\/cpm.adolfosalazar.madrid\/\/wp-content\/uploads\/cpm.adolfosalazar.madrid\/2022\/03\/Puestas-Abiertas.jpg 1200w\" sizes=\"auto, (max-width: 1024px) 100vw, 1024px\" \/><\/figure>\n<\/div><\/div>\n<\/div>\n\n\n\n<p><\/p>\n","protected":false},"excerpt":{"rendered":"<p>Ense\u00f1anzas Elementales Ense\u00f1anzas elementales 1\u00ba y 2\u00ba cursos Instrumento (excepto percusi\u00f3n, clase individual) 1 h\/semana Instrumento (excepto percusi\u00f3n, clase colectiva) 1 h\/semana Percusi\u00f3n (clase colectiva) 2 h\/semana Lenguaje musical 2 h\/semana Ense\u00f1anzas elementales 3\u00ba y 4\u00ba cursos Instrumento (excepto percusi\u00f3n, clase individual) 1 h\/semana Instrumento (excepto percusi\u00f3n, clase colectiva) 1 h\/semana Percusi\u00f3n (clase colectiva) 2<\/p><\/div>\n<div class=\"blog-btn\"><a href=\"https:\/\/site.educa.madrid.org\/cpm.adolfosalazar.madrid\/index.php\/plan-de-estudios\/\" class=\"home-blog-btn\">Leer m\u00e1s<\/a><\/p>\n","protected":false},"author":3,"featured_media":0,"parent":0,"menu_order":0,"comment_status":"closed","ping_status":"closed","template":"page-templates\/page_builder.php","meta":{"footnotes":""},"folder":[],"class_list":["post-156","page","type-page","status-publish","hentry"],"rttpg_featured_image_url":null,"rttpg_author":{"display_name":"cpm.adolfosalazar.madrid","author_link":"https:\/\/site.educa.madrid.org\/cpm.adolfosalazar.madrid\/index.php\/author\/cuenta_cpm-adolfosalazar-madrid\/"},"rttpg_comment":0,"rttpg_category":false,"rttpg_excerpt":"Ense\u00f1anzas Elementales Ense\u00f1anzas elementales 1\u00ba y 2\u00ba cursos Instrumento (excepto percusi\u00f3n, clase individual) 1 h\/semana Instrumento (excepto percusi\u00f3n, clase colectiva) 1 h\/semana Percusi\u00f3n (clase colectiva) 2 h\/semana Lenguaje musical 2 h\/semana Ense\u00f1anzas elementales 3\u00ba y 4\u00ba cursos Instrumento (excepto percusi\u00f3n, clase individual) 1 h\/semana Instrumento (excepto percusi\u00f3n, clase colectiva) 1 h\/semana Percusi\u00f3n (clase colectiva) 2Leer&hellip;","post_mailing_queue_ids":[],"_links":{"self":[{"href":"https:\/\/site.educa.madrid.org\/cpm.adolfosalazar.madrid\/index.php\/wp-json\/wp\/v2\/pages\/156","targetHints":{"allow":["GET"]}}],"collection":[{"href":"https:\/\/site.educa.madrid.org\/cpm.adolfosalazar.madrid\/index.php\/wp-json\/wp\/v2\/pages"}],"about":[{"href":"https:\/\/site.educa.madrid.org\/cpm.adolfosalazar.madrid\/index.php\/wp-json\/wp\/v2\/types\/page"}],"author":[{"embeddable":true,"href":"https:\/\/site.educa.madrid.org\/cpm.adolfosalazar.madrid\/index.php\/wp-json\/wp\/v2\/users\/3"}],"replies":[{"embeddable":true,"href":"https:\/\/site.educa.madrid.org\/cpm.adolfosalazar.madrid\/index.php\/wp-json\/wp\/v2\/comments?post=156"}],"version-history":[{"count":42,"href":"https:\/\/site.educa.madrid.org\/cpm.adolfosalazar.madrid\/index.php\/wp-json\/wp\/v2\/pages\/156\/revisions"}],"predecessor-version":[{"id":3599,"href":"https:\/\/site.educa.madrid.org\/cpm.adolfosalazar.madrid\/index.php\/wp-json\/wp\/v2\/pages\/156\/revisions\/3599"}],"wp:attachment":[{"href":"https:\/\/site.educa.madrid.org\/cpm.adolfosalazar.madrid\/index.php\/wp-json\/wp\/v2\/media?parent=156"}],"wp:term":[{"taxonomy":"folder","embeddable":true,"href":"https:\/\/site.educa.madrid.org\/cpm.adolfosalazar.madrid\/index.php\/wp-json\/wp\/v2\/folder?post=156"}],"curies":[{"name":"wp","href":"https:\/\/api.w.org\/{rel}","templated":true}]}}