{"id":172,"date":"2022-02-22T19:24:54","date_gmt":"2022-02-22T18:24:54","guid":{"rendered":"https:\/\/site.educa.madrid.org\/cpm.adolfosalazar.madrid\/?page_id=172"},"modified":"2024-11-06T12:43:41","modified_gmt":"2024-11-06T11:43:41","slug":"personal-no-docente","status":"publish","type":"page","link":"https:\/\/site.educa.madrid.org\/cpm.adolfosalazar.madrid\/index.php\/personal-no-docente\/","title":{"rendered":"Personal no docente"},"content":{"rendered":"\n<hr class=\"wp-block-separator has-css-opacity is-style-wide\"\/>\n\n\n\n<div class=\"wp-block-columns is-layout-flex wp-container-core-columns-is-layout-9d6595d7 wp-block-columns-is-layout-flex\">\n<div class=\"wp-block-column is-layout-flow wp-block-column-is-layout-flow\"><\/div>\n\n\n\n<div class=\"wp-block-column is-layout-flow wp-block-column-is-layout-flow\" style=\"flex-basis:66.66%\">\n<h2 class=\"wp-block-heading has-text-align-center\"><strong>Personal no docente<\/strong><\/h2>\n\n\n\n<div style=\"height:10px\" aria-hidden=\"true\" class=\"wp-block-spacer\"><\/div>\n\n\n\n<div class=\"wp-block-columns is-layout-flex wp-container-core-columns-is-layout-9d6595d7 wp-block-columns-is-layout-flex\">\n<div class=\"wp-block-column is-layout-flow wp-block-column-is-layout-flow\"><div class=\"wp-block-image is-style-rounded\">\n<figure class=\"aligncenter size-thumbnail\"><img loading=\"lazy\" decoding=\"async\" width=\"150\" height=\"150\" src=\"https:\/\/site.educa.madrid.org\/cpm.adolfosalazar.madrid\/\/wp-content\/uploads\/cpm.adolfosalazar.madrid\/2022\/03\/silueta-mujer-150x150.png\" alt=\"\" class=\"wp-image-974\" srcset=\"https:\/\/site.educa.madrid.org\/cpm.adolfosalazar.madrid\/\/wp-content\/uploads\/cpm.adolfosalazar.madrid\/2022\/03\/silueta-mujer-150x150.png 150w, https:\/\/site.educa.madrid.org\/cpm.adolfosalazar.madrid\/\/wp-content\/uploads\/cpm.adolfosalazar.madrid\/2022\/03\/silueta-mujer-300x300.png 300w\" sizes=\"auto, (max-width: 150px) 100vw, 150px\" \/><figcaption class=\"wp-element-caption\"><a href=\"mailto:\"><span class=\"has-inline-color has-vivid-red-color\"><strong>Mercedes Asenjo Jim\u00e9nez<\/strong><\/span><\/a> <br>Auxiliar Administrativo<\/figcaption><\/figure>\n<\/div><\/div>\n\n\n\n<div class=\"wp-block-column is-layout-flow wp-block-column-is-layout-flow\"><div class=\"wp-block-image is-style-rounded\">\n<figure class=\"aligncenter size-thumbnail\"><img loading=\"lazy\" decoding=\"async\" width=\"150\" height=\"150\" src=\"https:\/\/site.educa.madrid.org\/cpm.adolfosalazar.madrid\/\/wp-content\/uploads\/cpm.adolfosalazar.madrid\/2022\/03\/silueta-mujer-150x150.png\" alt=\"\" class=\"wp-image-974\" srcset=\"https:\/\/site.educa.madrid.org\/cpm.adolfosalazar.madrid\/\/wp-content\/uploads\/cpm.adolfosalazar.madrid\/2022\/03\/silueta-mujer-150x150.png 150w, https:\/\/site.educa.madrid.org\/cpm.adolfosalazar.madrid\/\/wp-content\/uploads\/cpm.adolfosalazar.madrid\/2022\/03\/silueta-mujer-300x300.png 300w\" sizes=\"auto, (max-width: 150px) 100vw, 150px\" \/><figcaption class=\"wp-element-caption\"><strong><a href=\"mailto:\"><span class=\"has-inline-color has-vivid-red-color\">Dolores Crespo S\u00e1nchez<\/span><\/a><\/strong> <br>Auxiliar Administrativo<\/figcaption><\/figure>\n<\/div><\/div>\n\n\n\n<div class=\"wp-block-column is-layout-flow wp-block-column-is-layout-flow\"><div class=\"wp-block-image is-style-rounded\">\n<figure class=\"aligncenter size-thumbnail\"><img loading=\"lazy\" decoding=\"async\" width=\"150\" height=\"150\" src=\"https:\/\/site.educa.madrid.org\/cpm.adolfosalazar.madrid\/\/wp-content\/uploads\/cpm.adolfosalazar.madrid\/2022\/03\/silueta-hombre-150x150.png\" alt=\"\" class=\"wp-image-976\" srcset=\"https:\/\/site.educa.madrid.org\/cpm.adolfosalazar.madrid\/\/wp-content\/uploads\/cpm.adolfosalazar.madrid\/2022\/03\/silueta-hombre-150x150.png 150w, https:\/\/site.educa.madrid.org\/cpm.adolfosalazar.madrid\/\/wp-content\/uploads\/cpm.adolfosalazar.madrid\/2022\/03\/silueta-hombre-300x300.png 300w\" sizes=\"auto, (max-width: 150px) 100vw, 150px\" \/><figcaption class=\"wp-element-caption\"><span><a style=\"font-weight: bold;\" href=\"mailto:\"><span class=\"has-inline-color has-vivid-red-color\">Justo Corbacho<\/span><\/a><\/span> <br>Auxiliar de control e informaci\u00f3n<\/figcaption><\/figure>\n<\/div><\/div>\n<\/div>\n\n\n\n<div style=\"height:1px\" aria-hidden=\"true\" class=\"wp-block-spacer\"><\/div>\n\n\n\n<div class=\"wp-block-columns is-layout-flex wp-container-core-columns-is-layout-9d6595d7 wp-block-columns-is-layout-flex\">\n<div class=\"wp-block-column is-layout-flow wp-block-column-is-layout-flow\"><div class=\"wp-block-image is-style-rounded\">\n<figure class=\"aligncenter size-thumbnail\"><img loading=\"lazy\" decoding=\"async\" width=\"150\" height=\"150\" src=\"https:\/\/site.educa.madrid.org\/cpm.adolfosalazar.madrid\/\/wp-content\/uploads\/cpm.adolfosalazar.madrid\/2022\/03\/silueta-mujer-150x150.png\" alt=\"\" class=\"wp-image-974\" srcset=\"https:\/\/site.educa.madrid.org\/cpm.adolfosalazar.madrid\/\/wp-content\/uploads\/cpm.adolfosalazar.madrid\/2022\/03\/silueta-mujer-150x150.png 150w, https:\/\/site.educa.madrid.org\/cpm.adolfosalazar.madrid\/\/wp-content\/uploads\/cpm.adolfosalazar.madrid\/2022\/03\/silueta-mujer-300x300.png 300w\" sizes=\"auto, (max-width: 150px) 100vw, 150px\" \/><figcaption class=\"wp-element-caption\"><strong><a href=\"mailto:\"><span class=\"has-inline-color has-vivid-red-color\">Francisca Fern\u00e1ndez Gabriel<\/span><\/a><\/strong> <br>Auxiliar de control e informaci\u00f3n<\/figcaption><\/figure>\n<\/div><\/div>\n\n\n\n<div class=\"wp-block-column is-layout-flow wp-block-column-is-layout-flow\"><div class=\"wp-block-image is-style-rounded\">\n<figure class=\"aligncenter size-thumbnail\"><img loading=\"lazy\" decoding=\"async\" width=\"150\" height=\"150\" src=\"https:\/\/site.educa.madrid.org\/cpm.adolfosalazar.madrid\/\/wp-content\/uploads\/cpm.adolfosalazar.madrid\/2022\/03\/silueta-mujer-150x150.png\" alt=\"\" class=\"wp-image-974\" srcset=\"https:\/\/site.educa.madrid.org\/cpm.adolfosalazar.madrid\/\/wp-content\/uploads\/cpm.adolfosalazar.madrid\/2022\/03\/silueta-mujer-150x150.png 150w, https:\/\/site.educa.madrid.org\/cpm.adolfosalazar.madrid\/\/wp-content\/uploads\/cpm.adolfosalazar.madrid\/2022\/03\/silueta-mujer-300x300.png 300w\" sizes=\"auto, (max-width: 150px) 100vw, 150px\" \/><figcaption class=\"wp-element-caption\"><strong><mark style=\"background-color:rgba(0, 0, 0, 0)\" class=\"has-inline-color has-vivid-red-color\">Julieta Marlene<\/mark><\/strong> <strong><mark style=\"background-color:rgba(0, 0, 0, 0)\" class=\"has-inline-color has-vivid-red-color\">Flores Herrara<\/mark><\/strong><br>Auxiliar de servicios<\/figcaption><\/figure>\n<\/div><\/div>\n\n\n\n<div class=\"wp-block-column is-layout-flow wp-block-column-is-layout-flow\"><div class=\"wp-block-image is-style-rounded\">\n<figure class=\"aligncenter size-thumbnail\"><img loading=\"lazy\" decoding=\"async\" width=\"150\" height=\"150\" src=\"https:\/\/site.educa.madrid.org\/cpm.adolfosalazar.madrid\/\/wp-content\/uploads\/cpm.adolfosalazar.madrid\/2022\/03\/silueta-mujer-150x150.png\" alt=\"\" class=\"wp-image-974\" srcset=\"https:\/\/site.educa.madrid.org\/cpm.adolfosalazar.madrid\/\/wp-content\/uploads\/cpm.adolfosalazar.madrid\/2022\/03\/silueta-mujer-150x150.png 150w, https:\/\/site.educa.madrid.org\/cpm.adolfosalazar.madrid\/\/wp-content\/uploads\/cpm.adolfosalazar.madrid\/2022\/03\/silueta-mujer-300x300.png 300w\" sizes=\"auto, (max-width: 150px) 100vw, 150px\" \/><figcaption class=\"wp-element-caption\"><strong><a href=\"mailto:\"><mark style=\"background-color:rgba(0, 0, 0, 0)\" class=\"has-inline-color has-vivid-red-color\">Paloma Mart\u00edn Prieto<\/mark><\/a><\/strong> <br>Auxiliar de servicios<\/figcaption><\/figure>\n<\/div><\/div>\n<\/div>\n\n\n\n<div style=\"height:1px\" aria-hidden=\"true\" class=\"wp-block-spacer\"><\/div>\n\n\n\n<div class=\"wp-block-columns is-layout-flex wp-container-core-columns-is-layout-9d6595d7 wp-block-columns-is-layout-flex\">\n<div class=\"wp-block-column is-layout-flow wp-block-column-is-layout-flow\"><div class=\"wp-block-image is-style-rounded\">\n<figure class=\"aligncenter size-thumbnail\"><img loading=\"lazy\" decoding=\"async\" width=\"150\" height=\"150\" src=\"https:\/\/site.educa.madrid.org\/cpm.adolfosalazar.madrid\/\/wp-content\/uploads\/cpm.adolfosalazar.madrid\/2022\/03\/silueta-mujer-150x150.png\" alt=\"\" class=\"wp-image-974\" srcset=\"https:\/\/site.educa.madrid.org\/cpm.adolfosalazar.madrid\/\/wp-content\/uploads\/cpm.adolfosalazar.madrid\/2022\/03\/silueta-mujer-150x150.png 150w, https:\/\/site.educa.madrid.org\/cpm.adolfosalazar.madrid\/\/wp-content\/uploads\/cpm.adolfosalazar.madrid\/2022\/03\/silueta-mujer-300x300.png 300w\" sizes=\"auto, (max-width: 150px) 100vw, 150px\" \/><figcaption class=\"wp-element-caption\"><strong><a href=\"mailto:\"><span class=\"has-inline-color has-vivid-red-color\">Felicidad Mateo Fern\u00e1ndez<\/span><\/a><\/strong> <br>Auxiliar de control e informaci\u00f3n<\/figcaption><\/figure>\n<\/div>\n\n<div class=\"wp-block-image is-style-rounded\">\n<figure class=\"aligncenter size-thumbnail\"><img loading=\"lazy\" decoding=\"async\" width=\"150\" height=\"150\" src=\"https:\/\/site.educa.madrid.org\/cpm.adolfosalazar.madrid\/\/wp-content\/uploads\/cpm.adolfosalazar.madrid\/2022\/03\/silueta-hombre-150x150.png\" alt=\"\" class=\"wp-image-976\" srcset=\"https:\/\/site.educa.madrid.org\/cpm.adolfosalazar.madrid\/\/wp-content\/uploads\/cpm.adolfosalazar.madrid\/2022\/03\/silueta-hombre-150x150.png 150w, https:\/\/site.educa.madrid.org\/cpm.adolfosalazar.madrid\/\/wp-content\/uploads\/cpm.adolfosalazar.madrid\/2022\/03\/silueta-hombre-300x300.png 300w\" sizes=\"auto, (max-width: 150px) 100vw, 150px\" \/><figcaption class=\"wp-element-caption\"><strong><mark style=\"background-color:rgba(0, 0, 0, 0)\" class=\"has-inline-color has-vivid-red-color\">Ra\u00fal S\u00e1nchez Vega<\/mark><\/strong><br>Auxiliar de control e informaci\u00f3n<\/figcaption><\/figure>\n<\/div><\/div>\n\n\n\n<div class=\"wp-block-column is-layout-flow wp-block-column-is-layout-flow\"><div class=\"wp-block-image is-style-rounded\">\n<figure class=\"aligncenter size-thumbnail\"><img loading=\"lazy\" decoding=\"async\" width=\"150\" height=\"150\" src=\"https:\/\/site.educa.madrid.org\/cpm.adolfosalazar.madrid\/\/wp-content\/uploads\/cpm.adolfosalazar.madrid\/2022\/03\/silueta-mujer-150x150.png\" alt=\"\" class=\"wp-image-974\" srcset=\"https:\/\/site.educa.madrid.org\/cpm.adolfosalazar.madrid\/\/wp-content\/uploads\/cpm.adolfosalazar.madrid\/2022\/03\/silueta-mujer-150x150.png 150w, https:\/\/site.educa.madrid.org\/cpm.adolfosalazar.madrid\/\/wp-content\/uploads\/cpm.adolfosalazar.madrid\/2022\/03\/silueta-mujer-300x300.png 300w\" sizes=\"auto, (max-width: 150px) 100vw, 150px\" \/><figcaption class=\"wp-element-caption\"><strong><mark style=\"background-color:rgba(0, 0, 0, 0)\" class=\"has-inline-color has-vivid-red-color\">Cinthia Montero Mercado<\/mark><\/strong><br>Auxiliar de servicios<\/figcaption><\/figure>\n<\/div><\/div>\n\n\n\n<div class=\"wp-block-column is-layout-flow wp-block-column-is-layout-flow\"><div class=\"wp-block-image is-style-rounded\">\n<figure class=\"aligncenter size-thumbnail\"><img loading=\"lazy\" decoding=\"async\" width=\"150\" height=\"150\" src=\"https:\/\/site.educa.madrid.org\/cpm.adolfosalazar.madrid\/\/wp-content\/uploads\/cpm.adolfosalazar.madrid\/2022\/03\/silueta-mujer-150x150.png\" alt=\"\" class=\"wp-image-974\" srcset=\"https:\/\/site.educa.madrid.org\/cpm.adolfosalazar.madrid\/\/wp-content\/uploads\/cpm.adolfosalazar.madrid\/2022\/03\/silueta-mujer-150x150.png 150w, https:\/\/site.educa.madrid.org\/cpm.adolfosalazar.madrid\/\/wp-content\/uploads\/cpm.adolfosalazar.madrid\/2022\/03\/silueta-mujer-300x300.png 300w\" sizes=\"auto, (max-width: 150px) 100vw, 150px\" \/><figcaption class=\"wp-element-caption\"><strong><a href=\"mailto:\"><span class=\"has-inline-color has-vivid-red-color\">M\u00aa. Carmen Mu\u00f1oz Serrano<\/span><\/a><\/strong> <br>Auxiliar de control e informaci\u00f3n<\/figcaption><\/figure>\n<\/div><\/div>\n<\/div>\n<\/div>\n\n\n\n<div class=\"wp-block-column is-layout-flow wp-block-column-is-layout-flow\" style=\"flex-basis:33.33%\">\n<p class=\"has-text-align-left\"><strong>Accede a<\/strong><\/p>\n\n\n\n<ul class=\"wp-block-list\">\n<li><strong><a href=\"https:\/\/site.educa.madrid.org\/cpm.adolfosalazar.madrid\/index.php\/equipo-directivo\/\">Equipo Directivo<\/a><\/strong><\/li>\n\n\n\n<li><strong><a href=\"https:\/\/site.educa.madrid.org\/cpm.adolfosalazar.madrid\/index.php\/consejo-escolar\/\">Consejo Escolar<\/a><\/strong><\/li>\n\n\n\n<li><strong><a href=\"https:\/\/site.educa.madrid.org\/cpm.adolfosalazar.madrid\/index.php\/comision-de-coordinacion-pedagogica\/\">Comisi\u00f3n de Coordinaci\u00f3n Pedag\u00f3gica<\/a><\/strong><\/li>\n\n\n\n<li><strong><a href=\"https:\/\/site.educa.madrid.org\/cpm.adolfosalazar.madrid\/index.php\/profesorado\/\">Profesorado<\/a><\/strong><\/li>\n\n\n\n<li><strong><a href=\"https:\/\/site.educa.madrid.org\/cpm.adolfosalazar.madrid\/index.php\/personal-no-docente\/\">Personal no docente<\/a><\/strong><\/li>\n<\/ul>\n\n\n\n<figure class=\"wp-block-image size-full is-style-rounded\"><img loading=\"lazy\" decoding=\"async\" width=\"830\" height=\"200\" src=\"https:\/\/site.educa.madrid.org\/cpm.adolfosalazar.madrid\/\/wp-content\/uploads\/cpm.adolfosalazar.madrid\/2022\/03\/admision.jpg\" alt=\"\" class=\"wp-image-934\" srcset=\"https:\/\/site.educa.madrid.org\/cpm.adolfosalazar.madrid\/\/wp-content\/uploads\/cpm.adolfosalazar.madrid\/2022\/03\/admision.jpg 830w, https:\/\/site.educa.madrid.org\/cpm.adolfosalazar.madrid\/\/wp-content\/uploads\/cpm.adolfosalazar.madrid\/2022\/03\/admision-300x72.jpg 300w, https:\/\/site.educa.madrid.org\/cpm.adolfosalazar.madrid\/\/wp-content\/uploads\/cpm.adolfosalazar.madrid\/2022\/03\/admision-768x185.jpg 768w, https:\/\/site.educa.madrid.org\/cpm.adolfosalazar.madrid\/\/wp-content\/uploads\/cpm.adolfosalazar.madrid\/2022\/03\/admision-700x169.jpg 700w, https:\/\/site.educa.madrid.org\/cpm.adolfosalazar.madrid\/\/wp-content\/uploads\/cpm.adolfosalazar.madrid\/2022\/03\/admision-520x125.jpg 520w, https:\/\/site.educa.madrid.org\/cpm.adolfosalazar.madrid\/\/wp-content\/uploads\/cpm.adolfosalazar.madrid\/2022\/03\/admision-360x87.jpg 360w, https:\/\/site.educa.madrid.org\/cpm.adolfosalazar.madrid\/\/wp-content\/uploads\/cpm.adolfosalazar.madrid\/2022\/03\/admision-250x60.jpg 250w, https:\/\/site.educa.madrid.org\/cpm.adolfosalazar.madrid\/\/wp-content\/uploads\/cpm.adolfosalazar.madrid\/2022\/03\/admision-100x24.jpg 100w\" sizes=\"auto, (max-width: 830px) 100vw, 830px\" \/><\/figure>\n<\/div>\n<\/div>\n","protected":false},"excerpt":{"rendered":"<p>Personal no docente Accede a<\/p>\n","protected":false},"author":3,"featured_media":0,"parent":0,"menu_order":0,"comment_status":"closed","ping_status":"closed","template":"page-templates\/page_builder.php","meta":{"footnotes":""},"folder":[],"class_list":["post-172","page","type-page","status-publish","hentry"],"rttpg_featured_image_url":null,"rttpg_author":{"display_name":"cpm.adolfosalazar.madrid","author_link":"https:\/\/site.educa.madrid.org\/cpm.adolfosalazar.madrid\/index.php\/author\/cuenta_cpm-adolfosalazar-madrid\/"},"rttpg_comment":0,"rttpg_category":false,"rttpg_excerpt":"Personal no docente Accede a","post_mailing_queue_ids":[],"_links":{"self":[{"href":"https:\/\/site.educa.madrid.org\/cpm.adolfosalazar.madrid\/index.php\/wp-json\/wp\/v2\/pages\/172","targetHints":{"allow":["GET"]}}],"collection":[{"href":"https:\/\/site.educa.madrid.org\/cpm.adolfosalazar.madrid\/index.php\/wp-json\/wp\/v2\/pages"}],"about":[{"href":"https:\/\/site.educa.madrid.org\/cpm.adolfosalazar.madrid\/index.php\/wp-json\/wp\/v2\/types\/page"}],"author":[{"embeddable":true,"href":"https:\/\/site.educa.madrid.org\/cpm.adolfosalazar.madrid\/index.php\/wp-json\/wp\/v2\/users\/3"}],"replies":[{"embeddable":true,"href":"https:\/\/site.educa.madrid.org\/cpm.adolfosalazar.madrid\/index.php\/wp-json\/wp\/v2\/comments?post=172"}],"version-history":[{"count":15,"href":"https:\/\/site.educa.madrid.org\/cpm.adolfosalazar.madrid\/index.php\/wp-json\/wp\/v2\/pages\/172\/revisions"}],"predecessor-version":[{"id":5118,"href":"https:\/\/site.educa.madrid.org\/cpm.adolfosalazar.madrid\/index.php\/wp-json\/wp\/v2\/pages\/172\/revisions\/5118"}],"wp:attachment":[{"href":"https:\/\/site.educa.madrid.org\/cpm.adolfosalazar.madrid\/index.php\/wp-json\/wp\/v2\/media?parent=172"}],"wp:term":[{"taxonomy":"folder","embeddable":true,"href":"https:\/\/site.educa.madrid.org\/cpm.adolfosalazar.madrid\/index.php\/wp-json\/wp\/v2\/folder?post=172"}],"curies":[{"name":"wp","href":"https:\/\/api.w.org\/{rel}","templated":true}]}}