{"id":174,"date":"2022-02-22T19:25:48","date_gmt":"2022-02-22T18:25:48","guid":{"rendered":"https:\/\/site.educa.madrid.org\/cpm.adolfosalazar.madrid\/?page_id=174"},"modified":"2025-11-04T19:30:26","modified_gmt":"2025-11-04T18:30:26","slug":"novedades","status":"publish","type":"page","link":"https:\/\/site.educa.madrid.org\/cpm.adolfosalazar.madrid\/index.php\/novedades\/","title":{"rendered":"Novedades"},"content":{"rendered":"\n<div class=\"wp-block-columns is-layout-flex wp-container-core-columns-is-layout-9d6595d7 wp-block-columns-is-layout-flex\">\n<div class=\"wp-block-column is-layout-flow wp-block-column-is-layout-flow\" style=\"flex-basis:66.66%\">\n<h4 class=\"wp-block-heading\"><\/h4>\n\n\n\n<hr class=\"wp-block-separator has-alpha-channel-opacity\"\/>\n\n\n\n<p class=\"has-text-align-left\"><strong><mark style=\"background-color:rgba(0, 0, 0, 0)\" class=\"has-inline-color has-black-color\">Informaci\u00f3n para alumnos y familias acerca de la Secretar\u00eda Virtual y del programa Roble en el siguiente enlace:<\/mark> <a href=\"https:\/\/www.comunidad.madrid\/servicios\/educacion\/raices#roble\"><mark style=\"background-color:rgba(0, 0, 0, 0)\" class=\"has-inline-color has-vivid-cyan-blue-color\">Ra\u00edces | Comunidad de Madrid<\/mark><\/a><\/strong><\/p>\n\n\n\n<p class=\"has-text-align-left\"><strong><mark style=\"background-color:rgba(0, 0, 0, 0)\" class=\"has-inline-color has-black-color\">Manual de Roble con sus funcionalidades:<\/mark><\/strong> <strong><a href=\"https:\/\/site.educa.madrid.org\/cpm.adolfosalazar.madrid\/\/wp-content\/uploads\/cpm.adolfosalazar.madrid\/2024\/03\/Manual-de-Roble-v2.pdf\" data-type=\"URL\" data-id=\"https:\/\/site.educa.madrid.org\/cpm.adolfosalazar.madrid\/\/wp-content\/uploads\/cpm.adolfosalazar.madrid\/2024\/03\/Manual-de-Roble-v2.pdf\"><mark style=\"background-color:rgba(0, 0, 0, 0)\" class=\"has-inline-color has-vivid-cyan-blue-color\">Manual de Roble v2<\/mark><\/a><\/strong><\/p>\n\n\n\n<hr class=\"wp-block-separator has-alpha-channel-opacity\"\/>\n\n\n\n<p><\/p>\n\n\n\n<ul class=\"wp-block-list has-vivid-red-color has-white-background-color has-text-color has-background\">\n<li><strong><a rel=\"noreferrer noopener\" href=\"https:\/\/site.educa.madrid.org\/cpm.adolfosalazar.madrid\/\/wp-content\/uploads\/cpm.adolfosalazar.madrid\/2022\/03\/INSTRUCCIONES-PROTECCION-DATOS-23-11-21.pdf\" target=\"_blank\">Instrucciones sobre protecci\u00f3n de datos personales para los centros educativos p\u00fablicos de la Comunidad de Madrid<\/a><\/strong><\/li>\n\n\n\n<li><strong><a href=\"https:\/\/site.educa.madrid.org\/cpm.adolfosalazar.madrid\/\/wp-content\/uploads\/cpm.adolfosalazar.madrid\/2022\/03\/POLITICA-DE-PRIVACIDAD_MATRICULA-.pdf\">Pol\u00edtica de privacidad<\/a><\/strong><\/li>\n<\/ul>\n\n\n\n<hr class=\"wp-block-separator has-css-opacity alignwide\"\/>\n\n\n\n<blockquote class=\"wp-block-quote has-text-align-left is-style-default is-layout-flow wp-block-quote-is-layout-flow\">\n<p><strong>PROGRAMA HOQUETUS<\/strong><\/p>\n<\/blockquote>\n\n\n\n<p>Para aquellos alumnos interesados, se informa que el Instituto de Educaci\u00f3n Secundaria \u201cCardenal Cisneros\u201d, situado en el centro de Madrid y cerca del conservatorio, promueve grupos especiales para alumnos que cursen estudios en Conservatorios de M\u00fasica y Danza (este IES lleva varios a\u00f1os coordinando grupos y clases con alumnos de M\u00fasica y Danza). Esto significa que aquellos alumnos que opten por la modalidad de Bachillerato Musical o cualquier otra modalidad, tendr\u00e1n una clase de grupo especialmente dise\u00f1ada, con compa\u00f1eros m\u00fasicos de este y otros conservatorios, y con los horarios convenientemente organizados para dejar el m\u00e1ximo de tiempo libre a estos alumnos, para acudir al conservatorio o estudiar m\u00fasica.<\/p>\n\n\n\n<p>Asimismo, estos centros ofertan grupos especiales para la Ense\u00f1anza Secundaria a alumnos de Conservatorios. Estos grupos, adem\u00e1s de gozar de horarios especiales, se acoger\u00e1n a determinadas adaptaciones curriculares y las convalidaciones correspondientes.<\/p>\n\n\n\n<p><strong>Instituto \u201cCardenal Cisneros\u201d&nbsp; <\/strong>C\/ de los Reyes, 4 (28015 Madrid)&nbsp; \u2013 Tel\u00e9fono: 915224869<\/p>\n<\/div>\n\n\n\n<div class=\"wp-block-column is-layout-flow wp-block-column-is-layout-flow\" style=\"flex-basis:33.33%\">\n<p><strong>Accede a<\/strong><\/p>\n\n\n\n<ul class=\"wp-block-list\">\n<li><strong><a href=\"https:\/\/site.educa.madrid.org\/cpm.adolfosalazar.madrid\/index.php\/novedades\/\">Novedades<\/a><\/strong><\/li>\n\n\n\n<li><strong><a href=\"https:\/\/site.educa.madrid.org\/cpm.adolfosalazar.madrid\/index.php\/horario\/\">Horario<\/a><\/strong><\/li>\n\n\n\n<li><strong><a href=\"https:\/\/site.educa.madrid.org\/cpm.adolfosalazar.madrid\/index.php\/admision\/\">Admisi\u00f3n<\/a><\/strong><\/li>\n\n\n\n<li><strong><a href=\"https:\/\/site.educa.madrid.org\/cpm.adolfosalazar.madrid\/index.php\/matricula\/\">Matr\u00edcula<\/a><\/strong><\/li>\n\n\n\n<li><strong><a href=\"https:\/\/site.educa.madrid.org\/cpm.adolfosalazar.madrid\/index.php\/impresos-y-tramites\/\">Impresos y tr\u00e1mites<\/a><\/strong><\/li>\n<\/ul>\n\n\n<div class=\"wp-block-image is-style-rounded\">\n<figure class=\"aligncenter size-large\"><img loading=\"lazy\" decoding=\"async\" width=\"1024\" height=\"683\" src=\"https:\/\/site.educa.madrid.org\/cpm.adolfosalazar.madrid\/\/wp-content\/uploads\/cpm.adolfosalazar.madrid\/2022\/02\/secretaria2-1024x683.jpg\" alt=\"\" class=\"wp-image-450\" srcset=\"https:\/\/site.educa.madrid.org\/cpm.adolfosalazar.madrid\/\/wp-content\/uploads\/cpm.adolfosalazar.madrid\/2022\/02\/secretaria2-1024x683.jpg 1024w, https:\/\/site.educa.madrid.org\/cpm.adolfosalazar.madrid\/\/wp-content\/uploads\/cpm.adolfosalazar.madrid\/2022\/02\/secretaria2-300x200.jpg 300w, https:\/\/site.educa.madrid.org\/cpm.adolfosalazar.madrid\/\/wp-content\/uploads\/cpm.adolfosalazar.madrid\/2022\/02\/secretaria2-768x512.jpg 768w, https:\/\/site.educa.madrid.org\/cpm.adolfosalazar.madrid\/\/wp-content\/uploads\/cpm.adolfosalazar.madrid\/2022\/02\/secretaria2-391x260.jpg 391w, https:\/\/site.educa.madrid.org\/cpm.adolfosalazar.madrid\/\/wp-content\/uploads\/cpm.adolfosalazar.madrid\/2022\/02\/secretaria2-1536x1024.jpg 1536w, https:\/\/site.educa.madrid.org\/cpm.adolfosalazar.madrid\/\/wp-content\/uploads\/cpm.adolfosalazar.madrid\/2022\/02\/secretaria2-700x467.jpg 700w, https:\/\/site.educa.madrid.org\/cpm.adolfosalazar.madrid\/\/wp-content\/uploads\/cpm.adolfosalazar.madrid\/2022\/02\/secretaria2-520x347.jpg 520w, https:\/\/site.educa.madrid.org\/cpm.adolfosalazar.madrid\/\/wp-content\/uploads\/cpm.adolfosalazar.madrid\/2022\/02\/secretaria2-360x240.jpg 360w, https:\/\/site.educa.madrid.org\/cpm.adolfosalazar.madrid\/\/wp-content\/uploads\/cpm.adolfosalazar.madrid\/2022\/02\/secretaria2-250x167.jpg 250w, https:\/\/site.educa.madrid.org\/cpm.adolfosalazar.madrid\/\/wp-content\/uploads\/cpm.adolfosalazar.madrid\/2022\/02\/secretaria2-100x67.jpg 100w, https:\/\/site.educa.madrid.org\/cpm.adolfosalazar.madrid\/\/wp-content\/uploads\/cpm.adolfosalazar.madrid\/2022\/02\/secretaria2-272x182.jpg 272w, https:\/\/site.educa.madrid.org\/cpm.adolfosalazar.madrid\/\/wp-content\/uploads\/cpm.adolfosalazar.madrid\/2022\/02\/secretaria2.jpg 1600w\" sizes=\"auto, (max-width: 1024px) 100vw, 1024px\" \/><\/figure>\n<\/div><\/div>\n<\/div>\n","protected":false},"excerpt":{"rendered":"<p>Informaci\u00f3n para alumnos y familias acerca de la Secretar\u00eda Virtual y del programa Roble en el siguiente enlace: Ra\u00edces | Comunidad de Madrid Manual de Roble con sus funcionalidades: Manual de Roble v2 PROGRAMA HOQUETUS Para aquellos alumnos interesados, se informa que el Instituto de Educaci\u00f3n Secundaria \u201cCardenal Cisneros\u201d, situado en el centro de Madrid<\/p><\/div>\n<div class=\"blog-btn\"><a href=\"https:\/\/site.educa.madrid.org\/cpm.adolfosalazar.madrid\/index.php\/novedades\/\" class=\"home-blog-btn\">Leer m\u00e1s<\/a><\/p>\n","protected":false},"author":3,"featured_media":0,"parent":0,"menu_order":0,"comment_status":"closed","ping_status":"closed","template":"page-templates\/page_fullwidth.php","meta":{"footnotes":""},"folder":[],"class_list":["post-174","page","type-page","status-publish","hentry"],"rttpg_featured_image_url":null,"rttpg_author":{"display_name":"cpm.adolfosalazar.madrid","author_link":"https:\/\/site.educa.madrid.org\/cpm.adolfosalazar.madrid\/index.php\/author\/cuenta_cpm-adolfosalazar-madrid\/"},"rttpg_comment":0,"rttpg_category":false,"rttpg_excerpt":"Informaci\u00f3n para alumnos y familias acerca de la Secretar\u00eda Virtual y del programa Roble en el siguiente enlace: Ra\u00edces | Comunidad de Madrid Manual de Roble con sus funcionalidades: Manual de Roble v2 PROGRAMA HOQUETUS Para aquellos alumnos interesados, se informa que el Instituto de Educaci\u00f3n Secundaria \u201cCardenal Cisneros\u201d, situado en el centro de MadridLeer&hellip;","post_mailing_queue_ids":[],"_links":{"self":[{"href":"https:\/\/site.educa.madrid.org\/cpm.adolfosalazar.madrid\/index.php\/wp-json\/wp\/v2\/pages\/174","targetHints":{"allow":["GET"]}}],"collection":[{"href":"https:\/\/site.educa.madrid.org\/cpm.adolfosalazar.madrid\/index.php\/wp-json\/wp\/v2\/pages"}],"about":[{"href":"https:\/\/site.educa.madrid.org\/cpm.adolfosalazar.madrid\/index.php\/wp-json\/wp\/v2\/types\/page"}],"author":[{"embeddable":true,"href":"https:\/\/site.educa.madrid.org\/cpm.adolfosalazar.madrid\/index.php\/wp-json\/wp\/v2\/users\/3"}],"replies":[{"embeddable":true,"href":"https:\/\/site.educa.madrid.org\/cpm.adolfosalazar.madrid\/index.php\/wp-json\/wp\/v2\/comments?post=174"}],"version-history":[{"count":50,"href":"https:\/\/site.educa.madrid.org\/cpm.adolfosalazar.madrid\/index.php\/wp-json\/wp\/v2\/pages\/174\/revisions"}],"predecessor-version":[{"id":6040,"href":"https:\/\/site.educa.madrid.org\/cpm.adolfosalazar.madrid\/index.php\/wp-json\/wp\/v2\/pages\/174\/revisions\/6040"}],"wp:attachment":[{"href":"https:\/\/site.educa.madrid.org\/cpm.adolfosalazar.madrid\/index.php\/wp-json\/wp\/v2\/media?parent=174"}],"wp:term":[{"taxonomy":"folder","embeddable":true,"href":"https:\/\/site.educa.madrid.org\/cpm.adolfosalazar.madrid\/index.php\/wp-json\/wp\/v2\/folder?post=174"}],"curies":[{"name":"wp","href":"https:\/\/api.w.org\/{rel}","templated":true}]}}