{"id":184,"date":"2022-02-22T19:27:40","date_gmt":"2022-02-22T18:27:40","guid":{"rendered":"https:\/\/site.educa.madrid.org\/cpm.adolfosalazar.madrid\/?page_id=184"},"modified":"2022-03-17T16:03:44","modified_gmt":"2022-03-17T15:03:44","slug":"tablon-orquestas","status":"publish","type":"page","link":"https:\/\/site.educa.madrid.org\/cpm.adolfosalazar.madrid\/index.php\/tablon-orquestas\/","title":{"rendered":"Tabl\u00f3n orquestas"},"content":{"rendered":"\n<hr class=\"wp-block-separator is-style-wide\"\/>\n\n\n\n<div class=\"wp-block-columns is-layout-flex wp-container-core-columns-is-layout-9d6595d7 wp-block-columns-is-layout-flex\">\n<div class=\"wp-block-column is-layout-flow wp-block-column-is-layout-flow\" style=\"flex-basis:66.66%\">\n<p><strong>Seminario Recursos y Metodolog\u00edas para la Ense\u00f1anza Online de las asignaturas Grupales en los Conservatorios<\/strong>:<\/p>\n\n\n\n<ul class=\"wp-block-list\"><li><strong>Partituras Cuarteto con Piano de Mozart:<\/strong><ul><li><a href=\"https:\/\/site.educa.madrid.org\/cpm.adolfosalazar.madrid\/\/wp-content\/uploads\/cpm.adolfosalazar.madrid\/2022\/03\/Piano-1.pdf\">Piano<\/a> \u00a0  <a href=\"https:\/\/site.educa.madrid.org\/cpm.adolfosalazar.madrid\/\/wp-content\/uploads\/cpm.adolfosalazar.madrid\/2022\/03\/Viola-1.pdf\">Viola<\/a> \u00a0 \u00a0<a href=\"https:\/\/site.educa.madrid.org\/cpm.adolfosalazar.madrid\/\/wp-content\/uploads\/cpm.adolfosalazar.madrid\/2022\/03\/Violin-1.pdf\">Viol\u00edn<\/a> \u00a0 \u00a0<a href=\"https:\/\/site.educa.madrid.org\/cpm.adolfosalazar.madrid\/\/wp-content\/uploads\/cpm.adolfosalazar.madrid\/2022\/03\/Violonchelo-1.pdf\">Violonchelo<\/a><\/li><\/ul><\/li><\/ul>\n\n\n\n<ul class=\"wp-block-list\"><li><strong>Partituras Adi\u00f3s Nonino:<\/strong><ul><li><a href=\"https:\/\/site.educa.madrid.org\/cpm.adolfosalazar.madrid\/\/wp-content\/uploads\/cpm.adolfosalazar.madrid\/2022\/03\/Adios-Nonino.pdf\">D\u00fao de violonchelo<\/a><\/li><\/ul><\/li><\/ul>\n\n\n\n<ul class=\"wp-block-list\"><li><strong>Trio Sonata de Fasch:<\/strong><ul><li><a href=\"https:\/\/site.educa.madrid.org\/cpm.adolfosalazar.madrid\/\/wp-content\/uploads\/cpm.adolfosalazar.madrid\/2022\/03\/Sonata-Fagot-Fasch.pdf\">Fagot bajo cont\u00ednuo<\/a><\/li><\/ul><\/li><\/ul>\n\n\n\n<ul class=\"wp-block-list\"><li><strong>Powerpoint final de seminario:<\/strong><ul><li><a href=\"https:\/\/site.educa.madrid.org\/cpm.adolfosalazar.madrid\/\/wp-content\/uploads\/cpm.adolfosalazar.madrid\/2022\/03\/Presentacion-BandLab-y-materiales-finales.pdf\">Presentaci\u00f3n BandLab y materiales finales<\/a><\/li><\/ul><\/li><\/ul>\n\n\n\n<figure class=\"wp-block-audio\"><audio controls src=\"https:\/\/site.educa.madrid.org\/cpm.adolfosalazar.madrid\/\/wp-content\/uploads\/cpm.adolfosalazar.madrid\/2022\/03\/Adios-Nonino-3-mp3.mp3\"><\/audio><figcaption><strong>&lt;&lt;Adios Nonino&gt;&gt; &#8212; \u00c1LVARO HUERTAS, JOS\u00c9 LUIS L\u00d3PEZ<\/strong><\/figcaption><\/figure>\n\n\n\n<figure class=\"wp-block-audio\"><audio controls src=\"https:\/\/site.educa.madrid.org\/cpm.adolfosalazar.madrid\/\/wp-content\/uploads\/cpm.adolfosalazar.madrid\/2022\/03\/Mozart-quartet-2-mp3.mp3\"><\/audio><figcaption><strong>\u00abCuarteto de Mozart\u00bbCARLOS DOM\u00cdNGUEZ, FERM\u00cdN ALDAZ, ROC\u00cdO G\u00d3MEZ, \u00c1LVARO HUERTAS<\/strong><\/figcaption><\/figure>\n\n\n\n<figure class=\"wp-block-audio\"><audio controls src=\"https:\/\/site.educa.madrid.org\/cpm.adolfosalazar.madrid\/\/wp-content\/uploads\/cpm.adolfosalazar.madrid\/2022\/03\/Fasch-1-mp3.mp3\"><\/audio><figcaption><strong>\u00abTrio Sonata Fasch\u00bbNACHO HERRERO, PEPE GALLEGO, \u00c1LVARO HUERTAS<\/strong><\/figcaption><\/figure>\n\n\n\n<figure class=\"wp-block-audio\"><audio controls src=\"https:\/\/site.educa.madrid.org\/cpm.adolfosalazar.madrid\/\/wp-content\/uploads\/cpm.adolfosalazar.madrid\/2022\/03\/Duo-caja-1-mp3.mp3\"><\/audio><figcaption><strong>\u00abD\u00fao caja\u00bbSERGIO ASTASIO<\/strong><\/figcaption><\/figure>\n\n\n\n<figure class=\"wp-block-audio\"><audio controls src=\"https:\/\/site.educa.madrid.org\/cpm.adolfosalazar.madrid\/\/wp-content\/uploads\/cpm.adolfosalazar.madrid\/2022\/03\/Scherzo-Haydn-1-mp3.mp3\"><\/audio><figcaption><strong>\u00abScherzo Haydn\u00bbSERGIO ASTASIO<\/strong><\/figcaption><\/figure>\n\n\n\n<figure class=\"wp-block-audio\"><audio controls src=\"https:\/\/site.educa.madrid.org\/cpm.adolfosalazar.madrid\/\/wp-content\/uploads\/cpm.adolfosalazar.madrid\/2022\/03\/Coro-de-Caza-de-Tanhauser-1-mp3.mp3\"><\/audio><figcaption><strong>\u00abCoro de Caza de Tanhauser\u00bbCARLOS ESPADA<\/strong><\/figcaption><\/figure>\n\n\n\n<p><\/p>\n<\/div>\n\n\n\n<div class=\"wp-block-column is-layout-flow wp-block-column-is-layout-flow\" style=\"flex-basis:33.33%\">\n<p><strong>Accede a<\/strong><\/p>\n\n\n\n<ul class=\"wp-block-list\"><li><strong><a href=\"https:\/\/site.educa.madrid.org\/cpm.adolfosalazar.madrid\/index.php\/tablon-orquestas\/\">Tabl\u00f3n orquestas<\/a><\/strong><\/li><li><strong><a href=\"https:\/\/site.educa.madrid.org\/cpm.adolfosalazar.madrid\/index.php\/calificaciones\/\">Calificaciones<\/a><\/strong><\/li><li><strong><a href=\"https:\/\/site.educa.madrid.org\/cpm.adolfosalazar.madrid\/index.php\/prestamo-de-instrumentos\/\">Pr\u00e9stamo de instrumentos<\/a><\/strong><\/li><li><strong><a href=\"https:\/\/site.educa.madrid.org\/cpm.adolfosalazar.madrid\/index.php\/biblioteca\/\">Biblioteca<\/a><\/strong><\/li><li><strong><a href=\"https:\/\/site.educa.madrid.org\/cpm.adolfosalazar.madrid\/index.php\/erasmus\/\">Erasmus+<\/a><\/strong><\/li><li><strong><a href=\"https:\/\/site.educa.madrid.org\/cpm.adolfosalazar.madrid\/index.php\/antiguos-alumnos\/\">Antiguos Alumnos<\/a><\/strong><\/li><\/ul>\n\n\n\n<div class=\"wp-block-image is-style-rounded\"><figure class=\"aligncenter size-large\"><img loading=\"lazy\" decoding=\"async\" width=\"1024\" height=\"683\" src=\"https:\/\/site.educa.madrid.org\/cpm.adolfosalazar.madrid\/\/wp-content\/uploads\/cpm.adolfosalazar.madrid\/2022\/02\/alumnos2-1024x683.jpg\" alt=\"\" class=\"wp-image-459\" srcset=\"https:\/\/site.educa.madrid.org\/cpm.adolfosalazar.madrid\/\/wp-content\/uploads\/cpm.adolfosalazar.madrid\/2022\/02\/alumnos2-1024x683.jpg 1024w, https:\/\/site.educa.madrid.org\/cpm.adolfosalazar.madrid\/\/wp-content\/uploads\/cpm.adolfosalazar.madrid\/2022\/02\/alumnos2-300x200.jpg 300w, https:\/\/site.educa.madrid.org\/cpm.adolfosalazar.madrid\/\/wp-content\/uploads\/cpm.adolfosalazar.madrid\/2022\/02\/alumnos2-768x512.jpg 768w, https:\/\/site.educa.madrid.org\/cpm.adolfosalazar.madrid\/\/wp-content\/uploads\/cpm.adolfosalazar.madrid\/2022\/02\/alumnos2-391x260.jpg 391w, https:\/\/site.educa.madrid.org\/cpm.adolfosalazar.madrid\/\/wp-content\/uploads\/cpm.adolfosalazar.madrid\/2022\/02\/alumnos2-1536x1024.jpg 1536w, https:\/\/site.educa.madrid.org\/cpm.adolfosalazar.madrid\/\/wp-content\/uploads\/cpm.adolfosalazar.madrid\/2022\/02\/alumnos2-700x467.jpg 700w, https:\/\/site.educa.madrid.org\/cpm.adolfosalazar.madrid\/\/wp-content\/uploads\/cpm.adolfosalazar.madrid\/2022\/02\/alumnos2-520x347.jpg 520w, https:\/\/site.educa.madrid.org\/cpm.adolfosalazar.madrid\/\/wp-content\/uploads\/cpm.adolfosalazar.madrid\/2022\/02\/alumnos2-360x240.jpg 360w, https:\/\/site.educa.madrid.org\/cpm.adolfosalazar.madrid\/\/wp-content\/uploads\/cpm.adolfosalazar.madrid\/2022\/02\/alumnos2-250x167.jpg 250w, https:\/\/site.educa.madrid.org\/cpm.adolfosalazar.madrid\/\/wp-content\/uploads\/cpm.adolfosalazar.madrid\/2022\/02\/alumnos2-100x67.jpg 100w, https:\/\/site.educa.madrid.org\/cpm.adolfosalazar.madrid\/\/wp-content\/uploads\/cpm.adolfosalazar.madrid\/2022\/02\/alumnos2-272x182.jpg 272w, https:\/\/site.educa.madrid.org\/cpm.adolfosalazar.madrid\/\/wp-content\/uploads\/cpm.adolfosalazar.madrid\/2022\/02\/alumnos2.jpg 1600w\" sizes=\"auto, (max-width: 1024px) 100vw, 1024px\" \/><\/figure><\/div>\n<\/div>\n<\/div>\n\n\n\n<p><\/p>\n","protected":false},"excerpt":{"rendered":"<p>Seminario Recursos y Metodolog\u00edas para la Ense\u00f1anza Online de las asignaturas Grupales en los Conservatorios: Partituras Cuarteto con Piano de Mozart: Piano \u00a0 Viola \u00a0 \u00a0Viol\u00edn \u00a0 \u00a0Violonchelo Partituras Adi\u00f3s Nonino: D\u00fao de violonchelo Trio Sonata de Fasch: Fagot bajo cont\u00ednuo Powerpoint final de seminario: Presentaci\u00f3n BandLab y materiales finales Accede a Tabl\u00f3n orquestas Calificaciones<\/p><\/div>\n<div class=\"blog-btn\"><a href=\"https:\/\/site.educa.madrid.org\/cpm.adolfosalazar.madrid\/index.php\/tablon-orquestas\/\" class=\"home-blog-btn\">Leer m\u00e1s<\/a><\/p>\n","protected":false},"author":3,"featured_media":0,"parent":0,"menu_order":0,"comment_status":"closed","ping_status":"closed","template":"page-templates\/page_fullwidth.php","meta":{"footnotes":""},"folder":[],"class_list":["post-184","page","type-page","status-publish","hentry"],"rttpg_featured_image_url":null,"rttpg_author":{"display_name":"cpm.adolfosalazar.madrid","author_link":"https:\/\/site.educa.madrid.org\/cpm.adolfosalazar.madrid\/index.php\/author\/cuenta_cpm-adolfosalazar-madrid\/"},"rttpg_comment":0,"rttpg_category":false,"rttpg_excerpt":"Seminario Recursos y Metodolog\u00edas para la Ense\u00f1anza Online de las asignaturas Grupales en los Conservatorios: Partituras Cuarteto con Piano de Mozart: Piano \u00a0 Viola \u00a0 \u00a0Viol\u00edn \u00a0 \u00a0Violonchelo Partituras Adi\u00f3s Nonino: D\u00fao de violonchelo Trio Sonata de Fasch: Fagot bajo cont\u00ednuo Powerpoint final de seminario: Presentaci\u00f3n BandLab y materiales finales Accede a Tabl\u00f3n orquestas CalificacionesLeer&hellip;","post_mailing_queue_ids":[],"_links":{"self":[{"href":"https:\/\/site.educa.madrid.org\/cpm.adolfosalazar.madrid\/index.php\/wp-json\/wp\/v2\/pages\/184","targetHints":{"allow":["GET"]}}],"collection":[{"href":"https:\/\/site.educa.madrid.org\/cpm.adolfosalazar.madrid\/index.php\/wp-json\/wp\/v2\/pages"}],"about":[{"href":"https:\/\/site.educa.madrid.org\/cpm.adolfosalazar.madrid\/index.php\/wp-json\/wp\/v2\/types\/page"}],"author":[{"embeddable":true,"href":"https:\/\/site.educa.madrid.org\/cpm.adolfosalazar.madrid\/index.php\/wp-json\/wp\/v2\/users\/3"}],"replies":[{"embeddable":true,"href":"https:\/\/site.educa.madrid.org\/cpm.adolfosalazar.madrid\/index.php\/wp-json\/wp\/v2\/comments?post=184"}],"version-history":[{"count":6,"href":"https:\/\/site.educa.madrid.org\/cpm.adolfosalazar.madrid\/index.php\/wp-json\/wp\/v2\/pages\/184\/revisions"}],"predecessor-version":[{"id":1076,"href":"https:\/\/site.educa.madrid.org\/cpm.adolfosalazar.madrid\/index.php\/wp-json\/wp\/v2\/pages\/184\/revisions\/1076"}],"wp:attachment":[{"href":"https:\/\/site.educa.madrid.org\/cpm.adolfosalazar.madrid\/index.php\/wp-json\/wp\/v2\/media?parent=184"}],"wp:term":[{"taxonomy":"folder","embeddable":true,"href":"https:\/\/site.educa.madrid.org\/cpm.adolfosalazar.madrid\/index.php\/wp-json\/wp\/v2\/folder?post=184"}],"curies":[{"name":"wp","href":"https:\/\/api.w.org\/{rel}","templated":true}]}}