{"id":196,"date":"2022-02-22T19:30:01","date_gmt":"2022-02-22T18:30:01","guid":{"rendered":"https:\/\/site.educa.madrid.org\/cpm.adolfosalazar.madrid\/?page_id=196"},"modified":"2024-10-17T14:05:21","modified_gmt":"2024-10-17T12:05:21","slug":"antiguos-alumnos","status":"publish","type":"page","link":"https:\/\/site.educa.madrid.org\/cpm.adolfosalazar.madrid\/index.php\/antiguos-alumnos\/","title":{"rendered":"Antiguos Alumnos"},"content":{"rendered":"\n<hr class=\"wp-block-separator has-css-opacity is-style-wide\"\/>\n\n\n\n<div class=\"wp-block-columns is-layout-flex wp-container-core-columns-is-layout-9d6595d7 wp-block-columns-is-layout-flex\">\n<div class=\"wp-block-column is-layout-flow wp-block-column-is-layout-flow\"><\/div>\n\n\n\n<div class=\"wp-block-column is-layout-flow wp-block-column-is-layout-flow\" style=\"flex-basis:66.66%\">\n<h2 class=\"wp-block-heading has-text-align-center\"><strong>Antiguos Alumnos<\/strong><\/h2>\n\n\n\n<div class=\"wp-block-columns is-layout-flex wp-container-core-columns-is-layout-9d6595d7 wp-block-columns-is-layout-flex\">\n<div class=\"wp-block-column is-layout-flow wp-block-column-is-layout-flow\">\n<ul class=\"wp-block-list\">\n<li><strong>Marina Alba L\u00f3pez, viol\u00edn\u00a0<\/strong>Jakobs School of Music, Indiana University Bloomington.<\/li>\n\n\n\n<li><strong>Ana Alonso, viola<br><\/strong>Escuela de M\u00fasica Reina Sof\u00eda. Actualmente profesora del Conservatorio Profesional de M\u00fasica de Amaniel y miembro del Plural Ensemble.<\/li>\n\n\n\n<li><strong>Miguel Angel Alonso, viol\u00edn<br><\/strong>Actualmente miembro de la Orquesta Nacional de Espa\u00f1a.<\/li>\n\n\n\n<li><strong>Roberto Alonso, viola<\/strong>Actualmente miembro de la Orquesta de la Comunidad de Madrid.<\/li>\n\n\n\n<li><strong>Fernando Arias, violonchelo<\/strong>Escuela Superior de M\u00fasica Reina Sof\u00eda. Premiado en el Concurso Nacional de Juventudes Musicales. Actualmente profesor del Real Conservatorio Superior de M\u00fasica de Madrid y de la Escuela Superior de M\u00fasica Reina Sof\u00eda.<\/li>\n\n\n\n<li><strong>Joaqu\u00edn Arias, viol\u00edn<\/strong>Musikene. Escuela de M\u00fasica Reina Sof\u00eda. Premiado en el Concurso Internacional de Llanes.<\/li>\n\n\n\n<li><strong>Paula Arroyo Escrig, viol\u00edn<\/strong>Real Conservatorio Superior de M\u00fasica de Madrid. Codarts de Rotterdam.<\/li>\n\n\n\n<li><strong>Mar Bonet Silvestre, violonchelo<\/strong>Escuela de M\u00fasica Reina Sof\u00eda. Premiada en el Concurso de Alca\u00f1iz y en el Concurso Internacional Dotzauer de Dresde.\u00a0 JONDE<\/li>\n\n\n\n<li><strong>Cibeles Bull\u00f3n, viol\u00edn barroco<\/strong>Conservatoire Erik Satie de Paris.<\/li>\n\n\n\n<li><strong>Alejandro Bustamante, viol\u00edn<\/strong>Conservatorio Superior de M\u00fasica de Arag\u00f3n. UDK de Berl\u00edn. Premiado en el Concurso de Juventudes Musicales y Premio Revelaci\u00f3n Art\u00edstica en los XXIV Premios Nacionales de Cultura Viva. Actualmente concertista y profesor del Conservatorio Superior de Castilla y Le\u00f3n.\u00a0www.alejandrobustamante.com<\/li>\n\n\n\n<li><strong>David Cano Cort\u00e9s, viol\u00edn<\/strong>Conservatorio Superior de M\u00fasica de Arag\u00f3n.<\/li>\n\n\n\n<li><strong>Cristina Castillo Calatayud, viol\u00edn<\/strong>Conservatorio Superior de M\u00fasica de Castilla y Le\u00f3n, University of Southern of California de Los \u00c1ngeles. Universidad de Tel-Aviv, Buchmann-Mehta School of Music.<\/li>\n\n\n\n<li><strong>Luc\u00eda Cartujo Rodr\u00edguez, viol\u00edn<\/strong>Actualmente profesora del Conservatorio Profesional de M\u00fasica de C\u00f3rdoba.<\/li>\n\n\n\n<li><strong>Eva Chicote, viol\u00edn<\/strong>Actualmente profesora de la Escuela Municipal Maestro Gombau.<\/li>\n\n\n\n<li><strong>Carlota Combis Clara, viol\u00edn<\/strong><br>Jakobs School of Music, Indiana University Bloomington.<\/li>\n\n\n\n<li><strong>Laura Cuesta Herrero, viol\u00edn<br><\/strong>Centro Superior Katarina Gurska.<\/li>\n\n\n\n<li><strong>Mar\u00eda del Campo Castro, violonchelo<br><\/strong>Royal College of Music London, Royal Nothern College of Music Manchester. EUYO. Actualmente profesora del Conservatorio Profesional de M\u00fasica de Ja\u00e9n.<\/li>\n\n\n\n<li><strong>Guillermina Chivite Meg\u00edas, viol\u00edn<br><\/strong>Royal College of Music London<\/li>\n\n\n\n<li><strong>Miguel Colom, viol\u00edn<br><\/strong>Escuela de M\u00fasica Reina Sof\u00eda. Hochschule f\u00fcr Musik Hans Essler y UdK, Berl\u00edn. Premiado en los concursos internacionales de Llanes, Juventudes Musicales de Espa\u00f1a, Ibolyka-Gyarfas, Max Rostal y Postacchini. Actualmente concertino de la Orquesta Nacional de Espa\u00f1a y miembro del Trio VibrArt. www.miguelcolom.com<\/li>\n\n\n\n<li><strong>Mariela Comesa\u00f1a, viol\u00edn<\/strong>\u00a0Actualmente profesora en el Conservatorio Profesional de Granada.<\/li>\n\n\n\n<li><strong>Carolina Mar\u00eda Cygan Witoslawska, viol\u00edn<\/strong>\u00a0UdK, Berl\u00edn. Actualmente miembro de la Orquesta Sinf\u00f3nica de Galicia.<\/li>\n\n\n\n<li><strong>Olenka Cygan Witoslawska, viol\u00edn<\/strong>\u00a0Musikene. Hochschule f\u00fcr Musik, Frankfurt. EUYO.<\/li>\n\n\n\n<li><strong>Nuria D\u00edaz Fuentes, viol\u00edn<\/strong>\u00a0Academia de M\u00fasica y Teatro de Estonia.<\/li>\n\n\n\n<li><strong>Manuel Escudero, guitarra<br><\/strong>Actualmente profesor del Conservatorio Victoria de los \u00c1ngeles.<\/li>\n\n\n\n<li><strong>Mar\u00eda Espino Cod\u00e9s, viol\u00edn<br><\/strong>Royal Academy of Music London. Premiada en el Concurso Nacional Forum Musikae.<\/li>\n\n\n\n<li><strong>Kiril Fasla Prolat, violonchelo<br><\/strong>Hochschule f\u00fcr Musik, Basel. Udk, Berl\u00edn. Premiado en los concursos de Alca\u00f1iz y Ciudad de Vigo. EUYO.<\/li>\n\n\n\n<li><strong>Sof\u00eda Fasla Prolat, viol\u00edn<br><\/strong>Hochschule f\u00fcr Musik Freiburg. Premiada en el Enkor International Music Competition. JDPh. EUYO.<\/li>\n\n\n\n<li><strong>Roc\u00edo Fuentes Magad\u00e1n, violonchelo<br><\/strong>Esmuc. Universit\u00e4t f\u00fcr Musik und darstellende Kunst de Graz.<\/li>\n\n\n\n<li><strong>Rebeca Garc\u00eda, viol\u00edn<\/strong>\u00a0Actualmente profesora en la Escuela Municipal de Pozuelo de Alarc\u00f3n.<\/li>\n\n\n\n<li><strong>Paula Garc\u00eda Morales, viola<br><\/strong>Escuela de M\u00fasica Reina Sof\u00eda. Actualmente miembro del Ensemble Praeteritum y de la Orquesta Nacional de Espa\u00f1a.<\/li>\n\n\n\n<li><strong>Paloma Garc\u00eda del Busto, violonchelo<br><\/strong>Real Conservatorio Superior de M\u00fasica de Madrid.<\/li>\n<\/ul>\n<\/div>\n\n\n\n<div class=\"wp-block-column is-layout-flow wp-block-column-is-layout-flow\">\n<ul class=\"wp-block-list\">\n<li><strong>Mar\u00eda Gilicel, viol\u00edn<br><\/strong>Royal College of Music London. Premio Extraordinario Comunidad de Madrid. Henry Wood Award<\/li>\n\n\n\n<li><strong>Marta G\u00f3mez Gualix, viol\u00edn<br><\/strong>Universit\u00e4t f\u00fcr Musik und darstellende Kunst de Graz. GMJO<\/li>\n\n\n\n<li><strong>Guillermo G\u00f3mez Ocampos, viol\u00edn<br><\/strong>Royal College of Music, London<\/li>\n\n\n\n<li><strong>Sara G\u00f3mez Yunta, viola barroca<br><\/strong>Academia de M\u00fasica de Basilea<\/li>\n\n\n\n<li><strong>Paula Gordo Serrano, viol\u00edn<br><\/strong>Conservatorio Superior de M\u00fasica de Arag\u00f3n. Actualmente profesora de la Escuela de M\u00fasica Prolat.<\/li>\n\n\n\n<li><strong>Daniela Guill\u00e9n Garc\u00eda, viol\u00edn<br><\/strong>Royal College of Music, London.<\/li>\n\n\n\n<li><strong>Jorge Guill\u00e9n del Castillo, viol\u00edn<br><\/strong>Escuela Superior de M\u00fasica Reina Sof\u00eda. Premiado en los concursos de C\u00f3rdoba, M\u00e1laga y Concurso Internacional de C\u00e1mara de Manresa. Grupo Strad.<\/li>\n\n\n\n<li><strong>Marta Hernando, viol\u00edn<br><\/strong>Escuela Superior de M\u00fasica Reina Sof\u00eda. Premiada en el Concurso Internacional de Novosibirsk. Actualmente miembro de la Orquesta Sinf\u00f3nica de RTVE.<\/li>\n\n\n\n<li><strong>\u00c1lvaro Huertas Lozano, violonchelo<\/strong><\/li>\n\n\n\n<li>Real Conservatorio Superior de M\u00fasica de Madrid. Hochschule f\u00fcr Musik Mannheim. Hochschule f\u00fcr Musik Stuttgart. Escuela Superior de M\u00fasica Reina Sof\u00eda. Vicedirector del Conservatorio Profesional Adolfo Salazar y miembro del Cuarteto Leonor.<\/li>\n\n\n\n<li><strong>Daniel Hurtado, viol\u00edn<br><\/strong>Conservatorio Superior de M\u00fasica de Arag\u00f3n.<\/li>\n\n\n\n<li><strong>Trinidad Jim\u00e9nez, flauta y composici\u00f3n<\/strong>Doctora\u00a0<em>Summa Cum Laude<\/em>\u00a0por la Universidad de Sevilla.<\/li>\n\n\n\n<li><strong>Mar\u00eda Jos\u00e9 Jim\u00e9nez Vall\u00e9s, viol\u00edn<br><\/strong>Koninklijk Conservatorium Den Haag<\/li>\n\n\n\n<li><strong>Sof\u00eda Jim\u00e9nez Vall\u00e9s, viola<\/strong>Royal Academy of Music, London<\/li>\n\n\n\n<li><strong>Gala Kossakowski Baladr\u00f3n, flauta travesera<br><\/strong>Escuela de M\u00fasica Reina Sof\u00eda. Premiada en los concursos \u201cAndaluc\u00eda Flauta\u201d y \u201cCesar Uceda\u201d. EUYO<\/li>\n\n\n\n<li><strong>Leonor de Lera, viol\u00edn barroco<\/strong>\u00a0Royal Academy of Music London. Directora de \u201cL\u2019Estro d\u2019Orfeo\u201d.<\/li>\n\n\n\n<li><strong>Beatriz Linares M\u00e1rquez, violonchelo<br><\/strong>Real Conservatorio Superior de M\u00fasica de Madrid. HfM Hans Essler de Berl\u00edn. GMJO. Premiada en el Concurso de Lisboa. Actualmente miembro de la Orquesta Sinf\u00f3nica de Euskadi.<\/li>\n\n\n\n<li><strong>Jorge Llamas, viol\u00edn<br><\/strong>Escuela de M\u00fasica Reina Sof\u00eda, Musikene y Hochschule f\u00fcr Musik Freiburg<\/li>\n\n\n\n<li><strong>Javier L\u00f3pez Torrej\u00f3n, viol\u00edn<br><\/strong>Real Conservatorio Superior de M\u00fasica de Madrid. ArtEz Conservatorium Zwolle. Premiado en el Concurso Internacional Villa de Llanes. Premio Extraordinario de la Comunidad de Madrid.<\/li>\n\n\n\n<li><strong>Claudia Loyer Vaquerizas, violonchelo<br><\/strong>Real Conservatorio Superior de M\u00fasica de Madrid.<\/li>\n\n\n\n<li><strong>Luis Malca, guitarra.\u00a0<\/strong>Actualmente\u00a0 concertista y profesor en la escuela municipal Enrique Granados de Majadahonda.<\/li>\n\n\n\n<li><strong>Carolina Mart\u00ednez B\u00e1ez, viol\u00edn<br><\/strong>Conservatorio Superior de M\u00fasica Oscar Espl\u00e1.<\/li>\n\n\n\n<li><strong>Javier Mart\u00ednez Roll\u00e1n, viol\u00edn<br><\/strong>Royal Music Academy London. EUYO. Actualmente miembro de la Orquesta Sinf\u00f3nica de M\u00e1laga.<\/li>\n\n\n\n<li><strong>Ernesto Mayhuire, guitarra<br><\/strong>Actualmente concertista y profesor en la Escuela de M\u00fasica y el Conservatorio de Berna y Biel\/Bienne.<\/li>\n\n\n\n<li><strong>Marta Mayoral, viol\u00edn y viola barroca<br><\/strong>Escuela de M\u00fasica Reina Sof\u00eda. Actualmente profesora del Conservatorio Padre Soler de San Lorenzo de El Escorial y miembro de La Spagna y La Madrile\u00f1a.<\/li>\n\n\n\n<li><strong>Jos\u00e9 Francisco Mont\u00f3n, viol\u00edn<br><\/strong>Royal College of Music London y Hochschule f\u00fcr Musik Hannover. Premiado en el Concurso Internacional de Viol\u00edn de Llanes. Actualmente miembro de la Bavarian State Orchestra, Bayerische Staatsoper.<\/li>\n\n\n\n<li><strong>Ramiro Morales, guitarra<br><\/strong>Actualmente concertista de cuerda pulsada y profesor del Centro Integrado de San Lorenzo del Escorial.busto<\/li>\n\n\n\n<li><strong>Leticia Moreno, viol\u00edn<br><\/strong>Solista internacional. www.leticiamoreno.com<\/li>\n\n\n\n<li><strong>Yasmina Muro Suescun, violonchelo<br><\/strong>Real Conservatorio Superior de M\u00fasica de Madrid. Actualmente directora de la Escuela de M\u00fasica Yasmina Muro.<\/li>\n\n\n\n<li><strong>Luis Navidad Serrano, contrabajo<br><\/strong>Conservatorio Superior de M\u00fasica de Castilla y Le\u00f3n. Escuela Superior de M\u00fasica Reina Sof\u00eda. Actualmente ayuda de solista de la Orquesta Nacional de Espa\u00f1a.<\/li>\n\n\n\n<li><strong>Raquel Pascual Pe\u00f1a, viol\u00edn<br><\/strong>Guildhall School of Music London. EUYO. Actualmente miembro de la Orquesta Sinf\u00f3nica de M\u00e1laga.<\/li>\n\n\n\n<li><strong>Gema P\u00e9rez, violonchelo<br><\/strong>Real Conservatorio Superior de M\u00fasica de Madrid. EUYO. GMJO.<\/li>\n\n\n\n<li><strong>Marta Pe\u00f1o, viol\u00edn<br><\/strong>Musikene. GMJO. Premio Extraordinario de la Comunidad de Madrid.<\/li>\n\n\n\n<li><strong>Adri\u00e1n Pineda Tejero, viol\u00edn barroco<br><\/strong>Real Conservatorio Superior de M\u00fasica de Madrid. Actualmente miembro de La Spagna y La Madrile\u00f1a.<\/li>\n\n\n\n<li><strong>Ruth Pivel Chuli\u00e1, piano<br><\/strong>Escuela Superior Katarina Gurska<\/li>\n\n\n\n<li><strong>Eva S\u00e1nchez Platero, violonchelo<br><\/strong>Actualmente profesora del Conservatorio Profesional de M\u00fasica de Salamanca.<\/li>\n<\/ul>\n<\/div>\n\n\n\n<div class=\"wp-block-column is-layout-flow wp-block-column-is-layout-flow\">\n<ul class=\"wp-block-list\">\n<li><strong>Ra\u00fal Pinillos Quiroga, violonchelo<br><\/strong>Eastman School Music Rochester University. EUYO. Actualmente profesor de Amaniel.<\/li>\n\n\n\n<li><strong>Daniel Quir\u00f3s Rosado, piano <\/strong>Conservatorio Superior de Salamanca. Actualmente presentador en Radio  Cl\u00e1sica de RNE.<\/li>\n\n\n\n<li><strong>Julia Polo Rodr\u00edguez, violonchelo<br><\/strong>Hochschule f\u00fcr Musik Freiburg<\/li>\n\n\n\n<li><strong>Erica Ramallo Lucini, viol\u00edn<br><\/strong>Escuela de M\u00fasica Reina Sof\u00eda. Premiada en el concurso Ciudad de X\u00e1tiva y en los Concursos Internacionales de Llanes y Lisboa. Actualmente miembro del Plural Ensemble y profesora del Conservatorio Teresa Berganza.<\/li>\n\n\n\n<li><strong>Alejandro Regueira Caumel, viola<br><\/strong>Hochschule f\u00fcr Music Hans Essler de Berl\u00edn. GMJO. Premiado en los concursos de Llanes, Juventudes Musicales, Ib\u00e9rico de M\u00fasica de C\u00e1mara y Mar\u00eda Cristina de M\u00e1laga. Actualmente solista de la secci\u00f3n de violas de la Rundfunk Sinfonieorchester de Berl\u00edn.<\/li>\n\n\n\n<li><strong>Paul Rodr\u00edguez Flys, viol\u00edn<\/strong>\u00a0Hochschule f\u00fcr Musik und Tanz, K\u00f6ln.<\/li>\n\n\n\n<li><strong>Rosa Rodr\u00edguez Recas, viol\u00edn<\/strong>\u00a0Conservatorio Superior de M\u00fasica de Alicante<\/li>\n\n\n\n<li><strong>Ana S\u00e1nchez, viol\u00edn<br><\/strong>GMJO. Actualmente solista de la secci\u00f3n de segundos violines de la Orchestre de Chambre de Toulouse.<\/li>\n\n\n\n<li><strong>Hector S\u00e1nchez Morcillo, viol\u00edn<br><\/strong>Conservatorio Superior de M\u00fasica de Arag\u00f3n. Artez Hogeschool voor de kunsten de Zwolle.<\/li>\n\n\n\n<li><strong>Sergio S\u00e1nchez Morcillo, viol\u00edn<br><\/strong>Real Conservatorio Superior de M\u00fasica de Madrid<\/li>\n\n\n\n<li><strong>Guillermo Santonja di Fonzo, viol\u00edn<br><\/strong>Hochschule f\u00fcr Music Hamburg<\/li>\n\n\n\n<li><strong>Jerem\u00edas Sanz Ablanedo, violonchelo<br><\/strong>Conservatorio Superior de M\u00fasica de Castilla y Le\u00f3n. Royal Nothern College of Music Manchester. Premiado en los concursos John Barbirolli, Laurance Turner Memorial Prize, Nossek Prize y Ant\u00f3n Garcia Abril. Actualmente profesor del Conservatorio Superior de M\u00fasica de Jaen.<\/li>\n\n\n\n<li><strong>Mar\u00eda Sanz Ablanedo, viol\u00edn<br><\/strong>Conservatorio Superior de M\u00fasica de Castilla y Le\u00f3n. Academia Rubin de Jerusal\u00e9n. Actualmente profesora en el Conservatorio de Sabadell.<\/li>\n\n\n\n<li><strong>Cristina Sanz, piano<br><\/strong>Escuela Superior de M\u00fasica Reina Sof\u00eda. Premiada en los concursos de Pescara, Cesar Franck de Bruselas, Mar\u00eda Herrero de Granada y Aquisgr\u00e1n.<\/li>\n\n\n\n<li><strong>Ignacio Serrano, viola<\/strong>\u00a0Actualmente profesor en el Centro Integrado Padre Soler y miembro de la Orquesta de C\u00e1mara Reina Sof\u00eda.<\/li>\n\n\n\n<li><strong>Luis Mar\u00eda Suarez, viol\u00edn<br><\/strong>Escuela Superior de M\u00fasica Reina Sof\u00eda. Premiado en los concursos de Torres y Cuenca. JONDE. Miembro de la Orquesta Nacional de Espa\u00f1a.<\/li>\n\n\n\n<li><strong>Roberto Terr\u00f3n, contrabajo<br><\/strong>Escuela Superior de M\u00fasica Reina Sof\u00eda. Actualmente profesor del Conservatorio Profesional de M\u00fasica de Majadahonda y de la Orquesta Sinf\u00f3nica de RTVE.<\/li>\n\n\n\n<li><strong>Ana Mar\u00eda Valderrama Guerra, viol\u00edn<br><\/strong>Escuela de M\u00fasica Reina Sof\u00eda, Escuela Superior de M\u00fasica de Catalu\u00f1a, Hochschule f\u00fcr Music Hanns Eisler. Premiada en el Cert\u00e1men Mel\u00f3mno y en los concursos internacionales de Lisboa, Novosibirsk y Sarasate de Pamplona. Actualmente concertista y profesora del Real Conservatorio Superior de M\u00fasica de Madrid. www.anamariavalderrama.com<\/li>\n\n\n\n<li><strong>Sara Valencia, viol\u00edn<br><\/strong>Escuela de M\u00fasica Reina Sof\u00eda. Premiada en los concursos internacionales de X\u00e1tiva, Marie Cantagrill y Ciudad de Llanes.<\/li>\n\n\n\n<li><strong>Octavio Vazquez Rodriguez, compositor<br><\/strong>Real Conservatorio Superior de M\u00fasica de Madrid, Peabody Institute de Baltimore, University of Maryland. Actualmente profesor del Nazareth College de Nueva York y estrenos de su obra en todo el mundo. www.octaviov.com<\/li>\n\n\n\n<li><strong>Priscilla Vela, contrabajo<br><\/strong>Escuela Superior de M\u00fasica Reina Sof\u00eda. GMJO. Orquesta del Palau de les Arts.<\/li>\n\n\n\n<li><strong>Alberto Vidal Borrella, viol\u00edn<br><\/strong>Royal College of Music London. Actualmente miembro de Royal Philarmonie y English National Ballet.<\/li>\n\n\n\n<li><strong>Patricia Villar V\u00e1zquez, flauta travesera<br><\/strong>Real Conservatorio Superior de M\u00fasica de Madrid. Actualmente profesora de la Escuela de M\u00fasica Prolat y del Curso de Flauta de Chera.<\/li>\n\n\n\n<li><strong>Daniel Yag\u00fce, guitarra<br><\/strong>Actualmente profesor acompa\u00f1ante en el Conservatorio Profesional de Danza Fortea.<\/li>\n<\/ul>\n<\/div>\n<\/div>\n<\/div>\n\n\n\n<div class=\"wp-block-column is-layout-flow wp-block-column-is-layout-flow\" style=\"flex-basis:33.33%\">\n<p><strong>Accede a<\/strong><\/p>\n\n\n\n<ul class=\"wp-block-list\">\n<li><strong><a href=\"https:\/\/site.educa.madrid.org\/cpm.adolfosalazar.madrid\/index.php\/tablon-orquestas\/\">Tabl\u00f3n orquestas<\/a><\/strong><\/li>\n\n\n\n<li><strong><a href=\"https:\/\/site.educa.madrid.org\/cpm.adolfosalazar.madrid\/index.php\/calificaciones\/\">Calificaciones<\/a><\/strong><\/li>\n\n\n\n<li><strong><a href=\"https:\/\/site.educa.madrid.org\/cpm.adolfosalazar.madrid\/index.php\/prestamo-de-instrumentos\/\">Pr\u00e9stamo de instrumentos<\/a><\/strong><\/li>\n\n\n\n<li><strong><a href=\"https:\/\/site.educa.madrid.org\/cpm.adolfosalazar.madrid\/index.php\/biblioteca\/\">Biblioteca<\/a><\/strong><\/li>\n\n\n\n<li><strong><a href=\"https:\/\/site.educa.madrid.org\/cpm.adolfosalazar.madrid\/index.php\/erasmus\/\">Erasmus+<\/a><\/strong><\/li>\n\n\n\n<li><strong><a href=\"https:\/\/site.educa.madrid.org\/cpm.adolfosalazar.madrid\/index.php\/antiguos-alumnos\/\">Antiguos Alumnos<\/a><\/strong><\/li>\n<\/ul>\n\n\n<div class=\"wp-block-image is-style-rounded\">\n<figure class=\"aligncenter size-large\"><img loading=\"lazy\" decoding=\"async\" width=\"1024\" height=\"683\" src=\"https:\/\/site.educa.madrid.org\/cpm.adolfosalazar.madrid\/\/wp-content\/uploads\/cpm.adolfosalazar.madrid\/2022\/02\/alumnos2-1024x683.jpg\" alt=\"\" class=\"wp-image-459\" srcset=\"https:\/\/site.educa.madrid.org\/cpm.adolfosalazar.madrid\/\/wp-content\/uploads\/cpm.adolfosalazar.madrid\/2022\/02\/alumnos2-1024x683.jpg 1024w, https:\/\/site.educa.madrid.org\/cpm.adolfosalazar.madrid\/\/wp-content\/uploads\/cpm.adolfosalazar.madrid\/2022\/02\/alumnos2-300x200.jpg 300w, https:\/\/site.educa.madrid.org\/cpm.adolfosalazar.madrid\/\/wp-content\/uploads\/cpm.adolfosalazar.madrid\/2022\/02\/alumnos2-768x512.jpg 768w, https:\/\/site.educa.madrid.org\/cpm.adolfosalazar.madrid\/\/wp-content\/uploads\/cpm.adolfosalazar.madrid\/2022\/02\/alumnos2-391x260.jpg 391w, https:\/\/site.educa.madrid.org\/cpm.adolfosalazar.madrid\/\/wp-content\/uploads\/cpm.adolfosalazar.madrid\/2022\/02\/alumnos2-1536x1024.jpg 1536w, https:\/\/site.educa.madrid.org\/cpm.adolfosalazar.madrid\/\/wp-content\/uploads\/cpm.adolfosalazar.madrid\/2022\/02\/alumnos2-700x467.jpg 700w, https:\/\/site.educa.madrid.org\/cpm.adolfosalazar.madrid\/\/wp-content\/uploads\/cpm.adolfosalazar.madrid\/2022\/02\/alumnos2-520x347.jpg 520w, https:\/\/site.educa.madrid.org\/cpm.adolfosalazar.madrid\/\/wp-content\/uploads\/cpm.adolfosalazar.madrid\/2022\/02\/alumnos2-360x240.jpg 360w, https:\/\/site.educa.madrid.org\/cpm.adolfosalazar.madrid\/\/wp-content\/uploads\/cpm.adolfosalazar.madrid\/2022\/02\/alumnos2-250x167.jpg 250w, https:\/\/site.educa.madrid.org\/cpm.adolfosalazar.madrid\/\/wp-content\/uploads\/cpm.adolfosalazar.madrid\/2022\/02\/alumnos2-100x67.jpg 100w, https:\/\/site.educa.madrid.org\/cpm.adolfosalazar.madrid\/\/wp-content\/uploads\/cpm.adolfosalazar.madrid\/2022\/02\/alumnos2-272x182.jpg 272w, https:\/\/site.educa.madrid.org\/cpm.adolfosalazar.madrid\/\/wp-content\/uploads\/cpm.adolfosalazar.madrid\/2022\/02\/alumnos2.jpg 1600w\" sizes=\"auto, (max-width: 1024px) 100vw, 1024px\" \/><\/figure>\n<\/div><\/div>\n<\/div>\n\n\n\n<p class=\"has-vivid-red-color has-text-color\"><a href=\"mailto:vicedireccion.ferraz@gmail.com\">Sugerencias y actualizaciones<\/a><\/p>\n","protected":false},"excerpt":{"rendered":"<p>Antiguos Alumnos Accede a Sugerencias y actualizaciones<\/p>\n","protected":false},"author":3,"featured_media":0,"parent":0,"menu_order":0,"comment_status":"closed","ping_status":"closed","template":"page-templates\/page_builder.php","meta":{"footnotes":""},"folder":[],"class_list":["post-196","page","type-page","status-publish","hentry"],"rttpg_featured_image_url":null,"rttpg_author":{"display_name":"cpm.adolfosalazar.madrid","author_link":"https:\/\/site.educa.madrid.org\/cpm.adolfosalazar.madrid\/index.php\/author\/cuenta_cpm-adolfosalazar-madrid\/"},"rttpg_comment":0,"rttpg_category":false,"rttpg_excerpt":"Antiguos Alumnos Accede a Sugerencias y actualizaciones","post_mailing_queue_ids":[],"_links":{"self":[{"href":"https:\/\/site.educa.madrid.org\/cpm.adolfosalazar.madrid\/index.php\/wp-json\/wp\/v2\/pages\/196","targetHints":{"allow":["GET"]}}],"collection":[{"href":"https:\/\/site.educa.madrid.org\/cpm.adolfosalazar.madrid\/index.php\/wp-json\/wp\/v2\/pages"}],"about":[{"href":"https:\/\/site.educa.madrid.org\/cpm.adolfosalazar.madrid\/index.php\/wp-json\/wp\/v2\/types\/page"}],"author":[{"embeddable":true,"href":"https:\/\/site.educa.madrid.org\/cpm.adolfosalazar.madrid\/index.php\/wp-json\/wp\/v2\/users\/3"}],"replies":[{"embeddable":true,"href":"https:\/\/site.educa.madrid.org\/cpm.adolfosalazar.madrid\/index.php\/wp-json\/wp\/v2\/comments?post=196"}],"version-history":[{"count":8,"href":"https:\/\/site.educa.madrid.org\/cpm.adolfosalazar.madrid\/index.php\/wp-json\/wp\/v2\/pages\/196\/revisions"}],"predecessor-version":[{"id":5089,"href":"https:\/\/site.educa.madrid.org\/cpm.adolfosalazar.madrid\/index.php\/wp-json\/wp\/v2\/pages\/196\/revisions\/5089"}],"wp:attachment":[{"href":"https:\/\/site.educa.madrid.org\/cpm.adolfosalazar.madrid\/index.php\/wp-json\/wp\/v2\/media?parent=196"}],"wp:term":[{"taxonomy":"folder","embeddable":true,"href":"https:\/\/site.educa.madrid.org\/cpm.adolfosalazar.madrid\/index.php\/wp-json\/wp\/v2\/folder?post=196"}],"curies":[{"name":"wp","href":"https:\/\/api.w.org\/{rel}","templated":true}]}}