{"id":3938,"date":"2023-10-10T07:24:25","date_gmt":"2023-10-10T05:24:25","guid":{"rendered":"https:\/\/site.educa.madrid.org\/cpm.adolfosalazar.madrid\/?page_id=3938"},"modified":"2023-10-10T07:24:25","modified_gmt":"2023-10-10T05:24:25","slug":"marina-quilez-goser","status":"publish","type":"page","link":"https:\/\/site.educa.madrid.org\/cpm.adolfosalazar.madrid\/index.php\/marina-quilez-goser\/","title":{"rendered":"Marina Qu\u00edlez Goser"},"content":{"rendered":"\n<div class=\"wp-block-columns is-layout-flex wp-container-core-columns-is-layout-9d6595d7 wp-block-columns-is-layout-flex\">\n<div class=\"wp-block-column is-layout-flow wp-block-column-is-layout-flow\" style=\"flex-basis:33.33%\">\n<figure class=\"wp-block-image size-large is-style-rounded\"><img loading=\"lazy\" decoding=\"async\" width=\"678\" height=\"1024\" src=\"https:\/\/site.educa.madrid.org\/cpm.adolfosalazar.madrid\/\/wp-content\/uploads\/cpm.adolfosalazar.madrid\/2023\/10\/quilesMarina-678x1024.jpg\" alt=\"\" class=\"wp-image-3937\" srcset=\"https:\/\/site.educa.madrid.org\/cpm.adolfosalazar.madrid\/\/wp-content\/uploads\/cpm.adolfosalazar.madrid\/2023\/10\/quilesMarina-678x1024.jpg 678w, https:\/\/site.educa.madrid.org\/cpm.adolfosalazar.madrid\/\/wp-content\/uploads\/cpm.adolfosalazar.madrid\/2023\/10\/quilesMarina-199x300.jpg 199w, https:\/\/site.educa.madrid.org\/cpm.adolfosalazar.madrid\/\/wp-content\/uploads\/cpm.adolfosalazar.madrid\/2023\/10\/quilesMarina-768x1159.jpg 768w, https:\/\/site.educa.madrid.org\/cpm.adolfosalazar.madrid\/\/wp-content\/uploads\/cpm.adolfosalazar.madrid\/2023\/10\/quilesMarina-1018x1536.jpg 1018w, https:\/\/site.educa.madrid.org\/cpm.adolfosalazar.madrid\/\/wp-content\/uploads\/cpm.adolfosalazar.madrid\/2023\/10\/quilesMarina-700x1056.jpg 700w, https:\/\/site.educa.madrid.org\/cpm.adolfosalazar.madrid\/\/wp-content\/uploads\/cpm.adolfosalazar.madrid\/2023\/10\/quilesMarina-520x785.jpg 520w, https:\/\/site.educa.madrid.org\/cpm.adolfosalazar.madrid\/\/wp-content\/uploads\/cpm.adolfosalazar.madrid\/2023\/10\/quilesMarina-360x543.jpg 360w, https:\/\/site.educa.madrid.org\/cpm.adolfosalazar.madrid\/\/wp-content\/uploads\/cpm.adolfosalazar.madrid\/2023\/10\/quilesMarina-250x377.jpg 250w, https:\/\/site.educa.madrid.org\/cpm.adolfosalazar.madrid\/\/wp-content\/uploads\/cpm.adolfosalazar.madrid\/2023\/10\/quilesMarina-100x151.jpg 100w, https:\/\/site.educa.madrid.org\/cpm.adolfosalazar.madrid\/\/wp-content\/uploads\/cpm.adolfosalazar.madrid\/2023\/10\/quilesMarina.jpg 1078w\" sizes=\"auto, (max-width: 678px) 100vw, 678px\" \/><\/figure>\n<\/div>\n\n\n\n<div class=\"wp-block-column is-layout-flow wp-block-column-is-layout-flow\" style=\"flex-basis:66.66%\">\n<p>Marina Qu\u00edlez comienza sus estudios de percusi\u00f3n en Zaragoza, finalizando en el Conservatorio Superior de M\u00fasica de Navarra en las especialidades de Percusi\u00f3n y Pedagog\u00eda de los Instrumentos, en esta \u00faltima con Premio Final de Carrera. En 2018 realiza sus estudios de M\u00e1ster en Tecnolog\u00eda Educativa y Competencia Digital.<\/p>\n\n\n\n<p>Ha colaborado con distintas orquestas y bandas como la Sinfonietta Acad\u00e9mica, OSN, OSLR, ORA, la banda DPZ, WOZ, la Banda Sinf\u00f3nica de la Rivera, la Banda Sinf\u00f3nica del Instituto Aragon\u00e9s de la Juventud y ha sido miembro de la Orquesta Universitaria de Zaragoza, JOSS, JOBS, Orquesta Sinf\u00f3nica 2008, Orquesta Sinf\u00f3nica de la AGAO.<\/p>\n\n\n\n<p>Paralelamente, se ha formado tanto en la parte interpretativa con percusionistas como: Nancy Zeltzman, Bogdam Bacunu, Nick Woud, Philippe Spiesser, Sisco Aparisi, Chrisitan Diersten, Arturo Serra; como en la pedag\u00f3gica: Violeta Hemsy de Cainza, Emilio Molina, Tom\u00e1s Mart\u00edn, Fran Balsera.<\/p>\n\n\n\n<p>Ha sido profesora de percusi\u00f3n en Escuelas de M\u00fasica, en varios Conservatorios de Arag\u00f3n, Castilla y Le\u00f3n y de la Comunidad de Madrid. Actualmente, es profesora en el Conservatorio \u00abAdolfo Salazar\u00bb.<\/p>\n<\/div>\n<\/div>\n","protected":false},"excerpt":{"rendered":"<p>Marina Qu\u00edlez comienza sus estudios de percusi\u00f3n en Zaragoza, finalizando en el Conservatorio Superior de M\u00fasica de Navarra en las especialidades de Percusi\u00f3n y Pedagog\u00eda de los Instrumentos, en esta \u00faltima con Premio Final de Carrera. En 2018 realiza sus estudios de M\u00e1ster en Tecnolog\u00eda Educativa y Competencia Digital. Ha colaborado con distintas orquestas y<\/p><\/div>\n<div class=\"blog-btn\"><a href=\"https:\/\/site.educa.madrid.org\/cpm.adolfosalazar.madrid\/index.php\/marina-quilez-goser\/\" class=\"home-blog-btn\">Leer m\u00e1s<\/a><\/p>\n","protected":false},"author":2,"featured_media":0,"parent":0,"menu_order":0,"comment_status":"closed","ping_status":"closed","template":"","meta":{"footnotes":""},"folder":[],"class_list":["post-3938","page","type-page","status-publish","hentry"],"rttpg_featured_image_url":null,"rttpg_author":{"display_name":"tic.cpm.adolfosalazar.madrid","author_link":"https:\/\/site.educa.madrid.org\/cpm.adolfosalazar.madrid\/index.php\/author\/cuenta_tic-cpm-adolfosalazar-madrid\/"},"rttpg_comment":0,"rttpg_category":false,"rttpg_excerpt":"Marina Qu\u00edlez comienza sus estudios de percusi\u00f3n en Zaragoza, finalizando en el Conservatorio Superior de M\u00fasica de Navarra en las especialidades de Percusi\u00f3n y Pedagog\u00eda de los Instrumentos, en esta \u00faltima con Premio Final de Carrera. En 2018 realiza sus estudios de M\u00e1ster en Tecnolog\u00eda Educativa y Competencia Digital. Ha colaborado con distintas orquestas yLeer&hellip;","post_mailing_queue_ids":[],"_links":{"self":[{"href":"https:\/\/site.educa.madrid.org\/cpm.adolfosalazar.madrid\/index.php\/wp-json\/wp\/v2\/pages\/3938","targetHints":{"allow":["GET"]}}],"collection":[{"href":"https:\/\/site.educa.madrid.org\/cpm.adolfosalazar.madrid\/index.php\/wp-json\/wp\/v2\/pages"}],"about":[{"href":"https:\/\/site.educa.madrid.org\/cpm.adolfosalazar.madrid\/index.php\/wp-json\/wp\/v2\/types\/page"}],"author":[{"embeddable":true,"href":"https:\/\/site.educa.madrid.org\/cpm.adolfosalazar.madrid\/index.php\/wp-json\/wp\/v2\/users\/2"}],"replies":[{"embeddable":true,"href":"https:\/\/site.educa.madrid.org\/cpm.adolfosalazar.madrid\/index.php\/wp-json\/wp\/v2\/comments?post=3938"}],"version-history":[{"count":1,"href":"https:\/\/site.educa.madrid.org\/cpm.adolfosalazar.madrid\/index.php\/wp-json\/wp\/v2\/pages\/3938\/revisions"}],"predecessor-version":[{"id":3939,"href":"https:\/\/site.educa.madrid.org\/cpm.adolfosalazar.madrid\/index.php\/wp-json\/wp\/v2\/pages\/3938\/revisions\/3939"}],"wp:attachment":[{"href":"https:\/\/site.educa.madrid.org\/cpm.adolfosalazar.madrid\/index.php\/wp-json\/wp\/v2\/media?parent=3938"}],"wp:term":[{"taxonomy":"folder","embeddable":true,"href":"https:\/\/site.educa.madrid.org\/cpm.adolfosalazar.madrid\/index.php\/wp-json\/wp\/v2\/folder?post=3938"}],"curies":[{"name":"wp","href":"https:\/\/api.w.org\/{rel}","templated":true}]}}