{"id":4006,"date":"2023-10-13T18:27:49","date_gmt":"2023-10-13T16:27:49","guid":{"rendered":"https:\/\/site.educa.madrid.org\/cpm.adolfosalazar.madrid\/?page_id=4006"},"modified":"2023-10-13T18:27:49","modified_gmt":"2023-10-13T16:27:49","slug":"carmen-cantalejo-vazquez","status":"publish","type":"page","link":"https:\/\/site.educa.madrid.org\/cpm.adolfosalazar.madrid\/index.php\/carmen-cantalejo-vazquez\/","title":{"rendered":"Carmen Cantalejo V\u00e1zquez"},"content":{"rendered":"\n<div class=\"wp-block-columns is-layout-flex wp-container-core-columns-is-layout-9d6595d7 wp-block-columns-is-layout-flex\">\n<div class=\"wp-block-column is-layout-flow wp-block-column-is-layout-flow\" style=\"flex-basis:33.33%\"><\/div>\n\n\n\n<div class=\"wp-block-column is-layout-flow wp-block-column-is-layout-flow\" style=\"flex-basis:66.66%\">\n<p>Carmen Cantalejo V\u00e1zquez es titulada Superior (Licenciada) en Musicolog\u00eda por el Real Conservatorio Superior de M\u00fasica de Madrid y doctora en Lenguajes y Manifestaciones Art\u00edsticas y Literarias por la Universidad Aut\u00f3noma de Madrid, con la tesis&nbsp;<em>La vida y la obra de Pedro Antonio Compta en la catedral de Segovia en el entorno de la guerra de la Independencia,&nbsp;<\/em>por la que obtuvo un sobresaliente<em>&nbsp;cum laude.<\/em><\/p>\n\n\n\n<p>Su trayectoria docente ha estado ligada tanto a escuelas de m\u00fasica \u2013en las que ha impartido asignaturas como m\u00fasica y movimiento, lenguaje musical, coro y piano\u2013 como a la universidad. En este sector ha trabajado en el M\u00e1ster de Profesorado de la Universidad Europea de Madrid; en la Universidad de Valladolid, impartiendo Formaci\u00f3n musical en el Grado de Infantil o en la Universidad Camilo Jos\u00e9 Cela, en la menci\u00f3n de m\u00fasica del Grado de Primaria. Desde 2018, es profesora de la Universidad Alfonso X el Sabio en los grados de Musicolog\u00eda e Interpretaci\u00f3n Musical de diversas asignaturas, la mayor\u00eda de ellas, centradas en la pedagog\u00eda musical y el patrimonio musical.<\/p>\n<\/div>\n<\/div>\n","protected":false},"excerpt":{"rendered":"<p>Carmen Cantalejo V\u00e1zquez es titulada Superior (Licenciada) en Musicolog\u00eda por el Real Conservatorio Superior de M\u00fasica de Madrid y doctora en Lenguajes y Manifestaciones Art\u00edsticas y Literarias por la Universidad Aut\u00f3noma de Madrid, con la tesis&nbsp;La vida y la obra de Pedro Antonio Compta en la catedral de Segovia en el entorno de la guerra<\/p><\/div>\n<div class=\"blog-btn\"><a href=\"https:\/\/site.educa.madrid.org\/cpm.adolfosalazar.madrid\/index.php\/carmen-cantalejo-vazquez\/\" class=\"home-blog-btn\">Leer m\u00e1s<\/a><\/p>\n","protected":false},"author":2,"featured_media":0,"parent":0,"menu_order":0,"comment_status":"closed","ping_status":"closed","template":"","meta":{"footnotes":""},"folder":[],"class_list":["post-4006","page","type-page","status-publish","hentry"],"rttpg_featured_image_url":null,"rttpg_author":{"display_name":"tic.cpm.adolfosalazar.madrid","author_link":"https:\/\/site.educa.madrid.org\/cpm.adolfosalazar.madrid\/index.php\/author\/cuenta_tic-cpm-adolfosalazar-madrid\/"},"rttpg_comment":0,"rttpg_category":false,"rttpg_excerpt":"Carmen Cantalejo V\u00e1zquez es titulada Superior (Licenciada) en Musicolog\u00eda por el Real Conservatorio Superior de M\u00fasica de Madrid y doctora en Lenguajes y Manifestaciones Art\u00edsticas y Literarias por la Universidad Aut\u00f3noma de Madrid, con la tesis&nbsp;La vida y la obra de Pedro Antonio Compta en la catedral de Segovia en el entorno de la guerraLeer&hellip;","post_mailing_queue_ids":[],"_links":{"self":[{"href":"https:\/\/site.educa.madrid.org\/cpm.adolfosalazar.madrid\/index.php\/wp-json\/wp\/v2\/pages\/4006","targetHints":{"allow":["GET"]}}],"collection":[{"href":"https:\/\/site.educa.madrid.org\/cpm.adolfosalazar.madrid\/index.php\/wp-json\/wp\/v2\/pages"}],"about":[{"href":"https:\/\/site.educa.madrid.org\/cpm.adolfosalazar.madrid\/index.php\/wp-json\/wp\/v2\/types\/page"}],"author":[{"embeddable":true,"href":"https:\/\/site.educa.madrid.org\/cpm.adolfosalazar.madrid\/index.php\/wp-json\/wp\/v2\/users\/2"}],"replies":[{"embeddable":true,"href":"https:\/\/site.educa.madrid.org\/cpm.adolfosalazar.madrid\/index.php\/wp-json\/wp\/v2\/comments?post=4006"}],"version-history":[{"count":1,"href":"https:\/\/site.educa.madrid.org\/cpm.adolfosalazar.madrid\/index.php\/wp-json\/wp\/v2\/pages\/4006\/revisions"}],"predecessor-version":[{"id":4007,"href":"https:\/\/site.educa.madrid.org\/cpm.adolfosalazar.madrid\/index.php\/wp-json\/wp\/v2\/pages\/4006\/revisions\/4007"}],"wp:attachment":[{"href":"https:\/\/site.educa.madrid.org\/cpm.adolfosalazar.madrid\/index.php\/wp-json\/wp\/v2\/media?parent=4006"}],"wp:term":[{"taxonomy":"folder","embeddable":true,"href":"https:\/\/site.educa.madrid.org\/cpm.adolfosalazar.madrid\/index.php\/wp-json\/wp\/v2\/folder?post=4006"}],"curies":[{"name":"wp","href":"https:\/\/api.w.org\/{rel}","templated":true}]}}