{"id":5092,"date":"2024-10-24T11:08:43","date_gmt":"2024-10-24T09:08:43","guid":{"rendered":"https:\/\/site.educa.madrid.org\/cpm.adolfosalazar.madrid\/?page_id=5092"},"modified":"2024-10-24T11:14:31","modified_gmt":"2024-10-24T09:14:31","slug":"miguel-angel-casero","status":"publish","type":"page","link":"https:\/\/site.educa.madrid.org\/cpm.adolfosalazar.madrid\/index.php\/miguel-angel-casero\/","title":{"rendered":"Miguel \u00c1ngel Casero"},"content":{"rendered":"\n<div class=\"wp-block-columns is-layout-flex wp-container-core-columns-is-layout-9d6595d7 wp-block-columns-is-layout-flex\">\n<div class=\"wp-block-column is-layout-flow wp-block-column-is-layout-flow\" style=\"flex-basis:33.33%\">\n<figure class=\"wp-block-image size-large\"><img loading=\"lazy\" decoding=\"async\" width=\"693\" height=\"1024\" src=\"https:\/\/site.educa.madrid.org\/cpm.adolfosalazar.madrid\/\/wp-content\/uploads\/cpm.adolfosalazar.madrid\/2024\/10\/Miguel-Angel-Casero-foto-693x1024.jpg\" alt=\"\" class=\"wp-image-5093\" srcset=\"https:\/\/site.educa.madrid.org\/cpm.adolfosalazar.madrid\/\/wp-content\/uploads\/cpm.adolfosalazar.madrid\/2024\/10\/Miguel-Angel-Casero-foto-693x1024.jpg 693w, https:\/\/site.educa.madrid.org\/cpm.adolfosalazar.madrid\/\/wp-content\/uploads\/cpm.adolfosalazar.madrid\/2024\/10\/Miguel-Angel-Casero-foto-203x300.jpg 203w, https:\/\/site.educa.madrid.org\/cpm.adolfosalazar.madrid\/\/wp-content\/uploads\/cpm.adolfosalazar.madrid\/2024\/10\/Miguel-Angel-Casero-foto.jpg 731w\" sizes=\"auto, (max-width: 693px) 100vw, 693px\" \/><figcaption class=\"wp-element-caption\">Asignatura: Guitarra<\/figcaption><\/figure>\n<\/div>\n\n\n\n<div class=\"wp-block-column is-layout-flow wp-block-column-is-layout-flow\" style=\"flex-basis:66.66%\">\n<p>Comenz\u00f3 sus estudios de guitarra a los seis a\u00f1os. Continu\u00f3 su formaci\u00f3n en el Conservatorio Profesional de M\u00fasica Amaniel de Madrid, bajo la direcci\u00f3n del maestro Antonio Ruiz Berjano, obteniendo Matr\u00edcula de Honor en primer y segundo ciclo y el Premio de Honor de Ense\u00f1anzas Profesionales.&nbsp;A continuaci\u00f3n, ingres\u00f3 en el Real Conservatorio Superior de M\u00fasica de Madrid, donde recibi\u00f3 clase de los maestros Demetrio Ballesteros y Jos\u00e9 Luis Rodrigo y curs\u00f3 el M\u00e1ster en Interpretaci\u00f3n Solista del Centro Superior Katarina Gurska, bajo la direcci\u00f3n de los maestros Pedro Mateo Gonz\u00e1lez y Ricardo Gall\u00e9n, finalizando todos sus estudios con las m\u00e1s altas calificaciones. Ha complementado su formaci\u00f3n asistiendo a clases magistrales de Margarita Escarpa, Marco Smaili, Hubert Kappel y Leo Brouwer, entre otros.<\/p>\n\n\n\n<p>Paralelamente, se ha diplomado en Magisterio especialista en Educaci\u00f3n Musical, recibiendo el Premio Extraordinario, y ha obtenido la licenciatura en Historia y Ciencias de la M\u00fasica por la Universidad Complutense de Madrid.&nbsp;<\/p>\n\n\n\n<p>Es un apasionado de la ense\u00f1anza musical y la difusi\u00f3n del instrumento. Ha trabajado como maestro de m\u00fasica en primaria y profesor de guitarra, labor que desarrolla actualmente en el Conservatorio Profesional Adolfo Salazar.<\/p>\n\n\n\n<p>Compatibiliza esta vocaci\u00f3n con la concert\u00edstica, tanto a solo como formando parte de agrupaciones. Forma parte del Quinteto1909. Con \u00e9l, act\u00faa a lo largo de toda la geograf\u00eda nacional y ha grabado el CD <em>Paradigma, <\/em>compuesto por diversos estrenos de obras originales dedicadas a la formaci\u00f3n y que ha obtenido el premio Mel\u00f3mano de Oro. Tambi\u00e9n ha colaborado como guitarrista solista del Joven Coro de la Comunidad de Madrid, ha participado de producciones del Teatro de la Zarzuela junto a la Orquesta de la Comunidad de Madrid y ha ofrecido conciertos, entre otros, en el Auditorio Nacional, el Teatro Real y para Radio Nacional de Espa\u00f1a.<\/p>\n<\/div>\n<\/div>\n","protected":false},"excerpt":{"rendered":"<p>Comenz\u00f3 sus estudios de guitarra a los seis a\u00f1os. Continu\u00f3 su formaci\u00f3n en el Conservatorio Profesional de M\u00fasica Amaniel de Madrid, bajo la direcci\u00f3n del maestro Antonio Ruiz Berjano, obteniendo Matr\u00edcula de Honor en primer y segundo ciclo y el Premio de Honor de Ense\u00f1anzas Profesionales.&nbsp;A continuaci\u00f3n, ingres\u00f3 en el Real Conservatorio Superior de M\u00fasica<\/p><\/div>\n<div class=\"blog-btn\"><a href=\"https:\/\/site.educa.madrid.org\/cpm.adolfosalazar.madrid\/index.php\/miguel-angel-casero\/\" class=\"home-blog-btn\">Leer m\u00e1s<\/a><\/p>\n","protected":false},"author":3,"featured_media":0,"parent":0,"menu_order":0,"comment_status":"closed","ping_status":"closed","template":"page-templates\/page_fullwidth.php","meta":{"footnotes":""},"folder":[39],"class_list":["post-5092","page","type-page","status-publish","hentry"],"rttpg_featured_image_url":null,"rttpg_author":{"display_name":"cpm.adolfosalazar.madrid","author_link":"https:\/\/site.educa.madrid.org\/cpm.adolfosalazar.madrid\/index.php\/author\/cuenta_cpm-adolfosalazar-madrid\/"},"rttpg_comment":0,"rttpg_category":" <a href=\"https:\/\/site.educa.madrid.org\/cpm.adolfosalazar.madrid\/?taxonomy=folder&#038;term=bios-profesores-1679781238\" rel=\"tag\">Bios Profesores<\/a>","rttpg_excerpt":"Comenz\u00f3 sus estudios de guitarra a los seis a\u00f1os. Continu\u00f3 su formaci\u00f3n en el Conservatorio Profesional de M\u00fasica Amaniel de Madrid, bajo la direcci\u00f3n del maestro Antonio Ruiz Berjano, obteniendo Matr\u00edcula de Honor en primer y segundo ciclo y el Premio de Honor de Ense\u00f1anzas Profesionales.&nbsp;A continuaci\u00f3n, ingres\u00f3 en el Real Conservatorio Superior de M\u00fasicaLeer&hellip;","post_mailing_queue_ids":[],"_links":{"self":[{"href":"https:\/\/site.educa.madrid.org\/cpm.adolfosalazar.madrid\/index.php\/wp-json\/wp\/v2\/pages\/5092","targetHints":{"allow":["GET"]}}],"collection":[{"href":"https:\/\/site.educa.madrid.org\/cpm.adolfosalazar.madrid\/index.php\/wp-json\/wp\/v2\/pages"}],"about":[{"href":"https:\/\/site.educa.madrid.org\/cpm.adolfosalazar.madrid\/index.php\/wp-json\/wp\/v2\/types\/page"}],"author":[{"embeddable":true,"href":"https:\/\/site.educa.madrid.org\/cpm.adolfosalazar.madrid\/index.php\/wp-json\/wp\/v2\/users\/3"}],"replies":[{"embeddable":true,"href":"https:\/\/site.educa.madrid.org\/cpm.adolfosalazar.madrid\/index.php\/wp-json\/wp\/v2\/comments?post=5092"}],"version-history":[{"count":3,"href":"https:\/\/site.educa.madrid.org\/cpm.adolfosalazar.madrid\/index.php\/wp-json\/wp\/v2\/pages\/5092\/revisions"}],"predecessor-version":[{"id":5099,"href":"https:\/\/site.educa.madrid.org\/cpm.adolfosalazar.madrid\/index.php\/wp-json\/wp\/v2\/pages\/5092\/revisions\/5099"}],"wp:attachment":[{"href":"https:\/\/site.educa.madrid.org\/cpm.adolfosalazar.madrid\/index.php\/wp-json\/wp\/v2\/media?parent=5092"}],"wp:term":[{"taxonomy":"folder","embeddable":true,"href":"https:\/\/site.educa.madrid.org\/cpm.adolfosalazar.madrid\/index.php\/wp-json\/wp\/v2\/folder?post=5092"}],"curies":[{"name":"wp","href":"https:\/\/api.w.org\/{rel}","templated":true}]}}