{"id":6109,"date":"2025-11-13T12:13:40","date_gmt":"2025-11-13T11:13:40","guid":{"rendered":"https:\/\/site.educa.madrid.org\/cpm.adolfosalazar.madrid\/?page_id=6109"},"modified":"2025-11-13T12:48:31","modified_gmt":"2025-11-13T11:48:31","slug":"fjalvarorodriguez","status":"publish","type":"page","link":"https:\/\/site.educa.madrid.org\/cpm.adolfosalazar.madrid\/index.php\/fjalvarorodriguez\/","title":{"rendered":"F.J. \u00c1lvaro Rodr\u00edguez"},"content":{"rendered":"\n<div class=\"wp-block-columns is-layout-flex wp-container-core-columns-is-layout-9d6595d7 wp-block-columns-is-layout-flex\">\n<div class=\"wp-block-column is-layout-flow wp-block-column-is-layout-flow\" style=\"flex-basis:33.33%\">\n<figure class=\"wp-block-image size-large\"><img loading=\"lazy\" decoding=\"async\" width=\"1024\" height=\"831\" src=\"https:\/\/site.educa.madrid.org\/cpm.adolfosalazar.madrid\/\/wp-content\/uploads\/cpm.adolfosalazar.madrid\/2025\/11\/Imagen-2-1024x831.jpg\" alt=\"\" class=\"wp-image-6110\" srcset=\"https:\/\/site.educa.madrid.org\/cpm.adolfosalazar.madrid\/\/wp-content\/uploads\/cpm.adolfosalazar.madrid\/2025\/11\/Imagen-2-1024x831.jpg 1024w, https:\/\/site.educa.madrid.org\/cpm.adolfosalazar.madrid\/\/wp-content\/uploads\/cpm.adolfosalazar.madrid\/2025\/11\/Imagen-2-300x244.jpg 300w, https:\/\/site.educa.madrid.org\/cpm.adolfosalazar.madrid\/\/wp-content\/uploads\/cpm.adolfosalazar.madrid\/2025\/11\/Imagen-2-768x623.jpg 768w, https:\/\/site.educa.madrid.org\/cpm.adolfosalazar.madrid\/\/wp-content\/uploads\/cpm.adolfosalazar.madrid\/2025\/11\/Imagen-2-1536x1247.jpg 1536w, https:\/\/site.educa.madrid.org\/cpm.adolfosalazar.madrid\/\/wp-content\/uploads\/cpm.adolfosalazar.madrid\/2025\/11\/Imagen-2-2048x1662.jpg 2048w\" sizes=\"auto, (max-width: 1024px) 100vw, 1024px\" \/><figcaption class=\"wp-element-caption\"><strong>Asignaturas: <\/strong>Guitarra<\/figcaption><\/figure>\n<\/div>\n\n\n\n<div class=\"wp-block-column is-layout-flow wp-block-column-is-layout-flow\" style=\"flex-basis:66.66%\">\n<p>Natural de Madrid comienza sus estudios de guitarra cl\u00e1sica en el Conservatorio Joaqu\u00edn Turina de la mano de Eugenio Gonzalo y en el Conservatorio Superior de Madrid con Manuel Est\u00e9vez. Durante ese periodo obtiene el Primer Premio en el Concurso de Guitarra \u00abFundaci\u00f3n Jacinto e Inocencio Guerrero\u00bb del Conservatorio Superior de M\u00fasica de Madrid.<\/p>\n\n\n\n<p>Complet\u00f3 estudios, entre otros, con Angelo Gilardino, John Griffiths y Ricardo Gallen. Posteriormente realiz\u00f3 un M\u00e1ster en interpretaci\u00f3n e investigaci\u00f3n sobre la m\u00fasica espa\u00f1ola con&nbsp;Javier&nbsp;Somoza y otro M\u00e1ster sobre nuevas pedagog\u00edas y neurociencia. Se ha formado tambi\u00e9n en coaching personal y educativo, as\u00ed como en coaching sist\u00e9mico y de equipos por el ICF.<\/p>\n\n\n\n<p>Compagin\u00f3 su formaci\u00f3n cl\u00e1sica con estudios de Flamenco, Jazz, Improvisaci\u00f3n y composici\u00f3n con prestigiosos profesores como Rafael Eguilaz, Enrique Igoa, La Familia Amador, Antonio Serrano, Israel Sandoval, Dan Rochlis, Pat Metheny &#8230;etc<\/p>\n\n\n\n<p>Realiza numerosos conciertos como solista y formando parte tambi\u00e9n de diferentes agrupaciones actuando en salas y teatros de Espa\u00f1a, Europa y Nueva York, donde estuvo viviendo, actuando e impartiendo lecciones. Ha realizado una gira de conciertos por Francia interpretando el Concierto N\u00ba 1 de Mario Castelnovo-Tedesco para guitarra y orquesta.<\/p>\n\n\n\n<p>Ha realizado grabaciones en directo para Radio Cl\u00e1sica de RNE y Televisi\u00f3n Espa\u00f1ola, publicando un CD de compositores espa\u00f1oles con obras de Alb\u00e9niz, Turina, Falla, Rodrigo y Tarrega y un nuevo CD de \u201cSonatas del s.XX para guitarra\u201d con la discogr\u00e1fica \u00abLa m\u00e1 de Guido\u00bb.<\/p>\n\n\n\n<p>Como compositor, ha publicado con la editorial Piles las obras \u00abSiete piezas para guitarra cl\u00e1sica\u201d y \u00abCuaderno de Bit\u00e1cora\u00bb enfocadas para estudiantes de guitarra. Adem\u00e1s de composiciones cl\u00e1sicas, comenz\u00f3 a escribir piezas de jazz fusi\u00f3n para el proyecto \u00ab\u00c1lvaro Rodr\u00edguez Tr\u00edo\u201d. Grab\u00f3 un CD con este proyecto junto a Antonio de Miguel y Miguel A. Benito en Infinity Studios<\/p>\n\n\n\n<p>Ha sido profesor de armon\u00eda, contrapunto, an\u00e1lisis de la m\u00fasica espa\u00f1ola, orientador acad\u00e9mico y coach educativo en la Universidad TAI (Rey Juan Carlos I) de Madrid. Actualmente es profesor de guitarra cl\u00e1sica en el Conservatorio Profesional Adolfo Salazar.<\/p>\n<\/div>\n<\/div>\n","protected":false},"excerpt":{"rendered":"<p>Natural de Madrid comienza sus estudios de guitarra cl\u00e1sica en el Conservatorio Joaqu\u00edn Turina de la mano de Eugenio Gonzalo y en el Conservatorio Superior de Madrid con Manuel Est\u00e9vez. Durante ese periodo obtiene el Primer Premio en el Concurso de Guitarra \u00abFundaci\u00f3n Jacinto e Inocencio Guerrero\u00bb del Conservatorio Superior de M\u00fasica de Madrid. Complet\u00f3<\/p><\/div>\n<div class=\"blog-btn\"><a href=\"https:\/\/site.educa.madrid.org\/cpm.adolfosalazar.madrid\/index.php\/fjalvarorodriguez\/\" class=\"home-blog-btn\">Leer m\u00e1s<\/a><\/p>\n","protected":false},"author":3,"featured_media":0,"parent":0,"menu_order":0,"comment_status":"closed","ping_status":"closed","template":"page-templates\/page_fullwidth.php","meta":{"footnotes":""},"folder":[39],"class_list":["post-6109","page","type-page","status-publish","hentry"],"rttpg_featured_image_url":null,"rttpg_author":{"display_name":"cpm.adolfosalazar.madrid","author_link":"https:\/\/site.educa.madrid.org\/cpm.adolfosalazar.madrid\/index.php\/author\/cuenta_cpm-adolfosalazar-madrid\/"},"rttpg_comment":0,"rttpg_category":" <a href=\"https:\/\/site.educa.madrid.org\/cpm.adolfosalazar.madrid\/?taxonomy=folder&#038;term=bios-profesores-1679781238\" rel=\"tag\">Bios Profesores<\/a>","rttpg_excerpt":"Natural de Madrid comienza sus estudios de guitarra cl\u00e1sica en el Conservatorio Joaqu\u00edn Turina de la mano de Eugenio Gonzalo y en el Conservatorio Superior de Madrid con Manuel Est\u00e9vez. Durante ese periodo obtiene el Primer Premio en el Concurso de Guitarra \u00abFundaci\u00f3n Jacinto e Inocencio Guerrero\u00bb del Conservatorio Superior de M\u00fasica de Madrid. Complet\u00f3Leer&hellip;","post_mailing_queue_ids":[],"_links":{"self":[{"href":"https:\/\/site.educa.madrid.org\/cpm.adolfosalazar.madrid\/index.php\/wp-json\/wp\/v2\/pages\/6109","targetHints":{"allow":["GET"]}}],"collection":[{"href":"https:\/\/site.educa.madrid.org\/cpm.adolfosalazar.madrid\/index.php\/wp-json\/wp\/v2\/pages"}],"about":[{"href":"https:\/\/site.educa.madrid.org\/cpm.adolfosalazar.madrid\/index.php\/wp-json\/wp\/v2\/types\/page"}],"author":[{"embeddable":true,"href":"https:\/\/site.educa.madrid.org\/cpm.adolfosalazar.madrid\/index.php\/wp-json\/wp\/v2\/users\/3"}],"replies":[{"embeddable":true,"href":"https:\/\/site.educa.madrid.org\/cpm.adolfosalazar.madrid\/index.php\/wp-json\/wp\/v2\/comments?post=6109"}],"version-history":[{"count":1,"href":"https:\/\/site.educa.madrid.org\/cpm.adolfosalazar.madrid\/index.php\/wp-json\/wp\/v2\/pages\/6109\/revisions"}],"predecessor-version":[{"id":6111,"href":"https:\/\/site.educa.madrid.org\/cpm.adolfosalazar.madrid\/index.php\/wp-json\/wp\/v2\/pages\/6109\/revisions\/6111"}],"wp:attachment":[{"href":"https:\/\/site.educa.madrid.org\/cpm.adolfosalazar.madrid\/index.php\/wp-json\/wp\/v2\/media?parent=6109"}],"wp:term":[{"taxonomy":"folder","embeddable":true,"href":"https:\/\/site.educa.madrid.org\/cpm.adolfosalazar.madrid\/index.php\/wp-json\/wp\/v2\/folder?post=6109"}],"curies":[{"name":"wp","href":"https:\/\/api.w.org\/{rel}","templated":true}]}}