{"id":6127,"date":"2025-11-13T12:39:52","date_gmt":"2025-11-13T11:39:52","guid":{"rendered":"https:\/\/site.educa.madrid.org\/cpm.adolfosalazar.madrid\/?page_id=6127"},"modified":"2025-11-13T12:46:48","modified_gmt":"2025-11-13T11:46:48","slug":"ericlibertun","status":"publish","type":"page","link":"https:\/\/site.educa.madrid.org\/cpm.adolfosalazar.madrid\/index.php\/ericlibertun\/","title":{"rendered":"Eric Libertun"},"content":{"rendered":"\n<div class=\"wp-block-columns is-layout-flex wp-container-core-columns-is-layout-9d6595d7 wp-block-columns-is-layout-flex\">\n<div class=\"wp-block-column is-layout-flow wp-block-column-is-layout-flow\" style=\"flex-basis:33.33%\">\n<figure class=\"wp-block-image size-large\"><img loading=\"lazy\" decoding=\"async\" width=\"1024\" height=\"767\" src=\"https:\/\/site.educa.madrid.org\/cpm.adolfosalazar.madrid\/\/wp-content\/uploads\/cpm.adolfosalazar.madrid\/2025\/11\/Eric-Libertun-foto-color-1024x767.jpg\" alt=\"\" class=\"wp-image-6128\" srcset=\"https:\/\/site.educa.madrid.org\/cpm.adolfosalazar.madrid\/\/wp-content\/uploads\/cpm.adolfosalazar.madrid\/2025\/11\/Eric-Libertun-foto-color-1024x767.jpg 1024w, https:\/\/site.educa.madrid.org\/cpm.adolfosalazar.madrid\/\/wp-content\/uploads\/cpm.adolfosalazar.madrid\/2025\/11\/Eric-Libertun-foto-color-300x225.jpg 300w, https:\/\/site.educa.madrid.org\/cpm.adolfosalazar.madrid\/\/wp-content\/uploads\/cpm.adolfosalazar.madrid\/2025\/11\/Eric-Libertun-foto-color-768x575.jpg 768w, https:\/\/site.educa.madrid.org\/cpm.adolfosalazar.madrid\/\/wp-content\/uploads\/cpm.adolfosalazar.madrid\/2025\/11\/Eric-Libertun-foto-color-1536x1150.jpg 1536w, https:\/\/site.educa.madrid.org\/cpm.adolfosalazar.madrid\/\/wp-content\/uploads\/cpm.adolfosalazar.madrid\/2025\/11\/Eric-Libertun-foto-color-2048x1533.jpg 2048w\" sizes=\"auto, (max-width: 1024px) 100vw, 1024px\" \/><figcaption class=\"wp-element-caption\"><strong>Asignaturas: <\/strong>Repertorio<\/figcaption><\/figure>\n<\/div>\n\n\n\n<div class=\"wp-block-column is-layout-flow wp-block-column-is-layout-flow\" style=\"flex-basis:66.66%\">\n<p>Eric Libertun es un pianista nacido en Buenos Aires, Argentina, en 1998 y asentado en Espa\u00f1a desde la infancia. Sus interpretaciones le han brindado \u00e9xitos en distintas regiones espa\u00f1olas, obteniendo primeros premios en concursos como el de \u201cLinares \u2013 Marisa<br>Montiel\u201d, \u201cJacinto Guerrero\u201d de Toledo, o \u201cCiutat de X\u00e0tiva\u201d. Ha ofrecido recitales en el Auditorio Nacional y en diversos centros culturales de Madrid, como el Olivar de Castillejo, los auditorios de Conde Duque y CentroCentro, o el Museo del Romanticismo, as\u00edcomo en la Fundaci\u00f3n Eutherpe de Le\u00f3n, el Museo de \u00c1vila o la Biblioteca del Alc\u00e1zar de Toledo. Ha sido invitado a actuar en directo en Radio Cl\u00e1sica en varias ocasiones.<br>Atra\u00eddo por la m\u00fasica de c\u00e1mara, Eric Libertun ha tocado con diferentes agrupaciones en instituciones como la Real Academia de Bellas Artes de San Fernando o la Residencia de Estudiantes, as\u00edcomo en el Auditorio Nacional, tras ser premiado en el Concurso Jes\u00fas de Monasterio. Su debut como solista tuvo lugar con la Orquesta Sinf\u00f3nica del Real Conservatorio Superior de M\u00fasica de Madrid, junto a la que interpret\u00f3 el Concierto de Schumann. Adem\u00e1s, ha participado en clases magistrales con pianistas de la talla de Arcadi Volodos, Elisabeth Leonskaja, Ewa Pob\u0142ocka, Andr\u00e1s Kemenes,<br>Ram\u00f3n Coll, Imre Rohmann, o Joaqu\u00edn Soriano.<br>Formado en el Conservatorio Amaniel, el Real Conservatorio Superior de M\u00fasica de Madrid y el Centro Superior Katarina Gurska, Eric ha contado con las ense\u00f1anzas de grandes maestros: Carmen Deleito, quien ha sido la gu\u00eda imprescindible a lo largo de su camino art\u00edstico, y Ana Guijarro y Josep Colom, importantes referentes musicales. Recientemente ampl\u00eda su formaci\u00f3n con Andr\u00e1s Kemenes en la Academia de M\u00fasica Franz Liszt de Budapest, donde ha sido elegido para tocar en salas como la Solti Terem, la R\u00e9gi Zeneakad\u00e9mia o la M\u00fcpa \u00dcvegterem.<\/p>\n<\/div>\n<\/div>\n","protected":false},"excerpt":{"rendered":"<p>Eric Libertun es un pianista nacido en Buenos Aires, Argentina, en 1998 y asentado en Espa\u00f1a desde la infancia. Sus interpretaciones le han brindado \u00e9xitos en distintas regiones espa\u00f1olas, obteniendo primeros premios en concursos como el de \u201cLinares \u2013 MarisaMontiel\u201d, \u201cJacinto Guerrero\u201d de Toledo, o \u201cCiutat de X\u00e0tiva\u201d. Ha ofrecido recitales en el Auditorio Nacional<\/p><\/div>\n<div class=\"blog-btn\"><a href=\"https:\/\/site.educa.madrid.org\/cpm.adolfosalazar.madrid\/index.php\/ericlibertun\/\" class=\"home-blog-btn\">Leer m\u00e1s<\/a><\/p>\n","protected":false},"author":3,"featured_media":0,"parent":0,"menu_order":0,"comment_status":"closed","ping_status":"closed","template":"page-templates\/page_fullwidth.php","meta":{"footnotes":""},"folder":[39],"class_list":["post-6127","page","type-page","status-publish","hentry"],"rttpg_featured_image_url":null,"rttpg_author":{"display_name":"cpm.adolfosalazar.madrid","author_link":"https:\/\/site.educa.madrid.org\/cpm.adolfosalazar.madrid\/index.php\/author\/cuenta_cpm-adolfosalazar-madrid\/"},"rttpg_comment":0,"rttpg_category":" <a href=\"https:\/\/site.educa.madrid.org\/cpm.adolfosalazar.madrid\/?taxonomy=folder&#038;term=bios-profesores-1679781238\" rel=\"tag\">Bios Profesores<\/a>","rttpg_excerpt":"Eric Libertun es un pianista nacido en Buenos Aires, Argentina, en 1998 y asentado en Espa\u00f1a desde la infancia. Sus interpretaciones le han brindado \u00e9xitos en distintas regiones espa\u00f1olas, obteniendo primeros premios en concursos como el de \u201cLinares \u2013 MarisaMontiel\u201d, \u201cJacinto Guerrero\u201d de Toledo, o \u201cCiutat de X\u00e0tiva\u201d. Ha ofrecido recitales en el Auditorio NacionalLeer&hellip;","post_mailing_queue_ids":[],"_links":{"self":[{"href":"https:\/\/site.educa.madrid.org\/cpm.adolfosalazar.madrid\/index.php\/wp-json\/wp\/v2\/pages\/6127","targetHints":{"allow":["GET"]}}],"collection":[{"href":"https:\/\/site.educa.madrid.org\/cpm.adolfosalazar.madrid\/index.php\/wp-json\/wp\/v2\/pages"}],"about":[{"href":"https:\/\/site.educa.madrid.org\/cpm.adolfosalazar.madrid\/index.php\/wp-json\/wp\/v2\/types\/page"}],"author":[{"embeddable":true,"href":"https:\/\/site.educa.madrid.org\/cpm.adolfosalazar.madrid\/index.php\/wp-json\/wp\/v2\/users\/3"}],"replies":[{"embeddable":true,"href":"https:\/\/site.educa.madrid.org\/cpm.adolfosalazar.madrid\/index.php\/wp-json\/wp\/v2\/comments?post=6127"}],"version-history":[{"count":1,"href":"https:\/\/site.educa.madrid.org\/cpm.adolfosalazar.madrid\/index.php\/wp-json\/wp\/v2\/pages\/6127\/revisions"}],"predecessor-version":[{"id":6129,"href":"https:\/\/site.educa.madrid.org\/cpm.adolfosalazar.madrid\/index.php\/wp-json\/wp\/v2\/pages\/6127\/revisions\/6129"}],"wp:attachment":[{"href":"https:\/\/site.educa.madrid.org\/cpm.adolfosalazar.madrid\/index.php\/wp-json\/wp\/v2\/media?parent=6127"}],"wp:term":[{"taxonomy":"folder","embeddable":true,"href":"https:\/\/site.educa.madrid.org\/cpm.adolfosalazar.madrid\/index.php\/wp-json\/wp\/v2\/folder?post=6127"}],"curies":[{"name":"wp","href":"https:\/\/api.w.org\/{rel}","templated":true}]}}