{"id":2686,"date":"2022-02-21T13:57:25","date_gmt":"2022-02-21T12:57:25","guid":{"rendered":"https:\/\/site.educa.madrid.org\/cpm.joaquinturina.madrid\/?page_id=2686"},"modified":"2022-02-21T13:57:25","modified_gmt":"2022-02-21T12:57:25","slug":"semana-de-la-cuerda-2019-2","status":"publish","type":"page","link":"https:\/\/site.educa.madrid.org\/cpm.joaquinturina.madrid\/index.php\/semana-de-la-cuerda-2019-2\/","title":{"rendered":"Semana de la Cuerda 2019"},"content":{"rendered":"<div id=\"pl-2686\"  class=\"panel-layout\" ><div id=\"pg-2686-0\"  class=\"panel-grid panel-has-style\" ><div class=\"panel-row-style panel-row-style-for-2686-0\" ><div id=\"pgc-2686-0-0\"  class=\"panel-grid-cell\" ><div id=\"panel-2686-0-0-0\" class=\"so-panel widget widget_sow-headline panel-first-child\" data-index=\"0\" ><div\n\t\t\t\n\t\t\tclass=\"so-widget-sow-headline so-widget-sow-headline-default-35c9a752d2b0-2686\"\n\t\t\t\n\t\t><div class=\"sow-headline-container \">\n\t\t\t\t\t\t\t<h2 class=\"sow-headline\">\n\t\t\t\t\t\tPresentamos nuestra Semana de la cuerda 2019\t\t\t\t\t\t<\/h2>\n\t\t\t\t\t\t\t\t\t\t\t<div class=\"decoration\">\n\t\t\t\t\t\t<div class=\"decoration-inside\"><\/div>\n\t\t\t\t\t<\/div>\n\t\t\t\t\t<\/div>\n<\/div><\/div><div id=\"panel-2686-0-0-1\" class=\"so-panel widget widget_sow-editor panel-last-child\" data-index=\"1\" ><div\n\t\t\t\n\t\t\tclass=\"so-widget-sow-editor so-widget-sow-editor-base\"\n\t\t\t\n\t\t>\n<div class=\"siteorigin-widget-tinymce textwidget\">\n\t<p>Inscripciones finalizadas.<\/p>\n<p>Si tienes cualquier cuesti\u00f3n sobre ella puedes contactar con nosotros a trav\u00e9s del\u00a0<a href=\"https:\/\/site.educa.madrid.org\/cpm.joaquinturina.madrid\/index.php\/contacto\/\">formulario de contacto<\/a>.<\/p>\n<\/div>\n<\/div><\/div><\/div><\/div><\/div><\/div>","protected":false},"excerpt":{"rendered":"<p>Inscripciones finalizadas. Si tienes cualquier cuesti\u00f3n sobre ella puedes contactar con nosotros a trav\u00e9s del\u00a0formulario de contacto.<\/p>\n","protected":false},"author":4,"featured_media":0,"parent":0,"menu_order":0,"comment_status":"closed","ping_status":"closed","template":"template-fullwidth.php","meta":{"footnotes":""},"folder":[],"class_list":["post-2686","page","type-page","status-publish","hentry"],"rttpg_featured_image_url":null,"rttpg_author":{"display_name":"Jos\u00e9 Mar\u00eda P\u00e9rez Merino","author_link":"https:\/\/site.educa.madrid.org\/cpm.joaquinturina.madrid\/index.php\/author\/jos-mara_prez-merino\/"},"rttpg_comment":0,"rttpg_category":false,"rttpg_excerpt":"Inscripciones finalizadas. Si tienes cualquier cuesti\u00f3n sobre ella puedes contactar con nosotros a trav\u00e9s del\u00a0formulario de contacto.","post_mailing_queue_ids":[],"_links":{"self":[{"href":"https:\/\/site.educa.madrid.org\/cpm.joaquinturina.madrid\/index.php\/wp-json\/wp\/v2\/pages\/2686","targetHints":{"allow":["GET"]}}],"collection":[{"href":"https:\/\/site.educa.madrid.org\/cpm.joaquinturina.madrid\/index.php\/wp-json\/wp\/v2\/pages"}],"about":[{"href":"https:\/\/site.educa.madrid.org\/cpm.joaquinturina.madrid\/index.php\/wp-json\/wp\/v2\/types\/page"}],"author":[{"embeddable":true,"href":"https:\/\/site.educa.madrid.org\/cpm.joaquinturina.madrid\/index.php\/wp-json\/wp\/v2\/users\/4"}],"replies":[{"embeddable":true,"href":"https:\/\/site.educa.madrid.org\/cpm.joaquinturina.madrid\/index.php\/wp-json\/wp\/v2\/comments?post=2686"}],"version-history":[{"count":8,"href":"https:\/\/site.educa.madrid.org\/cpm.joaquinturina.madrid\/index.php\/wp-json\/wp\/v2\/pages\/2686\/revisions"}],"predecessor-version":[{"id":2694,"href":"https:\/\/site.educa.madrid.org\/cpm.joaquinturina.madrid\/index.php\/wp-json\/wp\/v2\/pages\/2686\/revisions\/2694"}],"wp:attachment":[{"href":"https:\/\/site.educa.madrid.org\/cpm.joaquinturina.madrid\/index.php\/wp-json\/wp\/v2\/media?parent=2686"}],"wp:term":[{"taxonomy":"folder","embeddable":true,"href":"https:\/\/site.educa.madrid.org\/cpm.joaquinturina.madrid\/index.php\/wp-json\/wp\/v2\/folder?post=2686"}],"curies":[{"name":"wp","href":"https:\/\/api.w.org\/{rel}","templated":true}]}}