{"id":2705,"date":"2022-02-21T14:06:21","date_gmt":"2022-02-21T13:06:21","guid":{"rendered":"https:\/\/site.educa.madrid.org\/cpm.joaquinturina.madrid\/?page_id=2705"},"modified":"2022-07-06T18:34:04","modified_gmt":"2022-07-06T16:34:04","slug":"concurso-de-composicion-joaquin-turina-2","status":"publish","type":"page","link":"https:\/\/site.educa.madrid.org\/cpm.joaquinturina.madrid\/index.php\/concurso-de-composicion-joaquin-turina-2\/","title":{"rendered":"Concurso de composici\u00f3n \u00abJoaqu\u00edn Turina\u00bb"},"content":{"rendered":"<div id=\"pl-2705\"  class=\"panel-layout\" ><div id=\"pg-2705-0\"  class=\"panel-grid panel-no-style\" ><div id=\"pgc-2705-0-0\"  class=\"panel-grid-cell\" ><div id=\"panel-2705-0-0-0\" class=\"so-panel widget widget_sow-editor panel-first-child panel-last-child\" data-index=\"0\" ><div\n\t\t\t\n\t\t\tclass=\"so-widget-sow-editor so-widget-sow-editor-base\"\n\t\t\t\n\t\t>\n<div class=\"siteorigin-widget-tinymce textwidget\">\n\t<h2 style=\"text-align: left;\"><strong>CONVOCATORIA 2021-2022<\/strong><\/h2>\n<p><strong>\u00a0<\/strong><\/p>\n<p>&nbsp;<\/p>\n<h3><strong>Bases de la convocatoria:<\/strong><\/h3>\n<p><strong>\u00a0<\/strong><\/p>\n<ol>\n<li>Podr\u00e1n participar los alumnos matriculados en 6\u00ba curso de Fundamentos de Composici\u00f3n en cualquier conservatorio profesional de la Comunidad de Madrid durante el curso acad\u00e9mico correspondiente a esta convocatoria.<\/li>\n<li>Cada participante podr\u00e1 presentar una sola obra, que no haya sido compuesta como trabajo de clase ni estrenada o premiada con anterioridad.<\/li>\n<li>La plantilla de la obra estar\u00e1 compuesta por un m\u00ednimo de tres instrumentos y un m\u00e1ximo de cinco, uno de los cuales deber\u00e1 necesariamente ser el piano.<\/li>\n<li>La duraci\u00f3n de la obra ser\u00e1 de cinco minutos como m\u00ednimo y veinte como m\u00e1ximo.<\/li>\n<li>La partitura de la obra se presentar\u00e1 escrita a tinta y claramente legible. En su cabecera figurar\u00e1 el t\u00edtulo de la obra y un lema. La partitura ir\u00e1 acompa\u00f1ada de un sobre cerrado, identificado externamente con el t\u00edtulo de la obra y el lema. En el interior del sobre estar\u00e1n los datos del participante (nombre y apellidos, direcci\u00f3n, tel\u00e9fono y correo electr\u00f3nico).<\/li>\n<li>El jurado estar\u00e1 compuesto por profesores de Fundamentos de Composici\u00f3n de la Comunidad de Madrid y\/o por compositores.<\/li>\n<li>Las obras se presentar\u00e1n en la Conserjer\u00eda del Conservatorio Profesional de M\u00fasica \u201cJoaqu\u00edn Turina\u201d de Madrid, calle Ceuta n\u00ba18. Tambi\u00e9n podr\u00e1n enviarse por correo postal certificado, a la direcci\u00f3n del conservatorio: Conservatorio Profesional de M\u00fasica \u201cJoaqu\u00edn Turina\u201d,C\/ Ceuta n\u00ba18, 28039 MADRID. A la atenci\u00f3n del departamento de Fundamentos de Composici\u00f3n o por correo electr\u00f3nico al correo cpm.joaquinturina.madrid@educa.madrid.org<\/li>\n<\/ol>\n<ol start=\"8\">\n<li>El plazo de presentaci\u00f3n de las obras comenzar\u00e1 el d\u00eda siguiente a la publicaci\u00f3n de la presente convocatoria, finalizando el lunes 3 de octubre de 2022, inclusive.<\/li>\n<li>El autor de la obra ganadora recibir\u00e1 como premio un diploma y un vale de 200 euros canjeable en una tienda de m\u00fasica.<\/li>\n<\/ol>\n<\/div>\n<\/div><\/div><\/div><div id=\"pgc-2705-0-1\"  class=\"panel-grid-cell\" ><div id=\"panel-2705-0-1-0\" class=\"so-panel widget widget_sow-image panel-first-child panel-last-child\" data-index=\"1\" ><div\n\t\t\t\n\t\t\tclass=\"so-widget-sow-image so-widget-sow-image-default-a258e6bfa2d8-2705\"\n\t\t\t\n\t\t>\n\n<div class=\"sow-image-container\">\n\t\t<img loading=\"lazy\" decoding=\"async\" src=\"https:\/\/site.educa.madrid.org\/cpm.joaquinturina.madrid\/\/wp-content\/uploads\/cpm.joaquinturina.madrid\/2022\/07\/Joaquin-Turina.jpg\" width=\"480\" height=\"335\" srcset=\"https:\/\/site.educa.madrid.org\/cpm.joaquinturina.madrid\/\/wp-content\/uploads\/cpm.joaquinturina.madrid\/2022\/07\/Joaquin-Turina.jpg 480w, https:\/\/site.educa.madrid.org\/cpm.joaquinturina.madrid\/\/wp-content\/uploads\/cpm.joaquinturina.madrid\/2022\/07\/Joaquin-Turina-300x209.jpg 300w\" sizes=\"auto, (max-width: 480px) 100vw, 480px\" title=\"1372 \u00c1lbum 7-2\nMadrid-Turina; Fern\u00e1ndez, C\u00e1rmen y desconocidos\nPlano general.\nCon hombre y mujer escribiendo en escritorio del conservatorio\n1941\/05\/24\n\u00cddem: 1203, 1232\n\u00c1lbum: 7-2 reproducciones\" alt=\"\" \t\tclass=\"so-widget-image\"\/>\n\t<\/div>\n\n<\/div><\/div><\/div><\/div><\/div>","protected":false},"excerpt":{"rendered":"<p>CONVOCATORIA 2021-2022 \u00a0 &nbsp; Bases de la convocatoria: \u00a0 Podr\u00e1n participar los alumnos matriculados en 6\u00ba curso de Fundamentos de Composici\u00f3n en cualquier conservatorio profesional de la Comunidad de Madrid &#8230;<\/p>\n","protected":false},"author":4,"featured_media":0,"parent":0,"menu_order":0,"comment_status":"closed","ping_status":"closed","template":"template-fullwidth.php","meta":{"footnotes":""},"folder":[],"class_list":["post-2705","page","type-page","status-publish","hentry"],"rttpg_featured_image_url":null,"rttpg_author":{"display_name":"Jos\u00e9 Mar\u00eda P\u00e9rez Merino","author_link":"https:\/\/site.educa.madrid.org\/cpm.joaquinturina.madrid\/index.php\/author\/jos-mara_prez-merino\/"},"rttpg_comment":0,"rttpg_category":false,"rttpg_excerpt":"CONVOCATORIA 2021-2022 \u00a0 &nbsp; Bases de la convocatoria: \u00a0 Podr\u00e1n participar los alumnos matriculados en 6\u00ba curso de Fundamentos de Composici\u00f3n en cualquier conservatorio profesional de la Comunidad de Madrid ...","post_mailing_queue_ids":[],"_links":{"self":[{"href":"https:\/\/site.educa.madrid.org\/cpm.joaquinturina.madrid\/index.php\/wp-json\/wp\/v2\/pages\/2705","targetHints":{"allow":["GET"]}}],"collection":[{"href":"https:\/\/site.educa.madrid.org\/cpm.joaquinturina.madrid\/index.php\/wp-json\/wp\/v2\/pages"}],"about":[{"href":"https:\/\/site.educa.madrid.org\/cpm.joaquinturina.madrid\/index.php\/wp-json\/wp\/v2\/types\/page"}],"author":[{"embeddable":true,"href":"https:\/\/site.educa.madrid.org\/cpm.joaquinturina.madrid\/index.php\/wp-json\/wp\/v2\/users\/4"}],"replies":[{"embeddable":true,"href":"https:\/\/site.educa.madrid.org\/cpm.joaquinturina.madrid\/index.php\/wp-json\/wp\/v2\/comments?post=2705"}],"version-history":[{"count":8,"href":"https:\/\/site.educa.madrid.org\/cpm.joaquinturina.madrid\/index.php\/wp-json\/wp\/v2\/pages\/2705\/revisions"}],"predecessor-version":[{"id":4963,"href":"https:\/\/site.educa.madrid.org\/cpm.joaquinturina.madrid\/index.php\/wp-json\/wp\/v2\/pages\/2705\/revisions\/4963"}],"wp:attachment":[{"href":"https:\/\/site.educa.madrid.org\/cpm.joaquinturina.madrid\/index.php\/wp-json\/wp\/v2\/media?parent=2705"}],"wp:term":[{"taxonomy":"folder","embeddable":true,"href":"https:\/\/site.educa.madrid.org\/cpm.joaquinturina.madrid\/index.php\/wp-json\/wp\/v2\/folder?post=2705"}],"curies":[{"name":"wp","href":"https:\/\/api.w.org\/{rel}","templated":true}]}}