{"id":2714,"date":"2022-02-21T17:25:38","date_gmt":"2022-02-21T16:25:38","guid":{"rendered":"https:\/\/site.educa.madrid.org\/cpm.joaquinturina.madrid\/?page_id=2714"},"modified":"2023-12-14T10:40:18","modified_gmt":"2023-12-14T09:40:18","slug":"concurso-de-solistas-joaquin-turina","status":"publish","type":"page","link":"https:\/\/site.educa.madrid.org\/cpm.joaquinturina.madrid\/index.php\/concurso-de-solistas-joaquin-turina\/","title":{"rendered":"Concurso De Solistas \u00abJoaqu\u00edn Turina\u00bb"},"content":{"rendered":"<div id=\"pl-2714\"  class=\"panel-layout\" ><div id=\"pg-2714-0\"  class=\"panel-grid panel-has-style\" ><div class=\"panel-row-style panel-row-style-for-2714-0\" ><div id=\"pgc-2714-0-0\"  class=\"panel-grid-cell\" ><div id=\"panel-2714-0-0-0\" class=\"so-panel widget widget_sow-editor panel-first-child panel-last-child\" data-index=\"0\" ><div\n\t\t\t\n\t\t\tclass=\"so-widget-sow-editor so-widget-sow-editor-base\"\n\t\t\t\n\t\t>\n<div class=\"siteorigin-widget-tinymce textwidget\">\n\t<p>Convocado el IX Concurso de Solistas \u201cJoaqu\u00edn Turina\u201d para el curso 2023\/24.<\/p>\n<p>Se pueden descargar las\u00a0bases <a href=\"https:\/\/site.educa.madrid.org\/cpm.joaquinturina.madrid\/\/wp-content\/uploads\/cpm.joaquinturina.madrid\/2023\/12\/BASES-IX-Concurso-de-Solistas.pdf\">aqu\u00ed<\/a>.<\/p>\n<p>Se puede descargar la solicitud de participaci\u00f3n\u00a0<a href=\"https:\/\/site.educa.madrid.org\/cpm.joaquinturina.madrid\/\/wp-content\/uploads\/cpm.joaquinturina.madrid\/2023\/12\/SOLICITUD-IX-C.-SOLISTAS.pdf\">aqu\u00ed<\/a>.<\/p>\n<p>La informaci\u00f3n sobre el desarrollo del concurso est\u00e1 disponible en la secci\u00f3n <a href=\"https:\/\/site.educa.madrid.org\/cpm.joaquinturina.madrid\/index.php\/tablon\/\">TABL\u00d3N DE ANUNCIOS<\/a><\/p>\n<\/div>\n<\/div><\/div><\/div><\/div><\/div><\/div>","protected":false},"excerpt":{"rendered":"<p>Convocado el IX Concurso de Solistas \u201cJoaqu\u00edn Turina\u201d para el curso 2023\/24. Se pueden descargar las\u00a0bases aqu\u00ed. Se puede descargar la solicitud de participaci\u00f3n\u00a0aqu\u00ed. La informaci\u00f3n sobre el desarrollo del &#8230;<\/p>\n","protected":false},"author":4,"featured_media":0,"parent":0,"menu_order":0,"comment_status":"closed","ping_status":"closed","template":"template-fullwidth.php","meta":{"footnotes":""},"folder":[],"class_list":["post-2714","page","type-page","status-publish","hentry"],"rttpg_featured_image_url":null,"rttpg_author":{"display_name":"Jos\u00e9 Mar\u00eda P\u00e9rez Merino","author_link":"https:\/\/site.educa.madrid.org\/cpm.joaquinturina.madrid\/index.php\/author\/jos-mara_prez-merino\/"},"rttpg_comment":0,"rttpg_category":false,"rttpg_excerpt":"Convocado el IX Concurso de Solistas \u201cJoaqu\u00edn Turina\u201d para el curso 2023\/24. Se pueden descargar las\u00a0bases aqu\u00ed. Se puede descargar la solicitud de participaci\u00f3n\u00a0aqu\u00ed. La informaci\u00f3n sobre el desarrollo del ...","post_mailing_queue_ids":[],"_links":{"self":[{"href":"https:\/\/site.educa.madrid.org\/cpm.joaquinturina.madrid\/index.php\/wp-json\/wp\/v2\/pages\/2714","targetHints":{"allow":["GET"]}}],"collection":[{"href":"https:\/\/site.educa.madrid.org\/cpm.joaquinturina.madrid\/index.php\/wp-json\/wp\/v2\/pages"}],"about":[{"href":"https:\/\/site.educa.madrid.org\/cpm.joaquinturina.madrid\/index.php\/wp-json\/wp\/v2\/types\/page"}],"author":[{"embeddable":true,"href":"https:\/\/site.educa.madrid.org\/cpm.joaquinturina.madrid\/index.php\/wp-json\/wp\/v2\/users\/4"}],"replies":[{"embeddable":true,"href":"https:\/\/site.educa.madrid.org\/cpm.joaquinturina.madrid\/index.php\/wp-json\/wp\/v2\/comments?post=2714"}],"version-history":[{"count":8,"href":"https:\/\/site.educa.madrid.org\/cpm.joaquinturina.madrid\/index.php\/wp-json\/wp\/v2\/pages\/2714\/revisions"}],"predecessor-version":[{"id":6246,"href":"https:\/\/site.educa.madrid.org\/cpm.joaquinturina.madrid\/index.php\/wp-json\/wp\/v2\/pages\/2714\/revisions\/6246"}],"wp:attachment":[{"href":"https:\/\/site.educa.madrid.org\/cpm.joaquinturina.madrid\/index.php\/wp-json\/wp\/v2\/media?parent=2714"}],"wp:term":[{"taxonomy":"folder","embeddable":true,"href":"https:\/\/site.educa.madrid.org\/cpm.joaquinturina.madrid\/index.php\/wp-json\/wp\/v2\/folder?post=2714"}],"curies":[{"name":"wp","href":"https:\/\/api.w.org\/{rel}","templated":true}]}}