{"id":2796,"date":"2022-02-21T18:21:35","date_gmt":"2022-02-21T17:21:35","guid":{"rendered":"https:\/\/site.educa.madrid.org\/cpm.joaquinturina.madrid\/?page_id=2796"},"modified":"2022-02-25T13:42:04","modified_gmt":"2022-02-25T12:42:04","slug":"multimedia","status":"publish","type":"page","link":"https:\/\/site.educa.madrid.org\/cpm.joaquinturina.madrid\/index.php\/multimedia\/","title":{"rendered":"Multimedia"},"content":{"rendered":"<div id=\"pl-2796\"  class=\"panel-layout\" ><div id=\"pg-2796-0\"  class=\"panel-grid panel-has-style\" ><div class=\"panel-row-style panel-row-style-for-2796-0\" ><div id=\"pgc-2796-0-0\"  class=\"panel-grid-cell\" ><div id=\"panel-2796-0-0-0\" class=\"so-panel widget widget_sow-headline panel-first-child panel-last-child\" data-index=\"0\" ><div\n\t\t\t\n\t\t\tclass=\"so-widget-sow-headline so-widget-sow-headline-default-2c1aa85440d6-2796\"\n\t\t\t\n\t\t><div class=\"sow-headline-container \">\n\t\t\t\t\t\t\t<h3 class=\"sow-headline\">\n\t\t\t\t\t\tV\u00eddeos e im\u00e1genes de las actividades de nuestros alumnos durante los cursos\t\t\t\t\t\t<\/h3>\n\t\t\t\t\t\t\t\t\t\t\t<div class=\"decoration\">\n\t\t\t\t\t\t<div class=\"decoration-inside\"><\/div>\n\t\t\t\t\t<\/div>\n\t\t\t\t\t<\/div>\n<\/div><\/div><\/div><\/div><\/div><div id=\"pg-2796-1\"  class=\"panel-grid panel-no-style\" ><div id=\"pgc-2796-1-0\"  class=\"panel-grid-cell\" ><div id=\"panel-2796-1-0-0\" class=\"so-panel widget widget_sow-headline panel-first-child panel-last-child\" data-index=\"1\" ><div\n\t\t\t\n\t\t\tclass=\"so-widget-sow-headline so-widget-sow-headline-default-60cb83f5b3b8-2796\"\n\t\t\t\n\t\t><div class=\"sow-headline-container \">\n\t\t\t\t\t\t\t<h2 class=\"sow-headline\">\n\t\t\t\t\t\tCurso 2019\/2020\t\t\t\t\t\t<\/h2>\n\t\t\t\t\t\t\t\t\t\t\t<div class=\"decoration\">\n\t\t\t\t\t\t<div class=\"decoration-inside\"><\/div>\n\t\t\t\t\t<\/div>\n\t\t\t\t\t<\/div>\n<\/div><\/div><\/div><\/div><div id=\"pg-2796-2\"  class=\"panel-grid panel-has-style\" ><div class=\"panel-row-style panel-row-style-for-2796-2\" ><div id=\"pgc-2796-2-0\"  class=\"panel-grid-cell\" ><div id=\"panel-2796-2-0-0\" class=\"so-panel widget widget_media_video panel-first-child panel-last-child\" data-index=\"2\" ><div style=\"width:100%;\" class=\"wp-video\"><video class=\"wp-video-shortcode\" id=\"video-2796-1\" preload=\"metadata\" controls=\"controls\"><source type=\"video\/youtube\" src=\"https:\/\/www.youtube.com\/watch?v=5bqDSOy6j-w&#038;_=1\" \/><a href=\"https:\/\/www.youtube.com\/watch?v=5bqDSOy6j-w\">https:\/\/www.youtube.com\/watch?v=5bqDSOy6j-w<\/a><\/video><\/div><\/div><\/div><div id=\"pgc-2796-2-1\"  class=\"panel-grid-cell\" ><div id=\"panel-2796-2-1-0\" class=\"so-panel widget widget_sow-editor panel-first-child panel-last-child\" data-index=\"3\" ><div\n\t\t\t\n\t\t\tclass=\"so-widget-sow-editor so-widget-sow-editor-base\"\n\t\t\t\n\t\t><h3 class=\"widget-title\">\u00a1Resistiremos!<\/h3>\n<div class=\"siteorigin-widget-tinymce textwidget\">\n\t<p>Nuestros alumnos nos mandan un mensaje de apoyo con toda su energ\u00eda y nos muestran su saber hacer en tiempos dif\u00edciles. \u00a1Bravo por ell@s!<\/p>\n<\/div>\n<\/div><\/div><\/div><\/div><\/div><div id=\"pg-2796-3\"  class=\"panel-grid panel-no-style\" ><div id=\"pgc-2796-3-0\"  class=\"panel-grid-cell\" ><div id=\"panel-2796-3-0-0\" class=\"so-panel widget widget_sow-headline panel-first-child panel-last-child\" data-index=\"4\" ><div\n\t\t\t\n\t\t\tclass=\"so-widget-sow-headline so-widget-sow-headline-default-60cb83f5b3b8-2796\"\n\t\t\t\n\t\t><div class=\"sow-headline-container \">\n\t\t\t\t\t\t\t<h2 class=\"sow-headline\">\n\t\t\t\t\t\tCurso 2018\/2019\t\t\t\t\t\t<\/h2>\n\t\t\t\t\t\t\t\t\t\t\t<div class=\"decoration\">\n\t\t\t\t\t\t<div class=\"decoration-inside\"><\/div>\n\t\t\t\t\t<\/div>\n\t\t\t\t\t<\/div>\n<\/div><\/div><\/div><\/div><div id=\"pg-2796-4\"  class=\"panel-grid panel-no-style\" ><div id=\"pgc-2796-4-0\"  class=\"panel-grid-cell\" ><div id=\"panel-2796-4-0-0\" class=\"so-panel widget widget_media_video panel-first-child\" data-index=\"5\" ><h3 class=\"widget-title\">I Encuentro de alumnos de m\u00fasica de c\u00e1mara de los Conservatorios Profesionales de M\u00fasica de Madrid. 10 de mayo de 2019<\/h3><div style=\"width:100%;\" class=\"wp-video\"><video class=\"wp-video-shortcode\" id=\"video-2796-2\" preload=\"metadata\" controls=\"controls\"><source type=\"video\/youtube\" src=\"https:\/\/www.youtube.com\/watch?v=5bqDSOy6j-w&#038;_=2\" \/><a href=\"https:\/\/www.youtube.com\/watch?v=5bqDSOy6j-w\">https:\/\/www.youtube.com\/watch?v=5bqDSOy6j-w<\/a><\/video><\/div><\/div><div id=\"panel-2796-4-0-1\" class=\"so-panel widget widget_sow-image panel-last-child\" data-index=\"6\" ><div\n\t\t\t\n\t\t\tclass=\"so-widget-sow-image so-widget-sow-image-default-dbf295114b96-2796\"\n\t\t\t\n\t\t>\n<h3 class=\"widget-title\">Concierto XXXV Ciclo de M\u00fasica de C\u00e1mara Palacio Real<\/h3>\n<div class=\"sow-image-container\">\n\t\t\t<a href=\"https:\/\/photos.google.com\/share\/AF1QipNbs7F7inBT_rLCdjZ-qO_MsMoJjQh0e9oAMoiFuC39_moKDy7CTmkcduJ_HiGHdg?key=eDQ1NXktS1dRMUR2bnFHRHU4cWNleURWWW8ybl93\"\n\t\t\ttarget=\"_blank\" rel=\"noopener noreferrer\" \t\t>\n\t\t\t<img loading=\"lazy\" decoding=\"async\" src=\"https:\/\/site.educa.madrid.org\/cpm.joaquinturina.madrid\/\/wp-content\/uploads\/cpm.joaquinturina.madrid\/2022\/02\/concierto_palacio_real.png\" width=\"150\" height=\"84\" srcset=\"https:\/\/site.educa.madrid.org\/cpm.joaquinturina.madrid\/\/wp-content\/uploads\/cpm.joaquinturina.madrid\/2022\/02\/concierto_palacio_real.png 614w, https:\/\/site.educa.madrid.org\/cpm.joaquinturina.madrid\/\/wp-content\/uploads\/cpm.joaquinturina.madrid\/2022\/02\/concierto_palacio_real-300x168.png 300w\" sizes=\"auto, (max-width: 150px) 100vw, 150px\" title=\"Concierto XXXV Ciclo de M\u00fasica de C\u00e1mara Palacio Real\" alt=\"Si quieres ver la galer\u00eda de fotos completa entra en este enlace:\" \t\tclass=\"so-widget-image\"\/>\n\t<\/a><\/div>\n\n<\/div><\/div><\/div><div id=\"pgc-2796-4-1\"  class=\"panel-grid-cell\" ><div id=\"panel-2796-4-1-0\" class=\"so-panel widget widget_sow-editor panel-first-child\" data-index=\"7\" ><div\n\t\t\t\n\t\t\tclass=\"so-widget-sow-editor so-widget-sow-editor-base\"\n\t\t\t\n\t\t>\n<div class=\"siteorigin-widget-tinymce textwidget\">\n\t<h3>Concierto de agrupaciones del 4 de diciembre<br \/>\nen el C.C. Eduardo \u00darculo<\/h3>\n<\/div>\n<\/div><\/div><div id=\"panel-2796-4-1-1\" class=\"so-panel widget widget_media_video\" data-index=\"8\" ><div class=\"panel-widget-style panel-widget-style-for-2796-4-1-1\" ><div style=\"width:100%;\" class=\"wp-video\"><video class=\"wp-video-shortcode\" id=\"video-2796-3\" preload=\"metadata\" controls=\"controls\"><source type=\"video\/youtube\" src=\"https:\/\/youtu.be\/NvbAaUOeKbE?_=3\" \/><a href=\"https:\/\/youtu.be\/NvbAaUOeKbE\">https:\/\/youtu.be\/NvbAaUOeKbE<\/a><\/video><\/div><\/div><\/div><div id=\"panel-2796-4-1-2\" class=\"so-panel widget widget_sow-icon\" data-index=\"9\" ><div\n\t\t\t\n\t\t\tclass=\"so-widget-sow-icon so-widget-sow-icon-default-542be7cb5ec8-2796\"\n\t\t\t\n\t\t>\n<div class=\"sow-icon-container sow-icon\">\n\t\t\t<span class=\"sow-icon-fontawesome sow-far\" data-sow-icon=\"&#xf359;\"\n\t\t \n\t\taria-hidden=\"true\"><\/span>\t<\/div>\n<\/div><\/div><div id=\"panel-2796-4-1-3\" class=\"so-panel widget widget_sow-editor panel-last-child\" data-index=\"10\" ><div\n\t\t\t\n\t\t\tclass=\"so-widget-sow-editor so-widget-sow-editor-base\"\n\t\t\t\n\t\t>\n<div class=\"siteorigin-widget-tinymce textwidget\">\n\t<p>Si quieres ver la galer\u00eda de fotos completa entra en este\u00a0<a href=\"https:\/\/photos.google.com\/share\/AF1QipNbs7F7inBT_rLCdjZ-qO_MsMoJjQh0e9oAMoiFuC39_moKDy7CTmkcduJ_HiGHdg?key=eDQ1NXktS1dRMUR2bnFHRHU4cWNleURWWW8ybl93\" target=\"_blank\" rel=\"noopener\">enlace<\/a><\/p>\n<\/div>\n<\/div><\/div><\/div><\/div><div id=\"pg-2796-5\"  class=\"panel-grid panel-no-style\" ><div id=\"pgc-2796-5-0\"  class=\"panel-grid-cell\" ><div id=\"panel-2796-5-0-0\" class=\"so-panel widget widget_sow-headline panel-first-child panel-last-child\" data-index=\"11\" ><div\n\t\t\t\n\t\t\tclass=\"so-widget-sow-headline so-widget-sow-headline-default-60cb83f5b3b8-2796\"\n\t\t\t\n\t\t><div class=\"sow-headline-container \">\n\t\t\t\t\t\t\t<h2 class=\"sow-headline\">\n\t\t\t\t\t\tCurso 2017\/2018\t\t\t\t\t\t<\/h2>\n\t\t\t\t\t\t\t\t\t\t\t<div class=\"decoration\">\n\t\t\t\t\t\t<div class=\"decoration-inside\"><\/div>\n\t\t\t\t\t<\/div>\n\t\t\t\t\t<\/div>\n<\/div><\/div><\/div><\/div><div id=\"pg-2796-6\"  class=\"panel-grid panel-no-style\" ><div id=\"pgc-2796-6-0\"  class=\"panel-grid-cell\" ><div id=\"panel-2796-6-0-0\" class=\"so-panel widget widget_media_video panel-first-child panel-last-child\" data-index=\"12\" ><h3 class=\"widget-title\">II Concierto del 25 aniversario del Conservatorio. Concierto completo<\/h3><div style=\"width:100%;\" class=\"wp-video\"><video class=\"wp-video-shortcode\" id=\"video-2796-4\" preload=\"metadata\" controls=\"controls\"><source type=\"video\/youtube\" src=\"https:\/\/youtu.be\/aHFcp3h8O2g?list=PLa7_poBhNezWXU_aOE2RNhp1jRuYjZzRG&#038;_=4\" \/><a href=\"https:\/\/youtu.be\/aHFcp3h8O2g?list=PLa7_poBhNezWXU_aOE2RNhp1jRuYjZzRG\">https:\/\/youtu.be\/aHFcp3h8O2g?list=PLa7_poBhNezWXU_aOE2RNhp1jRuYjZzRG<\/a><\/video><\/div><\/div><\/div><div id=\"pgc-2796-6-1\"  class=\"panel-grid-cell\" ><div id=\"panel-2796-6-1-0\" class=\"so-panel widget widget_media_video panel-first-child panel-last-child\" data-index=\"13\" ><h3 class=\"widget-title\">II Concierto del 25 aniversario del Conservatorio. V\u00eddeo promocional<\/h3><div style=\"width:100%;\" class=\"wp-video\"><video class=\"wp-video-shortcode\" id=\"video-2796-5\" preload=\"metadata\" controls=\"controls\"><source type=\"video\/youtube\" src=\"https:\/\/youtu.be\/5r6ej1cWoz8?_=5\" \/><a href=\"https:\/\/youtu.be\/5r6ej1cWoz8\">https:\/\/youtu.be\/5r6ej1cWoz8<\/a><\/video><\/div><\/div><\/div><\/div><div id=\"pg-2796-7\"  class=\"panel-grid panel-no-style\" ><div id=\"pgc-2796-7-0\"  class=\"panel-grid-cell\" ><div id=\"panel-2796-7-0-0\" class=\"so-panel widget widget_sow-image panel-first-child\" data-index=\"14\" ><div\n\t\t\t\n\t\t\tclass=\"so-widget-sow-image so-widget-sow-image-default-dbf295114b96-2796\"\n\t\t\t\n\t\t>\n<h3 class=\"widget-title\">Concierto de Carnaval 2018<\/h3>\n<div class=\"sow-image-container\">\n\t\t\t<a href=\"https:\/\/photos.google.com\/share\/AF1QipNS9jPrIWGVmkzB0lm1Q8kEjPJP1yr0Apf_8bxP8YrxI48wIlfTFhMiPfroIDdgkw?key=djA3SGc2am1pbHU5eWd6T201cE9QYUpWVkhabWl3\"\n\t\t\ttarget=\"_blank\" rel=\"noopener noreferrer\" \t\t>\n\t\t\t<img loading=\"lazy\" decoding=\"async\" src=\"https:\/\/site.educa.madrid.org\/cpm.joaquinturina.madrid\/\/wp-content\/uploads\/cpm.joaquinturina.madrid\/2022\/02\/fotos17181.png\" width=\"150\" height=\"84\" srcset=\"https:\/\/site.educa.madrid.org\/cpm.joaquinturina.madrid\/\/wp-content\/uploads\/cpm.joaquinturina.madrid\/2022\/02\/fotos17181.png 614w, https:\/\/site.educa.madrid.org\/cpm.joaquinturina.madrid\/\/wp-content\/uploads\/cpm.joaquinturina.madrid\/2022\/02\/fotos17181-300x168.png 300w\" sizes=\"auto, (max-width: 150px) 100vw, 150px\" title=\"Concierto de Carnaval 2018\" alt=\"Si quieres ver la galer\u00eda de fotos completa entra en este enlace:\" \t\tclass=\"so-widget-image\"\/>\n\t<\/a><\/div>\n\n<\/div><\/div><div id=\"panel-2796-7-0-1\" class=\"so-panel widget widget_sow-editor panel-last-child\" data-index=\"15\" ><div\n\t\t\t\n\t\t\tclass=\"so-widget-sow-editor so-widget-sow-editor-base\"\n\t\t\t\n\t\t>\n<div class=\"siteorigin-widget-tinymce textwidget\">\n\t<p>Si quieres ver la galer\u00eda de fotos completa entra en este\u00a0<a href=\"https:\/\/photos.google.com\/share\/AF1QipNS9jPrIWGVmkzB0lm1Q8kEjPJP1yr0Apf_8bxP8YrxI48wIlfTFhMiPfroIDdgkw?key=djA3SGc2am1pbHU5eWd6T201cE9QYUpWVkhabWl3\" target=\"_blank\" rel=\"noopener\">enlace<\/a><\/p>\n<\/div>\n<\/div><\/div><\/div><div id=\"pgc-2796-7-1\"  class=\"panel-grid-cell\" ><div id=\"panel-2796-7-1-0\" class=\"so-panel widget widget_sow-image panel-first-child\" data-index=\"16\" ><div\n\t\t\t\n\t\t\tclass=\"so-widget-sow-image so-widget-sow-image-default-dbf295114b96-2796\"\n\t\t\t\n\t\t>\n<h3 class=\"widget-title\">Concierto Teatro Buero Vallejo 1\/12\/2017<\/h3>\n<div class=\"sow-image-container\">\n\t\t\t<a href=\"https:\/\/photos.google.com\/share\/AF1QipODrhkUElx_5PD7f002I11iQoNlboX-agmvbZ_c9q65Tkc8LCJEWpOPUb4XzDSMVw?key=WTNQcDQxWmdkM0N2TFNXU0ZqQ2thZnc1RU9Ybl93\"\n\t\t\ttarget=\"_blank\" rel=\"noopener noreferrer\" \t\t>\n\t\t\t<img loading=\"lazy\" decoding=\"async\" src=\"https:\/\/site.educa.madrid.org\/cpm.joaquinturina.madrid\/\/wp-content\/uploads\/cpm.joaquinturina.madrid\/2022\/02\/fotos17182.png\" width=\"150\" height=\"84\" srcset=\"https:\/\/site.educa.madrid.org\/cpm.joaquinturina.madrid\/\/wp-content\/uploads\/cpm.joaquinturina.madrid\/2022\/02\/fotos17182.png 614w, https:\/\/site.educa.madrid.org\/cpm.joaquinturina.madrid\/\/wp-content\/uploads\/cpm.joaquinturina.madrid\/2022\/02\/fotos17182-300x168.png 300w\" sizes=\"auto, (max-width: 150px) 100vw, 150px\" title=\"Concierto Teatro Buero Vallejo 1\/12\/2017\" alt=\"Si quieres ver la galer\u00eda de fotos completa entra en este enlace:\" \t\tclass=\"so-widget-image\"\/>\n\t<\/a><\/div>\n\n<\/div><\/div><div id=\"panel-2796-7-1-1\" class=\"so-panel widget widget_sow-editor panel-last-child\" data-index=\"17\" ><div\n\t\t\t\n\t\t\tclass=\"so-widget-sow-editor so-widget-sow-editor-base\"\n\t\t\t\n\t\t>\n<div class=\"siteorigin-widget-tinymce textwidget\">\n\t<p>Si quieres ver la galer\u00eda de fotos completa entra en este\u00a0<a href=\"https:\/\/photos.google.com\/share\/AF1QipODrhkUElx_5PD7f002I11iQoNlboX-agmvbZ_c9q65Tkc8LCJEWpOPUb4XzDSMVw?key=WTNQcDQxWmdkM0N2TFNXU0ZqQ2thZnc1RU9Ybl93\" target=\"_blank\" rel=\"noopener\">enlace<\/a><\/p>\n<\/div>\n<\/div><\/div><\/div><\/div><div id=\"pg-2796-8\"  class=\"panel-grid panel-no-style\" ><div id=\"pgc-2796-8-0\"  class=\"panel-grid-cell\" ><div id=\"panel-2796-8-0-0\" class=\"so-panel widget widget_sow-headline panel-first-child panel-last-child\" data-index=\"18\" ><div\n\t\t\t\n\t\t\tclass=\"so-widget-sow-headline so-widget-sow-headline-default-60cb83f5b3b8-2796\"\n\t\t\t\n\t\t><div class=\"sow-headline-container \">\n\t\t\t\t\t\t\t<h2 class=\"sow-headline\">\n\t\t\t\t\t\tCurso 2016\/2017\t\t\t\t\t\t<\/h2>\n\t\t\t\t\t\t\t\t\t\t\t<div class=\"decoration\">\n\t\t\t\t\t\t<div class=\"decoration-inside\"><\/div>\n\t\t\t\t\t<\/div>\n\t\t\t\t\t<\/div>\n<\/div><\/div><\/div><\/div><div id=\"pg-2796-9\"  class=\"panel-grid panel-no-style\" ><div id=\"pgc-2796-9-0\"  class=\"panel-grid-cell\" ><div id=\"panel-2796-9-0-0\" class=\"so-panel widget widget_sow-image panel-first-child\" data-index=\"19\" ><div\n\t\t\t\n\t\t\tclass=\"so-widget-sow-image so-widget-sow-image-default-dbf295114b96-2796\"\n\t\t\t\n\t\t>\n<h3 class=\"widget-title\">Concierto 25 aniversario CPM \u00abJoaqu\u00edn Turina\u00bb. 25\/5\/2017<\/h3>\n<div class=\"sow-image-container\">\n\t\t<img loading=\"lazy\" decoding=\"async\" src=\"https:\/\/site.educa.madrid.org\/cpm.joaquinturina.madrid\/\/wp-content\/uploads\/cpm.joaquinturina.madrid\/2022\/02\/logo_pantalla_multimedia.png\" width=\"150\" height=\"54\" srcset=\"https:\/\/site.educa.madrid.org\/cpm.joaquinturina.madrid\/\/wp-content\/uploads\/cpm.joaquinturina.madrid\/2022\/02\/logo_pantalla_multimedia.png 515w, https:\/\/site.educa.madrid.org\/cpm.joaquinturina.madrid\/\/wp-content\/uploads\/cpm.joaquinturina.madrid\/2022\/02\/logo_pantalla_multimedia-300x109.png 300w\" sizes=\"auto, (max-width: 150px) 100vw, 150px\" title=\"Concierto 25 aniversario CPM \u00abJoaqu\u00edn Turina\u00bb. 25\/5\/2017\" alt=\"\" \t\tclass=\"so-widget-image\"\/>\n\t<\/div>\n\n<\/div><\/div><div id=\"panel-2796-9-0-1\" class=\"so-panel widget widget_sow-editor panel-last-child\" data-index=\"20\" ><div\n\t\t\t\n\t\t\tclass=\"so-widget-sow-editor so-widget-sow-editor-base\"\n\t\t\t\n\t\t>\n<div class=\"siteorigin-widget-tinymce textwidget\">\n\t<p>Todos los v\u00eddeos en nuestro\u00a0<a href=\"https:\/\/www.youtube.com\/playlist?list=PLa7_poBhNezWzMvpsM3-PtToZfBTeEopW\" target=\"_blank\" rel=\"noopener\">canal de youtube<\/a><br \/>\nSi quieres descargar los v\u00eddeos solo tienes que hacerlo a trav\u00e9s de estos enlaces:<br \/>\n<a href=\"https:\/\/drive.google.com\/open?id=0B-7qb3TQLAh_amVaVjY1TFRmWDQ\" target=\"_blank\" rel=\"noopener\">V\u00eddeo 1\u00a0<\/a>\u00a0\u00a0\u00a0\u00a0\u00a0<a href=\"https:\/\/drive.google.com\/open?id=0B-7qb3TQLAh_U2tSZW4tcWxBM2c\" target=\"_blank\" rel=\"noopener\">V\u00eddeo 2<\/a>\u00a0\u00a0\u00a0\u00a0\u00a0\u00a0<a href=\"https:\/\/drive.google.com\/open?id=0B-7qb3TQLAh_NEh2Y0RReHJpZk0\" target=\"_blank\" rel=\"noopener\">V\u00eddeo 3<\/a>\u00a0\u00a0\u00a0\u00a0\u00a0<a href=\"https:\/\/drive.google.com\/open?id=0B-7qb3TQLAh_S2I0MkZVbHM3LXc\" target=\"_blank\" rel=\"noopener\">\u00a0V\u00eddeo 4<\/a>\u00a0\u00a0\u00a0\u00a0\u00a0\u00a0<a href=\"https:\/\/drive.google.com\/open?id=0B-7qb3TQLAh_ZlFvUVhIMXNtdjA\" target=\"_blank\" rel=\"noopener\">V\u00eddeo 5<\/a><\/p>\n<\/div>\n<\/div><\/div><\/div><div id=\"pgc-2796-9-1\"  class=\"panel-grid-cell\" ><div id=\"panel-2796-9-1-0\" class=\"so-panel widget widget_media_video panel-first-child panel-last-child\" data-index=\"21\" ><h3 class=\"widget-title\">Promoci\u00f3n concierto 25 aniversario CPM Joaqu\u00edn Turina<\/h3><div style=\"width:100%;\" class=\"wp-video\"><video class=\"wp-video-shortcode\" id=\"video-2796-6\" preload=\"metadata\" controls=\"controls\"><source type=\"video\/youtube\" src=\"https:\/\/youtu.be\/3feRXA4D_uM?_=6\" \/><a href=\"https:\/\/youtu.be\/3feRXA4D_uM\">https:\/\/youtu.be\/3feRXA4D_uM<\/a><\/video><\/div><\/div><\/div><div id=\"pgc-2796-9-2\"  class=\"panel-grid-cell\" ><div id=\"panel-2796-9-2-0\" class=\"so-panel widget widget_media_video panel-first-child panel-last-child\" data-index=\"22\" ><h3 class=\"widget-title\">Video Homaje Ense\u00f1anzas Elementales Santa Cecilia 2016<\/h3><div style=\"width:100%;\" class=\"wp-video\"><video class=\"wp-video-shortcode\" id=\"video-2796-7\" preload=\"metadata\" controls=\"controls\"><source type=\"video\/youtube\" src=\"https:\/\/youtu.be\/iX37IHBdGQ8?_=7\" \/><a href=\"https:\/\/youtu.be\/iX37IHBdGQ8\">https:\/\/youtu.be\/iX37IHBdGQ8<\/a><\/video><\/div><\/div><\/div><\/div><div id=\"pg-2796-10\"  class=\"panel-grid panel-no-style\" ><div id=\"pgc-2796-10-0\"  class=\"panel-grid-cell\" ><div id=\"panel-2796-10-0-0\" class=\"so-panel widget widget_sow-editor panel-first-child\" data-index=\"23\" ><div\n\t\t\t\n\t\t\tclass=\"so-widget-sow-editor so-widget-sow-editor-base\"\n\t\t\t\n\t\t><h3 class=\"widget-title\"> Santa Cecilia 2016<\/h3>\n<div class=\"siteorigin-widget-tinymce textwidget\">\n\t<\/div>\n<\/div><\/div><div id=\"panel-2796-10-0-1\" class=\"so-panel widget widget_sow-image panel-last-child\" data-index=\"24\" ><div\n\t\t\t\n\t\t\tclass=\"so-widget-sow-image so-widget-sow-image-default-dbf295114b96-2796\"\n\t\t\t\n\t\t>\n<h3 class=\"widget-title\"><\/h3>\n<div class=\"sow-image-container\">\n\t\t<img loading=\"lazy\" decoding=\"async\" src=\"https:\/\/site.educa.madrid.org\/cpm.joaquinturina.madrid\/\/wp-content\/uploads\/cpm.joaquinturina.madrid\/2022\/02\/stacecilia2016.png\" width=\"150\" height=\"84\" srcset=\"https:\/\/site.educa.madrid.org\/cpm.joaquinturina.madrid\/\/wp-content\/uploads\/cpm.joaquinturina.madrid\/2022\/02\/stacecilia2016.png 614w, https:\/\/site.educa.madrid.org\/cpm.joaquinturina.madrid\/\/wp-content\/uploads\/cpm.joaquinturina.madrid\/2022\/02\/stacecilia2016-300x168.png 300w\" sizes=\"auto, (max-width: 150px) 100vw, 150px\" alt=\"\" \t\tclass=\"so-widget-image\"\/>\n\t<\/div>\n\n<\/div><\/div><\/div><div id=\"pgc-2796-10-1\"  class=\"panel-grid-cell\" ><div id=\"panel-2796-10-1-0\" class=\"so-panel widget widget_sow-image panel-first-child panel-last-child\" data-index=\"25\" ><div\n\t\t\t\n\t\t\tclass=\"so-widget-sow-image so-widget-sow-image-default-dbf295114b96-2796\"\n\t\t\t\n\t\t>\n<h3 class=\"widget-title\">25 aniversario. Clases magistrales de contrabajo con Luis Cabrera<\/h3>\n<div class=\"sow-image-container\">\n\t\t<img loading=\"lazy\" decoding=\"async\" src=\"https:\/\/site.educa.madrid.org\/cpm.joaquinturina.madrid\/\/wp-content\/uploads\/cpm.joaquinturina.madrid\/2022\/02\/clasesluiscabrera.png\" width=\"150\" height=\"84\" srcset=\"https:\/\/site.educa.madrid.org\/cpm.joaquinturina.madrid\/\/wp-content\/uploads\/cpm.joaquinturina.madrid\/2022\/02\/clasesluiscabrera.png 614w, https:\/\/site.educa.madrid.org\/cpm.joaquinturina.madrid\/\/wp-content\/uploads\/cpm.joaquinturina.madrid\/2022\/02\/clasesluiscabrera-300x168.png 300w\" sizes=\"auto, (max-width: 150px) 100vw, 150px\" title=\"25 aniversario. Clases magistrales de contrabajo con Luis Cabrera\" alt=\"\" \t\tclass=\"so-widget-image\"\/>\n\t<\/div>\n\n<\/div><\/div><\/div><\/div><div id=\"pg-2796-11\"  class=\"panel-grid panel-no-style\" ><div id=\"pgc-2796-11-0\"  class=\"panel-grid-cell panel-grid-cell-empty\" ><\/div><\/div><div id=\"pg-2796-12\"  class=\"panel-grid panel-has-style\" ><div class=\"panel-row-style panel-row-style-for-2796-12\" ><div id=\"pgc-2796-12-0\"  class=\"panel-grid-cell panel-grid-cell-empty\" ><\/div><\/div><\/div><\/div>","protected":false},"excerpt":{"rendered":"<p>V\u00eddeos e im\u00e1genes de las actividades de nuestros alumnos durante los cursos Curso 2019\/2020 https:\/\/www.youtube.com\/watch?v=5bqDSOy6j-w\u00a1Resistiremos! Nuestros alumnos nos mandan un mensaje de apoyo con toda su energ\u00eda y nos muestran &#8230;<\/p>\n","protected":false},"author":4,"featured_media":0,"parent":0,"menu_order":0,"comment_status":"closed","ping_status":"closed","template":"template-fullwidth.php","meta":{"footnotes":""},"folder":[],"class_list":["post-2796","page","type-page","status-publish","hentry"],"rttpg_featured_image_url":null,"rttpg_author":{"display_name":"Jos\u00e9 Mar\u00eda P\u00e9rez Merino","author_link":"https:\/\/site.educa.madrid.org\/cpm.joaquinturina.madrid\/index.php\/author\/jos-mara_prez-merino\/"},"rttpg_comment":0,"rttpg_category":false,"rttpg_excerpt":"V\u00eddeos e im\u00e1genes de las actividades de nuestros alumnos durante los cursos Curso 2019\/2020 https:\/\/www.youtube.com\/watch?v=5bqDSOy6j-w\u00a1Resistiremos! Nuestros alumnos nos mandan un mensaje de apoyo con toda su energ\u00eda y nos muestran ...","post_mailing_queue_ids":[],"_links":{"self":[{"href":"https:\/\/site.educa.madrid.org\/cpm.joaquinturina.madrid\/index.php\/wp-json\/wp\/v2\/pages\/2796","targetHints":{"allow":["GET"]}}],"collection":[{"href":"https:\/\/site.educa.madrid.org\/cpm.joaquinturina.madrid\/index.php\/wp-json\/wp\/v2\/pages"}],"about":[{"href":"https:\/\/site.educa.madrid.org\/cpm.joaquinturina.madrid\/index.php\/wp-json\/wp\/v2\/types\/page"}],"author":[{"embeddable":true,"href":"https:\/\/site.educa.madrid.org\/cpm.joaquinturina.madrid\/index.php\/wp-json\/wp\/v2\/users\/4"}],"replies":[{"embeddable":true,"href":"https:\/\/site.educa.madrid.org\/cpm.joaquinturina.madrid\/index.php\/wp-json\/wp\/v2\/comments?post=2796"}],"version-history":[{"count":50,"href":"https:\/\/site.educa.madrid.org\/cpm.joaquinturina.madrid\/index.php\/wp-json\/wp\/v2\/pages\/2796\/revisions"}],"predecessor-version":[{"id":3716,"href":"https:\/\/site.educa.madrid.org\/cpm.joaquinturina.madrid\/index.php\/wp-json\/wp\/v2\/pages\/2796\/revisions\/3716"}],"wp:attachment":[{"href":"https:\/\/site.educa.madrid.org\/cpm.joaquinturina.madrid\/index.php\/wp-json\/wp\/v2\/media?parent=2796"}],"wp:term":[{"taxonomy":"folder","embeddable":true,"href":"https:\/\/site.educa.madrid.org\/cpm.joaquinturina.madrid\/index.php\/wp-json\/wp\/v2\/folder?post=2796"}],"curies":[{"name":"wp","href":"https:\/\/api.w.org\/{rel}","templated":true}]}}