{"id":3061,"date":"2022-02-22T12:29:41","date_gmt":"2022-02-22T11:29:41","guid":{"rendered":"https:\/\/site.educa.madrid.org\/cpm.joaquinturina.madrid\/?page_id=3061"},"modified":"2024-01-22T16:56:02","modified_gmt":"2024-01-22T15:56:02","slug":"afa-asociacion-de-familias-de-alumnos","status":"publish","type":"page","link":"https:\/\/site.educa.madrid.org\/cpm.joaquinturina.madrid\/index.php\/afa-asociacion-de-familias-de-alumnos\/","title":{"rendered":"AFA. Asociaci\u00f3n de Familias de Alumnos"},"content":{"rendered":"<div id=\"pl-3061\"  class=\"panel-layout\" ><div id=\"pg-3061-0\"  class=\"panel-grid panel-has-style\" ><div class=\"siteorigin-panels-stretch panel-row-style panel-row-style-for-3061-0\" data-stretch-type=\"full-stretched\" ><div id=\"pgc-3061-0-0\"  class=\"panel-grid-cell\" ><div id=\"panel-3061-0-0-0\" class=\"so-panel widget widget_sow-image panel-first-child panel-last-child\" data-index=\"0\" ><div\n\t\t\t\n\t\t\tclass=\"so-widget-sow-image so-widget-sow-image-default-8b5b6f678277-3061\"\n\t\t\t\n\t\t>\n\n<div class=\"sow-image-container\">\n\t\t<img loading=\"lazy\" decoding=\"async\" src=\"https:\/\/site.educa.madrid.org\/cpm.joaquinturina.madrid\/\/wp-content\/uploads\/cpm.joaquinturina.madrid\/2022\/02\/cab_AFA.jpg\" width=\"2560\" height=\"530\" srcset=\"https:\/\/site.educa.madrid.org\/cpm.joaquinturina.madrid\/\/wp-content\/uploads\/cpm.joaquinturina.madrid\/2022\/02\/cab_AFA.jpg 2560w, https:\/\/site.educa.madrid.org\/cpm.joaquinturina.madrid\/\/wp-content\/uploads\/cpm.joaquinturina.madrid\/2022\/02\/cab_AFA-300x62.jpg 300w, https:\/\/site.educa.madrid.org\/cpm.joaquinturina.madrid\/\/wp-content\/uploads\/cpm.joaquinturina.madrid\/2022\/02\/cab_AFA-1024x212.jpg 1024w, https:\/\/site.educa.madrid.org\/cpm.joaquinturina.madrid\/\/wp-content\/uploads\/cpm.joaquinturina.madrid\/2022\/02\/cab_AFA-768x159.jpg 768w, https:\/\/site.educa.madrid.org\/cpm.joaquinturina.madrid\/\/wp-content\/uploads\/cpm.joaquinturina.madrid\/2022\/02\/cab_AFA-1536x318.jpg 1536w, https:\/\/site.educa.madrid.org\/cpm.joaquinturina.madrid\/\/wp-content\/uploads\/cpm.joaquinturina.madrid\/2022\/02\/cab_AFA-2048x424.jpg 2048w\" sizes=\"auto, (max-width: 2560px) 100vw, 2560px\" alt=\"\" \t\tclass=\"so-widget-image\"\/>\n\t<\/div>\n\n<\/div><\/div><\/div><\/div><\/div><div id=\"pg-3061-1\"  class=\"panel-grid panel-has-style\" ><div class=\"panel-row-style panel-row-style-for-3061-1\" ><div id=\"pgc-3061-1-0\"  class=\"panel-grid-cell\" ><div id=\"panel-3061-1-0-0\" class=\"so-panel widget widget_sow-headline panel-first-child\" data-index=\"1\" ><div\n\t\t\t\n\t\t\tclass=\"so-widget-sow-headline so-widget-sow-headline-default-c3fb9b79a8c6-3061\"\n\t\t\t\n\t\t><div class=\"sow-headline-container \">\n\t\t\t\t\t\t\t<h2 class=\"sow-headline\">\n\t\t\t\t\t\tAFA. ASOCIACI\u00d3N DE FAMILIAS DE ALUMNOS\t\t\t\t\t\t<\/h2>\n\t\t\t\t\t\t\t\t\t\t\t<div class=\"decoration\">\n\t\t\t\t\t\t<div class=\"decoration-inside\"><\/div>\n\t\t\t\t\t<\/div>\n\t\t\t\t\t<\/div>\n<\/div><\/div><div id=\"panel-3061-1-0-1\" class=\"so-panel widget widget_sow-headline\" data-index=\"2\" ><div\n\t\t\t\n\t\t\tclass=\"so-widget-sow-headline so-widget-sow-headline-default-ee14a068646f-3061\"\n\t\t\t\n\t\t><div class=\"sow-headline-container \">\n\t\t\t\t\t\t\t<h3 class=\"sow-headline\">\n\t\t\t\t\t\tComienza la andadura de la Asociaci\u00f3n de Familias de Alumnos de nuestro conservatorio.\t\t\t\t\t\t<\/h3>\n\t\t\t\t\t\t\t\t\t\t\t<div class=\"decoration\">\n\t\t\t\t\t\t<div class=\"decoration-inside\"><\/div>\n\t\t\t\t\t<\/div>\n\t\t\t\t\t<\/div>\n<\/div><\/div><div id=\"panel-3061-1-0-2\" class=\"so-panel widget widget_sow-editor\" data-index=\"3\" ><div\n\t\t\t\n\t\t\tclass=\"so-widget-sow-editor so-widget-sow-editor-base\"\n\t\t\t\n\t\t>\n<div class=\"siteorigin-widget-tinymce textwidget\">\n\t<p>Pr\u00f3ximamente iremos publicando en esta p\u00e1gina toda su informaci\u00f3n.\u00a0Puedes\u00a0<a href=\"https:\/\/site.educa.madrid.org\/cpm.joaquinturina.madrid\/\/wp-content\/uploads\/cpm.joaquinturina.madrid\/2023\/01\/ESTATUTOS-AFA-TURINA-2023.pdf\" target=\"_blank\" rel=\"noopener\">descargar aqu\u00ed<\/a>\u00a0los estatutos de la asociaci\u00f3n.<\/p>\n<p>Te invitamos a que te formes parte de la asociaci\u00f3n cumplimentando el siguiente formulario:<\/p>\n<\/div>\n<\/div><\/div><div id=\"panel-3061-1-0-3\" class=\"so-panel widget widget_sow-button panel-last-child\" data-index=\"4\" ><div\n\t\t\t\n\t\t\tclass=\"so-widget-sow-button so-widget-sow-button-atom-c0ef6a430664-3061\"\n\t\t\t\n\t\t><div class=\"ow-button-base ow-button-align-left\">\n\t<a\n\thref=\"https:\/\/site.educa.madrid.org\/cpm.joaquinturina.madrid\/\/wp-content\/uploads\/cpm.joaquinturina.madrid\/2023\/04\/boletin-inscripcion-AFA2023-formulario.pdf\"\n\t\tclass=\"ow-icon-placement-left ow-button-hover\" target=\"_blank\" rel=\"noopener noreferrer\" \t>\n\t\t<span>\n\t\t\t<span class=\"sow-icon-fontawesome sow-far\" data-sow-icon=\"&#xf044;\"\n\t\tstyle=\"color: #ffffff\" \n\t\taria-hidden=\"true\"><\/span>\n\t\t\tBolet\u00edn de Inscripci\u00f3n\t\t<\/span>\n\t<\/a>\n<\/div>\n<\/div><\/div><\/div><\/div><\/div><div id=\"pg-3061-2\"  class=\"panel-grid panel-has-style\" ><div class=\"panel-row-style panel-row-style-for-3061-2\" ><div id=\"pgc-3061-2-0\"  class=\"panel-grid-cell panel-grid-cell-empty\" ><\/div><\/div><\/div><div id=\"pg-3061-3\"  class=\"panel-grid panel-no-style\" ><div id=\"pgc-3061-3-0\"  class=\"panel-grid-cell\" ><div id=\"panel-3061-3-0-0\" class=\"so-panel widget widget_sow-editor panel-first-child panel-last-child\" data-index=\"5\" ><div\n\t\t\t\n\t\t\tclass=\"so-widget-sow-editor so-widget-sow-editor-base\"\n\t\t\t\n\t\t>\n<div class=\"siteorigin-widget-tinymce textwidget\">\n\t<p>Pod\u00e9is asociaros enviando el <a href=\"https:\/\/site.educa.madrid.org\/cpm.joaquinturina.madrid\/\/wp-content\/uploads\/cpm.joaquinturina.madrid\/2023\/04\/boletin-inscripcion-AFA2023-formulario.pdf\">bolet\u00edn de inscripci\u00f3n<\/a> relleno y firmado por correo electr\u00f3nico a <a href=\"mailto:afa@conservatorioturina.com\">afa@conservatorioturina.com<\/a>.<\/p>\n<p>Dejaremos algunos ejemplares en la Recepci\u00f3n del centro.<\/p>\n<p><strong>\u00bfDudas?:<\/strong> <a href=\"mailto:afa@conservatorioturina.com\">afa@conservatorioturina.com <\/a><\/p>\n<\/div>\n<\/div><\/div><\/div><\/div><\/div>","protected":false},"excerpt":{"rendered":"<p>Pr\u00f3ximamente iremos publicando en esta p\u00e1gina toda su informaci\u00f3n.\u00a0Puedes\u00a0descargar aqu\u00ed\u00a0los estatutos de la asociaci\u00f3n. Te invitamos a que te formes parte de la asociaci\u00f3n cumplimentando el siguiente formulario:<\/p>\n","protected":false},"author":4,"featured_media":5723,"parent":0,"menu_order":0,"comment_status":"closed","ping_status":"closed","template":"template-fullwidth.php","meta":{"footnotes":""},"folder":[],"class_list":["post-3061","page","type-page","status-publish","has-post-thumbnail","hentry"],"rttpg_featured_image_url":{"full":["https:\/\/site.educa.madrid.org\/cpm.joaquinturina.madrid\/\/wp-content\/uploads\/cpm.joaquinturina.madrid\/2023\/05\/logo-AFA-peque.jpg",1000,289,false],"landscape":["https:\/\/site.educa.madrid.org\/cpm.joaquinturina.madrid\/\/wp-content\/uploads\/cpm.joaquinturina.madrid\/2023\/05\/logo-AFA-peque.jpg",1000,289,false],"portraits":["https:\/\/site.educa.madrid.org\/cpm.joaquinturina.madrid\/\/wp-content\/uploads\/cpm.joaquinturina.madrid\/2023\/05\/logo-AFA-peque.jpg",1000,289,false],"thumbnail":["https:\/\/site.educa.madrid.org\/cpm.joaquinturina.madrid\/\/wp-content\/uploads\/cpm.joaquinturina.madrid\/2023\/05\/logo-AFA-peque-150x150.jpg",150,150,true],"medium":["https:\/\/site.educa.madrid.org\/cpm.joaquinturina.madrid\/\/wp-content\/uploads\/cpm.joaquinturina.madrid\/2023\/05\/logo-AFA-peque-300x87.jpg",300,87,true],"large":["https:\/\/site.educa.madrid.org\/cpm.joaquinturina.madrid\/\/wp-content\/uploads\/cpm.joaquinturina.madrid\/2023\/05\/logo-AFA-peque.jpg",800,231,false],"thumblist":["https:\/\/site.educa.madrid.org\/cpm.joaquinturina.madrid\/\/wp-content\/uploads\/cpm.joaquinturina.madrid\/2023\/05\/logo-AFA-peque-300x289.jpg",300,289,true],"thumbrelated":["https:\/\/site.educa.madrid.org\/cpm.joaquinturina.madrid\/\/wp-content\/uploads\/cpm.joaquinturina.madrid\/2023\/05\/logo-AFA-peque.jpg",500,145,false],"meccarouselthumb":["https:\/\/site.educa.madrid.org\/cpm.joaquinturina.madrid\/\/wp-content\/uploads\/cpm.joaquinturina.madrid\/2023\/05\/logo-AFA-peque-474x289.jpg",474,289,true],"gridsquare":["https:\/\/site.educa.madrid.org\/cpm.joaquinturina.madrid\/\/wp-content\/uploads\/cpm.joaquinturina.madrid\/2023\/05\/logo-AFA-peque-391x260.jpg",391,260,true],"tileview":["https:\/\/site.educa.madrid.org\/cpm.joaquinturina.madrid\/\/wp-content\/uploads\/cpm.joaquinturina.madrid\/2023\/05\/logo-AFA-peque-300x289.jpg",300,289,true],"1536x1536":["https:\/\/site.educa.madrid.org\/cpm.joaquinturina.madrid\/\/wp-content\/uploads\/cpm.joaquinturina.madrid\/2023\/05\/logo-AFA-peque.jpg",1000,289,false],"2048x2048":["https:\/\/site.educa.madrid.org\/cpm.joaquinturina.madrid\/\/wp-content\/uploads\/cpm.joaquinturina.madrid\/2023\/05\/logo-AFA-peque.jpg",1000,289,false],"onepress-blog-small":["https:\/\/site.educa.madrid.org\/cpm.joaquinturina.madrid\/\/wp-content\/uploads\/cpm.joaquinturina.madrid\/2023\/05\/logo-AFA-peque-300x150.jpg",300,150,true],"onepress-small":["https:\/\/site.educa.madrid.org\/cpm.joaquinturina.madrid\/\/wp-content\/uploads\/cpm.joaquinturina.madrid\/2023\/05\/logo-AFA-peque-480x289.jpg",480,289,true],"onepress-medium":["https:\/\/site.educa.madrid.org\/cpm.joaquinturina.madrid\/\/wp-content\/uploads\/cpm.joaquinturina.madrid\/2023\/05\/logo-AFA-peque-640x289.jpg",640,289,true],"sow-carousel-default":["https:\/\/site.educa.madrid.org\/cpm.joaquinturina.madrid\/\/wp-content\/uploads\/cpm.joaquinturina.madrid\/2023\/05\/logo-AFA-peque-272x182.jpg",272,182,true],"sow-post-carousel-overlay-theme":["https:\/\/site.educa.madrid.org\/cpm.joaquinturina.madrid\/\/wp-content\/uploads\/cpm.joaquinturina.madrid\/2023\/05\/logo-AFA-peque.jpg",360,104,false],"sow-post-carousel-cards-theme":["https:\/\/site.educa.madrid.org\/cpm.joaquinturina.madrid\/\/wp-content\/uploads\/cpm.joaquinturina.madrid\/2023\/05\/logo-AFA-peque.jpg",360,104,false],"rt_custom":["https:\/\/site.educa.madrid.org\/cpm.joaquinturina.madrid\/\/wp-content\/uploads\/cpm.joaquinturina.madrid\/2023\/05\/logo-AFA-peque.jpg",1000,289,false]},"rttpg_author":{"display_name":"Jos\u00e9 Mar\u00eda P\u00e9rez Merino","author_link":"https:\/\/site.educa.madrid.org\/cpm.joaquinturina.madrid\/index.php\/author\/jos-mara_prez-merino\/"},"rttpg_comment":0,"rttpg_category":false,"rttpg_excerpt":"Pr\u00f3ximamente iremos publicando en esta p\u00e1gina toda su informaci\u00f3n.\u00a0Puedes\u00a0descargar aqu\u00ed\u00a0los estatutos de la asociaci\u00f3n. Te invitamos a que te formes parte de la asociaci\u00f3n cumplimentando el siguiente formulario:","post_mailing_queue_ids":[],"_links":{"self":[{"href":"https:\/\/site.educa.madrid.org\/cpm.joaquinturina.madrid\/index.php\/wp-json\/wp\/v2\/pages\/3061","targetHints":{"allow":["GET"]}}],"collection":[{"href":"https:\/\/site.educa.madrid.org\/cpm.joaquinturina.madrid\/index.php\/wp-json\/wp\/v2\/pages"}],"about":[{"href":"https:\/\/site.educa.madrid.org\/cpm.joaquinturina.madrid\/index.php\/wp-json\/wp\/v2\/types\/page"}],"author":[{"embeddable":true,"href":"https:\/\/site.educa.madrid.org\/cpm.joaquinturina.madrid\/index.php\/wp-json\/wp\/v2\/users\/4"}],"replies":[{"embeddable":true,"href":"https:\/\/site.educa.madrid.org\/cpm.joaquinturina.madrid\/index.php\/wp-json\/wp\/v2\/comments?post=3061"}],"version-history":[{"count":41,"href":"https:\/\/site.educa.madrid.org\/cpm.joaquinturina.madrid\/index.php\/wp-json\/wp\/v2\/pages\/3061\/revisions"}],"predecessor-version":[{"id":6357,"href":"https:\/\/site.educa.madrid.org\/cpm.joaquinturina.madrid\/index.php\/wp-json\/wp\/v2\/pages\/3061\/revisions\/6357"}],"wp:featuredmedia":[{"embeddable":true,"href":"https:\/\/site.educa.madrid.org\/cpm.joaquinturina.madrid\/index.php\/wp-json\/wp\/v2\/media\/5723"}],"wp:attachment":[{"href":"https:\/\/site.educa.madrid.org\/cpm.joaquinturina.madrid\/index.php\/wp-json\/wp\/v2\/media?parent=3061"}],"wp:term":[{"taxonomy":"folder","embeddable":true,"href":"https:\/\/site.educa.madrid.org\/cpm.joaquinturina.madrid\/index.php\/wp-json\/wp\/v2\/folder?post=3061"}],"curies":[{"name":"wp","href":"https:\/\/api.w.org\/{rel}","templated":true}]}}