{"id":3096,"date":"2022-02-22T12:35:35","date_gmt":"2022-02-22T11:35:35","guid":{"rendered":"https:\/\/site.educa.madrid.org\/cpm.joaquinturina.madrid\/?page_id=3096"},"modified":"2024-03-14T09:53:43","modified_gmt":"2024-03-14T08:53:43","slug":"preguntas-frecuentes","status":"publish","type":"page","link":"https:\/\/site.educa.madrid.org\/cpm.joaquinturina.madrid\/index.php\/preguntas-frecuentes\/","title":{"rendered":"Preguntas Frecuentes"},"content":{"rendered":"<div id=\"pl-3096\"  class=\"panel-layout\" ><div id=\"pg-3096-0\"  class=\"panel-grid panel-has-style\" ><div class=\"panel-row-style panel-row-style-for-3096-0\" ><div id=\"pgc-3096-0-0\"  class=\"panel-grid-cell\" ><div id=\"panel-3096-0-0-0\" class=\"so-panel widget widget_sow-accordion panel-first-child panel-last-child\" data-index=\"0\" ><div\n\t\t\t\n\t\t\tclass=\"so-widget-sow-accordion so-widget-sow-accordion-default-10758369d6cf-3096\"\n\t\t\t data-max-open-panels=\"0\" data-initial-scroll-panel=\"0\"\n\t\t><div>\n\t<div class=\"sow-accordion\">\n\t\t\t<div class=\"sow-accordion-panel\"\n\t\t\t data-anchor=\"a-mi-hijo-le-gusta-la-m%c3%basica-y-quiere-empezar-a-estudiar-%c2%bfqu%c3%a9-debo-hacer\">\n\t\t\t\t<div class=\"sow-accordion-panel-header-container\" role=\"heading\" aria-level=\"2\">\n\t\t\t\t\t<div class=\"sow-accordion-panel-header\" tabindex=\"0\" role=\"button\" id=\"accordion-label-a-mi-hijo-le-gusta-la-m%c3%basica-y-quiere-empezar-a-estudiar-%c2%bfqu%c3%a9-debo-hacer\" aria-controls=\"accordion-content-a-mi-hijo-le-gusta-la-m%c3%basica-y-quiere-empezar-a-estudiar-%c2%bfqu%c3%a9-debo-hacer\" aria-expanded=\"false\">\n\t\t\t\t\t\t<div class=\"sow-accordion-title sow-accordion-title-icon-left\">\n\t\t\t\t\t\t\t\t\t\t\t\t\t\tA mi hijo le gusta la m\u00fasica y quiere empezar a estudiar. \u00bfQu\u00e9 debo hacer?\t\t\t\t\t\t\t\t\t\t\t\t\t<\/div>\n\t\t\t\t\t\t<div class=\"sow-accordion-open-close-button\">\n\t\t\t\t\t\t\t<div class=\"sow-accordion-open-button\">\n\t\t\t\t\t\t\t\t<span class=\"sow-icon-ionicons\" data-sow-icon=\"&#xf218;\"\n\t\t \n\t\taria-hidden=\"true\"><\/span>\t\t\t\t\t\t\t<\/div>\n\t\t\t\t\t\t\t<div class=\"sow-accordion-close-button\">\n\t\t\t\t\t\t\t\t<span class=\"sow-icon-ionicons\" data-sow-icon=\"&#xf209;\"\n\t\t \n\t\taria-hidden=\"true\"><\/span>\t\t\t\t\t\t\t<\/div>\n\t\t\t\t\t\t<\/div>\n\t\t\t\t\t<\/div>\n\t\t\t\t<\/div>\n\n\t\t\t<div\n\t\t\t\tclass=\"sow-accordion-panel-content\"\n\t\t\t\trole=\"region\"\n\t\t\t\taria-labelledby=\"accordion-label-a-mi-hijo-le-gusta-la-m%c3%basica-y-quiere-empezar-a-estudiar-%c2%bfqu%c3%a9-debo-hacer\"\n\t\t\t\tid=\"accordion-content-a-mi-hijo-le-gusta-la-m%c3%basica-y-quiere-empezar-a-estudiar-%c2%bfqu%c3%a9-debo-hacer\"\n\t\t\t\tstyle=\"display: none;\"\t\t\t>\n\t\t\t\t<div class=\"sow-accordion-panel-border\">\n\t\t\t\t\t<p>Nuestro conservatorio imparte ense\u00f1anzas elementales (4 cursos) y profesionales (6 cursos) de m\u00fasica.<\/p>\n<p>En caso de NO tener conocimientos musicales instrumentales previos se ha de realizar el acceso a 1\u00ba de ense\u00f1anzas elementales, el curso inicial que no requiere conocimientos previos.<\/p>\n<p>Este tiene como requisito tener 8 a\u00f1os cumplidos antes del final del a\u00f1o natural del inicio del curso escolar, seg\u00fan la LOMCE, salvo circunstancias excepcionales que deber\u00e1 autorizar la consejer\u00eda de educaci\u00f3n de la Comunidad de Madrid.<\/p>\n<p>Es decir, si se quisiera entrar al conservatorio para el curso 2016\/17, habr\u00eda que tener cumplidos 8 a\u00f1os el 31 de dicembre de 2016.<\/p>\n<p>En caso de ser menor de esta edad, que adem\u00e1s de estar regulado por normativa es aconsejable tenerla por los conocimientos abstractos que se manejan en las clases, ser\u00e1 mejor optar por clases de m\u00fasica y movimiento o de instrumento en una escuela municipal de m\u00fasica, una academia o clases particulares adaptadas.<\/p>\n<p>El acceso a 1\u00ba de ense\u00f1anzas elementales, adem\u00e1s de a la puntuaci\u00f3n obtenida en las pruebas, se ha de tener en cuenta la tabla de baremaci\u00f3n por edad que se encuentra expuesta en al secci\u00f3n \u00abCriterios de adjudicaci\u00f3n de vacantes\u00bb<\/p>\n<p>En caso de SI tener conocimientos musicales instrumentales previos, se ha de optar por un curso distinto a 1\u00ba de ense\u00f1anzas elementales, ya sea de ense\u00f1anzas elementales o profesionales, teniendo en cuenta la informaci\u00f3n expuesta en el apartado \u00abContenidos de las pruebas de acceso\u00bb.<\/p>\n\t\t\t\t<\/div>\n\t\t\t<\/div>\n\t\t<\/div>\n\t\t\t<div class=\"sow-accordion-panel\"\n\t\t\t data-anchor=\"quiero-empezar-a-estudiar-m%c3%basica-y-no-tengo-conocimientos-previos-%c2%bfqu%c3%a9-hago\">\n\t\t\t\t<div class=\"sow-accordion-panel-header-container\" role=\"heading\" aria-level=\"2\">\n\t\t\t\t\t<div class=\"sow-accordion-panel-header\" tabindex=\"0\" role=\"button\" id=\"accordion-label-quiero-empezar-a-estudiar-m%c3%basica-y-no-tengo-conocimientos-previos-%c2%bfqu%c3%a9-hago\" aria-controls=\"accordion-content-quiero-empezar-a-estudiar-m%c3%basica-y-no-tengo-conocimientos-previos-%c2%bfqu%c3%a9-hago\" aria-expanded=\"false\">\n\t\t\t\t\t\t<div class=\"sow-accordion-title sow-accordion-title-icon-left\">\n\t\t\t\t\t\t\t\t\t\t\t\t\t\tQuiero empezar a estudiar m\u00fasica y no tengo conocimientos previos. \u00bfQu\u00e9 hago?\t\t\t\t\t\t\t\t\t\t\t\t\t<\/div>\n\t\t\t\t\t\t<div class=\"sow-accordion-open-close-button\">\n\t\t\t\t\t\t\t<div class=\"sow-accordion-open-button\">\n\t\t\t\t\t\t\t\t<span class=\"sow-icon-ionicons\" data-sow-icon=\"&#xf218;\"\n\t\t \n\t\taria-hidden=\"true\"><\/span>\t\t\t\t\t\t\t<\/div>\n\t\t\t\t\t\t\t<div class=\"sow-accordion-close-button\">\n\t\t\t\t\t\t\t\t<span class=\"sow-icon-ionicons\" data-sow-icon=\"&#xf209;\"\n\t\t \n\t\taria-hidden=\"true\"><\/span>\t\t\t\t\t\t\t<\/div>\n\t\t\t\t\t\t<\/div>\n\t\t\t\t\t<\/div>\n\t\t\t\t<\/div>\n\n\t\t\t<div\n\t\t\t\tclass=\"sow-accordion-panel-content\"\n\t\t\t\trole=\"region\"\n\t\t\t\taria-labelledby=\"accordion-label-quiero-empezar-a-estudiar-m%c3%basica-y-no-tengo-conocimientos-previos-%c2%bfqu%c3%a9-hago\"\n\t\t\t\tid=\"accordion-content-quiero-empezar-a-estudiar-m%c3%basica-y-no-tengo-conocimientos-previos-%c2%bfqu%c3%a9-hago\"\n\t\t\t\tstyle=\"display: none;\"\t\t\t>\n\t\t\t\t<div class=\"sow-accordion-panel-border\">\n\t\t\t\t\t<p>Tiene que solicitar prueba de acceso a 1\u00ba de Ense\u00f1anzas Elementales, que consiste en una prueba para evaluar las aptitudes musicales y no se valoran conocimientos espec\u00edficos ni te\u00f3ricos ni instrumentales.<\/p>\n\t\t\t\t<\/div>\n\t\t\t<\/div>\n\t\t<\/div>\n\t\t\t<div class=\"sow-accordion-panel\"\n\t\t\t data-anchor=\"quiero-entrar-en-el-conservatorio-ya-s%c3%a9-tocar-un-instrumento-y-no-tengo-estudios-oficiales-previos-%c2%bfqu%c3%a9-hago\">\n\t\t\t\t<div class=\"sow-accordion-panel-header-container\" role=\"heading\" aria-level=\"2\">\n\t\t\t\t\t<div class=\"sow-accordion-panel-header\" tabindex=\"0\" role=\"button\" id=\"accordion-label-quiero-entrar-en-el-conservatorio-ya-s%c3%a9-tocar-un-instrumento-y-no-tengo-estudios-oficiales-previos-%c2%bfqu%c3%a9-hago\" aria-controls=\"accordion-content-quiero-entrar-en-el-conservatorio-ya-s%c3%a9-tocar-un-instrumento-y-no-tengo-estudios-oficiales-previos-%c2%bfqu%c3%a9-hago\" aria-expanded=\"false\">\n\t\t\t\t\t\t<div class=\"sow-accordion-title sow-accordion-title-icon-left\">\n\t\t\t\t\t\t\t\t\t\t\t\t\t\tQuiero entrar en el conservatorio, ya s\u00e9 tocar un instrumento y NO tengo estudios oficiales previos. \u00bfQu\u00e9 hago?\t\t\t\t\t\t\t\t\t\t\t\t\t<\/div>\n\t\t\t\t\t\t<div class=\"sow-accordion-open-close-button\">\n\t\t\t\t\t\t\t<div class=\"sow-accordion-open-button\">\n\t\t\t\t\t\t\t\t<span class=\"sow-icon-ionicons\" data-sow-icon=\"&#xf218;\"\n\t\t \n\t\taria-hidden=\"true\"><\/span>\t\t\t\t\t\t\t<\/div>\n\t\t\t\t\t\t\t<div class=\"sow-accordion-close-button\">\n\t\t\t\t\t\t\t\t<span class=\"sow-icon-ionicons\" data-sow-icon=\"&#xf209;\"\n\t\t \n\t\taria-hidden=\"true\"><\/span>\t\t\t\t\t\t\t<\/div>\n\t\t\t\t\t\t<\/div>\n\t\t\t\t\t<\/div>\n\t\t\t\t<\/div>\n\n\t\t\t<div\n\t\t\t\tclass=\"sow-accordion-panel-content\"\n\t\t\t\trole=\"region\"\n\t\t\t\taria-labelledby=\"accordion-label-quiero-entrar-en-el-conservatorio-ya-s%c3%a9-tocar-un-instrumento-y-no-tengo-estudios-oficiales-previos-%c2%bfqu%c3%a9-hago\"\n\t\t\t\tid=\"accordion-content-quiero-entrar-en-el-conservatorio-ya-s%c3%a9-tocar-un-instrumento-y-no-tengo-estudios-oficiales-previos-%c2%bfqu%c3%a9-hago\"\n\t\t\t\tstyle=\"display: none;\"\t\t\t>\n\t\t\t\t<div class=\"sow-accordion-panel-border\">\n\t\t\t\t\t<p>Debe solicitar prueba de acceso a partir de 2\u00ba de Ense\u00f1anzas Elementales hasta 6\u00ba de Ense\u00f1anzas Profesionales, dependiendo del nivel de destreza.<\/p>\n<p>Las pruebas y las obras de dificultad orientativa se encuentran disponibles en nuestra web.<\/p>\n\t\t\t\t<\/div>\n\t\t\t<\/div>\n\t\t<\/div>\n\t\t\t<div class=\"sow-accordion-panel\"\n\t\t\t data-anchor=\"quiero-entrar-en-el-conservatorio-ya-s%c3%a9-tocar-un-instrumento-y-s%c3%ad-tengo-estudios-oficiales-previos-%c2%bfqu%c3%a9-hago\">\n\t\t\t\t<div class=\"sow-accordion-panel-header-container\" role=\"heading\" aria-level=\"2\">\n\t\t\t\t\t<div class=\"sow-accordion-panel-header\" tabindex=\"0\" role=\"button\" id=\"accordion-label-quiero-entrar-en-el-conservatorio-ya-s%c3%a9-tocar-un-instrumento-y-s%c3%ad-tengo-estudios-oficiales-previos-%c2%bfqu%c3%a9-hago\" aria-controls=\"accordion-content-quiero-entrar-en-el-conservatorio-ya-s%c3%a9-tocar-un-instrumento-y-s%c3%ad-tengo-estudios-oficiales-previos-%c2%bfqu%c3%a9-hago\" aria-expanded=\"false\">\n\t\t\t\t\t\t<div class=\"sow-accordion-title sow-accordion-title-icon-left\">\n\t\t\t\t\t\t\t\t\t\t\t\t\t\tQuiero entrar en el conservatorio, ya s\u00e9 tocar un instrumento y S\u00cd tengo estudios oficiales previos. \u00bfQu\u00e9 hago?\t\t\t\t\t\t\t\t\t\t\t\t\t<\/div>\n\t\t\t\t\t\t<div class=\"sow-accordion-open-close-button\">\n\t\t\t\t\t\t\t<div class=\"sow-accordion-open-button\">\n\t\t\t\t\t\t\t\t<span class=\"sow-icon-ionicons\" data-sow-icon=\"&#xf218;\"\n\t\t \n\t\taria-hidden=\"true\"><\/span>\t\t\t\t\t\t\t<\/div>\n\t\t\t\t\t\t\t<div class=\"sow-accordion-close-button\">\n\t\t\t\t\t\t\t\t<span class=\"sow-icon-ionicons\" data-sow-icon=\"&#xf209;\"\n\t\t \n\t\taria-hidden=\"true\"><\/span>\t\t\t\t\t\t\t<\/div>\n\t\t\t\t\t\t<\/div>\n\t\t\t\t\t<\/div>\n\t\t\t\t<\/div>\n\n\t\t\t<div\n\t\t\t\tclass=\"sow-accordion-panel-content\"\n\t\t\t\trole=\"region\"\n\t\t\t\taria-labelledby=\"accordion-label-quiero-entrar-en-el-conservatorio-ya-s%c3%a9-tocar-un-instrumento-y-s%c3%ad-tengo-estudios-oficiales-previos-%c2%bfqu%c3%a9-hago\"\n\t\t\t\tid=\"accordion-content-quiero-entrar-en-el-conservatorio-ya-s%c3%a9-tocar-un-instrumento-y-s%c3%ad-tengo-estudios-oficiales-previos-%c2%bfqu%c3%a9-hago\"\n\t\t\t\tstyle=\"display: none;\"\t\t\t>\n\t\t\t\t<div class=\"sow-accordion-panel-border\">\n\t\t\t\t\t<p>El procedimiento de acceso es a trav\u00e9s de traslado de expediente.<\/p>\n<p>Se debe formular una petici\u00f3n dirigida a la Jefatura de Estudios solicit\u00e1ndolo, adjuntando copia del expediente acad\u00e9mico.<\/p>\n\t\t\t\t<\/div>\n\t\t\t<\/div>\n\t\t<\/div>\n\t\t\t<div class=\"sow-accordion-panel\"\n\t\t\t data-anchor=\"%c2%bfqu%c3%a9-horario-tienen-las-clases\">\n\t\t\t\t<div class=\"sow-accordion-panel-header-container\" role=\"heading\" aria-level=\"2\">\n\t\t\t\t\t<div class=\"sow-accordion-panel-header\" tabindex=\"0\" role=\"button\" id=\"accordion-label-%c2%bfqu%c3%a9-horario-tienen-las-clases\" aria-controls=\"accordion-content-%c2%bfqu%c3%a9-horario-tienen-las-clases\" aria-expanded=\"false\">\n\t\t\t\t\t\t<div class=\"sow-accordion-title sow-accordion-title-icon-left\">\n\t\t\t\t\t\t\t\t\t\t\t\t\t\t\u00bfQu\u00e9 horario tienen las clases?\t\t\t\t\t\t\t\t\t\t\t\t\t<\/div>\n\t\t\t\t\t\t<div class=\"sow-accordion-open-close-button\">\n\t\t\t\t\t\t\t<div class=\"sow-accordion-open-button\">\n\t\t\t\t\t\t\t\t<span class=\"sow-icon-ionicons\" data-sow-icon=\"&#xf218;\"\n\t\t \n\t\taria-hidden=\"true\"><\/span>\t\t\t\t\t\t\t<\/div>\n\t\t\t\t\t\t\t<div class=\"sow-accordion-close-button\">\n\t\t\t\t\t\t\t\t<span class=\"sow-icon-ionicons\" data-sow-icon=\"&#xf209;\"\n\t\t \n\t\taria-hidden=\"true\"><\/span>\t\t\t\t\t\t\t<\/div>\n\t\t\t\t\t\t<\/div>\n\t\t\t\t\t<\/div>\n\t\t\t\t<\/div>\n\n\t\t\t<div\n\t\t\t\tclass=\"sow-accordion-panel-content\"\n\t\t\t\trole=\"region\"\n\t\t\t\taria-labelledby=\"accordion-label-%c2%bfqu%c3%a9-horario-tienen-las-clases\"\n\t\t\t\tid=\"accordion-content-%c2%bfqu%c3%a9-horario-tienen-las-clases\"\n\t\t\t\tstyle=\"display: none;\"\t\t\t>\n\t\t\t\t<div class=\"sow-accordion-panel-border\">\n\t\t\t\t\t<p>El horario fundamental de las clases de nuestro centro es de tarde, ya que la mayor\u00eda de los alumnos compatibilizan los estudios obligatorios con los musicales en nuestro centro.<\/p>\n<p>En cada curso hay unas asignaturas grupales que tienen unos horarios establecidos y las clases individuales de instrumento que son de 1h\/1,5h semanales dependiento del curso.<\/p>\n<p>El n\u00famero de d\u00edas de asistencia al centro depender\u00e1 de la compatibilizaci\u00f3n de horarios que se puedan hacer entre las asignaturas que se han de cursar.<\/p>\n<p>En Ense\u00f1anzas Elementales en el peor de los casos se tendr\u00edan que asistir 3 tardes, no completas, y en el mejor 2 tardes, no completas.<\/p>\n\t\t\t\t<\/div>\n\t\t\t<\/div>\n\t\t<\/div>\n\t\t\t<div class=\"sow-accordion-panel\"\n\t\t\t data-anchor=\"%c2%bfcu%c3%a1nto-cuestan-las-clases\">\n\t\t\t\t<div class=\"sow-accordion-panel-header-container\" role=\"heading\" aria-level=\"2\">\n\t\t\t\t\t<div class=\"sow-accordion-panel-header\" tabindex=\"0\" role=\"button\" id=\"accordion-label-%c2%bfcu%c3%a1nto-cuestan-las-clases\" aria-controls=\"accordion-content-%c2%bfcu%c3%a1nto-cuestan-las-clases\" aria-expanded=\"false\">\n\t\t\t\t\t\t<div class=\"sow-accordion-title sow-accordion-title-icon-left\">\n\t\t\t\t\t\t\t\t\t\t\t\t\t\t\u00bfCu\u00e1nto cuestan las clases?\t\t\t\t\t\t\t\t\t\t\t\t\t<\/div>\n\t\t\t\t\t\t<div class=\"sow-accordion-open-close-button\">\n\t\t\t\t\t\t\t<div class=\"sow-accordion-open-button\">\n\t\t\t\t\t\t\t\t<span class=\"sow-icon-ionicons\" data-sow-icon=\"&#xf218;\"\n\t\t \n\t\taria-hidden=\"true\"><\/span>\t\t\t\t\t\t\t<\/div>\n\t\t\t\t\t\t\t<div class=\"sow-accordion-close-button\">\n\t\t\t\t\t\t\t\t<span class=\"sow-icon-ionicons\" data-sow-icon=\"&#xf209;\"\n\t\t \n\t\taria-hidden=\"true\"><\/span>\t\t\t\t\t\t\t<\/div>\n\t\t\t\t\t\t<\/div>\n\t\t\t\t\t<\/div>\n\t\t\t\t<\/div>\n\n\t\t\t<div\n\t\t\t\tclass=\"sow-accordion-panel-content\"\n\t\t\t\trole=\"region\"\n\t\t\t\taria-labelledby=\"accordion-label-%c2%bfcu%c3%a1nto-cuestan-las-clases\"\n\t\t\t\tid=\"accordion-content-%c2%bfcu%c3%a1nto-cuestan-las-clases\"\n\t\t\t\tstyle=\"display: none;\"\t\t\t>\n\t\t\t\t<div class=\"sow-accordion-panel-border\">\n\t\t\t\t\t<p>Las tasas escolares las impone la Comunidad de Madrid.<\/p>\n<p>Actualmente los precios a pagar por todo el curso lectivo son:<\/p>\n<p>89\u20ac por asignatura de Ense\u00f1anzas Elementales.<\/p>\n<p>99\u20ac por asignatura que se repite en Ense\u00f1anzas Elementales.<\/p>\n<p>89\u20ac por asignatura de Ense\u00f1anzas Profesionales.<\/p>\n<p>99\u20ac por asignatura que se repite de Ense\u00f1anzas Profesionales.<\/p>\n<p>Al precio por asignatura hay que a\u00f1adir 19\u20ac anuales en concepto de gastos de secretar\u00eda.<\/p>\n<p>El n\u00famero de asignaturas por curso var\u00eda seg\u00fan el curso en el que se matricule y se puede consultar en la secci\u00f3n \u00abPlan de estudios\u00bb.<\/p>\n\t\t\t\t<\/div>\n\t\t\t<\/div>\n\t\t<\/div>\n\t\t\t<div class=\"sow-accordion-panel\"\n\t\t\t data-anchor=\"%c2%bfcu%c3%a1ntos-d%c3%adas-hay-que-ir-al-conservatorio\">\n\t\t\t\t<div class=\"sow-accordion-panel-header-container\" role=\"heading\" aria-level=\"2\">\n\t\t\t\t\t<div class=\"sow-accordion-panel-header\" tabindex=\"0\" role=\"button\" id=\"accordion-label-%c2%bfcu%c3%a1ntos-d%c3%adas-hay-que-ir-al-conservatorio\" aria-controls=\"accordion-content-%c2%bfcu%c3%a1ntos-d%c3%adas-hay-que-ir-al-conservatorio\" aria-expanded=\"false\">\n\t\t\t\t\t\t<div class=\"sow-accordion-title sow-accordion-title-icon-left\">\n\t\t\t\t\t\t\t\t\t\t\t\t\t\t\u00bfCu\u00e1ntos d\u00edas hay que ir al conservatorio?\t\t\t\t\t\t\t\t\t\t\t\t\t<\/div>\n\t\t\t\t\t\t<div class=\"sow-accordion-open-close-button\">\n\t\t\t\t\t\t\t<div class=\"sow-accordion-open-button\">\n\t\t\t\t\t\t\t\t<span class=\"sow-icon-ionicons\" data-sow-icon=\"&#xf218;\"\n\t\t \n\t\taria-hidden=\"true\"><\/span>\t\t\t\t\t\t\t<\/div>\n\t\t\t\t\t\t\t<div class=\"sow-accordion-close-button\">\n\t\t\t\t\t\t\t\t<span class=\"sow-icon-ionicons\" data-sow-icon=\"&#xf209;\"\n\t\t \n\t\taria-hidden=\"true\"><\/span>\t\t\t\t\t\t\t<\/div>\n\t\t\t\t\t\t<\/div>\n\t\t\t\t\t<\/div>\n\t\t\t\t<\/div>\n\n\t\t\t<div\n\t\t\t\tclass=\"sow-accordion-panel-content\"\n\t\t\t\trole=\"region\"\n\t\t\t\taria-labelledby=\"accordion-label-%c2%bfcu%c3%a1ntos-d%c3%adas-hay-que-ir-al-conservatorio\"\n\t\t\t\tid=\"accordion-content-%c2%bfcu%c3%a1ntos-d%c3%adas-hay-que-ir-al-conservatorio\"\n\t\t\t\tstyle=\"display: none;\"\t\t\t>\n\t\t\t\t<div class=\"sow-accordion-panel-border\">\n\t\t\t\t\t<p>Depende directamente del curso que se haga y del n\u00famero de asignaturas que tenga.<\/p>\n<p>Se pueden consultar las asignaturas por curso en la secci\u00f3n \u00abPlan de estudios\u00bb<\/p>\n<p>Las asignaturas grupales tendr\u00e1n unos d\u00edas y horas establecidos mientras que las clases individuales de instrumento se concretar\u00e1n cada curso con el profesor de instrumento.<\/p>\n<p>El n\u00famero m\u00ednimo de tardes de asistencia al centro ser\u00e1 de 2 semanales, no siendo necesario permanecer las tardes completas.<\/p>\n\t\t\t\t<\/div>\n\t\t\t<\/div>\n\t\t<\/div>\n\t\t\t<div class=\"sow-accordion-panel\"\n\t\t\t data-anchor=\"ya-lo-tengo-claro-quiero-inscribirme-en-el-conservatorio-%c2%bfqu%c3%a9-hago\">\n\t\t\t\t<div class=\"sow-accordion-panel-header-container\" role=\"heading\" aria-level=\"2\">\n\t\t\t\t\t<div class=\"sow-accordion-panel-header\" tabindex=\"0\" role=\"button\" id=\"accordion-label-ya-lo-tengo-claro-quiero-inscribirme-en-el-conservatorio-%c2%bfqu%c3%a9-hago\" aria-controls=\"accordion-content-ya-lo-tengo-claro-quiero-inscribirme-en-el-conservatorio-%c2%bfqu%c3%a9-hago\" aria-expanded=\"false\">\n\t\t\t\t\t\t<div class=\"sow-accordion-title sow-accordion-title-icon-left\">\n\t\t\t\t\t\t\t\t\t\t\t\t\t\tYa lo tengo claro. Quiero inscribirme en el conservatorio. \u00bfQu\u00e9 hago?\t\t\t\t\t\t\t\t\t\t\t\t\t<\/div>\n\t\t\t\t\t\t<div class=\"sow-accordion-open-close-button\">\n\t\t\t\t\t\t\t<div class=\"sow-accordion-open-button\">\n\t\t\t\t\t\t\t\t<span class=\"sow-icon-ionicons\" data-sow-icon=\"&#xf218;\"\n\t\t \n\t\taria-hidden=\"true\"><\/span>\t\t\t\t\t\t\t<\/div>\n\t\t\t\t\t\t\t<div class=\"sow-accordion-close-button\">\n\t\t\t\t\t\t\t\t<span class=\"sow-icon-ionicons\" data-sow-icon=\"&#xf209;\"\n\t\t \n\t\taria-hidden=\"true\"><\/span>\t\t\t\t\t\t\t<\/div>\n\t\t\t\t\t\t<\/div>\n\t\t\t\t\t<\/div>\n\t\t\t\t<\/div>\n\n\t\t\t<div\n\t\t\t\tclass=\"sow-accordion-panel-content\"\n\t\t\t\trole=\"region\"\n\t\t\t\taria-labelledby=\"accordion-label-ya-lo-tengo-claro-quiero-inscribirme-en-el-conservatorio-%c2%bfqu%c3%a9-hago\"\n\t\t\t\tid=\"accordion-content-ya-lo-tengo-claro-quiero-inscribirme-en-el-conservatorio-%c2%bfqu%c3%a9-hago\"\n\t\t\t\tstyle=\"display: none;\"\t\t\t>\n\t\t\t\t<div class=\"sow-accordion-panel-border\">\n\t\t\t\t\t<p>Para realizar las pruebas de acceso es necesario hacer una preinscripci\u00f3n que suele ser en el mes de abril, aunque se debe estar atento al apartado de Novedades y Tr\u00e1mites e informaci\u00f3n porque las fechas pueden variar.<\/p>\n<p>Es posible suscribirse al Tabl\u00f3n de anuncios.<\/p>\n<p>Solo es posible presentar la preinscripci\u00f3n en un conservatorio. La preinscripci\u00f3n en varios centros supondr\u00e1 la anulaci\u00f3n de todas las preinscripciones.<\/p>\n<p>En dicha preinscripci\u00f3n se pondr\u00e1n dos centros adem\u00e1s de donde se presenta la preinscripci\u00f3n, por si no obtuviera plaza en el primer centro. PERO solo se utilizar\u00e1n la segunda y tercera opci\u00f3n de centro cuando se agote la lista de aspirantes que eligieron ese centro en primer lugar, lo que hace muy complicada esta opci\u00f3n. Se recomienda encarecidamente hacer la preinscripci\u00f3n en el centro donde se quiera acceder.<\/p>\n<p>En este momento se han de pagar unas tasas de solicitud de prueba de acceso.<\/p>\n<p>Se debe entregar una solicitud, el justificante del pago de las tasas, una fotograf\u00eda y fotocopia del DNI o libro de familia en la secretar\u00eda del centro. Adem\u00e1s, se ha de INDICAR A QU\u00c9 CURSO SE QUIERE REALIZAR LA PRUEBA Y LA ESPECIALIDAD INSTRUMENTAL.<\/p>\n<p>El conservatorio suele organizar en el mes de marzo unas jornadas de puertas abiertas donde se tiene la oportunidad de recibir asesoramiento de nuestro profesorado.<\/p>\n<p>Igualmente, estas ser\u00e1n publicadas en el apartado Novedades.<\/p>\n<p>Las plazas vacantes no se conocen en el momento de realizar la preinscripci\u00f3n, ya que dependen directamente de los alumnos que finalizan o abandonan estudios en nuestro centro, por lo que hasta una vez finalizado el curso no ser\u00e1n publicadas.<\/p>\n<p>Una vez preinscrito, las pruebas se realizar\u00e1n en la segunda mitad del mes de junio normalmente.<\/p>\n<p>La informaci\u00f3n actualizada sobre el procedimiento se puede encontrar en el apartado <a href=\"https:\/\/site.educa.madrid.org\/cpm.joaquinturina.madrid\/index.php\/admision\/\">ADMISI\u00d3N<\/a> de la web<\/p>\n\t\t\t\t<\/div>\n\t\t\t<\/div>\n\t\t<\/div>\n\t\t<\/div>\n<\/div>\n<\/div><\/div><\/div><\/div><\/div><\/div>","protected":false},"excerpt":{"rendered":"<p>A mi hijo le gusta la m\u00fasica y quiere empezar a estudiar. \u00bfQu\u00e9 debo hacer? Nuestro conservatorio imparte ense\u00f1anzas elementales (4 cursos) y profesionales (6 cursos) de m\u00fasica. En caso &#8230;<\/p>\n","protected":false},"author":4,"featured_media":0,"parent":0,"menu_order":0,"comment_status":"closed","ping_status":"closed","template":"template-fullwidth.php","meta":{"footnotes":""},"folder":[],"class_list":["post-3096","page","type-page","status-publish","hentry"],"rttpg_featured_image_url":null,"rttpg_author":{"display_name":"Jos\u00e9 Mar\u00eda P\u00e9rez Merino","author_link":"https:\/\/site.educa.madrid.org\/cpm.joaquinturina.madrid\/index.php\/author\/jos-mara_prez-merino\/"},"rttpg_comment":0,"rttpg_category":false,"rttpg_excerpt":"A mi hijo le gusta la m\u00fasica y quiere empezar a estudiar. \u00bfQu\u00e9 debo hacer? Nuestro conservatorio imparte ense\u00f1anzas elementales (4 cursos) y profesionales (6 cursos) de m\u00fasica. En caso ...","post_mailing_queue_ids":[],"_links":{"self":[{"href":"https:\/\/site.educa.madrid.org\/cpm.joaquinturina.madrid\/index.php\/wp-json\/wp\/v2\/pages\/3096","targetHints":{"allow":["GET"]}}],"collection":[{"href":"https:\/\/site.educa.madrid.org\/cpm.joaquinturina.madrid\/index.php\/wp-json\/wp\/v2\/pages"}],"about":[{"href":"https:\/\/site.educa.madrid.org\/cpm.joaquinturina.madrid\/index.php\/wp-json\/wp\/v2\/types\/page"}],"author":[{"embeddable":true,"href":"https:\/\/site.educa.madrid.org\/cpm.joaquinturina.madrid\/index.php\/wp-json\/wp\/v2\/users\/4"}],"replies":[{"embeddable":true,"href":"https:\/\/site.educa.madrid.org\/cpm.joaquinturina.madrid\/index.php\/wp-json\/wp\/v2\/comments?post=3096"}],"version-history":[{"count":27,"href":"https:\/\/site.educa.madrid.org\/cpm.joaquinturina.madrid\/index.php\/wp-json\/wp\/v2\/pages\/3096\/revisions"}],"predecessor-version":[{"id":5369,"href":"https:\/\/site.educa.madrid.org\/cpm.joaquinturina.madrid\/index.php\/wp-json\/wp\/v2\/pages\/3096\/revisions\/5369"}],"wp:attachment":[{"href":"https:\/\/site.educa.madrid.org\/cpm.joaquinturina.madrid\/index.php\/wp-json\/wp\/v2\/media?parent=3096"}],"wp:term":[{"taxonomy":"folder","embeddable":true,"href":"https:\/\/site.educa.madrid.org\/cpm.joaquinturina.madrid\/index.php\/wp-json\/wp\/v2\/folder?post=3096"}],"curies":[{"name":"wp","href":"https:\/\/api.w.org\/{rel}","templated":true}]}}