{"id":3147,"date":"2022-02-22T14:03:55","date_gmt":"2022-02-22T13:03:55","guid":{"rendered":"https:\/\/site.educa.madrid.org\/cpm.joaquinturina.madrid\/?page_id=3147"},"modified":"2026-03-12T14:25:27","modified_gmt":"2026-03-12T13:25:27","slug":"jornadas-de-puertas-abiertas","status":"publish","type":"page","link":"https:\/\/site.educa.madrid.org\/cpm.joaquinturina.madrid\/index.php\/jornadas-de-puertas-abiertas\/","title":{"rendered":"Jornadas de Puertas Abiertas"},"content":{"rendered":"<div id=\"pl-3147\"  class=\"panel-layout\" ><div id=\"pg-3147-0\"  class=\"panel-grid panel-has-style\" ><div class=\"panel-row-style panel-row-style-for-3147-0\" ><div id=\"pgc-3147-0-0\"  class=\"panel-grid-cell\" ><div id=\"panel-3147-0-0-0\" class=\"so-panel widget widget_sow-editor panel-first-child panel-last-child\" data-index=\"0\" ><div\n\t\t\t\n\t\t\tclass=\"so-widget-sow-editor so-widget-sow-editor-base\"\n\t\t\t\n\t\t><h3 class=\"widget-title\">Puertas abiertas 2026<\/h3>\n<div class=\"siteorigin-widget-tinymce textwidget\">\n\t<p>Queremos que nos conozcas, que no tengas ninguna duda cuando realices la preinscripci\u00f3n para las pruebas de acceso y que est\u00e9s tranquilo cuando vengas a hacerlas, por lo que todos los a\u00f1os celebramos nuestras \u00abJornadas de puertas abiertas\u00bb a finales de marzo o principios de Abril.<\/p>\n<p>En estas jornadas puedes solicitar una entrevista con nuestros profesores y preguntarles todas las cuestiones que quieras, as\u00ed como recibir el asesoramiento necesario para realizar la preinscripci\u00f3n a las pruebas de forma correcta.<\/p>\n<p>Si quieres conocer a nuestros profesores, nuestro centro o recibir asesoramiento porque est\u00e1s pensando estudiar con nosotros no lo dudes y <strong>cumplimenta hasta el 4 de abril de 2026<\/strong>\u00a0nuestro <a href=\"https:\/\/docs.google.com\/forms\/d\/e\/1FAIpQLSfTACVG-dx4LtzTxHPhFLOC5vvMIoAJR-109IeCJwTDCuWGhw\/viewform?usp=header\">FORMULARIO DE SOLICITUD DE ENTREVISTA<\/a> y podr\u00e1s preguntar en persona todas las dudas que tengas.<\/p>\n<p><span style=\"color: #ff0000;\"><span style=\"color: #0000ff;\"><strong>En la semana del 8 al 15 de abril se producir\u00e1n las citaciones y las entrevistas <\/strong><\/span><span style=\"color: #000000;\">de las solicitudes realizadas hasta el 4 de abril.<\/span><\/span><\/p>\n<p><span style=\"text-decoration: underline;\">Asimismo habr\u00e1 2 reuniones informativas con la direcci\u00f3n del centro con el fin de informar de los tr\u00e1mites y el funcionamiento del conservatorio:<\/span><\/p>\n<ul>\n<li><strong>7 de abril a las 17:30 horas. Reuni\u00f3n para aspirantes a 1\u00ba de EE. EE.<\/strong><\/li>\n<li><strong>7 de abril a las 18:30 horas: Reuni\u00f3n para aspirantes a cursos diferentes a 1\u00ba de EE. EE.<\/strong><\/li>\n<\/ul>\n<p><strong>LAS LLAMADAS PARA LAS CITACIONES INDIVIDUALES SE COMENZAR\u00c1N A PRODUCIR A PARTIR DEL 8 DE ABRIL.<\/strong><\/p>\n<p>Si tienes dudas puedes ponerte en contacto con nosotros\u00a0<strong><a href=\"https:\/\/site.educa.madrid.org\/cpm.joaquinturina.madrid\/index.php\/contacto\/\">haciendo click \u00a1AQU\u00cd!<\/a><\/strong><\/p>\n<p>&nbsp;<\/p>\n<p><a href=\"https:\/\/site.educa.madrid.org\/cpm.joaquinturina.madrid\/\/wp-content\/uploads\/cpm.joaquinturina.madrid\/2026\/03\/Copia-de-Cartel-jornadas-puertas-abiertas-2026.jpg\"><img loading=\"lazy\" decoding=\"async\" class=\"alignnone size-medium wp-image-8208\" src=\"https:\/\/site.educa.madrid.org\/cpm.joaquinturina.madrid\/\/wp-content\/uploads\/cpm.joaquinturina.madrid\/2026\/03\/Copia-de-Cartel-jornadas-puertas-abiertas-2026-212x300.jpg\" alt=\"\" width=\"212\" height=\"300\" srcset=\"https:\/\/site.educa.madrid.org\/cpm.joaquinturina.madrid\/\/wp-content\/uploads\/cpm.joaquinturina.madrid\/2026\/03\/Copia-de-Cartel-jornadas-puertas-abiertas-2026-212x300.jpg 212w, https:\/\/site.educa.madrid.org\/cpm.joaquinturina.madrid\/\/wp-content\/uploads\/cpm.joaquinturina.madrid\/2026\/03\/Copia-de-Cartel-jornadas-puertas-abiertas-2026-724x1024.jpg 724w, https:\/\/site.educa.madrid.org\/cpm.joaquinturina.madrid\/\/wp-content\/uploads\/cpm.joaquinturina.madrid\/2026\/03\/Copia-de-Cartel-jornadas-puertas-abiertas-2026-768x1086.jpg 768w, https:\/\/site.educa.madrid.org\/cpm.joaquinturina.madrid\/\/wp-content\/uploads\/cpm.joaquinturina.madrid\/2026\/03\/Copia-de-Cartel-jornadas-puertas-abiertas-2026-1086x1536.jpg 1086w, https:\/\/site.educa.madrid.org\/cpm.joaquinturina.madrid\/\/wp-content\/uploads\/cpm.joaquinturina.madrid\/2026\/03\/Copia-de-Cartel-jornadas-puertas-abiertas-2026-1448x2048.jpg 1448w, https:\/\/site.educa.madrid.org\/cpm.joaquinturina.madrid\/\/wp-content\/uploads\/cpm.joaquinturina.madrid\/2026\/03\/Copia-de-Cartel-jornadas-puertas-abiertas-2026.jpg 1587w\" sizes=\"auto, (max-width: 212px) 100vw, 212px\" \/><\/a><\/p>\n<\/div>\n<\/div><\/div><\/div><\/div><\/div><\/div>","protected":false},"excerpt":{"rendered":"<p>Queremos que nos conozcas, que no tengas ninguna duda cuando realices la preinscripci\u00f3n para las pruebas de acceso y que est\u00e9s tranquilo cuando vengas a hacerlas, por lo que todos &#8230;<\/p>\n","protected":false},"author":4,"featured_media":0,"parent":0,"menu_order":0,"comment_status":"closed","ping_status":"closed","template":"template-fullwidth.php","meta":{"footnotes":""},"folder":[],"class_list":["post-3147","page","type-page","status-publish","hentry"],"rttpg_featured_image_url":null,"rttpg_author":{"display_name":"Jos\u00e9 Mar\u00eda P\u00e9rez Merino","author_link":"https:\/\/site.educa.madrid.org\/cpm.joaquinturina.madrid\/index.php\/author\/jos-mara_prez-merino\/"},"rttpg_comment":0,"rttpg_category":false,"rttpg_excerpt":"Queremos que nos conozcas, que no tengas ninguna duda cuando realices la preinscripci\u00f3n para las pruebas de acceso y que est\u00e9s tranquilo cuando vengas a hacerlas, por lo que todos ...","post_mailing_queue_ids":[],"_links":{"self":[{"href":"https:\/\/site.educa.madrid.org\/cpm.joaquinturina.madrid\/index.php\/wp-json\/wp\/v2\/pages\/3147","targetHints":{"allow":["GET"]}}],"collection":[{"href":"https:\/\/site.educa.madrid.org\/cpm.joaquinturina.madrid\/index.php\/wp-json\/wp\/v2\/pages"}],"about":[{"href":"https:\/\/site.educa.madrid.org\/cpm.joaquinturina.madrid\/index.php\/wp-json\/wp\/v2\/types\/page"}],"author":[{"embeddable":true,"href":"https:\/\/site.educa.madrid.org\/cpm.joaquinturina.madrid\/index.php\/wp-json\/wp\/v2\/users\/4"}],"replies":[{"embeddable":true,"href":"https:\/\/site.educa.madrid.org\/cpm.joaquinturina.madrid\/index.php\/wp-json\/wp\/v2\/comments?post=3147"}],"version-history":[{"count":18,"href":"https:\/\/site.educa.madrid.org\/cpm.joaquinturina.madrid\/index.php\/wp-json\/wp\/v2\/pages\/3147\/revisions"}],"predecessor-version":[{"id":8210,"href":"https:\/\/site.educa.madrid.org\/cpm.joaquinturina.madrid\/index.php\/wp-json\/wp\/v2\/pages\/3147\/revisions\/8210"}],"wp:attachment":[{"href":"https:\/\/site.educa.madrid.org\/cpm.joaquinturina.madrid\/index.php\/wp-json\/wp\/v2\/media?parent=3147"}],"wp:term":[{"taxonomy":"folder","embeddable":true,"href":"https:\/\/site.educa.madrid.org\/cpm.joaquinturina.madrid\/index.php\/wp-json\/wp\/v2\/folder?post=3147"}],"curies":[{"name":"wp","href":"https:\/\/api.w.org\/{rel}","templated":true}]}}