{"id":3307,"date":"2022-02-22T17:42:26","date_gmt":"2022-02-22T16:42:26","guid":{"rendered":"https:\/\/site.educa.madrid.org\/cpm.joaquinturina.madrid\/?page_id=3307"},"modified":"2026-03-05T13:26:44","modified_gmt":"2026-03-05T12:26:44","slug":"contacto","status":"publish","type":"page","link":"https:\/\/site.educa.madrid.org\/cpm.joaquinturina.madrid\/index.php\/contacto\/","title":{"rendered":"Contacto"},"content":{"rendered":"<div id=\"pl-3307\"  class=\"panel-layout\" ><div id=\"pg-3307-0\"  class=\"panel-grid panel-has-style\" ><div class=\"siteorigin-panels-stretch panel-row-style panel-row-style-for-3307-0\" data-stretch-type=\"full-width-stretch\" ><div id=\"pgc-3307-0-0\"  class=\"panel-grid-cell\" ><div id=\"panel-3307-0-0-0\" class=\"so-panel widget widget_sow-image panel-first-child panel-last-child\" data-index=\"0\" ><div\n\t\t\t\n\t\t\tclass=\"so-widget-sow-image so-widget-sow-image-default-8b5b6f678277-3307\"\n\t\t\t\n\t\t>\n\n<div class=\"sow-image-container\">\n\t\t<img loading=\"lazy\" decoding=\"async\" src=\"https:\/\/site.educa.madrid.org\/cpm.joaquinturina.madrid\/\/wp-content\/uploads\/cpm.joaquinturina.madrid\/2022\/02\/cabint_4.jpg\" width=\"1920\" height=\"398\" srcset=\"https:\/\/site.educa.madrid.org\/cpm.joaquinturina.madrid\/\/wp-content\/uploads\/cpm.joaquinturina.madrid\/2022\/02\/cabint_4.jpg 1920w, https:\/\/site.educa.madrid.org\/cpm.joaquinturina.madrid\/\/wp-content\/uploads\/cpm.joaquinturina.madrid\/2022\/02\/cabint_4-300x62.jpg 300w, https:\/\/site.educa.madrid.org\/cpm.joaquinturina.madrid\/\/wp-content\/uploads\/cpm.joaquinturina.madrid\/2022\/02\/cabint_4-1024x212.jpg 1024w, https:\/\/site.educa.madrid.org\/cpm.joaquinturina.madrid\/\/wp-content\/uploads\/cpm.joaquinturina.madrid\/2022\/02\/cabint_4-768x159.jpg 768w, https:\/\/site.educa.madrid.org\/cpm.joaquinturina.madrid\/\/wp-content\/uploads\/cpm.joaquinturina.madrid\/2022\/02\/cabint_4-1536x318.jpg 1536w\" sizes=\"auto, (max-width: 1920px) 100vw, 1920px\" alt=\"\" \t\tclass=\"so-widget-image\"\/>\n\t<\/div>\n\n<\/div><\/div><\/div><\/div><\/div><div id=\"pg-3307-1\"  class=\"panel-grid panel-no-style\" ><div id=\"pgc-3307-1-0\"  class=\"panel-grid-cell\" ><div id=\"panel-3307-1-0-0\" class=\"so-panel widget widget_sow-headline panel-first-child\" data-index=\"1\" ><div\n\t\t\t\n\t\t\tclass=\"so-widget-sow-headline so-widget-sow-headline-default-c3fb9b79a8c6-3307\"\n\t\t\t\n\t\t><div class=\"sow-headline-container \">\n\t\t\t\t\t\t\t<h2 class=\"sow-headline\">\n\t\t\t\t\t\tContacto\t\t\t\t\t\t<\/h2>\n\t\t\t\t\t\t\t\t\t\t\t<div class=\"decoration\">\n\t\t\t\t\t\t<div class=\"decoration-inside\"><\/div>\n\t\t\t\t\t<\/div>\n\t\t\t\t\t<\/div>\n<\/div><\/div><div id=\"panel-3307-1-0-1\" class=\"so-panel widget widget_sow-headline panel-last-child\" data-index=\"2\" ><div\n\t\t\t\n\t\t\tclass=\"so-widget-sow-headline so-widget-sow-headline-default-ee14a068646f-3307\"\n\t\t\t\n\t\t><div class=\"sow-headline-container \">\n\t\t\t\t\t\t\t<h3 class=\"sow-headline\">\n\t\t\t\t\t\tConservatorio Profesional de M\u00fasica \u00abJoaqu\u00edn Turina\u00bb\t\t\t\t\t\t<\/h3>\n\t\t\t\t\t\t\t\t\t\t\t<div class=\"decoration\">\n\t\t\t\t\t\t<div class=\"decoration-inside\"><\/div>\n\t\t\t\t\t<\/div>\n\t\t\t\t\t<\/div>\n<\/div><\/div><\/div><\/div><div id=\"pg-3307-2\"  class=\"panel-grid panel-no-style\" ><div id=\"pgc-3307-2-0\"  class=\"panel-grid-cell\" ><div id=\"panel-3307-2-0-0\" class=\"so-panel widget widget_sow-headline panel-first-child\" data-index=\"3\" ><div\n\t\t\t\n\t\t\tclass=\"so-widget-sow-headline so-widget-sow-headline-default-372bf1fb88f9-3307\"\n\t\t\t\n\t\t><div class=\"sow-headline-container \">\n\t\t\t\t\t\t\t<h4 class=\"sow-headline\">\n\t\t\t\t\t\tDirecci\u00f3n\t\t\t\t\t\t<\/h4>\n\t\t\t\t\t\t\t\t\t\t\t<div class=\"decoration\">\n\t\t\t\t\t\t<div class=\"decoration-inside\"><\/div>\n\t\t\t\t\t<\/div>\n\t\t\t\t\t<\/div>\n<\/div><\/div><div id=\"panel-3307-2-0-1\" class=\"so-panel widget widget_sow-editor\" data-index=\"4\" ><div\n\t\t\t\n\t\t\tclass=\"so-widget-sow-editor so-widget-sow-editor-base\"\n\t\t\t\n\t\t>\n<div class=\"siteorigin-widget-tinymce textwidget\">\n\t<p>C\/Ceuta, 18<br \/>\n28039 \u2013 Madrid<\/p>\n<\/div>\n<\/div><\/div><div id=\"panel-3307-2-0-2\" class=\"so-panel widget widget_sow-headline\" data-index=\"5\" ><div\n\t\t\t\n\t\t\tclass=\"so-widget-sow-headline so-widget-sow-headline-default-372bf1fb88f9-3307\"\n\t\t\t\n\t\t><div class=\"sow-headline-container \">\n\t\t\t\t\t\t\t<h4 class=\"sow-headline\">\n\t\t\t\t\t\tC\u00f3digo de centro\t\t\t\t\t\t<\/h4>\n\t\t\t\t\t\t\t\t\t\t\t<div class=\"decoration\">\n\t\t\t\t\t\t<div class=\"decoration-inside\"><\/div>\n\t\t\t\t\t<\/div>\n\t\t\t\t\t<\/div>\n<\/div><\/div><div id=\"panel-3307-2-0-3\" class=\"so-panel widget widget_sow-editor panel-last-child\" data-index=\"6\" ><div\n\t\t\t\n\t\t\tclass=\"so-widget-sow-editor so-widget-sow-editor-base\"\n\t\t\t\n\t\t>\n<div class=\"siteorigin-widget-tinymce textwidget\">\n\t<p>28044392<\/p>\n<\/div>\n<\/div><\/div><\/div><div id=\"pgc-3307-2-1\"  class=\"panel-grid-cell\" ><div id=\"panel-3307-2-1-0\" class=\"so-panel widget widget_sow-headline panel-first-child\" data-index=\"7\" ><div\n\t\t\t\n\t\t\tclass=\"so-widget-sow-headline so-widget-sow-headline-default-372bf1fb88f9-3307\"\n\t\t\t\n\t\t><div class=\"sow-headline-container \">\n\t\t\t\t\t\t\t<h4 class=\"sow-headline\">\n\t\t\t\t\t\t Horario del centro\t\t\t\t\t\t<\/h4>\n\t\t\t\t\t\t\t\t\t\t\t<div class=\"decoration\">\n\t\t\t\t\t\t<div class=\"decoration-inside\"><\/div>\n\t\t\t\t\t<\/div>\n\t\t\t\t\t<\/div>\n<\/div><\/div><div id=\"panel-3307-2-1-1\" class=\"so-panel widget widget_sow-editor\" data-index=\"8\" ><div\n\t\t\t\n\t\t\tclass=\"so-widget-sow-editor so-widget-sow-editor-base\"\n\t\t\t\n\t\t>\n<div class=\"siteorigin-widget-tinymce textwidget\">\n\t<p>De 9.00 a 21.30h<\/p>\n<\/div>\n<\/div><\/div><div id=\"panel-3307-2-1-2\" class=\"so-panel widget widget_sow-headline\" data-index=\"9\" ><div\n\t\t\t\n\t\t\tclass=\"so-widget-sow-headline so-widget-sow-headline-default-372bf1fb88f9-3307\"\n\t\t\t\n\t\t><div class=\"sow-headline-container \">\n\t\t\t\t\t\t\t<h4 class=\"sow-headline\">\n\t\t\t\t\t\tHorario de ventanilla de secretar\u00eda\t\t\t\t\t\t<\/h4>\n\t\t\t\t\t\t\t\t\t\t\t<div class=\"decoration\">\n\t\t\t\t\t\t<div class=\"decoration-inside\"><\/div>\n\t\t\t\t\t<\/div>\n\t\t\t\t\t<\/div>\n<\/div><\/div><div id=\"panel-3307-2-1-3\" class=\"so-panel widget widget_sow-editor panel-last-child\" data-index=\"10\" ><div\n\t\t\t\n\t\t\tclass=\"so-widget-sow-editor so-widget-sow-editor-base\"\n\t\t\t\n\t\t>\n<div class=\"siteorigin-widget-tinymce textwidget\">\n\t<div class=\"uk-width-1-2@s uk-width-1-4@m\">\n<div class=\"uk-panel uk-margin\">\n<p>De 9.30 a 13.00h<\/p>\n<\/div>\n<\/div>\n<\/div>\n<\/div><\/div><\/div><div id=\"pgc-3307-2-2\"  class=\"panel-grid-cell\" ><div id=\"panel-3307-2-2-0\" class=\"so-panel widget widget_sow-headline panel-first-child\" data-index=\"11\" ><div\n\t\t\t\n\t\t\tclass=\"so-widget-sow-headline so-widget-sow-headline-default-372bf1fb88f9-3307\"\n\t\t\t\n\t\t><div class=\"sow-headline-container \">\n\t\t\t\t\t\t\t<h4 class=\"sow-headline\">\n\t\t\t\t\t\tTel\u00e9fono\t\t\t\t\t\t<\/h4>\n\t\t\t\t\t\t\t\t\t\t\t<div class=\"decoration\">\n\t\t\t\t\t\t<div class=\"decoration-inside\"><\/div>\n\t\t\t\t\t<\/div>\n\t\t\t\t\t<\/div>\n<\/div><\/div><div id=\"panel-3307-2-2-1\" class=\"so-panel widget widget_sow-editor panel-last-child\" data-index=\"12\" ><div\n\t\t\t\n\t\t\tclass=\"so-widget-sow-editor so-widget-sow-editor-base\"\n\t\t\t\n\t\t>\n<div class=\"siteorigin-widget-tinymce textwidget\">\n\t<p><a href=\"tel:+34915717640\">91.571.76.40\u00a0 <\/a><\/p>\n<\/div>\n<\/div><\/div><\/div><div id=\"pgc-3307-2-3\"  class=\"panel-grid-cell\" ><div id=\"panel-3307-2-3-0\" class=\"so-panel widget widget_sow-headline panel-first-child\" data-index=\"13\" ><div\n\t\t\t\n\t\t\tclass=\"so-widget-sow-headline so-widget-sow-headline-default-372bf1fb88f9-3307\"\n\t\t\t\n\t\t><div class=\"sow-headline-container \">\n\t\t\t\t\t\t\t<h4 class=\"sow-headline\">\n\t\t\t\t\t\tEmail\t\t\t\t\t\t<\/h4>\n\t\t\t\t\t\t\t\t\t\t\t<div class=\"decoration\">\n\t\t\t\t\t\t<div class=\"decoration-inside\"><\/div>\n\t\t\t\t\t<\/div>\n\t\t\t\t\t<\/div>\n<\/div><\/div><div id=\"panel-3307-2-3-1\" class=\"so-panel widget widget_sow-editor panel-last-child\" data-index=\"14\" ><div\n\t\t\t\n\t\t\tclass=\"so-widget-sow-editor so-widget-sow-editor-base\"\n\t\t\t\n\t\t>\n<div class=\"siteorigin-widget-tinymce textwidget\">\n\t<p><span style=\"text-decoration: underline;\">Informaci\u00f3n y tr\u00e1mites:<\/span><br \/>\n<a href=\"mailto:secretaria.cpm.joaquinturina.madrid@educa.madrid.org\">secretaria.cpm.joaquinturina.madrid@educa.madrid.org<\/a><\/p>\n<p><span style=\"text-decoration: underline;\">Vicedirecci\u00f3n:<\/span><\/p>\n<p><a href=\"mailto:vicedireccion.cpm.joaquinturina.madrid@educa.madrid.org\">vicedireccion.cpm.joaquinturina.madrid@educa.madrid.org<\/a><\/p>\n<p><span style=\"text-decoration: underline;\">Jefatura de estudios:<\/span><\/p>\n<p><a href=\"mailto:jestudios.cpm.joaquinturina.madrid@educa.madrid.org\">jestudios.cpm.joaquinturina.madrid@educa.madrid.org <\/a><\/p>\n<p><span style=\"text-decoration: underline;\">Direcci\u00f3n:<\/span><\/p>\n<p><a href=\"mailto:mailto:cpm.joaquinturina.madrid@educa.madrid.org\">cpm.joaquinturina.madrid@educa.madrid.org<\/a><\/p>\n<\/div>\n<\/div><\/div><\/div><\/div><div id=\"pg-3307-3\"  class=\"panel-grid panel-no-style\" ><div id=\"pgc-3307-3-0\"  class=\"panel-grid-cell\" ><div id=\"panel-3307-3-0-0\" class=\"so-panel widget widget_sow-headline panel-first-child\" data-index=\"15\" ><div\n\t\t\t\n\t\t\tclass=\"so-widget-sow-headline so-widget-sow-headline-default-372bf1fb88f9-3307\"\n\t\t\t\n\t\t><div class=\"sow-headline-container \">\n\t\t\t\t\t\t\t<h4 class=\"sow-headline\">\n\t\t\t\t\t\tAsociaci\u00f3n de Madres y Padres\t\t\t\t\t\t<\/h4>\n\t\t\t\t\t\t\t\t\t\t\t<div class=\"decoration\">\n\t\t\t\t\t\t<div class=\"decoration-inside\"><\/div>\n\t\t\t\t\t<\/div>\n\t\t\t\t\t<\/div>\n<\/div><\/div><div id=\"panel-3307-3-0-1\" class=\"so-panel widget widget_sow-editor panel-last-child\" data-index=\"16\" ><div\n\t\t\t\n\t\t\tclass=\"so-widget-sow-editor so-widget-sow-editor-base\"\n\t\t\t\n\t\t>\n<div class=\"siteorigin-widget-tinymce textwidget\">\n\t<p><a href=\"mailto:afa@conservatorioturina.com\">afa@conservatorioturina.com<\/a><\/p>\n<\/div>\n<\/div><\/div><\/div><div id=\"pgc-3307-3-1\"  class=\"panel-grid-cell\" ><div id=\"panel-3307-3-1-0\" class=\"so-panel widget widget_sow-headline panel-first-child\" data-index=\"17\" ><div\n\t\t\t\n\t\t\tclass=\"so-widget-sow-headline so-widget-sow-headline-default-372bf1fb88f9-3307\"\n\t\t\t\n\t\t><div class=\"sow-headline-container \">\n\t\t\t\t\t\t\t<h4 class=\"sow-headline\">\n\t\t\t\t\t\tRepresentantes familias Consejo Escolar\t\t\t\t\t\t<\/h4>\n\t\t\t\t\t\t\t\t\t\t\t<div class=\"decoration\">\n\t\t\t\t\t\t<div class=\"decoration-inside\"><\/div>\n\t\t\t\t\t<\/div>\n\t\t\t\t\t<\/div>\n<\/div><\/div><div id=\"panel-3307-3-1-1\" class=\"so-panel widget widget_sow-editor panel-last-child\" data-index=\"18\" ><div\n\t\t\t\n\t\t\tclass=\"so-widget-sow-editor so-widget-sow-editor-base\"\n\t\t\t\n\t\t>\n<div class=\"siteorigin-widget-tinymce textwidget\">\n\t<p><a href=\"mailto:familias@conservatorioturina.com\">familias@conservatorioturina.com<\/a><\/p>\n<\/div>\n<\/div><\/div><\/div><div id=\"pgc-3307-3-2\"  class=\"panel-grid-cell\" ><div id=\"panel-3307-3-2-0\" class=\"so-panel widget widget_sow-headline panel-first-child\" data-index=\"19\" ><div\n\t\t\t\n\t\t\tclass=\"so-widget-sow-headline so-widget-sow-headline-default-372bf1fb88f9-3307\"\n\t\t\t\n\t\t><div class=\"sow-headline-container \">\n\t\t\t\t\t\t\t<h4 class=\"sow-headline\">\n\t\t\t\t\t\tRepresentantes alumnado Consejo Escolar\t\t\t\t\t\t<\/h4>\n\t\t\t\t\t\t\t\t\t\t\t<div class=\"decoration\">\n\t\t\t\t\t\t<div class=\"decoration-inside\"><\/div>\n\t\t\t\t\t<\/div>\n\t\t\t\t\t<\/div>\n<\/div><\/div><div id=\"panel-3307-3-2-1\" class=\"so-panel widget widget_sow-editor panel-last-child\" data-index=\"20\" ><div\n\t\t\t\n\t\t\tclass=\"so-widget-sow-editor so-widget-sow-editor-base\"\n\t\t\t\n\t\t>\n<div class=\"siteorigin-widget-tinymce textwidget\">\n\t<p><a href=\"mailto:alumnado@conservatorioturina.com\">alumnado@conservatorioturina.com<\/a><\/p>\n<\/div>\n<\/div><\/div><\/div><\/div><div id=\"pg-3307-4\"  class=\"panel-grid panel-has-style\" ><div class=\"siteorigin-panels-stretch panel-row-style panel-row-style-for-3307-4\" data-stretch-type=\"full\" ><div id=\"pgc-3307-4-0\"  class=\"panel-grid-cell\" ><div id=\"panel-3307-4-0-0\" class=\"so-panel widget widget_sow-headline panel-first-child\" data-index=\"21\" ><div\n\t\t\t\n\t\t\tclass=\"so-widget-sow-headline so-widget-sow-headline-default-372bf1fb88f9-3307\"\n\t\t\t\n\t\t><div class=\"sow-headline-container \">\n\t\t\t\t\t\t\t<h4 class=\"sow-headline\">\n\t\t\t\t\t\tFormulario de contacto\t\t\t\t\t\t<\/h4>\n\t\t\t\t\t\t\t\t\t\t\t<div class=\"decoration\">\n\t\t\t\t\t\t<div class=\"decoration-inside\"><\/div>\n\t\t\t\t\t<\/div>\n\t\t\t\t\t<\/div>\n<\/div><\/div><div id=\"panel-3307-4-0-1\" class=\"widget_text so-panel widget widget_custom_html panel-last-child\" data-index=\"22\" ><div class=\"textwidget custom-html-widget\">\n<div class=\"wpcf7 no-js\" id=\"wpcf7-f1840-o1\" lang=\"es-ES\" dir=\"ltr\">\n<div class=\"screen-reader-response\"><p role=\"status\" aria-live=\"polite\" aria-atomic=\"true\"><\/p> <ul><\/ul><\/div>\n<form action=\"\/cpm.joaquinturina.madrid\/index.php\/wp-json\/wp\/v2\/pages\/3307#wpcf7-f1840-o1\" method=\"post\" class=\"wpcf7-form init\" aria-label=\"Formulario de contacto\" enctype=\"multipart\/form-data\" novalidate=\"novalidate\" data-status=\"init\">\n<div style=\"display: none;\">\n<input type=\"hidden\" name=\"_wpcf7\" value=\"1840\" \/>\n<input type=\"hidden\" name=\"_wpcf7_version\" value=\"5.9.7\" \/>\n<input type=\"hidden\" name=\"_wpcf7_locale\" value=\"es_ES\" \/>\n<input type=\"hidden\" name=\"_wpcf7_unit_tag\" value=\"wpcf7-f1840-o1\" \/>\n<input type=\"hidden\" name=\"_wpcf7_container_post\" value=\"0\" \/>\n<input type=\"hidden\" name=\"_wpcf7_posted_data_hash\" value=\"\" \/>\n<\/div>\n<p><label> Tu nombre*<br \/>\n<span class=\"wpcf7-form-control-wrap\" data-name=\"your-name\"><input size=\"40\" maxlength=\"400\" class=\"wpcf7-form-control wpcf7-text wpcf7-validates-as-required\" aria-required=\"true\" aria-invalid=\"false\" value=\"\" type=\"text\" name=\"your-name\" \/><\/span> <\/label>\n<\/p>\n<p><label> Tu correo electr\u00f3nico*<br \/>\n<span class=\"wpcf7-form-control-wrap\" data-name=\"your-email\"><input size=\"40\" maxlength=\"400\" class=\"wpcf7-form-control wpcf7-email wpcf7-validates-as-required wpcf7-text wpcf7-validates-as-email\" aria-required=\"true\" aria-invalid=\"false\" value=\"\" type=\"email\" name=\"your-email\" \/><\/span> <\/label>\n<\/p>\n<p><label> Asunto*<br \/>\n<span class=\"wpcf7-form-control-wrap\" data-name=\"your-subject\"><input size=\"40\" maxlength=\"400\" class=\"wpcf7-form-control wpcf7-text wpcf7-validates-as-required\" aria-required=\"true\" aria-invalid=\"false\" value=\"\" type=\"text\" name=\"your-subject\" \/><\/span> <\/label>\n<\/p>\n<p><label> Tu mensaje*<br \/>\n<span class=\"wpcf7-form-control-wrap\" data-name=\"your-message\"><textarea cols=\"40\" rows=\"10\" maxlength=\"2000\" class=\"wpcf7-form-control wpcf7-textarea wpcf7-validates-as-required\" aria-required=\"true\" aria-invalid=\"false\" name=\"your-message\"><\/textarea><\/span> <\/label><br \/>\n<!--[anr_nocaptcha g-recaptcha-response]--><br \/>\n<span class=\"wpcf7-form-control-wrap\" data-name=\"file-477\"><input size=\"40\" class=\"wpcf7-form-control wpcf7-file\" accept=\".pdf,.zip\" aria-invalid=\"false\" type=\"file\" name=\"file-477\" \/><\/span>\n<\/p>\n<p style=\"font-size:8pt;\">Los campos marcados con * son obligatorios.\n<\/p>\n<p style=\"font-size:8pt; text-transform:none; line-height:9pt;\">En el Conservatorio Joaqu\u00edn Turina tratamos la informaci\u00f3n que nos facilita con el fin de prestarles el servicio solicitado. Los datos proporcionados se conservar\u00e1n mientras sea necesario para el tr\u00e1mite que solicita o durante los a\u00f1os necesarios para cumplir con las obligaciones legales. Los datos no se ceder\u00e1n a terceros salvo en los casos en que exista una obligaci\u00f3n legal. Usted tiene derecho a obtener confirmaci\u00f3n sobre si en el CONSERVATORIO PROFESIONAL DE M\u00daSICA \u201cJOAQU\u00cdN TURINA\u201d estamos tratando sus datos personales, por tanto tiene derecho a acceder a sus datos personales, rectificar los datos inexactos o solicitar su supresi\u00f3n cuando los datos ya no sean necesarios a trav\u00e9s del correo cpm.joaquinturina.madrid@educa.madrid.org.\n<\/p>\n<p><span class=\"wpcf7-form-control-wrap\" data-name=\"Privacidad\"><span class=\"wpcf7-form-control wpcf7-acceptance\"><span class=\"wpcf7-list-item\"><label><input type=\"checkbox\" name=\"Privacidad\" value=\"1\" aria-invalid=\"false\" \/><span class=\"wpcf7-list-item-label\">He le\u00eddo y acepto la <a rel=\"nofollow\" href=\"https:\/\/www.educa2.madrid.org\/educamadrid\/politica-privacidad\" target=\"_blank\">Pol\u00edtica de Privacidad<\/a>.<\/span><\/label><\/span><\/span><\/span>\n<\/p>\n<p class=\"aiowps-captcha hide-when-displaying-tfa-input\"><label for=\"aiowps-captcha-answer\">Por favor, introduce una respuesta en d\u00edgitos:<\/label>\n<\/p>\n<div class=\"aiowps-captcha-equation hide-when-displaying-tfa-input\">\n\t<p><strong>3 &#215; cinco = <input type=\"hidden\" name=\"aiowps-captcha-string-info\" class=\"aiowps-captcha-string-info\" value=\"uwirxv6vcx\" \/><input type=\"hidden\" name=\"aiowps-captcha-temp-string\" class=\"aiowps-captcha-temp-string\" value=\"1778624065\" \/><input type=\"text\" size=\"2\" class=\"aiowps-captcha-answer\" name=\"aiowps-captcha-answer\" value=\"\" autocomplete=\"off\" \/><\/strong>\n\t<\/p>\n<\/div>\n<p><span class='wpcf7-form-control-wrap' data-name='aiowps-captcha'><\/span><input class=\"wpcf7-form-control wpcf7-submit has-spinner uk-button uk-button-primary\" type=\"submit\" value=\"Enviar\" \/>\n<\/p><p style=\"display: none !important;\" class=\"akismet-fields-container\" data-prefix=\"_wpcf7_ak_\"><label>&#916;<textarea name=\"_wpcf7_ak_hp_textarea\" cols=\"45\" rows=\"8\" maxlength=\"100\"><\/textarea><\/label><input type=\"hidden\" id=\"ak_js_1\" name=\"_wpcf7_ak_js\" value=\"66\"\/><script>document.getElementById( \"ak_js_1\" ).setAttribute( \"value\", ( new Date() ).getTime() );<\/script><\/p><div class=\"wpcf7-response-output\" aria-hidden=\"true\"><\/div>\n<\/form>\n<\/div>\n<\/div><\/div><\/div><div id=\"pgc-3307-4-1\"  class=\"panel-grid-cell\" ><div id=\"panel-3307-4-1-0\" class=\"widget_text so-panel widget widget_custom_html panel-first-child panel-last-child\" data-index=\"23\" ><div class=\"textwidget custom-html-widget\"><iframe src=\"https:\/\/www.google.com\/maps\/embed?pb=!1m14!1m8!1m3!1d6326.4252066755735!2d-3.6985446938309003!3d40.462545331033645!3m2!1i1024!2i768!4f13.1!3m3!1m2!1s0xd422906676a059b%3A0xea095480df6849d9!2sConservatorio%20Profesional%20de%20M%C3%BAsica%20%22Joaqu%C3%ADn%20Turina%22!5e0!3m2!1ses!2ses!4v1647174077538!5m2!1ses!2ses\" width=\"450\" height=\"350\" style=\"border:0;\" allowfullscreen=\"\" loading=\"lazy\"><\/iframe><\/div><\/div><\/div><\/div><\/div><\/div>","protected":false},"excerpt":{"rendered":"<p>Contacto Conservatorio Profesional de M\u00fasica \u00abJoaqu\u00edn Turina\u00bb Direcci\u00f3n C\/Ceuta, 18 28039 \u2013 Madrid C\u00f3digo de centro 28044392 Horario del centro De 9.00 a 21.30h Horario de ventanilla de secretar\u00eda De &#8230;<\/p>\n","protected":false},"author":4,"featured_media":0,"parent":0,"menu_order":0,"comment_status":"closed","ping_status":"closed","template":"template-fullwidth.php","meta":{"footnotes":""},"folder":[],"class_list":["post-3307","page","type-page","status-publish","hentry"],"rttpg_featured_image_url":null,"rttpg_author":{"display_name":"Jos\u00e9 Mar\u00eda P\u00e9rez Merino","author_link":"https:\/\/site.educa.madrid.org\/cpm.joaquinturina.madrid\/index.php\/author\/jos-mara_prez-merino\/"},"rttpg_comment":0,"rttpg_category":false,"rttpg_excerpt":"Contacto Conservatorio Profesional de M\u00fasica \u00abJoaqu\u00edn Turina\u00bb Direcci\u00f3n C\/Ceuta, 18 28039 \u2013 Madrid C\u00f3digo de centro 28044392 Horario del centro De 9.00 a 21.30h Horario de ventanilla de secretar\u00eda De ...","post_mailing_queue_ids":[],"_links":{"self":[{"href":"https:\/\/site.educa.madrid.org\/cpm.joaquinturina.madrid\/index.php\/wp-json\/wp\/v2\/pages\/3307","targetHints":{"allow":["GET"]}}],"collection":[{"href":"https:\/\/site.educa.madrid.org\/cpm.joaquinturina.madrid\/index.php\/wp-json\/wp\/v2\/pages"}],"about":[{"href":"https:\/\/site.educa.madrid.org\/cpm.joaquinturina.madrid\/index.php\/wp-json\/wp\/v2\/types\/page"}],"author":[{"embeddable":true,"href":"https:\/\/site.educa.madrid.org\/cpm.joaquinturina.madrid\/index.php\/wp-json\/wp\/v2\/users\/4"}],"replies":[{"embeddable":true,"href":"https:\/\/site.educa.madrid.org\/cpm.joaquinturina.madrid\/index.php\/wp-json\/wp\/v2\/comments?post=3307"}],"version-history":[{"count":50,"href":"https:\/\/site.educa.madrid.org\/cpm.joaquinturina.madrid\/index.php\/wp-json\/wp\/v2\/pages\/3307\/revisions"}],"predecessor-version":[{"id":8180,"href":"https:\/\/site.educa.madrid.org\/cpm.joaquinturina.madrid\/index.php\/wp-json\/wp\/v2\/pages\/3307\/revisions\/8180"}],"wp:attachment":[{"href":"https:\/\/site.educa.madrid.org\/cpm.joaquinturina.madrid\/index.php\/wp-json\/wp\/v2\/media?parent=3307"}],"wp:term":[{"taxonomy":"folder","embeddable":true,"href":"https:\/\/site.educa.madrid.org\/cpm.joaquinturina.madrid\/index.php\/wp-json\/wp\/v2\/folder?post=3307"}],"curies":[{"name":"wp","href":"https:\/\/api.w.org\/{rel}","templated":true}]}}