{"id":3356,"date":"2022-02-22T18:14:29","date_gmt":"2022-02-22T17:14:29","guid":{"rendered":"https:\/\/site.educa.madrid.org\/cpm.joaquinturina.madrid\/?page_id=3356"},"modified":"2025-03-24T12:51:41","modified_gmt":"2025-03-24T11:51:41","slug":"criterios-de-adjudicacion-de-vacantes","status":"publish","type":"page","link":"https:\/\/site.educa.madrid.org\/cpm.joaquinturina.madrid\/index.php\/criterios-de-adjudicacion-de-vacantes\/","title":{"rendered":"Criterios de Adjudicaci\u00f3n de Vacantes"},"content":{"rendered":"<div id=\"pl-3356\"  class=\"panel-layout\" ><div id=\"pg-3356-0\"  class=\"panel-grid panel-has-style\" ><div class=\"panel-row-style panel-row-style-for-3356-0\" ><div id=\"pgc-3356-0-0\"  class=\"panel-grid-cell\" ><div id=\"panel-3356-0-0-0\" class=\"so-panel widget widget_sow-editor panel-first-child panel-last-child\" data-index=\"0\" ><div\n\t\t\t\n\t\t\tclass=\"so-widget-sow-editor so-widget-sow-editor-base\"\n\t\t\t\n\t\t>\n<div class=\"siteorigin-widget-tinymce textwidget\">\n\t<h3>Las vacantes disponibles se asignar\u00e1n seg\u00fan el siguiente orden de prelaci\u00f3n:<\/h3>\n<ol>\n<li class=\"uk-heading-bullet\"><strong>Alumnado de reingreso <\/strong>(despu\u00e9s de un a\u00f1o sin estar matriculado)<span style=\"color: #ff0000;\"><br \/>\n<\/span><\/li>\n<li><strong>Traslados de expediente.-<\/strong> se reserva un 4% de las plazas vacantes totales ofertadas.<\/li>\n<li><strong>Cursos distintos a 1\u00ba de EE.EE.-<\/strong> En un mismo bloque, de 2\u00ba a 4\u00ba de Ense\u00f1anzas elementales y de 1\u00ba a 6\u00ba de Ense\u00f1anzas Profesionales por orden de puntuaci\u00f3n.<\/li>\n<li><strong>Alumnado de 1\u00ba de Ense\u00f1anzas Elementales.-<\/strong> Se destinar\u00e1 para el primer curso de EE.EE. el 20% de las vacantes totales. Dichas vacantes se adjudicar\u00e1n por orden de puntuaci\u00f3n en la prueba de acceso. Tras la publicaci\u00f3n de la lista de aprobados, se citar\u00e1 a un acto p\u00fablico en el que los aspirantes, seg\u00fan su orden en dicha lista, elegir\u00e1n una especialidad de las ofertadas.<\/li>\n<\/ol>\n<div class=\"uk-panel uk-margin\">\n<p>&nbsp;<\/p>\n<p><strong>RESOLUCI\u00d3N DE EMPATES<\/strong><\/p>\n<ol>\n<li>\u00a0Si en nuestro centro fuera necesario realizar un desempate entre varias solicitudes, la aplicaci\u00f3n Ra\u00edces elaborar\u00e1 una relaci\u00f3n ordenada alfab\u00e9ticamente con las solicitudes que est\u00e1n en situaci\u00f3n de empate y asignar\u00e1 a cada una de ellas correlativamente un n\u00famero natural, comenzando por el 1 y terminando por la \u00faltima de las solicitudes empatadas.<\/li>\n<li>Se calcular\u00e1 el n\u00famero natural que resulta al eliminar las cifras decimales del n\u00famero que se obtiene sumando uno al producto del n\u00famero total de solicitudes empatadas por lo n\u00famero obtenido en el sorteo.<\/li>\n<li>4. Las plazas vacantes disponibles se adjudicar\u00e1n comenzando por la solicitud de la relaci\u00f3n a la que se refiere el apartado 2, correspondiente con el n\u00famero que se determine conforme a lo dispuesto en el apartado 3 y continuando, hasta agotar las plazas vacantes, por aquellas solicitudes a las que corresponden los siguientes n\u00fameros seg\u00fan el orden creciente de la serie num\u00e9rica.<\/li>\n<li>5. Las operaciones anteriores se realizar\u00e1n mediante el sistema integral de gesti\u00f3n educativa Ra\u00edces, que permitir\u00e1 resolver los casos de desempate que afecten a cada centro y adjudicar las plazas disponibles.<\/li>\n<\/ol>\n<\/div>\n<\/div>\n<\/div><\/div><\/div><\/div><\/div><\/div>","protected":false},"excerpt":{"rendered":"<p>Las vacantes disponibles se asignar\u00e1n seg\u00fan el siguiente orden de prelaci\u00f3n: Alumnado de reingreso (despu\u00e9s de un a\u00f1o sin estar matriculado) Traslados de expediente.- se reserva un 4% de las &#8230;<\/p>\n","protected":false},"author":4,"featured_media":0,"parent":0,"menu_order":0,"comment_status":"closed","ping_status":"closed","template":"template-fullwidth.php","meta":{"footnotes":""},"folder":[],"class_list":["post-3356","page","type-page","status-publish","hentry"],"rttpg_featured_image_url":null,"rttpg_author":{"display_name":"Jos\u00e9 Mar\u00eda P\u00e9rez Merino","author_link":"https:\/\/site.educa.madrid.org\/cpm.joaquinturina.madrid\/index.php\/author\/jos-mara_prez-merino\/"},"rttpg_comment":0,"rttpg_category":false,"rttpg_excerpt":"Las vacantes disponibles se asignar\u00e1n seg\u00fan el siguiente orden de prelaci\u00f3n: Alumnado de reingreso (despu\u00e9s de un a\u00f1o sin estar matriculado) Traslados de expediente.- se reserva un 4% de las ...","post_mailing_queue_ids":[],"_links":{"self":[{"href":"https:\/\/site.educa.madrid.org\/cpm.joaquinturina.madrid\/index.php\/wp-json\/wp\/v2\/pages\/3356","targetHints":{"allow":["GET"]}}],"collection":[{"href":"https:\/\/site.educa.madrid.org\/cpm.joaquinturina.madrid\/index.php\/wp-json\/wp\/v2\/pages"}],"about":[{"href":"https:\/\/site.educa.madrid.org\/cpm.joaquinturina.madrid\/index.php\/wp-json\/wp\/v2\/types\/page"}],"author":[{"embeddable":true,"href":"https:\/\/site.educa.madrid.org\/cpm.joaquinturina.madrid\/index.php\/wp-json\/wp\/v2\/users\/4"}],"replies":[{"embeddable":true,"href":"https:\/\/site.educa.madrid.org\/cpm.joaquinturina.madrid\/index.php\/wp-json\/wp\/v2\/comments?post=3356"}],"version-history":[{"count":7,"href":"https:\/\/site.educa.madrid.org\/cpm.joaquinturina.madrid\/index.php\/wp-json\/wp\/v2\/pages\/3356\/revisions"}],"predecessor-version":[{"id":7592,"href":"https:\/\/site.educa.madrid.org\/cpm.joaquinturina.madrid\/index.php\/wp-json\/wp\/v2\/pages\/3356\/revisions\/7592"}],"wp:attachment":[{"href":"https:\/\/site.educa.madrid.org\/cpm.joaquinturina.madrid\/index.php\/wp-json\/wp\/v2\/media?parent=3356"}],"wp:term":[{"taxonomy":"folder","embeddable":true,"href":"https:\/\/site.educa.madrid.org\/cpm.joaquinturina.madrid\/index.php\/wp-json\/wp\/v2\/folder?post=3356"}],"curies":[{"name":"wp","href":"https:\/\/api.w.org\/{rel}","templated":true}]}}