{"id":4499,"date":"2022-03-31T12:06:44","date_gmt":"2022-03-31T10:06:44","guid":{"rendered":"https:\/\/site.educa.madrid.org\/cpm.joaquinturina.madrid\/?page_id=4499"},"modified":"2024-03-04T11:56:35","modified_gmt":"2024-03-04T10:56:35","slug":"acceso-conservatorio-menores-8-anos","status":"publish","type":"page","link":"https:\/\/site.educa.madrid.org\/cpm.joaquinturina.madrid\/index.php\/acceso-conservatorio-menores-8-anos\/","title":{"rendered":"Acceso conservatorio menores 8 a\u00f1os"},"content":{"rendered":"<div id=\"pl-4499\"  class=\"panel-layout\" ><div id=\"pg-4499-0\"  class=\"panel-grid panel-no-style\" ><div id=\"pgc-4499-0-0\"  class=\"panel-grid-cell\" ><div id=\"panel-4499-0-0-0\" class=\"so-panel widget widget_sow-editor panel-first-child panel-last-child\" data-index=\"0\" ><div\n\t\t\t\n\t\t\tclass=\"so-widget-sow-editor so-widget-sow-editor-base\"\n\t\t\t\n\t\t>\n<div class=\"siteorigin-widget-tinymce textwidget\">\n\t<p><strong>La edad m\u00ednima<\/strong> para realizar la prueba de acceso a estas ense\u00f1anzas <strong>ser\u00e1 de ocho a\u00f1os<\/strong> cumplidos antes de la finalizaci\u00f3n del a\u00f1o natural del inicio del curso acad\u00e9mico.<\/p>\n<p><strong>Excepcionalmente<\/strong>, <strong>para el acceso a primer curso<\/strong>, el Director podr\u00e1 autorizar la realizaci\u00f3n de la prueba <strong>a aspirantes de menor edad.<\/strong><\/p>\n<p>Los representantes legales de los interesados en participar en la prueba de acceso al primer curso de las ense\u00f1anzas elementales de m\u00fasica con edad inferior a ocho a\u00f1os deber\u00e1n realizar una <strong>preinscripci\u00f3n<\/strong> en el centro en el que vayan a realizar las pruebas.<\/p>\n<p><strong>Plazo:<\/strong><\/p>\n<p>Con <strong>anterioridad al 15 de marzo<\/strong> del a\u00f1o en el que se celebre la prueba.<\/p>\n<p><strong>Procedimiento:<\/strong><\/p>\n<p>Los representantes legales de los interesados con una edad inferior a los 8 a\u00f1os deber\u00e1n presentar la siguiente documentaci\u00f3n para la <strong>preinscripci\u00f3n<\/strong> a la prueba de acceso a primer curso de las Ense\u00f1anzas elementales:<\/p>\n<ol>\n<li><a href=\"https:\/\/site.educa.madrid.org\/cpm.joaquinturina.madrid\/\/wp-content\/uploads\/cpm.joaquinturina.madrid\/2022\/03\/SOLICITUD-ASPIRANTES-MENORES-DE-8-ANOS.pdf\">Modelo de Solicitud<\/a> cumplimentada.<\/li>\n<li><strong>Informe de alta capacidad<\/strong> emitido por el equipo de orientaci\u00f3n educativa y psicopedag\u00f3gica correspondiente.<\/li>\n<li><strong>Informe de un profesional<\/strong> del mundo de la m\u00fasica donde se consigne que el aspirante posee aptitudes musicales que le permitan cursar estas ense\u00f1anzas.<\/li>\n<\/ol>\n<p>&nbsp;<\/p>\n<p>El director resolver\u00e1 teniendo en cuenta la documentaci\u00f3n aportada y su ajuste a lo establecido en el art\u00edculo 6.2 de la\u00a0 <a href=\"https:\/\/site.educa.madrid.org\/cpm.joaquinturina.madrid\/\/wp-content\/uploads\/cpm.joaquinturina.madrid\/2024\/03\/orden-274_2015-pruebas-acceso-proyecto-propio-evaluacion-elementales.pdf\">Orden 274\/2015, de 9 de febrero<\/a>, e informar\u00e1 de la resoluci\u00f3n adoptada al interesado.<\/p>\n<p>En caso de <strong>resoluci\u00f3n favorable<\/strong> se seguir\u00e1 el <a href=\"https:\/\/site.educa.madrid.org\/cpm.joaquinturina.madrid\/index.php\/acceso-al-conservatorio\/\">proceso ordinario general de admisi\u00f3n<\/a> establecido para el resto de aspirantes.<\/p>\n<p>La resoluci\u00f3n tendr\u00e1 efecto exclusivamente para el a\u00f1o en que se solicite.<\/p>\n<p>&nbsp;<\/p>\n<\/div>\n<\/div><\/div><\/div><\/div><\/div>","protected":false},"excerpt":{"rendered":"<p>La edad m\u00ednima para realizar la prueba de acceso a estas ense\u00f1anzas ser\u00e1 de ocho a\u00f1os cumplidos antes de la finalizaci\u00f3n del a\u00f1o natural del inicio del curso acad\u00e9mico. Excepcionalmente, &#8230;<\/p>\n","protected":false},"author":3,"featured_media":0,"parent":0,"menu_order":0,"comment_status":"closed","ping_status":"closed","template":"template-fullwidth.php","meta":{"footnotes":""},"folder":[],"class_list":["post-4499","page","type-page","status-publish","hentry"],"rttpg_featured_image_url":null,"rttpg_author":{"display_name":"cpm.joaquinturina.madrid","author_link":"https:\/\/site.educa.madrid.org\/cpm.joaquinturina.madrid\/index.php\/author\/cuenta_cpm-joaquinturina-madrid\/"},"rttpg_comment":0,"rttpg_category":false,"rttpg_excerpt":"La edad m\u00ednima para realizar la prueba de acceso a estas ense\u00f1anzas ser\u00e1 de ocho a\u00f1os cumplidos antes de la finalizaci\u00f3n del a\u00f1o natural del inicio del curso acad\u00e9mico. Excepcionalmente, ...","post_mailing_queue_ids":[],"_links":{"self":[{"href":"https:\/\/site.educa.madrid.org\/cpm.joaquinturina.madrid\/index.php\/wp-json\/wp\/v2\/pages\/4499","targetHints":{"allow":["GET"]}}],"collection":[{"href":"https:\/\/site.educa.madrid.org\/cpm.joaquinturina.madrid\/index.php\/wp-json\/wp\/v2\/pages"}],"about":[{"href":"https:\/\/site.educa.madrid.org\/cpm.joaquinturina.madrid\/index.php\/wp-json\/wp\/v2\/types\/page"}],"author":[{"embeddable":true,"href":"https:\/\/site.educa.madrid.org\/cpm.joaquinturina.madrid\/index.php\/wp-json\/wp\/v2\/users\/3"}],"replies":[{"embeddable":true,"href":"https:\/\/site.educa.madrid.org\/cpm.joaquinturina.madrid\/index.php\/wp-json\/wp\/v2\/comments?post=4499"}],"version-history":[{"count":13,"href":"https:\/\/site.educa.madrid.org\/cpm.joaquinturina.madrid\/index.php\/wp-json\/wp\/v2\/pages\/4499\/revisions"}],"predecessor-version":[{"id":6503,"href":"https:\/\/site.educa.madrid.org\/cpm.joaquinturina.madrid\/index.php\/wp-json\/wp\/v2\/pages\/4499\/revisions\/6503"}],"wp:attachment":[{"href":"https:\/\/site.educa.madrid.org\/cpm.joaquinturina.madrid\/index.php\/wp-json\/wp\/v2\/media?parent=4499"}],"wp:term":[{"taxonomy":"folder","embeddable":true,"href":"https:\/\/site.educa.madrid.org\/cpm.joaquinturina.madrid\/index.php\/wp-json\/wp\/v2\/folder?post=4499"}],"curies":[{"name":"wp","href":"https:\/\/api.w.org\/{rel}","templated":true}]}}