{"id":4523,"date":"2022-03-31T12:33:09","date_gmt":"2022-03-31T10:33:09","guid":{"rendered":"https:\/\/site.educa.madrid.org\/cpm.joaquinturina.madrid\/?page_id=4523"},"modified":"2025-09-17T11:23:58","modified_gmt":"2025-09-17T09:23:58","slug":"convalidaciones","status":"publish","type":"page","link":"https:\/\/site.educa.madrid.org\/cpm.joaquinturina.madrid\/index.php\/convalidaciones\/","title":{"rendered":"Convalidaciones"},"content":{"rendered":"<div id=\"pl-4523\"  class=\"panel-layout\" ><div id=\"pg-4523-0\"  class=\"panel-grid panel-no-style\" ><div id=\"pgc-4523-0-0\"  class=\"panel-grid-cell\" ><div id=\"panel-4523-0-0-0\" class=\"so-panel widget widget_sow-editor panel-first-child\" data-index=\"0\" ><div\n\t\t\t\n\t\t\tclass=\"so-widget-sow-editor so-widget-sow-editor-base\"\n\t\t\t\n\t\t><h3 class=\"widget-title\">Convalidaci\u00f3n de asignaturas<\/h3>\n<div class=\"siteorigin-widget-tinymce textwidget\">\n\t<p>Es posible la convalidaci\u00f3n de asignaturas de Ense\u00f1anzas Profesionales del conservatorio con asignaturas de ESO y Bachillerato, y de forma inversa, convalidar asignaturas de ESO y BACHILLERATO con asignaturas de Ense\u00f1anzas Profesionales del conservatorio.<\/p>\n<p>Es importante que el alumnado conozca estas posibilidades y sus consecuencias. La convalidaci\u00f3n de asignaturas, a la hora de realizar la media del expediente no ser\u00e1 tenida en cuenta, mientras que si se cursan las asignaturas, la calificaci\u00f3n ser\u00e1 la que se obtenga en la misma.<\/p>\n<h3 style=\"text-align: center;\">El cuadro con las posibilidades de convalidaci\u00f3n de asignaturas se puede consultar en el siguiente enlace:<\/h3>\n<h3><\/h3>\n<\/div>\n<\/div><\/div><div id=\"panel-4523-0-0-1\" class=\"so-panel widget widget_sow-button\" data-index=\"1\" ><div\n\t\t\t\n\t\t\tclass=\"so-widget-sow-button so-widget-sow-button-atom-48beb218c338-4523\"\n\t\t\t\n\t\t><div class=\"ow-button-base ow-button-align-center\">\n\t<a\n\thref=\"https:\/\/www.comunidad.madrid\/servicios\/educacion\/ensenanzas-elementales-profesionales-musica#convalidaciones\"\n\t\tclass=\"ow-icon-placement-left ow-button-hover\" target=\"_blank\" rel=\"noopener noreferrer\" \t>\n\t\t<span>\n\t\t\t\n\t\t\tInformaci\u00f3n sobre convalidaciones de la Direcci\u00f3n General de Ense\u00f1anzas Art\u00edsticas\t\t<\/span>\n\t<\/a>\n<\/div>\n<\/div><\/div><div id=\"panel-4523-0-0-2\" class=\"so-panel widget widget_block\" data-index=\"2\" ><\/div><div id=\"panel-4523-0-0-3\" class=\"so-panel widget widget_block\" data-index=\"3\" ><\/div><div id=\"panel-4523-0-0-4\" class=\"so-panel widget widget_block\" data-index=\"4\" ><\/div><div id=\"panel-4523-0-0-5\" class=\"so-panel widget widget_sow-button\" data-index=\"5\" ><div\n\t\t\t\n\t\t\tclass=\"so-widget-sow-button so-widget-sow-button-atom-48beb218c338-4523\"\n\t\t\t\n\t\t><div class=\"ow-button-base ow-button-align-center\">\n\t<a\n\thref=\"https:\/\/site.educa.madrid.org\/cpm.joaquinturina.madrid\/\/wp-content\/uploads\/cpm.joaquinturina.madrid\/2023\/09\/CONVALIDACIONES.pdf\"\n\t\tclass=\"ow-icon-placement-left ow-button-hover\" target=\"_blank\" rel=\"noopener noreferrer\" \t>\n\t\t<span>\n\t\t\t\n\t\t\tDescarga de la solicitud de convalidaci\u00f3n (ANEXO I)\t\t<\/span>\n\t<\/a>\n<\/div>\n<\/div><\/div><div id=\"panel-4523-0-0-6\" class=\"so-panel widget widget_sow-button\" data-index=\"6\" ><div\n\t\t\t\n\t\t\tclass=\"so-widget-sow-button so-widget-sow-button-atom-48beb218c338-4523\"\n\t\t\t\n\t\t><div class=\"ow-button-base ow-button-align-center\">\n\t<a\n\thref=\"https:\/\/www.comunidad.madrid\/sites\/default\/files\/doc\/educacion\/20161006_instrucciones_convalidaciones_5910257.pdf\"\n\t\tclass=\"ow-icon-placement-left ow-button-hover\" target=\"_blank\" rel=\"noopener noreferrer\" \t>\n\t\t<span>\n\t\t\t\n\t\t\tINSTRUCCIONES DE LA DIRECCI\u00d3N GENERAL DE FORMACI\u00d3N PROFESIONAL Y ENSE\u00d1ANZAS DE R\u00c9GIMEN ESPECIAL SOBRE LA CONVALIDACI\u00d3N DE DETERMINADAS ASIGNATURAS DE LAS ENSE\u00d1ANZAS PROFESIONALES DE M\u00daSICA Y DE LAS ENSE\u00d1ANZAS PROFESIONALES DE DANZA CON MATERIAS DE EDUCACI\u00d3N SECUNDARIA OBLIGATORIA Y DEL BACHILLERATO\t\t<\/span>\n\t<\/a>\n<\/div>\n<\/div><\/div><div id=\"panel-4523-0-0-7\" class=\"so-panel widget widget_sow-button\" data-index=\"7\" ><div\n\t\t\t\n\t\t\tclass=\"so-widget-sow-button so-widget-sow-button-atom-48beb218c338-4523\"\n\t\t\t\n\t\t><div class=\"ow-button-base ow-button-align-center\">\n\t<a\n\thref=\"https:\/\/site.educa.madrid.org\/cpm.joaquinturina.madrid\/\/wp-content\/uploads\/cpm.joaquinturina.madrid\/2023\/01\/Circular-sobre-convalidaciones-2022_23.pdf\"\n\t\tclass=\"ow-icon-placement-left ow-button-hover\" target=\"_blank\" rel=\"noopener noreferrer\" \t>\n\t\t<span>\n\t\t\t\n\t\t\tCIRCULAR SOBRE CONVALIDACIONES Y EXENCIONES DE DETERMINADAS MATERIAS EN LA ESO Y BACHILLERATO CON LAS ENSE\u00d1ANZAS PROFESIONALES DE M\u00daSICA Y DE DANZA EN EL CURSO ACAD\u00c9MICO 2022-2023\t\t<\/span>\n\t<\/a>\n<\/div>\n<\/div><\/div><div id=\"panel-4523-0-0-8\" class=\"so-panel widget widget_sow-button\" data-index=\"8\" ><div\n\t\t\t\n\t\t\tclass=\"so-widget-sow-button so-widget-sow-button-atom-48beb218c338-4523\"\n\t\t\t\n\t\t><div class=\"ow-button-base ow-button-align-center\">\n\t<a\n\thref=\"https:\/\/site.educa.madrid.org\/cpm.joaquinturina.madrid\/\/wp-content\/uploads\/cpm.joaquinturina.madrid\/2023\/02\/Circular-sobre-convalidaciones_exencionesconEEPP_Bachillerato.pdf\"\n\t\tclass=\"ow-icon-placement-left ow-button-hover\" target=\"_blank\" rel=\"noopener noreferrer\" \t>\n\t\t<span>\n\t\t\t\n\t\t\t2\u00aa CIRCULAR SOBRE CONVALIDACIONES Y EXENCIONES DE DETERMINADAS MATERIAS EN LA ESO Y BACHILLERATO CON LAS ENSE\u00d1ANZAS PROFESIONALES DE M\u00daSICA Y DE DANZA EN EL CURSO ACAD\u00c9MICO 2022-2023\t\t<\/span>\n\t<\/a>\n<\/div>\n<\/div><\/div><div id=\"panel-4523-0-0-9\" class=\"so-panel widget widget_sow-button\" data-index=\"9\" ><div\n\t\t\t\n\t\t\tclass=\"so-widget-sow-button so-widget-sow-button-atom-48beb218c338-4523\"\n\t\t\t\n\t\t><div class=\"ow-button-base ow-button-align-center\">\n\t<a\n\thref=\"https:\/\/www.boe.es\/diario_boe\/txt.php?id=BOE-A-2023-1190\"\n\t\tclass=\"ow-icon-placement-left ow-button-hover\" target=\"_blank\" rel=\"noopener noreferrer\" \t>\n\t\t<span>\n\t\t\t\n\t\t\tReal Decreto 14\/2023, de 17 de enero, por el que se modifica el Real Decreto 242\/2009, de 27 de febrero, por el que se establecen convalidaciones entre las ense\u00f1anzas profesionales de M\u00fasica y de Danza y la Educaci\u00f3n Secundaria Obligatoria y el Bachillerato, as\u00ed como los efectos que sobre la materia de Educaci\u00f3n F\u00edsica deben tener la condici\u00f3n de deportista de alto nivel o alto rendimiento y las ense\u00f1anzas profesionales de Danza.\t\t<\/span>\n\t<\/a>\n<\/div>\n<\/div><\/div><div id=\"panel-4523-0-0-10\" class=\"so-panel widget widget_sow-editor panel-last-child\" data-index=\"10\" ><div\n\t\t\t\n\t\t\tclass=\"so-widget-sow-editor so-widget-sow-editor-base\"\n\t\t\t\n\t\t>\n<div class=\"siteorigin-widget-tinymce textwidget\">\n\t<p><strong>Las solicitudes de convalidaci\u00f3n se deber\u00e1n presentar hasta el 31 de octubre inclusive.<\/strong><\/p>\n<p>El alumno tendr\u00e1 como plazo para la presentaci\u00f3n de la certificaci\u00f3n acad\u00e9mica oficial que acredite la superaci\u00f3n de la asignatura en el centro donde solicita la convalidaci\u00f3n,\u00a0 hasta la fecha en que se lleve a cabo la evaluaci\u00f3n correspondiente a las pruebas extraordinarias. Una vez cumplido el plazo, el Director reconocer\u00e1, o no, seg\u00fan el caso, la convalidaci\u00f3n, y comunicar\u00e1 este extremo al interesado y al profesor tutor.<\/p>\n<\/div>\n<\/div><\/div><\/div><\/div><\/div>","protected":false},"excerpt":{"rendered":"<p>Es posible la convalidaci\u00f3n de asignaturas de Ense\u00f1anzas Profesionales del conservatorio con asignaturas de ESO y Bachillerato, y de forma inversa, convalidar asignaturas de ESO y BACHILLERATO con asignaturas de &#8230;<\/p>\n","protected":false},"author":3,"featured_media":0,"parent":0,"menu_order":0,"comment_status":"closed","ping_status":"closed","template":"template-fullwidth.php","meta":{"footnotes":""},"folder":[],"class_list":["post-4523","page","type-page","status-publish","hentry"],"rttpg_featured_image_url":null,"rttpg_author":{"display_name":"cpm.joaquinturina.madrid","author_link":"https:\/\/site.educa.madrid.org\/cpm.joaquinturina.madrid\/index.php\/author\/cuenta_cpm-joaquinturina-madrid\/"},"rttpg_comment":0,"rttpg_category":false,"rttpg_excerpt":"Es posible la convalidaci\u00f3n de asignaturas de Ense\u00f1anzas Profesionales del conservatorio con asignaturas de ESO y Bachillerato, y de forma inversa, convalidar asignaturas de ESO y BACHILLERATO con asignaturas de ...","post_mailing_queue_ids":[],"_links":{"self":[{"href":"https:\/\/site.educa.madrid.org\/cpm.joaquinturina.madrid\/index.php\/wp-json\/wp\/v2\/pages\/4523","targetHints":{"allow":["GET"]}}],"collection":[{"href":"https:\/\/site.educa.madrid.org\/cpm.joaquinturina.madrid\/index.php\/wp-json\/wp\/v2\/pages"}],"about":[{"href":"https:\/\/site.educa.madrid.org\/cpm.joaquinturina.madrid\/index.php\/wp-json\/wp\/v2\/types\/page"}],"author":[{"embeddable":true,"href":"https:\/\/site.educa.madrid.org\/cpm.joaquinturina.madrid\/index.php\/wp-json\/wp\/v2\/users\/3"}],"replies":[{"embeddable":true,"href":"https:\/\/site.educa.madrid.org\/cpm.joaquinturina.madrid\/index.php\/wp-json\/wp\/v2\/comments?post=4523"}],"version-history":[{"count":42,"href":"https:\/\/site.educa.madrid.org\/cpm.joaquinturina.madrid\/index.php\/wp-json\/wp\/v2\/pages\/4523\/revisions"}],"predecessor-version":[{"id":7932,"href":"https:\/\/site.educa.madrid.org\/cpm.joaquinturina.madrid\/index.php\/wp-json\/wp\/v2\/pages\/4523\/revisions\/7932"}],"wp:attachment":[{"href":"https:\/\/site.educa.madrid.org\/cpm.joaquinturina.madrid\/index.php\/wp-json\/wp\/v2\/media?parent=4523"}],"wp:term":[{"taxonomy":"folder","embeddable":true,"href":"https:\/\/site.educa.madrid.org\/cpm.joaquinturina.madrid\/index.php\/wp-json\/wp\/v2\/folder?post=4523"}],"curies":[{"name":"wp","href":"https:\/\/api.w.org\/{rel}","templated":true}]}}