{"id":4839,"date":"2022-06-03T10:37:56","date_gmt":"2022-06-03T08:37:56","guid":{"rendered":"https:\/\/site.educa.madrid.org\/cpm.joaquinturina.madrid\/?page_id=4839"},"modified":"2022-06-03T10:37:56","modified_gmt":"2022-06-03T08:37:56","slug":"exenciones-y-bonificaciones","status":"publish","type":"page","link":"https:\/\/site.educa.madrid.org\/cpm.joaquinturina.madrid\/index.php\/exenciones-y-bonificaciones\/","title":{"rendered":"Exenciones y bonificaciones"},"content":{"rendered":"<div id=\"pl-4839\"  class=\"panel-layout\" ><div id=\"pg-4839-0\"  class=\"panel-grid panel-no-style\" ><div id=\"pgc-4839-0-0\"  class=\"panel-grid-cell\" ><div id=\"panel-4839-0-0-0\" class=\"so-panel widget widget_sow-editor panel-first-child panel-last-child\" data-index=\"0\" ><div\n\t\t\t\n\t\t\tclass=\"so-widget-sow-editor so-widget-sow-editor-base\"\n\t\t\t\n\t\t>\n<div class=\"siteorigin-widget-tinymce textwidget\">\n\t<p>1. Est\u00e1n exentos del pago de tasas las v\u00edctimas del terrorismo, sus c\u00f3nyuges o parejas de hecho e hijos.<br \/>\n2. Est\u00e1n exentos del pago de tasas las Familias Numerosas Categor\u00eda Especial, que deber\u00e1n presentar al formalizar la matr\u00edcula, el Carnet de Familia Numerosa actualizado.<br \/>\n3. Los alumnos que sean Familia Numerosa Categor\u00eda General abonar\u00e1n el 50% de todas las cantidades. Deber\u00e1n presentar al formalizar la matr\u00edcula el Carnet de Familia Numerosa actualizado.<br \/>\n4. Los alumnos que hayan obtenido Matr\u00edcula de Honor en alguna asignatura, no abonar\u00e1n dicha asignatura en el curso siguiente al de la obtenci\u00f3n de la calificaci\u00f3n. En caso de no impartirse en ese curso esta asignatura, se descontar\u00e1 de otra asignatura af\u00edn.<br \/>\n5. Los alumnos que vayan a convalidar alguna asignatura no deber\u00e1n abonarla.<\/p>\n<\/div>\n<\/div><\/div><\/div><\/div><\/div>","protected":false},"excerpt":{"rendered":"<p>1. Est\u00e1n exentos del pago de tasas las v\u00edctimas del terrorismo, sus c\u00f3nyuges o parejas de hecho e hijos. 2. Est\u00e1n exentos del pago de tasas las Familias Numerosas Categor\u00eda &#8230;<\/p>\n","protected":false},"author":3,"featured_media":0,"parent":0,"menu_order":0,"comment_status":"closed","ping_status":"closed","template":"template-fullwidth.php","meta":{"footnotes":""},"folder":[],"class_list":["post-4839","page","type-page","status-publish","hentry"],"rttpg_featured_image_url":null,"rttpg_author":{"display_name":"cpm.joaquinturina.madrid","author_link":"https:\/\/site.educa.madrid.org\/cpm.joaquinturina.madrid\/index.php\/author\/cuenta_cpm-joaquinturina-madrid\/"},"rttpg_comment":0,"rttpg_category":false,"rttpg_excerpt":"1. Est\u00e1n exentos del pago de tasas las v\u00edctimas del terrorismo, sus c\u00f3nyuges o parejas de hecho e hijos. 2. Est\u00e1n exentos del pago de tasas las Familias Numerosas Categor\u00eda ...","post_mailing_queue_ids":[],"_links":{"self":[{"href":"https:\/\/site.educa.madrid.org\/cpm.joaquinturina.madrid\/index.php\/wp-json\/wp\/v2\/pages\/4839","targetHints":{"allow":["GET"]}}],"collection":[{"href":"https:\/\/site.educa.madrid.org\/cpm.joaquinturina.madrid\/index.php\/wp-json\/wp\/v2\/pages"}],"about":[{"href":"https:\/\/site.educa.madrid.org\/cpm.joaquinturina.madrid\/index.php\/wp-json\/wp\/v2\/types\/page"}],"author":[{"embeddable":true,"href":"https:\/\/site.educa.madrid.org\/cpm.joaquinturina.madrid\/index.php\/wp-json\/wp\/v2\/users\/3"}],"replies":[{"embeddable":true,"href":"https:\/\/site.educa.madrid.org\/cpm.joaquinturina.madrid\/index.php\/wp-json\/wp\/v2\/comments?post=4839"}],"version-history":[{"count":1,"href":"https:\/\/site.educa.madrid.org\/cpm.joaquinturina.madrid\/index.php\/wp-json\/wp\/v2\/pages\/4839\/revisions"}],"predecessor-version":[{"id":4840,"href":"https:\/\/site.educa.madrid.org\/cpm.joaquinturina.madrid\/index.php\/wp-json\/wp\/v2\/pages\/4839\/revisions\/4840"}],"wp:attachment":[{"href":"https:\/\/site.educa.madrid.org\/cpm.joaquinturina.madrid\/index.php\/wp-json\/wp\/v2\/media?parent=4839"}],"wp:term":[{"taxonomy":"folder","embeddable":true,"href":"https:\/\/site.educa.madrid.org\/cpm.joaquinturina.madrid\/index.php\/wp-json\/wp\/v2\/folder?post=4839"}],"curies":[{"name":"wp","href":"https:\/\/api.w.org\/{rel}","templated":true}]}}