{"id":7074,"date":"2024-06-20T16:38:30","date_gmt":"2024-06-20T14:38:30","guid":{"rendered":"https:\/\/site.educa.madrid.org\/cpm.joaquinturina.madrid\/?page_id=7074"},"modified":"2024-11-19T13:56:57","modified_gmt":"2024-11-19T12:56:57","slug":"programaciones-didacticas","status":"publish","type":"page","link":"https:\/\/site.educa.madrid.org\/cpm.joaquinturina.madrid\/index.php\/programaciones-didacticas\/","title":{"rendered":"Programaciones did\u00e1cticas"},"content":{"rendered":"<div id=\"pl-7074\"  class=\"panel-layout\" ><div id=\"pg-7074-0\"  class=\"panel-grid panel-no-style\" ><div id=\"pgc-7074-0-0\"  class=\"panel-grid-cell\" ><div id=\"panel-7074-0-0-0\" class=\"so-panel widget widget_sow-editor panel-first-child panel-last-child\" data-index=\"0\" ><div\n\t\t\t\n\t\t\tclass=\"so-widget-sow-editor so-widget-sow-editor-base\"\n\t\t\t\n\t\t>\n<div class=\"siteorigin-widget-tinymce textwidget\">\n\t<h6><\/h6>\n<h4 style=\"text-align: center;\"><span style=\"color: #ff0000;\">En esta secci\u00f3n podr\u00e1s consultar las programaciones did\u00e1cticas actualizadas de las diferentes materias que se imparten en nuestro conservatorio.<\/span><\/h4>\n<\/div>\n<\/div><\/div><\/div><\/div><div id=\"pg-7074-1\"  class=\"panel-grid panel-no-style\" ><div id=\"pgc-7074-1-0\"  class=\"panel-grid-cell\" ><div id=\"panel-7074-1-0-0\" class=\"so-panel widget widget_sow-accordion panel-first-child panel-last-child\" data-index=\"1\" ><div\n\t\t\t\n\t\t\tclass=\"so-widget-sow-accordion so-widget-sow-accordion-default-5f2b0af920ef-7074\"\n\t\t\t data-max-open-panels=\"0\" data-initial-scroll-panel=\"0\"\n\t\t><div>\n\t<div class=\"sow-accordion\">\n\t\t\t<div class=\"sow-accordion-panel\"\n\t\t\t data-anchor=\"departamento-de-lenguaje-musical\">\n\t\t\t\t<div class=\"sow-accordion-panel-header-container\" role=\"heading\" aria-level=\"2\">\n\t\t\t\t\t<div class=\"sow-accordion-panel-header\" tabindex=\"0\" role=\"button\" id=\"accordion-label-departamento-de-lenguaje-musical\" aria-controls=\"accordion-content-departamento-de-lenguaje-musical\" aria-expanded=\"false\">\n\t\t\t\t\t\t<div class=\"sow-accordion-title sow-accordion-title-icon-left\">\n\t\t\t\t\t\t\t\t\t\t\t\t\t\tDepartamento de Lenguaje Musical\t\t\t\t\t\t\t\t\t\t\t\t\t<\/div>\n\t\t\t\t\t\t<div class=\"sow-accordion-open-close-button\">\n\t\t\t\t\t\t\t<div class=\"sow-accordion-open-button\">\n\t\t\t\t\t\t\t\t<span class=\"sow-icon-ionicons\" data-sow-icon=\"&#xf218;\"\n\t\t \n\t\taria-hidden=\"true\"><\/span>\t\t\t\t\t\t\t<\/div>\n\t\t\t\t\t\t\t<div class=\"sow-accordion-close-button\">\n\t\t\t\t\t\t\t\t<span class=\"sow-icon-ionicons\" data-sow-icon=\"&#xf209;\"\n\t\t \n\t\taria-hidden=\"true\"><\/span>\t\t\t\t\t\t\t<\/div>\n\t\t\t\t\t\t<\/div>\n\t\t\t\t\t<\/div>\n\t\t\t\t<\/div>\n\n\t\t\t<div\n\t\t\t\tclass=\"sow-accordion-panel-content\"\n\t\t\t\trole=\"region\"\n\t\t\t\taria-labelledby=\"accordion-label-departamento-de-lenguaje-musical\"\n\t\t\t\tid=\"accordion-content-departamento-de-lenguaje-musical\"\n\t\t\t\tstyle=\"display: none;\"\t\t\t>\n\t\t\t\t<div class=\"sow-accordion-panel-border\">\n\t\t\t\t\t<ul>\n<li><a href=\"https:\/\/drive.google.com\/file\/d\/13uCkJzuZ5JKTb5wn6tZiGlqc_GMcubwW\/view\" target=\"_blank\" rel=\"noopener\">Programaci\u00f3n did\u00e1ctica de Lenguaje Musical EE. Elementales.<\/a><\/li>\n<li><a href=\"https:\/\/drive.google.com\/file\/d\/1MLNNUe8Y9B_ZPCwd4uDoRDTLgCl1-mPA\/view\" target=\"_blank\" rel=\"noopener\">Programaci\u00f3n did\u00e1ctica de Lenguaje Musical EE. Profesionales.<\/a><\/li>\n<li><a href=\"https:\/\/drive.google.com\/file\/d\/1Gn9u3x_6AORfwlROPK2PMiIgkpF2tNAC\/view\" target=\"_blank\" rel=\"noopener\">Programaci\u00f3n did\u00e1ctica de Coro.<\/a><\/li>\n<li><a href=\"https:\/\/drive.google.com\/file\/d\/1ZeHkCmU3X_mzzWeOr_mUdS-q0JWuW3Ab\/view\" target=\"_blank\" rel=\"noopener\">Programaci\u00f3n did\u00e1ctica de Audiatur.<\/a><\/li>\n<\/ul>\n\t\t\t\t<\/div>\n\t\t\t<\/div>\n\t\t<\/div>\n\t\t<\/div>\n<\/div>\n<\/div><\/div><\/div><div id=\"pgc-7074-1-1\"  class=\"panel-grid-cell\" ><div id=\"panel-7074-1-1-0\" class=\"so-panel widget widget_sow-accordion panel-first-child panel-last-child\" data-index=\"2\" ><div\n\t\t\t\n\t\t\tclass=\"so-widget-sow-accordion so-widget-sow-accordion-default-5f2b0af920ef-7074\"\n\t\t\t data-max-open-panels=\"0\" data-initial-scroll-panel=\"0\"\n\t\t><div>\n\t<div class=\"sow-accordion\">\n\t\t\t<div class=\"sow-accordion-panel\"\n\t\t\t data-anchor=\"departamento-de-fundamentos-de-composici%c3%b3n\">\n\t\t\t\t<div class=\"sow-accordion-panel-header-container\" role=\"heading\" aria-level=\"2\">\n\t\t\t\t\t<div class=\"sow-accordion-panel-header\" tabindex=\"0\" role=\"button\" id=\"accordion-label-departamento-de-fundamentos-de-composici%c3%b3n\" aria-controls=\"accordion-content-departamento-de-fundamentos-de-composici%c3%b3n\" aria-expanded=\"false\">\n\t\t\t\t\t\t<div class=\"sow-accordion-title sow-accordion-title-icon-left\">\n\t\t\t\t\t\t\t\t\t\t\t\t\t\tDepartamento de Fundamentos de Composici\u00f3n\t\t\t\t\t\t\t\t\t\t\t\t\t<\/div>\n\t\t\t\t\t\t<div class=\"sow-accordion-open-close-button\">\n\t\t\t\t\t\t\t<div class=\"sow-accordion-open-button\">\n\t\t\t\t\t\t\t\t<span class=\"sow-icon-ionicons\" data-sow-icon=\"&#xf218;\"\n\t\t \n\t\taria-hidden=\"true\"><\/span>\t\t\t\t\t\t\t<\/div>\n\t\t\t\t\t\t\t<div class=\"sow-accordion-close-button\">\n\t\t\t\t\t\t\t\t<span class=\"sow-icon-ionicons\" data-sow-icon=\"&#xf209;\"\n\t\t \n\t\taria-hidden=\"true\"><\/span>\t\t\t\t\t\t\t<\/div>\n\t\t\t\t\t\t<\/div>\n\t\t\t\t\t<\/div>\n\t\t\t\t<\/div>\n\n\t\t\t<div\n\t\t\t\tclass=\"sow-accordion-panel-content\"\n\t\t\t\trole=\"region\"\n\t\t\t\taria-labelledby=\"accordion-label-departamento-de-fundamentos-de-composici%c3%b3n\"\n\t\t\t\tid=\"accordion-content-departamento-de-fundamentos-de-composici%c3%b3n\"\n\t\t\t\tstyle=\"display: none;\"\t\t\t>\n\t\t\t\t<div class=\"sow-accordion-panel-border\">\n\t\t\t\t\t<ul>\n<li><a href=\"https:\/\/drive.google.com\/file\/d\/1DgJZ4lCcehZ_kdPcsM1p61wSxDjc-jX5\/view\" target=\"_blank\" rel=\"noopener\">Programaci\u00f3n did\u00e1ctica de Acompa\u00f1amiento.<\/a><\/li>\n<li><a href=\"https:\/\/drive.google.com\/file\/d\/1zC_OqTUerB4ZmRS_XcQi5fnmC7qKFZeQ\/view\" target=\"_blank\" rel=\"noopener\">Programaci\u00f3n did\u00e1ctica de An\u00e1lisis.<\/a><\/li>\n<li><a href=\"https:\/\/drive.google.com\/file\/d\/1sBoKDKmufbfzqX_SWE2RcnmfprG0TGjk\/view\" target=\"_blank\" rel=\"noopener\">Programaci\u00f3n did\u00e1ctica de Armon\u00eda.<\/a><\/li>\n<li><a href=\"https:\/\/drive.google.com\/file\/d\/15gQ2SjIKtKN7nz9Q42NXlon-pPrjAltl\/view\" target=\"_blank\" rel=\"noopener\">Programaci\u00f3n did\u00e1ctica de Fundamentos de Composici\u00f3n.<\/a><\/li>\n<li><a href=\"https:\/\/drive.google.com\/file\/d\/1nc-6aXwHjM3V9wM6rGNCroruwuSct0h9\/view\" target=\"_blank\" rel=\"noopener\">Programaci\u00f3n did\u00e1ctica de Historia de la M\u00fasica.<\/a><\/li>\n<li><a href=\"https:\/\/drive.google.com\/file\/d\/1OdgcMJ7IZi26-TpYYocmKdW0Rdnl2AsO\/view\" target=\"_blank\" rel=\"noopener\">Programaci\u00f3n did\u00e1ctica de Piano complementario.<\/a><\/li>\n<\/ul>\n\t\t\t\t<\/div>\n\t\t\t<\/div>\n\t\t<\/div>\n\t\t<\/div>\n<\/div>\n<\/div><\/div><\/div><\/div><div id=\"pg-7074-2\"  class=\"panel-grid panel-no-style\" ><div id=\"pgc-7074-2-0\"  class=\"panel-grid-cell\" ><div id=\"panel-7074-2-0-0\" class=\"so-panel widget widget_sow-accordion panel-first-child panel-last-child\" data-index=\"3\" ><div\n\t\t\t\n\t\t\tclass=\"so-widget-sow-accordion so-widget-sow-accordion-default-5f2b0af920ef-7074\"\n\t\t\t data-max-open-panels=\"0\" data-initial-scroll-panel=\"0\"\n\t\t><div>\n\t<div class=\"sow-accordion\">\n\t\t\t<div class=\"sow-accordion-panel\"\n\t\t\t data-anchor=\"departamento-de-cuerda\">\n\t\t\t\t<div class=\"sow-accordion-panel-header-container\" role=\"heading\" aria-level=\"2\">\n\t\t\t\t\t<div class=\"sow-accordion-panel-header\" tabindex=\"0\" role=\"button\" id=\"accordion-label-departamento-de-cuerda\" aria-controls=\"accordion-content-departamento-de-cuerda\" aria-expanded=\"false\">\n\t\t\t\t\t\t<div class=\"sow-accordion-title sow-accordion-title-icon-left\">\n\t\t\t\t\t\t\t\t\t\t\t\t\t\tDepartamento de Cuerda\t\t\t\t\t\t\t\t\t\t\t\t\t<\/div>\n\t\t\t\t\t\t<div class=\"sow-accordion-open-close-button\">\n\t\t\t\t\t\t\t<div class=\"sow-accordion-open-button\">\n\t\t\t\t\t\t\t\t<span class=\"sow-icon-ionicons\" data-sow-icon=\"&#xf218;\"\n\t\t \n\t\taria-hidden=\"true\"><\/span>\t\t\t\t\t\t\t<\/div>\n\t\t\t\t\t\t\t<div class=\"sow-accordion-close-button\">\n\t\t\t\t\t\t\t\t<span class=\"sow-icon-ionicons\" data-sow-icon=\"&#xf209;\"\n\t\t \n\t\taria-hidden=\"true\"><\/span>\t\t\t\t\t\t\t<\/div>\n\t\t\t\t\t\t<\/div>\n\t\t\t\t\t<\/div>\n\t\t\t\t<\/div>\n\n\t\t\t<div\n\t\t\t\tclass=\"sow-accordion-panel-content\"\n\t\t\t\trole=\"region\"\n\t\t\t\taria-labelledby=\"accordion-label-departamento-de-cuerda\"\n\t\t\t\tid=\"accordion-content-departamento-de-cuerda\"\n\t\t\t\tstyle=\"display: none;\"\t\t\t>\n\t\t\t\t<div class=\"sow-accordion-panel-border\">\n\t\t\t\t\t<ul>\n<li><a href=\"https:\/\/drive.google.com\/file\/d\/1Z7HF4U0hEPgIirEX2OxHLiRGsRzGrTiO\/view\" target=\"_blank\" rel=\"noopener\">Programaci\u00f3n did\u00e1ctica de Viol\u00edn EE.EE.<\/a><\/li>\n<li><a href=\"https:\/\/drive.google.com\/file\/d\/11RPfn0MU790LcJPSAhJqXjtlOEd98vFZ\/view\" target=\"_blank\" rel=\"noopener\">Programaci\u00f3n did\u00e1ctica de Viol\u00edn EE.PP.<\/a><\/li>\n<li><a href=\"https:\/\/drive.google.com\/file\/d\/1FIPfZw3Z8ZjYjyIDW9gXOz3Qev6LTVnj\/view\" target=\"_blank\" rel=\"noopener\">Programaci\u00f3n did\u00e1ctica de Viola.<\/a><\/li>\n<li><a href=\"https:\/\/drive.google.com\/file\/d\/1ctB8qDMT9rXfpm7FShxRu2maEepb-W60\/view\" target=\"_blank\" rel=\"noopener\">Programaci\u00f3n did\u00e1ctica de Violonchelo.<\/a><\/li>\n<li><a href=\"https:\/\/drive.google.com\/file\/d\/1qBKKmg5AFwwgA_q-6OtyQsVwJIgQyLFq\/view\" target=\"_blank\" rel=\"noopener\">Programaci\u00f3n did\u00e1ctica de Contrabajo.<\/a><\/li>\n<li><a href=\"https:\/\/drive.google.com\/file\/d\/1lemSyyIk06iMXMu3zVRGPG26O5E0AwOe\/view\" target=\"_blank\" rel=\"noopener\">Programaci\u00f3n did\u00e1ctica de Guitarra.<\/a><\/li>\n<li><a href=\"https:\/\/drive.google.com\/file\/d\/1mX2IdTZ73UEKMwRyRs6qGjGa-3m4qR1m\/view\" target=\"_blank\" rel=\"noopener\">Programaci\u00f3n did\u00e1ctica de Conjunto de Guitarra.<\/a><\/li>\n<li><a href=\"https:\/\/drive.google.com\/file\/d\/1w_DCAHvqiKkoSYswdXZosU1TwfmLt11U\/view\" target=\"_blank\" rel=\"noopener\">Programaci\u00f3n did\u00e1ctica de Acompa\u00f1amiento de Guitarra.<\/a><\/li>\n<\/ul>\n\t\t\t\t<\/div>\n\t\t\t<\/div>\n\t\t<\/div>\n\t\t<\/div>\n<\/div>\n<\/div><\/div><\/div><div id=\"pgc-7074-2-1\"  class=\"panel-grid-cell\" ><div id=\"panel-7074-2-1-0\" class=\"so-panel widget widget_sow-accordion panel-first-child panel-last-child\" data-index=\"4\" ><div\n\t\t\t\n\t\t\tclass=\"so-widget-sow-accordion so-widget-sow-accordion-default-5f2b0af920ef-7074\"\n\t\t\t data-max-open-panels=\"0\" data-initial-scroll-panel=\"0\"\n\t\t><div>\n\t<div class=\"sow-accordion\">\n\t\t\t<div class=\"sow-accordion-panel\"\n\t\t\t data-anchor=\"departamento-de-viento\">\n\t\t\t\t<div class=\"sow-accordion-panel-header-container\" role=\"heading\" aria-level=\"2\">\n\t\t\t\t\t<div class=\"sow-accordion-panel-header\" tabindex=\"0\" role=\"button\" id=\"accordion-label-departamento-de-viento\" aria-controls=\"accordion-content-departamento-de-viento\" aria-expanded=\"false\">\n\t\t\t\t\t\t<div class=\"sow-accordion-title sow-accordion-title-icon-left\">\n\t\t\t\t\t\t\t\t\t\t\t\t\t\tDepartamento de Viento\t\t\t\t\t\t\t\t\t\t\t\t\t<\/div>\n\t\t\t\t\t\t<div class=\"sow-accordion-open-close-button\">\n\t\t\t\t\t\t\t<div class=\"sow-accordion-open-button\">\n\t\t\t\t\t\t\t\t<span class=\"sow-icon-ionicons\" data-sow-icon=\"&#xf218;\"\n\t\t \n\t\taria-hidden=\"true\"><\/span>\t\t\t\t\t\t\t<\/div>\n\t\t\t\t\t\t\t<div class=\"sow-accordion-close-button\">\n\t\t\t\t\t\t\t\t<span class=\"sow-icon-ionicons\" data-sow-icon=\"&#xf209;\"\n\t\t \n\t\taria-hidden=\"true\"><\/span>\t\t\t\t\t\t\t<\/div>\n\t\t\t\t\t\t<\/div>\n\t\t\t\t\t<\/div>\n\t\t\t\t<\/div>\n\n\t\t\t<div\n\t\t\t\tclass=\"sow-accordion-panel-content\"\n\t\t\t\trole=\"region\"\n\t\t\t\taria-labelledby=\"accordion-label-departamento-de-viento\"\n\t\t\t\tid=\"accordion-content-departamento-de-viento\"\n\t\t\t\tstyle=\"display: none;\"\t\t\t>\n\t\t\t\t<div class=\"sow-accordion-panel-border\">\n\t\t\t\t\t<ul>\n<li><a href=\"https:\/\/drive.google.com\/file\/d\/1fuZKcuIkU8xHcxLYOsV42DC6ANKBGlv5\/view\" target=\"_blank\" rel=\"noopener\">Programaci\u00f3n general del Departamento de Viento.<\/a><\/li>\n<li><a href=\"https:\/\/drive.google.com\/file\/d\/1gUbdwJsDmYMWrr5lrszC9CDSait7QXPD\/view\" target=\"_blank\" rel=\"noopener\">Programaci\u00f3n did\u00e1ctica de Flauta.<\/a><\/li>\n<li><a href=\"https:\/\/drive.google.com\/file\/d\/1BFaGUNTjNQZtkGUB0yGEcuwhegQOe3lz\/view\" target=\"_blank\" rel=\"noopener\">Programaci\u00f3n did\u00e1ctica de Oboe.<\/a><\/li>\n<li><a href=\"https:\/\/drive.google.com\/file\/d\/1xvHaVQHKY1XC1uAt3Cjm7YWib-sLjOqI\/view\" target=\"_blank\" rel=\"noopener\">Programaci\u00f3n did\u00e1ctica de Clarinete.<\/a><\/li>\n<li><a href=\"https:\/\/drive.google.com\/file\/d\/15ZCnBeIXYfNbVcsnRsIYzDsRiBEtJdx1\/view\" target=\"_blank\" rel=\"noopener\">Programaci\u00f3n did\u00e1ctica de Fagot.<\/a><\/li>\n<li><a href=\"https:\/\/drive.google.com\/file\/d\/17EYy15-7jf1I0_wV6QNZbDX3AkjhVvKN\/view\" target=\"_blank\" rel=\"noopener\">Programaci\u00f3n did\u00e1ctica de Saxof\u00f3n.<\/a><\/li>\n<li><a href=\"https:\/\/drive.google.com\/file\/d\/1A9KazibkMHuOT7tg8Ymd8Sd1PYWd7cny\/view\" target=\"_blank\" rel=\"noopener\">Programaci\u00f3n did\u00e1ctica de Trompeta.<\/a><\/li>\n<li><a href=\"https:\/\/drive.google.com\/file\/d\/11B44S2vYY4GBaVubwiJaxjD6AjbixTCE\/view\" target=\"_blank\" rel=\"noopener\">Programaci\u00f3n did\u00e1ctica de Trompa.<\/a><\/li>\n<\/ul>\n\t\t\t\t<\/div>\n\t\t\t<\/div>\n\t\t<\/div>\n\t\t<\/div>\n<\/div>\n<\/div><\/div><\/div><\/div><div id=\"pg-7074-3\"  class=\"panel-grid panel-no-style\" ><div id=\"pgc-7074-3-0\"  class=\"panel-grid-cell\" ><div id=\"panel-7074-3-0-0\" class=\"so-panel widget widget_sow-accordion panel-first-child panel-last-child\" data-index=\"5\" ><div\n\t\t\t\n\t\t\tclass=\"so-widget-sow-accordion so-widget-sow-accordion-default-5f2b0af920ef-7074\"\n\t\t\t data-max-open-panels=\"0\" data-initial-scroll-panel=\"0\"\n\t\t><div>\n\t<div class=\"sow-accordion\">\n\t\t\t<div class=\"sow-accordion-panel\"\n\t\t\t data-anchor=\"departamento-de-piano\">\n\t\t\t\t<div class=\"sow-accordion-panel-header-container\" role=\"heading\" aria-level=\"2\">\n\t\t\t\t\t<div class=\"sow-accordion-panel-header\" tabindex=\"0\" role=\"button\" id=\"accordion-label-departamento-de-piano\" aria-controls=\"accordion-content-departamento-de-piano\" aria-expanded=\"false\">\n\t\t\t\t\t\t<div class=\"sow-accordion-title sow-accordion-title-icon-left\">\n\t\t\t\t\t\t\t\t\t\t\t\t\t\tDepartamento de Piano\t\t\t\t\t\t\t\t\t\t\t\t\t<\/div>\n\t\t\t\t\t\t<div class=\"sow-accordion-open-close-button\">\n\t\t\t\t\t\t\t<div class=\"sow-accordion-open-button\">\n\t\t\t\t\t\t\t\t<span class=\"sow-icon-ionicons\" data-sow-icon=\"&#xf218;\"\n\t\t \n\t\taria-hidden=\"true\"><\/span>\t\t\t\t\t\t\t<\/div>\n\t\t\t\t\t\t\t<div class=\"sow-accordion-close-button\">\n\t\t\t\t\t\t\t\t<span class=\"sow-icon-ionicons\" data-sow-icon=\"&#xf209;\"\n\t\t \n\t\taria-hidden=\"true\"><\/span>\t\t\t\t\t\t\t<\/div>\n\t\t\t\t\t\t<\/div>\n\t\t\t\t\t<\/div>\n\t\t\t\t<\/div>\n\n\t\t\t<div\n\t\t\t\tclass=\"sow-accordion-panel-content\"\n\t\t\t\trole=\"region\"\n\t\t\t\taria-labelledby=\"accordion-label-departamento-de-piano\"\n\t\t\t\tid=\"accordion-content-departamento-de-piano\"\n\t\t\t\tstyle=\"display: none;\"\t\t\t>\n\t\t\t\t<div class=\"sow-accordion-panel-border\">\n\t\t\t\t\t<ul>\n<li><a href=\"https:\/\/drive.google.com\/file\/d\/1Y1KKN7JuyrjVs5P3FIBFDjq8mkV5B1eE\/view\" target=\"_blank\" rel=\"noopener\">Programaci\u00f3n did\u00e1ctica de Piano.<\/a><\/li>\n<li><a href=\"https:\/\/drive.google.com\/file\/d\/1dnQjImdVAltBOl3F3tplw77RnRdPzLG6\/view\" target=\"_blank\" rel=\"noopener\">Programaci\u00f3n did\u00e1ctica de Conjunto de Piano.<\/a><\/li>\n<\/ul>\n\t\t\t\t<\/div>\n\t\t\t<\/div>\n\t\t<\/div>\n\t\t<\/div>\n<\/div>\n<\/div><\/div><\/div><div id=\"pgc-7074-3-1\"  class=\"panel-grid-cell\" ><div id=\"panel-7074-3-1-0\" class=\"so-panel widget widget_sow-accordion panel-first-child panel-last-child\" data-index=\"6\" ><div\n\t\t\t\n\t\t\tclass=\"so-widget-sow-accordion so-widget-sow-accordion-default-5f2b0af920ef-7074\"\n\t\t\t data-max-open-panels=\"0\" data-initial-scroll-panel=\"0\"\n\t\t><div>\n\t<div class=\"sow-accordion\">\n\t\t\t<div class=\"sow-accordion-panel\"\n\t\t\t data-anchor=\"departamento-de-conjuntos\">\n\t\t\t\t<div class=\"sow-accordion-panel-header-container\" role=\"heading\" aria-level=\"2\">\n\t\t\t\t\t<div class=\"sow-accordion-panel-header\" tabindex=\"0\" role=\"button\" id=\"accordion-label-departamento-de-conjuntos\" aria-controls=\"accordion-content-departamento-de-conjuntos\" aria-expanded=\"false\">\n\t\t\t\t\t\t<div class=\"sow-accordion-title sow-accordion-title-icon-left\">\n\t\t\t\t\t\t\t\t\t\t\t\t\t\tDepartamento de Conjuntos\t\t\t\t\t\t\t\t\t\t\t\t\t<\/div>\n\t\t\t\t\t\t<div class=\"sow-accordion-open-close-button\">\n\t\t\t\t\t\t\t<div class=\"sow-accordion-open-button\">\n\t\t\t\t\t\t\t\t<span class=\"sow-icon-ionicons\" data-sow-icon=\"&#xf218;\"\n\t\t \n\t\taria-hidden=\"true\"><\/span>\t\t\t\t\t\t\t<\/div>\n\t\t\t\t\t\t\t<div class=\"sow-accordion-close-button\">\n\t\t\t\t\t\t\t\t<span class=\"sow-icon-ionicons\" data-sow-icon=\"&#xf209;\"\n\t\t \n\t\taria-hidden=\"true\"><\/span>\t\t\t\t\t\t\t<\/div>\n\t\t\t\t\t\t<\/div>\n\t\t\t\t\t<\/div>\n\t\t\t\t<\/div>\n\n\t\t\t<div\n\t\t\t\tclass=\"sow-accordion-panel-content\"\n\t\t\t\trole=\"region\"\n\t\t\t\taria-labelledby=\"accordion-label-departamento-de-conjuntos\"\n\t\t\t\tid=\"accordion-content-departamento-de-conjuntos\"\n\t\t\t\tstyle=\"display: none;\"\t\t\t>\n\t\t\t\t<div class=\"sow-accordion-panel-border\">\n\t\t\t\t\t<ul>\n<li><a href=\"https:\/\/drive.google.com\/file\/d\/1cZb1S9lNKdOKnbRbwVsi3KGgI7Ki3b09\/view\" target=\"_blank\" rel=\"noopener\">Programaci\u00f3n did\u00e1ctica de M\u00fasica de C\u00e1mara.<\/a><\/li>\n<li><a href=\"https:\/\/drive.google.com\/file\/d\/1MHRcO3CL2-zCpZ0yZ4IRJJrg4ZXIQob1\/view\" target=\"_blank\" rel=\"noopener\">Programaci\u00f3n did\u00e1ctica de Repertorio.<\/a><\/li>\n<li><a href=\"https:\/\/drive.google.com\/file\/d\/15A8Mkb7Awz6CRT2Q1mwzAdPIIOcZsXTU\/view\" target=\"_blank\" rel=\"noopener\">Programaci\u00f3n did\u00e1ctica de Orquesta.<\/a><\/li>\n<li><a href=\"https:\/\/drive.google.com\/file\/d\/15A8Mkb7Awz6CRT2Q1mwzAdPIIOcZsXTU\/view\" target=\"_blank\" rel=\"noopener\">Programaci\u00f3n did\u00e1ctica de Banda<\/a>.<\/li>\n<\/ul>\n\t\t\t\t<\/div>\n\t\t\t<\/div>\n\t\t<\/div>\n\t\t<\/div>\n<\/div>\n<\/div><\/div><\/div><\/div><div id=\"pg-7074-4\"  class=\"panel-grid panel-no-style\" ><div id=\"pgc-7074-4-0\"  class=\"panel-grid-cell\" ><div id=\"panel-7074-4-0-0\" class=\"so-panel widget widget_sow-accordion panel-first-child panel-last-child\" data-index=\"7\" ><div\n\t\t\t\n\t\t\tclass=\"so-widget-sow-accordion so-widget-sow-accordion-default-5f2b0af920ef-7074\"\n\t\t\t data-max-open-panels=\"0\" data-initial-scroll-panel=\"0\"\n\t\t><div>\n\t<div class=\"sow-accordion\">\n\t\t\t<div class=\"sow-accordion-panel\"\n\t\t\t data-anchor=\"asignaturas-optativas\">\n\t\t\t\t<div class=\"sow-accordion-panel-header-container\" role=\"heading\" aria-level=\"2\">\n\t\t\t\t\t<div class=\"sow-accordion-panel-header\" tabindex=\"0\" role=\"button\" id=\"accordion-label-asignaturas-optativas\" aria-controls=\"accordion-content-asignaturas-optativas\" aria-expanded=\"false\">\n\t\t\t\t\t\t<div class=\"sow-accordion-title sow-accordion-title-icon-left\">\n\t\t\t\t\t\t\t\t\t\t\t\t\t\tAsignaturas optativas\t\t\t\t\t\t\t\t\t\t\t\t\t<\/div>\n\t\t\t\t\t\t<div class=\"sow-accordion-open-close-button\">\n\t\t\t\t\t\t\t<div class=\"sow-accordion-open-button\">\n\t\t\t\t\t\t\t\t<span class=\"sow-icon-ionicons\" data-sow-icon=\"&#xf218;\"\n\t\t \n\t\taria-hidden=\"true\"><\/span>\t\t\t\t\t\t\t<\/div>\n\t\t\t\t\t\t\t<div class=\"sow-accordion-close-button\">\n\t\t\t\t\t\t\t\t<span class=\"sow-icon-ionicons\" data-sow-icon=\"&#xf209;\"\n\t\t \n\t\taria-hidden=\"true\"><\/span>\t\t\t\t\t\t\t<\/div>\n\t\t\t\t\t\t<\/div>\n\t\t\t\t\t<\/div>\n\t\t\t\t<\/div>\n\n\t\t\t<div\n\t\t\t\tclass=\"sow-accordion-panel-content\"\n\t\t\t\trole=\"region\"\n\t\t\t\taria-labelledby=\"accordion-label-asignaturas-optativas\"\n\t\t\t\tid=\"accordion-content-asignaturas-optativas\"\n\t\t\t\tstyle=\"display: none;\"\t\t\t>\n\t\t\t\t<div class=\"sow-accordion-panel-border\">\n\t\t\t\t\t<ul>\n<li><a href=\"https:\/\/drive.google.com\/file\/d\/19jI4uNw2UyVghS_VFxRllTOayqxapYtm\/view\" target=\"_blank\" rel=\"noopener\">Programaci\u00f3n did\u00e1ctica de Inform\u00e1tica Musical.<\/a><\/li>\n<li><a href=\"https:\/\/drive.google.com\/file\/d\/1NE0q0M0T84HJjN_fI8jq55rfrIjHyKoy\/view\" target=\"_blank\" rel=\"noopener\">Programaci\u00f3n did\u00e1ctica de Iniciaci\u00f3n al Jazz.<\/a><\/li>\n<\/ul>\n<p>&nbsp;<\/p>\n\t\t\t\t<\/div>\n\t\t\t<\/div>\n\t\t<\/div>\n\t\t<\/div>\n<\/div>\n<\/div><\/div><\/div><\/div><div id=\"pg-7074-5\"  class=\"panel-grid panel-no-style\" ><div id=\"pgc-7074-5-0\"  class=\"panel-grid-cell panel-grid-cell-empty panel-grid-cell-mobile-last\" ><\/div><div id=\"pgc-7074-5-1\"  class=\"panel-grid-cell panel-grid-cell-empty\" ><\/div><\/div><div id=\"pg-7074-6\"  class=\"panel-grid panel-no-style\" ><div id=\"pgc-7074-6-0\"  class=\"panel-grid-cell panel-grid-cell-empty panel-grid-cell-mobile-last\" ><\/div><div id=\"pgc-7074-6-1\"  class=\"panel-grid-cell panel-grid-cell-empty\" ><\/div><\/div><\/div>","protected":false},"excerpt":{"rendered":"<p>En esta secci\u00f3n podr\u00e1s consultar las programaciones did\u00e1cticas actualizadas de las diferentes materias que se imparten en nuestro conservatorio.<\/p>\n","protected":false},"author":2,"featured_media":0,"parent":0,"menu_order":0,"comment_status":"closed","ping_status":"closed","template":"template-fullwidth.php","meta":{"footnotes":""},"folder":[],"class_list":["post-7074","page","type-page","status-publish","hentry"],"rttpg_featured_image_url":null,"rttpg_author":{"display_name":"tic.cpm.joaquinturina.madrid","author_link":"https:\/\/site.educa.madrid.org\/cpm.joaquinturina.madrid\/index.php\/author\/cuenta_tic-cpm-joaquinturina-madrid\/"},"rttpg_comment":0,"rttpg_category":false,"rttpg_excerpt":"En esta secci\u00f3n podr\u00e1s consultar las programaciones did\u00e1cticas actualizadas de las diferentes materias que se imparten en nuestro conservatorio.","post_mailing_queue_ids":[],"_links":{"self":[{"href":"https:\/\/site.educa.madrid.org\/cpm.joaquinturina.madrid\/index.php\/wp-json\/wp\/v2\/pages\/7074","targetHints":{"allow":["GET"]}}],"collection":[{"href":"https:\/\/site.educa.madrid.org\/cpm.joaquinturina.madrid\/index.php\/wp-json\/wp\/v2\/pages"}],"about":[{"href":"https:\/\/site.educa.madrid.org\/cpm.joaquinturina.madrid\/index.php\/wp-json\/wp\/v2\/types\/page"}],"author":[{"embeddable":true,"href":"https:\/\/site.educa.madrid.org\/cpm.joaquinturina.madrid\/index.php\/wp-json\/wp\/v2\/users\/2"}],"replies":[{"embeddable":true,"href":"https:\/\/site.educa.madrid.org\/cpm.joaquinturina.madrid\/index.php\/wp-json\/wp\/v2\/comments?post=7074"}],"version-history":[{"count":29,"href":"https:\/\/site.educa.madrid.org\/cpm.joaquinturina.madrid\/index.php\/wp-json\/wp\/v2\/pages\/7074\/revisions"}],"predecessor-version":[{"id":7330,"href":"https:\/\/site.educa.madrid.org\/cpm.joaquinturina.madrid\/index.php\/wp-json\/wp\/v2\/pages\/7074\/revisions\/7330"}],"wp:attachment":[{"href":"https:\/\/site.educa.madrid.org\/cpm.joaquinturina.madrid\/index.php\/wp-json\/wp\/v2\/media?parent=7074"}],"wp:term":[{"taxonomy":"folder","embeddable":true,"href":"https:\/\/site.educa.madrid.org\/cpm.joaquinturina.madrid\/index.php\/wp-json\/wp\/v2\/folder?post=7074"}],"curies":[{"name":"wp","href":"https:\/\/api.w.org\/{rel}","templated":true}]}}