{"id":261,"date":"2023-07-19T13:43:05","date_gmt":"2023-07-19T11:43:05","guid":{"rendered":"https:\/\/site.educa.madrid.org\/emprendimientofp.madrid\/?page_id=261"},"modified":"2023-07-26T10:30:26","modified_gmt":"2023-07-26T08:30:26","slug":"eventos","status":"publish","type":"page","link":"https:\/\/site.educa.madrid.org\/emprendimientofp.madrid\/index.php\/eventos\/","title":{"rendered":"Eventos"},"content":{"rendered":"<div id=\"mec_skin_91\" class=\"mec-wrap   \">\r\n\r\n    <form id=\"mec_search_form_91\" class=\"mec-search-form mec-totalcal-box mec-dropdown-classic\" autocomplete=\"off\"><div class=\"mec-dropdown-wrap\" ><div class=\"mec-dropdown-search\"><i class=\"mec-sl-folder\"><\/i><select  name=' ' id='mec_sf_category_91' class='postform'>\n\t<option value='' selected='selected'>Categor\u00eda<\/option>\n\t<option class=\"level-0\" value=\"300\">APE<\/option>\n\t<option class=\"level-0\" value=\"459\">Aprendizaje Servicio<\/option>\n\t<option class=\"level-0\" value=\"301\">Emprendimiento<\/option>\n\t<option class=\"level-0\" value=\"460\">Proyectos<\/option>\n\t<option class=\"level-0\" value=\"461\">S\u00e1hara<\/option>\n<\/select>\n<\/div><\/div><div class=\"mec-text-input-search\"><i class=\"mec-sl-magnifier\"><\/i>\r\n                    <input type=\"search\" value=\"\" id=\"mec_sf_s_91\" placeholder=\"\" title=\"\" \/>\r\n                <\/div><\/form>\r\n    <div class=\"mec-calendar mec-box-calendar mec-event-calendar-classic mec-event-container-simple\" id=\"mec_skin_events_91_full\">\r\n                <div class=\"mec-calendar-side mec-clear\">\r\n                        <div class=\"mec-skin-monthly-view-month-navigator-container\">\r\n                <div class=\"mec-month-navigator\" id=\"mec_month_navigator_91_202605\"><div class=\"mec-previous-month mec-load-month mec-previous-month\" data-mec-year=\"2026\" data-mec-month=\"04\"><a href=\"#\" class=\"mec-load-month-link\"><i class=\"mec-sl-angle-left\"><\/i> abril<\/a><\/div><div class=\"mec-calendar-header\"><h2>mayo 2026<\/h2><\/div><div class=\"mec-next-month mec-load-month mec-next-month\" data-mec-year=\"2026\" data-mec-month=\"06\"><a href=\"#\" class=\"mec-load-month-link\">junio <i class=\"mec-sl-angle-right\"><\/i><\/a><\/div><\/div>\r\n            <\/div>\r\n            \r\n            <div class=\"mec-calendar-table\" id=\"mec_skin_events_91\">\r\n                <div class=\"mec-month-container mec-month-container-selected\" id=\"mec_monthly_view_month_91_202605\" data-month-id=\"202605\"><dl class=\"mec-calendar-table-head\"><dt class=\"mec-calendar-day-head\">LU<\/dt><dt class=\"mec-calendar-day-head\">MA<\/dt><dt class=\"mec-calendar-day-head\">MI<\/dt><dt class=\"mec-calendar-day-head\">JU<\/dt><dt class=\"mec-calendar-day-head\">VI<\/dt><dt class=\"mec-calendar-day-head\">SA<\/dt><dt class=\"mec-calendar-day-head\">DO<\/dt><\/dl><dl class=\"mec-calendar-row\">\r\n    <dt class=\"mec-table-nullday\">27<\/dt><dt class=\"mec-calendar-day \" data-mec-cell=\"20260428\" data-day=\"28\" data-month=\"202604\"><div class=\"\">28<\/div><div class=\"mec-past-event ended-relative simple-skin-ended\"><a class=\"mec-monthly-tooltip event-single-link-simple\" data-tooltip-content=\"#mec-tooltip-288581777363200-20260428\" data-event-id=\"28858\" href=\"https:\/\/site.educa.madrid.org\/emprendimientofp.madrid\/index.php\/events\/escape-room-financiero-de-la-fundacion-mapfre\/\" ><h4 class=\"mec-event-title\">Escape Room Financiero de la Fundaci\u00f3n Mapfre en el IES Benjam\u00edn R\u00faa<\/h4><\/a><\/div><div class=\"tooltip_templates event-single-content-simple\">\r\n                        <div id=\"mec-tooltip-288581777363200-20260428\">\r\n                            <div class=\"mec-tooltip-event-title\">Escape Room Financiero de la Fundaci\u00f3n Mapfre en el IES Benjam\u00edn R\u00faa<\/div><div class=\"mec-tooltip-event-time\"><i class=\"mec-sl-clock-o\"><\/i> Evento de todo el d\u00eda<\/div><div class=\"mec-event-detail\">\r\n                        \r\n                    <\/div><span class=\"mec-wrap\"><span id=\"mec_skin_events_91_monthly_simple_28858\"><\/span><\/span>\r\n                        <\/div>\r\n                    <\/div><\/dt><dt class=\"mec-table-nullday\">29<\/dt><dt class=\"mec-calendar-day \" data-mec-cell=\"20260430\" data-day=\"30\" data-month=\"202604\"><div class=\"\">30<\/div><div class=\"mec-past-event ended-relative simple-skin-ended\"><a class=\"mec-monthly-tooltip event-single-link-simple\" data-tooltip-content=\"#mec-tooltip-288601777537800-20260430\" data-event-id=\"28860\" href=\"https:\/\/site.educa.madrid.org\/emprendimientofp.madrid\/index.php\/events\/escape-room-financiero-de-la-fundacion-mapfre-en-el-ies-benjamin-rua\/\" ><h4 class=\"mec-event-title\">Escape Room Financiero de la Fundaci\u00f3n Mapfre en el IES Benjam\u00edn R\u00faa<\/h4><\/a><\/div><div class=\"tooltip_templates event-single-content-simple\">\r\n                        <div id=\"mec-tooltip-288601777537800-20260430\">\r\n                            <div class=\"mec-tooltip-event-title\">Escape Room Financiero de la Fundaci\u00f3n Mapfre en el IES Benjam\u00edn R\u00faa<\/div><div class=\"mec-tooltip-event-time\"><i class=\"mec-sl-clock-o\"><\/i> Evento de todo el d\u00eda<\/div><div class=\"mec-event-detail\">\r\n                        \r\n                    <\/div><span class=\"mec-wrap\"><span id=\"mec_skin_events_91_monthly_simple_28860\"><\/span><\/span>\r\n                        <\/div>\r\n                    <\/div><\/dt><dt class=\"mec-calendar-day \" data-mec-cell=\"20260501\" data-day=\"1\" data-month=\"202605\">1<\/dt><\/dt><dt class=\"mec-calendar-day \" data-mec-cell=\"20260502\" data-day=\"2\" data-month=\"202605\">2<\/dt><\/dt><dt class=\"mec-calendar-day \" data-mec-cell=\"20260503\" data-day=\"3\" data-month=\"202605\">3<\/dt><\/dt><\/dl><dl class=\"mec-calendar-row\"><dt class=\"mec-calendar-day \" data-mec-cell=\"20260504\" data-day=\"4\" data-month=\"202605\">4<\/dt><\/dt><dt class=\"mec-calendar-day \" data-mec-cell=\"20260505\" data-day=\"5\" data-month=\"202605\">5<\/dt><\/dt><dt class=\"mec-calendar-day \" data-mec-cell=\"20260506\" data-day=\"6\" data-month=\"202605\">6<\/dt><\/dt><dt class=\"mec-calendar-day \" data-mec-cell=\"20260507\" data-day=\"7\" data-month=\"202605\">7<\/dt><\/dt><dt class=\"mec-calendar-day \" data-mec-cell=\"20260508\" data-day=\"8\" data-month=\"202605\">8<\/dt><\/dt><dt class=\"mec-calendar-day \" data-mec-cell=\"20260509\" data-day=\"9\" data-month=\"202605\">9<\/dt><\/dt><dt class=\"mec-calendar-day \" data-mec-cell=\"20260510\" data-day=\"10\" data-month=\"202605\">10<\/dt><\/dt><\/dl><dl class=\"mec-calendar-row\"><dt class=\"mec-calendar-day \" data-mec-cell=\"20260511\" data-day=\"11\" data-month=\"202605\">11<\/dt><\/dt><dt class=\"mec-calendar-day  mec-selected-day\" data-mec-cell=\"20260512\" data-day=\"12\" data-month=\"202605\"><div class=\"mec-color\">12<\/div><div class=\"mec-past-event ended-relative simple-skin-ended\"><a class=\"mec-monthly-tooltip event-single-link-simple\" data-tooltip-content=\"#mec-tooltip-293511778576400-20260512\" data-event-id=\"29351\" href=\"https:\/\/site.educa.madrid.org\/emprendimientofp.madrid\/index.php\/events\/ii-encuentro-de-fp-en-la-cam-participa-ape-del-ies-barajas\/\" ><h4 class=\"mec-event-title\">II Encuentro de FP en la CAM &#8211; Participa APE del IES Barajas<\/h4><\/a><\/div><div class=\"tooltip_templates event-single-content-simple\">\r\n                        <div id=\"mec-tooltip-293511778576400-20260512\">\r\n                            <div class=\"mec-tooltip-event-title\">II Encuentro de FP en la CAM &#8211; Participa APE del IES Barajas<\/div><div class=\"mec-tooltip-event-time\"><i class=\"mec-sl-clock-o\"><\/i> 09:00 - 17:00<\/div><div class=\"mec-event-detail\">\r\n                        \r\n                    <\/div><div class=\"mec-tooltip-event-content\"><div class=\"mec-tooltip-event-desc\">El IES Barajas participar\u00e1 en el II Encuentro de Formaci\u00f3n Profesional de la CAM, un evento que re\u00fane a centros, empresas y profesionales del sector para compartir experiencias, proyectos y buenas pr\u00e1cticas y que tendr\u00e1 lugar en La Nave. Nuestro centro contar\u00e1 con un stand propio, donde el equipo del Aula de Emprendimi , ...<\/div><\/div><span class=\"mec-wrap\"><span id=\"mec_skin_events_91_monthly_simple_29351\"><\/span><\/span>\r\n                        <\/div>\r\n                    <\/div><\/dt><dt class=\"mec-calendar-day \" data-mec-cell=\"20260513\" data-day=\"13\" data-month=\"202605\">13<\/dt><\/dt><dt class=\"mec-calendar-day \" data-mec-cell=\"20260514\" data-day=\"14\" data-month=\"202605\"><div class=\"\">14<\/div><div class=\"ended-relative simple-skin-ended\"><a class=\"mec-monthly-tooltip event-single-link-simple\" data-tooltip-content=\"#mec-tooltip-288721778778000-20260514\" data-event-id=\"28872\" href=\"https:\/\/site.educa.madrid.org\/emprendimientofp.madrid\/index.php\/events\/ii-feria-de-familias-profesionales\/\" ><h4 class=\"mec-event-title\">II FERIA DE FAMILIAS PROFESIONALES<\/h4><\/a><\/div><div class=\"tooltip_templates event-single-content-simple\">\r\n                        <div id=\"mec-tooltip-288721778778000-20260514\">\r\n                            <div class=\"mec-tooltip-event-title\">II FERIA DE FAMILIAS PROFESIONALES<\/div><div class=\"mec-tooltip-event-time\"><i class=\"mec-sl-clock-o\"><\/i> 17:00 - 19:00<\/div><div class=\"mec-event-detail\">\r\n                        \r\n                    <\/div><div class=\"mec-tooltip-event-content\"><div class=\"mec-tooltip-event-featured\"><img loading=\"lazy\" decoding=\"async\" width=\"150\" height=\"150\" src=\"https:\/\/site.educa.madrid.org\/emprendimientofp.madrid\/\/wp-content\/uploads\/emprendimientofp.madrid\/2026\/04\/Feria-profesiones-150x150.png\" class=\"attachment-thumbnail size-thumbnail wp-post-image\" alt=\"\" data-mec-postid=\"28872\" \/><\/div><div class=\"mec-tooltip-event-desc\">El IES Gaspar Melchor de Jovellanos de Fuenlabrada llevar\u00e1 a cabo el pr\u00f3ximo 14 de mayo la II Feria de las Familias Profesionales. Durante la jornada de ma\u00f1ana, nuestro alumnado participar\u00e1 en sesiones exclusivas con profesionales de sus respectivos sectores, mientras que a las 17:00 h se celebrar\u00e1 una Jornada de Puert , ...<\/div><\/div><span class=\"mec-wrap\"><span id=\"mec_skin_events_91_monthly_simple_28872\"><\/span><\/span>\r\n                        <\/div>\r\n                    <\/div><\/dt><dt class=\"mec-calendar-day \" data-mec-cell=\"20260515\" data-day=\"15\" data-month=\"202605\">15<\/dt><\/dt><dt class=\"mec-calendar-day \" data-mec-cell=\"20260516\" data-day=\"16\" data-month=\"202605\">16<\/dt><\/dt><dt class=\"mec-calendar-day \" data-mec-cell=\"20260517\" data-day=\"17\" data-month=\"202605\">17<\/dt><\/dt><\/dl><dl class=\"mec-calendar-row\"><dt class=\"mec-calendar-day \" data-mec-cell=\"20260518\" data-day=\"18\" data-month=\"202605\"><div class=\"\">18<\/div><div class=\"ended-relative simple-skin-ended\"><a class=\"mec-monthly-tooltip event-single-link-simple\" data-tooltip-content=\"#mec-tooltip-289331779112800-20260518\" data-event-id=\"28933\" href=\"https:\/\/site.educa.madrid.org\/emprendimientofp.madrid\/index.php\/events\/curso-modelado-e-impresion-3d-en-el-ape-del-ies-barajas\/\" ><h4 class=\"mec-event-title\">Curso \u00abModelado e impresi\u00f3n 3D\u00bb en el APE del IES Barajas<\/h4><\/a><\/div><div class=\"tooltip_templates event-single-content-simple\">\r\n                        <div id=\"mec-tooltip-289331779112800-20260518\">\r\n                            <div class=\"mec-tooltip-event-title\">Curso \u00abModelado e impresi\u00f3n 3D\u00bb en el APE del IES Barajas<\/div><div class=\"mec-tooltip-event-time\"><i class=\"mec-sl-clock-o\"><\/i> 14:00 - 00:00<\/div><div class=\"mec-event-detail\">\r\n                        \r\n                    <\/div><div class=\"mec-tooltip-event-content\"><div class=\"mec-tooltip-event-desc\">Del 18 al 22 de mayo de 2026, el Aula de Emprendimiento del IES Barajas acoger\u00e1 un curso impartido por el ISMIE sobre Modelado e impresi\u00f3n en 3D, dirigido al profesorado en activo de la Comunidad de Madrid.\nEl curso abordar\u00e1 el uso de herramientas de dise\u00f1o 3D de c\u00f3digo abierto, accesibles y potentes, que permiten desa , ...<\/div><\/div><span class=\"mec-wrap\"><span id=\"mec_skin_events_91_monthly_simple_28933\"><\/span><\/span>\r\n                        <\/div>\r\n                    <\/div><\/dt><dt class=\"mec-calendar-day \" data-mec-cell=\"20260519\" data-day=\"19\" data-month=\"202605\"><div class=\"\">19<\/div><div class=\"ended-relative simple-skin-ended\"><a class=\"mec-monthly-tooltip event-single-link-simple\" data-tooltip-content=\"#mec-tooltip-289331779199200-20260519\" data-event-id=\"28933\" href=\"https:\/\/site.educa.madrid.org\/emprendimientofp.madrid\/index.php\/events\/curso-modelado-e-impresion-3d-en-el-ape-del-ies-barajas\/\" ><h4 class=\"mec-event-title\">Curso \u00abModelado e impresi\u00f3n 3D\u00bb en el APE del IES Barajas<\/h4><\/a><\/div><div class=\"tooltip_templates event-single-content-simple\">\r\n                        <div id=\"mec-tooltip-289331779199200-20260519\">\r\n                            <div class=\"mec-tooltip-event-title\">Curso \u00abModelado e impresi\u00f3n 3D\u00bb en el APE del IES Barajas<\/div><div class=\"mec-tooltip-event-time\"><i class=\"mec-sl-clock-o\"><\/i> Evento de todo el d\u00eda<\/div><div class=\"mec-event-detail\">\r\n                        \r\n                    <\/div><div class=\"mec-tooltip-event-content\"><div class=\"mec-tooltip-event-desc\">Del 18 al 22 de mayo de 2026, el Aula de Emprendimiento del IES Barajas acoger\u00e1 un curso impartido por el ISMIE sobre Modelado e impresi\u00f3n en 3D, dirigido al profesorado en activo de la Comunidad de Madrid.\nEl curso abordar\u00e1 el uso de herramientas de dise\u00f1o 3D de c\u00f3digo abierto, accesibles y potentes, que permiten desa , ...<\/div><\/div><span class=\"mec-wrap\"><span id=\"mec_skin_events_91_monthly_simple_28933\"><\/span><\/span>\r\n                        <\/div>\r\n                    <\/div><\/dt><dt class=\"mec-calendar-day \" data-mec-cell=\"20260520\" data-day=\"20\" data-month=\"202605\"><div class=\"\">20<\/div><div class=\"ended-relative simple-skin-ended\"><a class=\"mec-monthly-tooltip event-single-link-simple\" data-tooltip-content=\"#mec-tooltip-289331779285600-20260520\" data-event-id=\"28933\" href=\"https:\/\/site.educa.madrid.org\/emprendimientofp.madrid\/index.php\/events\/curso-modelado-e-impresion-3d-en-el-ape-del-ies-barajas\/\" ><h4 class=\"mec-event-title\">Curso \u00abModelado e impresi\u00f3n 3D\u00bb en el APE del IES Barajas<\/h4><\/a><\/div><div class=\"tooltip_templates event-single-content-simple\">\r\n                        <div id=\"mec-tooltip-289331779285600-20260520\">\r\n                            <div class=\"mec-tooltip-event-title\">Curso \u00abModelado e impresi\u00f3n 3D\u00bb en el APE del IES Barajas<\/div><div class=\"mec-tooltip-event-time\"><i class=\"mec-sl-clock-o\"><\/i> Evento de todo el d\u00eda<\/div><div class=\"mec-event-detail\">\r\n                        \r\n                    <\/div><div class=\"mec-tooltip-event-content\"><div class=\"mec-tooltip-event-desc\">Del 18 al 22 de mayo de 2026, el Aula de Emprendimiento del IES Barajas acoger\u00e1 un curso impartido por el ISMIE sobre Modelado e impresi\u00f3n en 3D, dirigido al profesorado en activo de la Comunidad de Madrid.\nEl curso abordar\u00e1 el uso de herramientas de dise\u00f1o 3D de c\u00f3digo abierto, accesibles y potentes, que permiten desa , ...<\/div><\/div><span class=\"mec-wrap\"><span id=\"mec_skin_events_91_monthly_simple_28933\"><\/span><\/span>\r\n                        <\/div>\r\n                    <\/div><div class=\"ended-relative simple-skin-ended\"><a class=\"mec-monthly-tooltip event-single-link-simple\" data-tooltip-content=\"#mec-tooltip-293341779292800-20260520\" data-event-id=\"29334\" href=\"https:\/\/site.educa.madrid.org\/emprendimientofp.madrid\/index.php\/events\/visita-a-madrid-food-innovation-hub-ies-escuela-superior-de-hosteleria-y-turismo\/\" ><h4 class=\"mec-event-title\">Visita a Madrid Food Innovation Hub (IES Escuela Superior de Hosteler\u00eda y Turismo)<\/h4><\/a><\/div><div class=\"tooltip_templates event-single-content-simple\">\r\n                        <div id=\"mec-tooltip-293341779292800-20260520\">\r\n                            <div class=\"mec-tooltip-event-title\">Visita a Madrid Food Innovation Hub (IES Escuela Superior de Hosteler\u00eda y Turismo)<\/div><div class=\"mec-tooltip-event-time\"><i class=\"mec-sl-clock-o\"><\/i> 16:00 - 20:00<\/div><div class=\"mec-event-detail\">\r\n                        \r\n                    <\/div><div class=\"mec-tooltip-event-content\"><div class=\"mec-tooltip-event-featured\"><img loading=\"lazy\" decoding=\"async\" width=\"150\" height=\"150\" src=\"https:\/\/site.educa.madrid.org\/emprendimientofp.madrid\/\/wp-content\/uploads\/emprendimientofp.madrid\/2026\/05\/MadridFoodInnovation-Hub-150x150.jpg\" class=\"attachment-thumbnail size-thumbnail wp-post-image\" alt=\"\" data-mec-postid=\"29334\" \/><\/div><div class=\"mec-tooltip-event-desc\">El pr\u00f3ximo 20 de mayo, a las 16 horas, el alumnado del primer curso del ciclo de doble titulaci\u00f3n de Direcci\u00f3n de Cocina y Direcci\u00f3n de Servicios de Restauraci\u00f3n del IES Escuela Superior de Hosteler\u00eda y Turismo visitar\u00e1 el Madrid Food Innovation Hub, un vivero de empresas del Ayuntamiento de Madrid especializado en el  , ...<\/div><\/div><span class=\"mec-wrap\"><span id=\"mec_skin_events_91_monthly_simple_29334\"><\/span><\/span>\r\n                        <\/div>\r\n                    <\/div><\/dt><dt class=\"mec-calendar-day \" data-mec-cell=\"20260521\" data-day=\"21\" data-month=\"202605\"><div class=\"\">21<\/div><div class=\"ended-relative simple-skin-ended\"><a class=\"mec-monthly-tooltip event-single-link-simple\" data-tooltip-content=\"#mec-tooltip-289331779372000-20260521\" data-event-id=\"28933\" href=\"https:\/\/site.educa.madrid.org\/emprendimientofp.madrid\/index.php\/events\/curso-modelado-e-impresion-3d-en-el-ape-del-ies-barajas\/\" ><h4 class=\"mec-event-title\">Curso \u00abModelado e impresi\u00f3n 3D\u00bb en el APE del IES Barajas<\/h4><\/a><\/div><div class=\"tooltip_templates event-single-content-simple\">\r\n                        <div id=\"mec-tooltip-289331779372000-20260521\">\r\n                            <div class=\"mec-tooltip-event-title\">Curso \u00abModelado e impresi\u00f3n 3D\u00bb en el APE del IES Barajas<\/div><div class=\"mec-tooltip-event-time\"><i class=\"mec-sl-clock-o\"><\/i> Evento de todo el d\u00eda<\/div><div class=\"mec-event-detail\">\r\n                        \r\n                    <\/div><div class=\"mec-tooltip-event-content\"><div class=\"mec-tooltip-event-desc\">Del 18 al 22 de mayo de 2026, el Aula de Emprendimiento del IES Barajas acoger\u00e1 un curso impartido por el ISMIE sobre Modelado e impresi\u00f3n en 3D, dirigido al profesorado en activo de la Comunidad de Madrid.\nEl curso abordar\u00e1 el uso de herramientas de dise\u00f1o 3D de c\u00f3digo abierto, accesibles y potentes, que permiten desa , ...<\/div><\/div><span class=\"mec-wrap\"><span id=\"mec_skin_events_91_monthly_simple_28933\"><\/span><\/span>\r\n                        <\/div>\r\n                    <\/div><\/dt><dt class=\"mec-calendar-day \" data-mec-cell=\"20260522\" data-day=\"22\" data-month=\"202605\"><div class=\"\">22<\/div><div class=\"ended-relative simple-skin-ended\"><a class=\"mec-monthly-tooltip event-single-link-simple\" data-tooltip-content=\"#mec-tooltip-289331779458400-20260522\" data-event-id=\"28933\" href=\"https:\/\/site.educa.madrid.org\/emprendimientofp.madrid\/index.php\/events\/curso-modelado-e-impresion-3d-en-el-ape-del-ies-barajas\/\" ><h4 class=\"mec-event-title\">Curso \u00abModelado e impresi\u00f3n 3D\u00bb en el APE del IES Barajas<\/h4><\/a><\/div><div class=\"tooltip_templates event-single-content-simple\">\r\n                        <div id=\"mec-tooltip-289331779458400-20260522\">\r\n                            <div class=\"mec-tooltip-event-title\">Curso \u00abModelado e impresi\u00f3n 3D\u00bb en el APE del IES Barajas<\/div><div class=\"mec-tooltip-event-time\"><i class=\"mec-sl-clock-o\"><\/i> 00:00 - 16:00<\/div><div class=\"mec-event-detail\">\r\n                        \r\n                    <\/div><div class=\"mec-tooltip-event-content\"><div class=\"mec-tooltip-event-desc\">Del 18 al 22 de mayo de 2026, el Aula de Emprendimiento del IES Barajas acoger\u00e1 un curso impartido por el ISMIE sobre Modelado e impresi\u00f3n en 3D, dirigido al profesorado en activo de la Comunidad de Madrid.\nEl curso abordar\u00e1 el uso de herramientas de dise\u00f1o 3D de c\u00f3digo abierto, accesibles y potentes, que permiten desa , ...<\/div><\/div><span class=\"mec-wrap\"><span id=\"mec_skin_events_91_monthly_simple_28933\"><\/span><\/span>\r\n                        <\/div>\r\n                    <\/div><\/dt><dt class=\"mec-calendar-day \" data-mec-cell=\"20260523\" data-day=\"23\" data-month=\"202605\">23<\/dt><\/dt><dt class=\"mec-calendar-day \" data-mec-cell=\"20260524\" data-day=\"24\" data-month=\"202605\">24<\/dt><\/dt><\/dl><dl class=\"mec-calendar-row\"><dt class=\"mec-calendar-day \" data-mec-cell=\"20260525\" data-day=\"25\" data-month=\"202605\">25<\/dt><\/dt><dt class=\"mec-calendar-day \" data-mec-cell=\"20260526\" data-day=\"26\" data-month=\"202605\">26<\/dt><\/dt><dt class=\"mec-calendar-day \" data-mec-cell=\"20260527\" data-day=\"27\" data-month=\"202605\">27<\/dt><\/dt><dt class=\"mec-calendar-day \" data-mec-cell=\"20260528\" data-day=\"28\" data-month=\"202605\">28<\/dt><\/dt><dt class=\"mec-calendar-day \" data-mec-cell=\"20260529\" data-day=\"29\" data-month=\"202605\">29<\/dt><\/dt><dt class=\"mec-calendar-day \" data-mec-cell=\"20260530\" data-day=\"30\" data-month=\"202605\">30<\/dt><\/dt><dt class=\"mec-calendar-day \" data-mec-cell=\"20260531\" data-day=\"31\" data-month=\"202605\">31<\/dt><\/dt><\/dl><dl class=\"mec-calendar-row\"><\/dl>\r\n<\/div>\r\n            <\/div>\r\n\r\n                    <\/div>\r\n            <\/div>\r\n\r\n        \r\n        <div class=\"mec-modal-result\"><\/div>\r\n\r\n<\/div>\n","protected":false},"excerpt":{"rendered":"","protected":false},"author":3,"featured_media":0,"parent":0,"menu_order":0,"comment_status":"closed","ping_status":"closed","template":"","meta":{"footnotes":""},"folder":[],"class_list":["post-261","page","type-page","status-publish","hentry"],"rttpg_featured_image_url":null,"rttpg_author":{"display_name":"emprendimientofp.madrid","author_link":"https:\/\/site.educa.madrid.org\/emprendimientofp.madrid\/index.php\/author\/cuenta_emprendimientofp-madrid\/"},"rttpg_comment":0,"rttpg_category":false,"rttpg_excerpt":null,"post_mailing_queue_ids":[],"_links":{"self":[{"href":"https:\/\/site.educa.madrid.org\/emprendimientofp.madrid\/index.php\/wp-json\/wp\/v2\/pages\/261","targetHints":{"allow":["GET"]}}],"collection":[{"href":"https:\/\/site.educa.madrid.org\/emprendimientofp.madrid\/index.php\/wp-json\/wp\/v2\/pages"}],"about":[{"href":"https:\/\/site.educa.madrid.org\/emprendimientofp.madrid\/index.php\/wp-json\/wp\/v2\/types\/page"}],"author":[{"embeddable":true,"href":"https:\/\/site.educa.madrid.org\/emprendimientofp.madrid\/index.php\/wp-json\/wp\/v2\/users\/3"}],"replies":[{"embeddable":true,"href":"https:\/\/site.educa.madrid.org\/emprendimientofp.madrid\/index.php\/wp-json\/wp\/v2\/comments?post=261"}],"version-history":[{"count":5,"href":"https:\/\/site.educa.madrid.org\/emprendimientofp.madrid\/index.php\/wp-json\/wp\/v2\/pages\/261\/revisions"}],"predecessor-version":[{"id":268,"href":"https:\/\/site.educa.madrid.org\/emprendimientofp.madrid\/index.php\/wp-json\/wp\/v2\/pages\/261\/revisions\/268"}],"wp:attachment":[{"href":"https:\/\/site.educa.madrid.org\/emprendimientofp.madrid\/index.php\/wp-json\/wp\/v2\/media?parent=261"}],"wp:term":[{"taxonomy":"folder","embeddable":true,"href":"https:\/\/site.educa.madrid.org\/emprendimientofp.madrid\/index.php\/wp-json\/wp\/v2\/folder?post=261"}],"curies":[{"name":"wp","href":"https:\/\/api.w.org\/{rel}","templated":true}]}}