{"id":326,"date":"2023-09-27T09:55:07","date_gmt":"2023-09-27T07:55:07","guid":{"rendered":"https:\/\/site.educa.madrid.org\/emprendimientofp.madrid\/?page_id=326"},"modified":"2025-11-13T11:13:16","modified_gmt":"2025-11-13T10:13:16","slug":"enlaces","status":"publish","type":"page","link":"https:\/\/site.educa.madrid.org\/emprendimientofp.madrid\/index.php\/recursos\/enlaces\/","title":{"rendered":"Enlaces"},"content":{"rendered":"\n<div class=\"wp-block-columns alignwide is-layout-flex wp-container-core-columns-is-layout-9d6595d7 wp-block-columns-is-layout-flex\">\n<div class=\"wp-block-column is-layout-flow wp-block-column-is-layout-flow\" style=\"flex-basis:30%\">\n<figure class=\"wp-block-image size-full\"><img loading=\"lazy\" decoding=\"async\" width=\"200\" height=\"200\" src=\"https:\/\/site.educa.madrid.org\/emprendimientofp.madrid\/\/wp-content\/uploads\/emprendimientofp.madrid\/2023\/09\/enlaces-1.png\" alt=\"\" class=\"wp-image-404\" srcset=\"https:\/\/site.educa.madrid.org\/emprendimientofp.madrid\/\/wp-content\/uploads\/emprendimientofp.madrid\/2023\/09\/enlaces-1.png 200w, https:\/\/site.educa.madrid.org\/emprendimientofp.madrid\/\/wp-content\/uploads\/emprendimientofp.madrid\/2023\/09\/enlaces-1-150x150.png 150w\" sizes=\"auto, (max-width: 200px) 100vw, 200px\" \/><\/figure>\n<\/div>\n\n\n\n<div class=\"wp-block-column is-layout-flow wp-block-column-is-layout-flow\" style=\"flex-basis:70%\">\n<ul class=\"wp-block-list\">\n<li><a href=\"https:\/\/es.surveymonkey.com\/r\/CAM-miniempresas25-26\">Solicitud programas de emprendimiento de FJA &#8211; curso 2025-2026<\/a><\/li>\n\n\n\n<li> <a rel=\"noreferrer noopener\" href=\"https:\/\/mediateca.educa.madrid.org\/resultados?q=EMPRENDIMIENTO\" target=\"_blank\">V\u00eddeos sobre emprendimiento en mediateca de Educamadrid<\/a><\/li>\n\n\n\n<li><a href=\"https:\/\/www.lanavemadrid.com\/actividad\/\" target=\"_blank\" rel=\"noreferrer noopener\">Actividades de formaci\u00f3n en La Nave<\/a><\/li>\n\n\n\n<li><a href=\"https:\/\/humanageinstitute.org\/category\/multimedia\/\" target=\"_blank\" rel=\"noreferrer noopener\">Emprendimiento personal: TIPS4WORK (Human Age)<\/a><\/li>\n\n\n\n<li><a href=\"https:\/\/mediateca.educa.madrid.org\/video\/vhdphosbooyemro5\" target=\"_blank\" rel=\"noreferrer noopener\">La competencia emprendedora (p\u00edldora formativa)<\/a><\/li>\n\n\n\n<li><a href=\"https:\/\/www.comunidad.madrid\/servicios\/empleo\/puntos-atencion-emprendedor-pae\" target=\"_blank\" rel=\"noreferrer noopener\">PAE- Puntos de Atenci\u00f3n al Emprendedor de la Comunidad de Madrid<\/a><\/li>\n\n\n\n<li><a href=\"https:\/\/www.granadaempresas.es\/planes-de-negocio\/\" target=\"_blank\" rel=\"noreferrer noopener\">Planes de negocio<\/a><\/li>\n\n\n\n<li><a href=\"https:\/\/www.comunidad.madrid\/servicios\/empleo\/autoempleo-emprendimiento\" target=\"_blank\" rel=\"noreferrer noopener\">Portal del emprendedor de la Comunidad de Madrid<\/a><\/li>\n\n\n\n<li><a href=\"https:\/\/youtu.be\/MxX5iVhWtus\" target=\"_blank\" rel=\"noreferrer noopener\">Presentaci\u00f3n Gu\u00eda de AULAS DE EMPRENDIMIENTO en Formaci\u00f3n Profesional &#8211; M\u00ba Educaci\u00f3n y FP 2021<\/a><\/li>\n<\/ul>\n<\/div>\n<\/div>\n\n\n\n<p><\/p>\n","protected":false},"excerpt":{"rendered":"","protected":false},"author":3,"featured_media":0,"parent":208,"menu_order":0,"comment_status":"closed","ping_status":"closed","template":"","meta":{"footnotes":""},"folder":[],"class_list":["post-326","page","type-page","status-publish","hentry"],"rttpg_featured_image_url":null,"rttpg_author":{"display_name":"emprendimientofp.madrid","author_link":"https:\/\/site.educa.madrid.org\/emprendimientofp.madrid\/index.php\/author\/cuenta_emprendimientofp-madrid\/"},"rttpg_comment":0,"rttpg_category":false,"rttpg_excerpt":null,"post_mailing_queue_ids":[],"_links":{"self":[{"href":"https:\/\/site.educa.madrid.org\/emprendimientofp.madrid\/index.php\/wp-json\/wp\/v2\/pages\/326","targetHints":{"allow":["GET"]}}],"collection":[{"href":"https:\/\/site.educa.madrid.org\/emprendimientofp.madrid\/index.php\/wp-json\/wp\/v2\/pages"}],"about":[{"href":"https:\/\/site.educa.madrid.org\/emprendimientofp.madrid\/index.php\/wp-json\/wp\/v2\/types\/page"}],"author":[{"embeddable":true,"href":"https:\/\/site.educa.madrid.org\/emprendimientofp.madrid\/index.php\/wp-json\/wp\/v2\/users\/3"}],"replies":[{"embeddable":true,"href":"https:\/\/site.educa.madrid.org\/emprendimientofp.madrid\/index.php\/wp-json\/wp\/v2\/comments?post=326"}],"version-history":[{"count":14,"href":"https:\/\/site.educa.madrid.org\/emprendimientofp.madrid\/index.php\/wp-json\/wp\/v2\/pages\/326\/revisions"}],"predecessor-version":[{"id":23597,"href":"https:\/\/site.educa.madrid.org\/emprendimientofp.madrid\/index.php\/wp-json\/wp\/v2\/pages\/326\/revisions\/23597"}],"up":[{"embeddable":true,"href":"https:\/\/site.educa.madrid.org\/emprendimientofp.madrid\/index.php\/wp-json\/wp\/v2\/pages\/208"}],"wp:attachment":[{"href":"https:\/\/site.educa.madrid.org\/emprendimientofp.madrid\/index.php\/wp-json\/wp\/v2\/media?parent=326"}],"wp:term":[{"taxonomy":"folder","embeddable":true,"href":"https:\/\/site.educa.madrid.org\/emprendimientofp.madrid\/index.php\/wp-json\/wp\/v2\/folder?post=326"}],"curies":[{"name":"wp","href":"https:\/\/api.w.org\/{rel}","templated":true}]}}