{"id":330,"date":"2023-09-27T10:00:44","date_gmt":"2023-09-27T08:00:44","guid":{"rendered":"https:\/\/site.educa.madrid.org\/emprendimientofp.madrid\/?page_id=330"},"modified":"2023-09-28T10:46:45","modified_gmt":"2023-09-28T08:46:45","slug":"audios","status":"publish","type":"page","link":"https:\/\/site.educa.madrid.org\/emprendimientofp.madrid\/index.php\/recursos\/audios\/","title":{"rendered":"Audios"},"content":{"rendered":"\n<div class=\"wp-block-columns alignwide is-layout-flex wp-container-core-columns-is-layout-9d6595d7 wp-block-columns-is-layout-flex\">\n<div class=\"wp-block-column is-layout-flow wp-block-column-is-layout-flow\" style=\"flex-basis:30%\">\n<figure class=\"wp-block-image size-full is-resized\"><img loading=\"lazy\" decoding=\"async\" src=\"https:\/\/site.educa.madrid.org\/emprendimientofp.madrid\/\/wp-content\/uploads\/emprendimientofp.madrid\/2023\/09\/audios.png\" alt=\"\" class=\"wp-image-405\" width=\"189\" height=\"189\" srcset=\"https:\/\/site.educa.madrid.org\/emprendimientofp.madrid\/\/wp-content\/uploads\/emprendimientofp.madrid\/2023\/09\/audios.png 200w, https:\/\/site.educa.madrid.org\/emprendimientofp.madrid\/\/wp-content\/uploads\/emprendimientofp.madrid\/2023\/09\/audios-150x150.png 150w\" sizes=\"auto, (max-width: 189px) 100vw, 189px\" \/><\/figure>\n<\/div>\n\n\n\n<div class=\"wp-block-column is-layout-flow wp-block-column-is-layout-flow\" style=\"flex-basis:70%\">\n<p><\/p>\n\n\n\n<figure class=\"wp-block-audio\"><audio controls src=\"https:\/\/site.educa.madrid.org\/emprendimientofp.madrid\/\/wp-content\/uploads\/emprendimientofp.madrid\/2023\/09\/Todosenmismobarco-1.m4a\"><\/audio><figcaption class=\"wp-element-caption\"><strong>Ense\u00f1ar a aprender: Todos estamos en el mismo barco<\/strong><\/figcaption><\/figure>\n\n\n\n<figure class=\"wp-block-audio\"><audio controls src=\"https:\/\/site.educa.madrid.org\/emprendimientofp.madrid\/\/wp-content\/uploads\/emprendimientofp.madrid\/2023\/09\/ProyectoFpemprende.m4a\"><\/audio><figcaption class=\"wp-element-caption\"><strong>&nbsp;Innovaci\u00f3n y Emprendimiento en la Formaci\u00f3n Profesional: proyecto FPeMprende<\/strong><\/figcaption><\/figure>\n\n\n\n<figure class=\"wp-block-audio\"><audio controls src=\"https:\/\/site.educa.madrid.org\/emprendimientofp.madrid\/\/wp-content\/uploads\/emprendimientofp.madrid\/2023\/09\/encuentratudon.m4a\"><\/audio><figcaption class=\"wp-element-caption\"><strong>&nbsp;Innovaci\u00f3n Educativa: S\u00ed o S\u00ed. Encuentra tu don, encuentra tu pasi\u00f3n<\/strong><\/figcaption><\/figure>\n\n\n\n<figure class=\"wp-block-audio\"><audio controls src=\"https:\/\/site.educa.madrid.org\/emprendimientofp.madrid\/\/wp-content\/uploads\/emprendimientofp.madrid\/2023\/09\/innocacioneducativapresentacion.m4a\"><\/audio><figcaption class=\"wp-element-caption\"><strong>Innovaci\u00f3n Educativa: S\u00ed o S\u00ed. Presentaci\u00f3n<\/strong><\/figcaption><\/figure>\n\n\n\n<figure class=\"wp-block-audio\"><audio controls src=\"https:\/\/site.educa.madrid.org\/emprendimientofp.madrid\/\/wp-content\/uploads\/emprendimientofp.madrid\/2023\/09\/menssanaincoporesano.m4a\"><\/audio><figcaption class=\"wp-element-caption\"><strong>&nbsp;Innovaci\u00f3n Educativa: S\u00ed o S\u00ed. S\u00e9 inteligente: mens sana in corpore sano<\/strong><\/figcaption><\/figure>\n<\/div>\n<\/div>\n\n\n\n<p><\/p>\n","protected":false},"excerpt":{"rendered":"","protected":false},"author":3,"featured_media":0,"parent":208,"menu_order":0,"comment_status":"closed","ping_status":"closed","template":"","meta":{"footnotes":""},"folder":[],"class_list":["post-330","page","type-page","status-publish","hentry"],"rttpg_featured_image_url":null,"rttpg_author":{"display_name":"emprendimientofp.madrid","author_link":"https:\/\/site.educa.madrid.org\/emprendimientofp.madrid\/index.php\/author\/cuenta_emprendimientofp-madrid\/"},"rttpg_comment":0,"rttpg_category":false,"rttpg_excerpt":null,"post_mailing_queue_ids":[],"_links":{"self":[{"href":"https:\/\/site.educa.madrid.org\/emprendimientofp.madrid\/index.php\/wp-json\/wp\/v2\/pages\/330","targetHints":{"allow":["GET"]}}],"collection":[{"href":"https:\/\/site.educa.madrid.org\/emprendimientofp.madrid\/index.php\/wp-json\/wp\/v2\/pages"}],"about":[{"href":"https:\/\/site.educa.madrid.org\/emprendimientofp.madrid\/index.php\/wp-json\/wp\/v2\/types\/page"}],"author":[{"embeddable":true,"href":"https:\/\/site.educa.madrid.org\/emprendimientofp.madrid\/index.php\/wp-json\/wp\/v2\/users\/3"}],"replies":[{"embeddable":true,"href":"https:\/\/site.educa.madrid.org\/emprendimientofp.madrid\/index.php\/wp-json\/wp\/v2\/comments?post=330"}],"version-history":[{"count":7,"href":"https:\/\/site.educa.madrid.org\/emprendimientofp.madrid\/index.php\/wp-json\/wp\/v2\/pages\/330\/revisions"}],"predecessor-version":[{"id":407,"href":"https:\/\/site.educa.madrid.org\/emprendimientofp.madrid\/index.php\/wp-json\/wp\/v2\/pages\/330\/revisions\/407"}],"up":[{"embeddable":true,"href":"https:\/\/site.educa.madrid.org\/emprendimientofp.madrid\/index.php\/wp-json\/wp\/v2\/pages\/208"}],"wp:attachment":[{"href":"https:\/\/site.educa.madrid.org\/emprendimientofp.madrid\/index.php\/wp-json\/wp\/v2\/media?parent=330"}],"wp:term":[{"taxonomy":"folder","embeddable":true,"href":"https:\/\/site.educa.madrid.org\/emprendimientofp.madrid\/index.php\/wp-json\/wp\/v2\/folder?post=330"}],"curies":[{"name":"wp","href":"https:\/\/api.w.org\/{rel}","templated":true}]}}