{"id":334,"date":"2023-09-27T10:01:33","date_gmt":"2023-09-27T08:01:33","guid":{"rendered":"https:\/\/site.educa.madrid.org\/emprendimientofp.madrid\/?page_id=334"},"modified":"2025-11-18T14:37:11","modified_gmt":"2025-11-18T13:37:11","slug":"documentos","status":"publish","type":"page","link":"https:\/\/site.educa.madrid.org\/emprendimientofp.madrid\/index.php\/recursos\/documentos\/","title":{"rendered":"Documentos"},"content":{"rendered":"\n<div class=\"wp-block-group\"><div class=\"wp-block-group__inner-container is-layout-constrained wp-block-group-is-layout-constrained\">\n<div class=\"wp-block-columns alignwide is-layout-flex wp-container-core-columns-is-layout-9d6595d7 wp-block-columns-is-layout-flex\">\n<div class=\"wp-block-column is-layout-flow wp-block-column-is-layout-flow\" style=\"flex-basis:34%\">\n<figure class=\"wp-block-image size-full is-resized\"><img loading=\"lazy\" decoding=\"async\" width=\"200\" height=\"200\" src=\"https:\/\/site.educa.madrid.org\/emprendimientofp.madrid\/\/wp-content\/uploads\/emprendimientofp.madrid\/2023\/09\/documentos-1.png\" alt=\"\" class=\"wp-image-402\" style=\"width:203px;height:203px\" srcset=\"https:\/\/site.educa.madrid.org\/emprendimientofp.madrid\/\/wp-content\/uploads\/emprendimientofp.madrid\/2023\/09\/documentos-1.png 200w, https:\/\/site.educa.madrid.org\/emprendimientofp.madrid\/\/wp-content\/uploads\/emprendimientofp.madrid\/2023\/09\/documentos-1-150x150.png 150w\" sizes=\"auto, (max-width: 200px) 100vw, 200px\" \/><\/figure>\n<\/div>\n\n\n\n<div class=\"wp-block-column is-layout-flow wp-block-column-is-layout-flow\" style=\"flex-basis:66%\">\n<p class=\"has-small-font-size\"><\/p>\n\n\n\n<div class=\"wp-block-file\"><a id=\"wp-block-file--media-7d112fd5-3840-47f7-8246-48d33c978887\" href=\"https:\/\/site.educa.madrid.org\/emprendimientofp.madrid\/\/wp-content\/uploads\/emprendimientofp.madrid\/2025\/11\/FJA_programa-Miniempresas-25-26-APE-Madrid-.pdf\" target=\"_blank\" rel=\"noreferrer noopener\">FJA_programa Miniempresas 25-26 (APE Madrid)<\/a><a href=\"https:\/\/site.educa.madrid.org\/emprendimientofp.madrid\/\/wp-content\/uploads\/emprendimientofp.madrid\/2025\/11\/FJA_programa-Miniempresas-25-26-APE-Madrid-.pdf\" class=\"wp-block-file__button wp-element-button\" download aria-describedby=\"wp-block-file--media-7d112fd5-3840-47f7-8246-48d33c978887\">Descarga<\/a><\/div>\n\n\n\n<div class=\"wp-block-file\"><a id=\"wp-block-file--media-edfa7c52-4c41-492f-b834-ac9734da4f5f\" href=\"https:\/\/site.educa.madrid.org\/emprendimientofp.madrid\/\/wp-content\/uploads\/emprendimientofp.madrid\/2025\/10\/Enlaces-a-videos_mediateca_-Worpres_Emprendimiento.pdf\" target=\"_blank\" rel=\"noreferrer noopener\">Enlaces a v\u00eddeos_mediateca_ WordPress_Emprendimiento<\/a><a href=\"https:\/\/site.educa.madrid.org\/emprendimientofp.madrid\/\/wp-content\/uploads\/emprendimientofp.madrid\/2025\/10\/Enlaces-a-videos_mediateca_-Worpres_Emprendimiento.pdf\" class=\"wp-block-file__button wp-element-button\" download aria-describedby=\"wp-block-file--media-edfa7c52-4c41-492f-b834-ac9734da4f5f\">Descarga<\/a><\/div>\n\n\n\n<div class=\"wp-block-file\"><a id=\"wp-block-file--media-39ebe491-b573-45fd-a01e-23a1f5f201da\" href=\"https:\/\/site.educa.madrid.org\/emprendimientofp.madrid\/\/wp-content\/uploads\/emprendimientofp.madrid\/2025\/09\/GuiaOperativaAPE_2526.pdf\" target=\"_blank\" rel=\"noreferrer noopener\">Gu\u00eda Operativa APE 2025-2026<\/a><a href=\"https:\/\/site.educa.madrid.org\/emprendimientofp.madrid\/\/wp-content\/uploads\/emprendimientofp.madrid\/2025\/09\/GuiaOperativaAPE_2526.pdf\" class=\"wp-block-file__button wp-element-button\" download aria-describedby=\"wp-block-file--media-39ebe491-b573-45fd-a01e-23a1f5f201da\">Descarga<\/a><\/div>\n\n\n\n<div class=\"wp-block-file\"><a id=\"wp-block-file--media-0d892597-5675-4853-a328-a9d4c6f8f59b\" href=\"https:\/\/site.educa.madrid.org\/emprendimientofp.madrid\/\/wp-content\/uploads\/emprendimientofp.madrid\/2023\/10\/102.pdf\" target=\"_blank\" rel=\"noreferrer noopener\">Orden 16 de septiembre 2021 (productividad funcionarios docentes<\/a><a href=\"https:\/\/site.educa.madrid.org\/emprendimientofp.madrid\/\/wp-content\/uploads\/emprendimientofp.madrid\/2023\/10\/102.pdf\" class=\"wp-block-file__button wp-element-button\" download aria-describedby=\"wp-block-file--media-0d892597-5675-4853-a328-a9d4c6f8f59b\">Descarga<\/a><\/div>\n\n\n\n<div class=\"wp-block-file\"><a id=\"wp-block-file--media-39cdc61f-f1c3-4de8-bb30-c9aecee62e13\" href=\"https:\/\/site.educa.madrid.org\/emprendimientofp.madrid\/\/wp-content\/uploads\/emprendimientofp.madrid\/2023\/10\/ley14-2013-1.pdf\" target=\"_blank\" rel=\"noreferrer noopener\">Ley 14-2013 de apoyo a los emprendedores y su internacionalizaci\u00f3n<\/a><a href=\"https:\/\/site.educa.madrid.org\/emprendimientofp.madrid\/\/wp-content\/uploads\/emprendimientofp.madrid\/2023\/10\/ley14-2013-1.pdf\" class=\"wp-block-file__button wp-element-button\" download aria-describedby=\"wp-block-file--media-39cdc61f-f1c3-4de8-bb30-c9aecee62e13\">Descarga<\/a><\/div>\n\n\n\n<div class=\"wp-block-file\"><a id=\"wp-block-file--media-e3e45087-c31b-44fe-9233-9ab6f17cf0b0\" href=\"https:\/\/site.educa.madrid.org\/emprendimientofp.madrid\/\/wp-content\/uploads\/emprendimientofp.madrid\/2023\/10\/competencias.pdf\" target=\"_blank\" rel=\"noreferrer noopener\">Gu\u00eda de competencias de emprendimiento social tecnol\u00f3gico. Acci\u00f3n contra el hambre<\/a><a href=\"https:\/\/site.educa.madrid.org\/emprendimientofp.madrid\/\/wp-content\/uploads\/emprendimientofp.madrid\/2023\/10\/competencias.pdf\" class=\"wp-block-file__button wp-element-button\" download aria-describedby=\"wp-block-file--media-e3e45087-c31b-44fe-9233-9ab6f17cf0b0\">Descarga<\/a><\/div>\n\n\n\n<div class=\"wp-block-file\"><a id=\"wp-block-file--media-f1a1133f-6162-498a-970f-9d33ef2fd1d4\" href=\"https:\/\/site.educa.madrid.org\/emprendimientofp.madrid\/\/wp-content\/uploads\/emprendimientofp.madrid\/2023\/10\/entrecomp-guia.pdf\" target=\"_blank\" rel=\"noreferrer noopener\">EntreComp: Gu\u00eda Pr\u00e1ctica<\/a><a href=\"https:\/\/site.educa.madrid.org\/emprendimientofp.madrid\/\/wp-content\/uploads\/emprendimientofp.madrid\/2023\/10\/entrecomp-guia.pdf\" class=\"wp-block-file__button wp-element-button\" download aria-describedby=\"wp-block-file--media-f1a1133f-6162-498a-970f-9d33ef2fd1d4\">Descarga<\/a><\/div>\n<\/div>\n<\/div>\n<\/div><\/div>\n\n\n\n<p><\/p>\n","protected":false},"excerpt":{"rendered":"","protected":false},"author":3,"featured_media":0,"parent":208,"menu_order":0,"comment_status":"closed","ping_status":"closed","template":"","meta":{"footnotes":""},"folder":[],"class_list":["post-334","page","type-page","status-publish","hentry"],"rttpg_featured_image_url":null,"rttpg_author":{"display_name":"emprendimientofp.madrid","author_link":"https:\/\/site.educa.madrid.org\/emprendimientofp.madrid\/index.php\/author\/cuenta_emprendimientofp-madrid\/"},"rttpg_comment":0,"rttpg_category":false,"rttpg_excerpt":null,"post_mailing_queue_ids":[],"_links":{"self":[{"href":"https:\/\/site.educa.madrid.org\/emprendimientofp.madrid\/index.php\/wp-json\/wp\/v2\/pages\/334","targetHints":{"allow":["GET"]}}],"collection":[{"href":"https:\/\/site.educa.madrid.org\/emprendimientofp.madrid\/index.php\/wp-json\/wp\/v2\/pages"}],"about":[{"href":"https:\/\/site.educa.madrid.org\/emprendimientofp.madrid\/index.php\/wp-json\/wp\/v2\/types\/page"}],"author":[{"embeddable":true,"href":"https:\/\/site.educa.madrid.org\/emprendimientofp.madrid\/index.php\/wp-json\/wp\/v2\/users\/3"}],"replies":[{"embeddable":true,"href":"https:\/\/site.educa.madrid.org\/emprendimientofp.madrid\/index.php\/wp-json\/wp\/v2\/comments?post=334"}],"version-history":[{"count":50,"href":"https:\/\/site.educa.madrid.org\/emprendimientofp.madrid\/index.php\/wp-json\/wp\/v2\/pages\/334\/revisions"}],"predecessor-version":[{"id":23691,"href":"https:\/\/site.educa.madrid.org\/emprendimientofp.madrid\/index.php\/wp-json\/wp\/v2\/pages\/334\/revisions\/23691"}],"up":[{"embeddable":true,"href":"https:\/\/site.educa.madrid.org\/emprendimientofp.madrid\/index.php\/wp-json\/wp\/v2\/pages\/208"}],"wp:attachment":[{"href":"https:\/\/site.educa.madrid.org\/emprendimientofp.madrid\/index.php\/wp-json\/wp\/v2\/media?parent=334"}],"wp:term":[{"taxonomy":"folder","embeddable":true,"href":"https:\/\/site.educa.madrid.org\/emprendimientofp.madrid\/index.php\/wp-json\/wp\/v2\/folder?post=334"}],"curies":[{"name":"wp","href":"https:\/\/api.w.org\/{rel}","templated":true}]}}