{"id":445,"date":"2023-10-02T09:54:03","date_gmt":"2023-10-02T07:54:03","guid":{"rendered":"https:\/\/site.educa.madrid.org\/emprendimientofp.madrid\/?page_id=445"},"modified":"2023-10-11T18:11:42","modified_gmt":"2023-10-11T16:11:42","slug":"quienes-somos","status":"publish","type":"page","link":"https:\/\/site.educa.madrid.org\/emprendimientofp.madrid\/index.php\/quienes-somos\/","title":{"rendered":"\u00bfQui\u00e9nes somos?"},"content":{"rendered":"\n<p><\/p>\n\n\n\n<h1 class=\"wp-block-heading has-text-align-center\">\u00bfQu\u00e9 es FPMAD EMPRENDE?<\/h1>\n\n\n\n<p class=\"has-text-align-center\">La plataforma FPMAD EMPRENDE es un proyecto liderado por la Consejer\u00eda de Educaci\u00f3n, Ciencia y Universidades de la Comunidad de Madrid y consiste en una red de emprendimiento de la Formaci\u00f3n Profesional formada por centros de FP, empresas y otras instituciones -p\u00fablicas y privadas-. FPMAD EMPRENDE busca fomentar\u00a0<strong>una cultura de emprendimiento e innovaci\u00f3n en la Formaci\u00f3n Profesional.<\/strong>\u00a0Para ello ofrece:<\/p>\n\n\n\n<p><\/p>\n\n\n\n<h2 class=\"wp-block-heading has-text-align-center\">Metas<\/h2>\n\n\n\n<div class=\"wp-block-columns is-layout-flex wp-container-core-columns-is-layout-9d6595d7 wp-block-columns-is-layout-flex\">\n<div class=\"wp-block-column is-layout-flow wp-block-column-is-layout-flow\"><div class=\"wp-block-image\">\n<figure class=\"aligncenter size-full\"><img loading=\"lazy\" decoding=\"async\" width=\"200\" height=\"200\" src=\"https:\/\/site.educa.madrid.org\/emprendimientofp.madrid\/\/wp-content\/uploads\/emprendimientofp.madrid\/2023\/10\/cohete.png\" alt=\"\" class=\"wp-image-449\" srcset=\"https:\/\/site.educa.madrid.org\/emprendimientofp.madrid\/\/wp-content\/uploads\/emprendimientofp.madrid\/2023\/10\/cohete.png 200w, https:\/\/site.educa.madrid.org\/emprendimientofp.madrid\/\/wp-content\/uploads\/emprendimientofp.madrid\/2023\/10\/cohete-150x150.png 150w\" sizes=\"auto, (max-width: 200px) 100vw, 200px\" \/><figcaption class=\"wp-element-caption\">1. Un&nbsp;<strong>espacio de encuentro<\/strong>&nbsp;para centros de FP y otras organizaciones colaboradoras.<\/figcaption><\/figure>\n<\/div>\n\n\n<div class=\"wp-block-buttons is-content-justification-center is-layout-flex wp-container-core-buttons-is-layout-16018d1d wp-block-buttons-is-layout-flex\">\n<div class=\"wp-block-button\"><a class=\"wp-block-button__link wp-element-button\" href=\"https:\/\/site.educa.madrid.org\/emprendimientofp.madrid\/index.php\/contacto-2\/\">Saber m\u00e1s<\/a><\/div>\n<\/div>\n<\/div>\n\n\n\n<div class=\"wp-block-column is-layout-flow wp-block-column-is-layout-flow\"><div class=\"wp-block-image\">\n<figure class=\"aligncenter size-full\"><img loading=\"lazy\" decoding=\"async\" width=\"200\" height=\"200\" src=\"https:\/\/site.educa.madrid.org\/emprendimientofp.madrid\/\/wp-content\/uploads\/emprendimientofp.madrid\/2023\/10\/recursos.png\" alt=\"\" class=\"wp-image-450\" srcset=\"https:\/\/site.educa.madrid.org\/emprendimientofp.madrid\/\/wp-content\/uploads\/emprendimientofp.madrid\/2023\/10\/recursos.png 200w, https:\/\/site.educa.madrid.org\/emprendimientofp.madrid\/\/wp-content\/uploads\/emprendimientofp.madrid\/2023\/10\/recursos-150x150.png 150w\" sizes=\"auto, (max-width: 200px) 100vw, 200px\" \/><figcaption class=\"wp-element-caption\">2.&nbsp;<strong>Recursos<\/strong>, buenas pr\u00e1cticas e informaci\u00f3n de actualidad (eventos, concursos\u2026) relacionadas con el emprendimiento y la innovaci\u00f3n.<\/figcaption><\/figure>\n<\/div>\n\n\n<div class=\"wp-block-buttons is-content-justification-center is-layout-flex wp-container-core-buttons-is-layout-16018d1d wp-block-buttons-is-layout-flex\">\n<div class=\"wp-block-button\"><a class=\"wp-block-button__link wp-element-button\" href=\"https:\/\/site.educa.madrid.org\/emprendimientofp.madrid\/index.php\/contacto-2\/\">Saber m\u00e1s<\/a><\/div>\n<\/div>\n<\/div>\n\n\n\n<div class=\"wp-block-column is-layout-flow wp-block-column-is-layout-flow\"><div class=\"wp-block-image\">\n<figure class=\"aligncenter size-full\"><img loading=\"lazy\" decoding=\"async\" width=\"200\" height=\"200\" src=\"https:\/\/site.educa.madrid.org\/emprendimientofp.madrid\/\/wp-content\/uploads\/emprendimientofp.madrid\/2023\/10\/broadcast.png\" alt=\"\" class=\"wp-image-451\" srcset=\"https:\/\/site.educa.madrid.org\/emprendimientofp.madrid\/\/wp-content\/uploads\/emprendimientofp.madrid\/2023\/10\/broadcast.png 200w, https:\/\/site.educa.madrid.org\/emprendimientofp.madrid\/\/wp-content\/uploads\/emprendimientofp.madrid\/2023\/10\/broadcast-150x150.png 150w\" sizes=\"auto, (max-width: 200px) 100vw, 200px\" \/><figcaption class=\"wp-element-caption\">3. Desarrollo y difusi\u00f3n de&nbsp;<strong>proyectos elaborados en los centros de FP<\/strong>.<\/figcaption><\/figure>\n<\/div>\n\n\n<div class=\"wp-block-buttons is-content-justification-center is-layout-flex wp-container-core-buttons-is-layout-16018d1d wp-block-buttons-is-layout-flex\">\n<div class=\"wp-block-button\"><a class=\"wp-block-button__link wp-element-button\" href=\"https:\/\/site.educa.madrid.org\/emprendimientofp.madrid\/index.php\/contacto-2\/\">Saber m\u00e1s<\/a><\/div>\n<\/div>\n<\/div>\n<\/div>\n\n\n\n<p><\/p>\n","protected":false},"excerpt":{"rendered":"<p>\u00bfQu\u00e9 es FPMAD EMPRENDE? La plataforma FPMAD EMPRENDE es un proyecto liderado por la Consejer\u00eda de Educaci\u00f3n, Ciencia y Universidades de la Comunidad de Madrid y consiste en una red de emprendimiento de la Formaci\u00f3n Profesional formada por centros de FP, empresas y otras instituciones -p\u00fablicas y privadas-. FPMAD EMPRENDE busca fomentar\u00a0una cultura de emprendimiento<\/p><\/div>\n<div class=\"blog-btn\"><a href=\"https:\/\/site.educa.madrid.org\/emprendimientofp.madrid\/index.php\/quienes-somos\/\" class=\"home-blog-btn\">Leer m\u00e1s<\/a><\/p>\n","protected":false},"author":3,"featured_media":0,"parent":0,"menu_order":0,"comment_status":"closed","ping_status":"closed","template":"","meta":{"footnotes":""},"folder":[],"class_list":["post-445","page","type-page","status-publish","hentry"],"rttpg_featured_image_url":null,"rttpg_author":{"display_name":"emprendimientofp.madrid","author_link":"https:\/\/site.educa.madrid.org\/emprendimientofp.madrid\/index.php\/author\/cuenta_emprendimientofp-madrid\/"},"rttpg_comment":0,"rttpg_category":false,"rttpg_excerpt":"\u00bfQu\u00e9 es FPMAD EMPRENDE? La plataforma FPMAD EMPRENDE es un proyecto liderado por la Consejer\u00eda de Educaci\u00f3n, Ciencia y Universidades de la Comunidad de Madrid y consiste en una red de emprendimiento de la Formaci\u00f3n Profesional formada por centros de FP, empresas y otras instituciones -p\u00fablicas y privadas-. FPMAD EMPRENDE busca fomentar\u00a0una cultura de emprendimientoLeer&hellip;","post_mailing_queue_ids":[],"_links":{"self":[{"href":"https:\/\/site.educa.madrid.org\/emprendimientofp.madrid\/index.php\/wp-json\/wp\/v2\/pages\/445","targetHints":{"allow":["GET"]}}],"collection":[{"href":"https:\/\/site.educa.madrid.org\/emprendimientofp.madrid\/index.php\/wp-json\/wp\/v2\/pages"}],"about":[{"href":"https:\/\/site.educa.madrid.org\/emprendimientofp.madrid\/index.php\/wp-json\/wp\/v2\/types\/page"}],"author":[{"embeddable":true,"href":"https:\/\/site.educa.madrid.org\/emprendimientofp.madrid\/index.php\/wp-json\/wp\/v2\/users\/3"}],"replies":[{"embeddable":true,"href":"https:\/\/site.educa.madrid.org\/emprendimientofp.madrid\/index.php\/wp-json\/wp\/v2\/comments?post=445"}],"version-history":[{"count":12,"href":"https:\/\/site.educa.madrid.org\/emprendimientofp.madrid\/index.php\/wp-json\/wp\/v2\/pages\/445\/revisions"}],"predecessor-version":[{"id":864,"href":"https:\/\/site.educa.madrid.org\/emprendimientofp.madrid\/index.php\/wp-json\/wp\/v2\/pages\/445\/revisions\/864"}],"wp:attachment":[{"href":"https:\/\/site.educa.madrid.org\/emprendimientofp.madrid\/index.php\/wp-json\/wp\/v2\/media?parent=445"}],"wp:term":[{"taxonomy":"folder","embeddable":true,"href":"https:\/\/site.educa.madrid.org\/emprendimientofp.madrid\/index.php\/wp-json\/wp\/v2\/folder?post=445"}],"curies":[{"name":"wp","href":"https:\/\/api.w.org\/{rel}","templated":true}]}}