{"id":110,"date":"2022-07-21T12:23:29","date_gmt":"2022-07-21T10:23:29","guid":{"rendered":"https:\/\/site.educa.madrid.org\/centro.nuevadinamicas07\/?page_id=110"},"modified":"2023-06-29T12:38:10","modified_gmt":"2023-06-29T10:38:10","slug":"planes-y-proyectos","status":"publish","type":"page","link":"https:\/\/site.educa.madrid.org\/eoep.aranjuez\/index.php\/planes-y-proyectos\/","title":{"rendered":"Nuestro Sector"},"content":{"rendered":"\n<p class=\"has-black-color has-text-color\">Los&nbsp;<strong>Equipos de Orientaci\u00f3n de Orientaci\u00f3n Educativa y Psicopedag\u00f3gica (EOEP)<\/strong> intervienen en coordinaci\u00f3n con todos los servicios educativos, as\u00ed como con otros servicios que act\u00faan en el sector, para mejorar la eficacia y garantizar la coherencia de las actuaciones.&nbsp;<\/p>\n\n\n\n<p>Estos Equipos colaboran con:<\/p>\n\n\n\n<ul class=\"has-black-color has-text-color wp-block-list\"><li><em><strong>Servicios educativos<\/strong>\u00a0<\/em>del sector y, especialmente\u00a0con el\u00a0Servicio de Inspecci\u00f3n Educativa en el marco del desarrollo de los procesos de orientaci\u00f3n y en la propuesta de escolarizaci\u00f3n del alumnado con necesidades educativas especiales.\u00a0<\/li><li><em><strong>Servicios municipales,<\/strong><\/em>\u00a0promoviendo actuaciones a favor de la infancia y la adolescencia, impulsa actuaciones en\u00a0relaci\u00f3n a los menores que se encuentran en situaci\u00f3n de riesgo social y favorece\u00a0la puesta en marcha\u00a0de\u00a0 programas comunitarios\u00a0que facilitan\u00a0la relaci\u00f3n del centro con su entorno y la inclusi\u00f3n\u00a0social del alumnado.<\/li><li><em><strong>Servicios sanitarios,<\/strong>\u00a0<\/em>propiciando\u00a0la mejora en la atenci\u00f3n educativa del alumnado con problemas de salud y el intercambio de informaci\u00f3n sobre la evoluci\u00f3n cl\u00ednica, educativa y social. De especial relevancia es la coordinaci\u00f3n que se establece con profesionales de\u00a0Servicios de Salud Mental Infanto-Juvenil que est\u00e1\u00a0amparada por las Administraciones responsables.\u00a0<\/li><\/ul>\n\n\n\n<p><\/p>\n","protected":false},"excerpt":{"rendered":"<p>Los&nbsp;Equipos de Orientaci\u00f3n de Orientaci\u00f3n Educativa y Psicopedag\u00f3gica (EOEP) intervienen en coordinaci\u00f3n con todos los servicios educativos, as\u00ed como con otros servicios que act\u00faan en el sector, para mejorar la eficacia y garantizar la coherencia de las actuaciones.&nbsp; Estos Equipos colaboran con: Servicios educativos\u00a0del sector y, especialmente\u00a0con el\u00a0Servicio de Inspecci\u00f3n Educativa en el marco del<\/p><\/div>\n<div class=\"blog-btn\"><a href=\"https:\/\/site.educa.madrid.org\/eoep.aranjuez\/index.php\/planes-y-proyectos\/\" class=\"home-blog-btn\">Leer m\u00e1s<\/a><\/p>\n","protected":false},"author":4,"featured_media":0,"parent":0,"menu_order":0,"comment_status":"closed","ping_status":"closed","template":"","meta":{"footnotes":""},"folder":[],"class_list":["post-110","page","type-page","status-publish","hentry"],"rttpg_featured_image_url":null,"rttpg_author":{"display_name":"Cuenta Admin-educamadrid","author_link":"https:\/\/site.educa.madrid.org\/eoep.aranjuez\/index.php\/author\/cuenta_admin-educamadrid\/"},"rttpg_comment":0,"rttpg_category":false,"rttpg_excerpt":"Los&nbsp;Equipos de Orientaci\u00f3n de Orientaci\u00f3n Educativa y Psicopedag\u00f3gica (EOEP) intervienen en coordinaci\u00f3n con todos los servicios educativos, as\u00ed como con otros servicios que act\u00faan en el sector, para mejorar la eficacia y garantizar la coherencia de las actuaciones.&nbsp; Estos Equipos colaboran con: Servicios educativos\u00a0del sector y, especialmente\u00a0con el\u00a0Servicio de Inspecci\u00f3n Educativa en el marco delLeer&hellip;","post_mailing_queue_ids":[],"_links":{"self":[{"href":"https:\/\/site.educa.madrid.org\/eoep.aranjuez\/index.php\/wp-json\/wp\/v2\/pages\/110","targetHints":{"allow":["GET"]}}],"collection":[{"href":"https:\/\/site.educa.madrid.org\/eoep.aranjuez\/index.php\/wp-json\/wp\/v2\/pages"}],"about":[{"href":"https:\/\/site.educa.madrid.org\/eoep.aranjuez\/index.php\/wp-json\/wp\/v2\/types\/page"}],"author":[{"embeddable":true,"href":"https:\/\/site.educa.madrid.org\/eoep.aranjuez\/index.php\/wp-json\/wp\/v2\/users\/4"}],"replies":[{"embeddable":true,"href":"https:\/\/site.educa.madrid.org\/eoep.aranjuez\/index.php\/wp-json\/wp\/v2\/comments?post=110"}],"version-history":[{"count":8,"href":"https:\/\/site.educa.madrid.org\/eoep.aranjuez\/index.php\/wp-json\/wp\/v2\/pages\/110\/revisions"}],"predecessor-version":[{"id":384,"href":"https:\/\/site.educa.madrid.org\/eoep.aranjuez\/index.php\/wp-json\/wp\/v2\/pages\/110\/revisions\/384"}],"wp:attachment":[{"href":"https:\/\/site.educa.madrid.org\/eoep.aranjuez\/index.php\/wp-json\/wp\/v2\/media?parent=110"}],"wp:term":[{"taxonomy":"folder","embeddable":true,"href":"https:\/\/site.educa.madrid.org\/eoep.aranjuez\/index.php\/wp-json\/wp\/v2\/folder?post=110"}],"curies":[{"name":"wp","href":"https:\/\/api.w.org\/{rel}","templated":true}]}}