{"id":146,"date":"2022-07-21T12:32:15","date_gmt":"2022-07-21T10:32:15","guid":{"rendered":"https:\/\/site.educa.madrid.org\/centro.nuevadinamicas07\/?page_id=146"},"modified":"2023-06-29T13:27:20","modified_gmt":"2023-06-29T11:27:20","slug":"inicio","status":"publish","type":"page","link":"https:\/\/site.educa.madrid.org\/eoep.aranjuez\/index.php\/inicio\/","title":{"rendered":"EOEP"},"content":{"rendered":"\n<div class=\"wp-block-group\"><div class=\"wp-block-group__inner-container is-layout-flow wp-block-group-is-layout-flow\"><\/div><\/div>\n\n\n\n<p class=\"has-black-color has-text-color\">Los <strong>Equipos de Orientaci\u00f3n Educativa y Psicopedag\u00f3gica Generales<\/strong>, a trav\u00e9s del asesoramiento, colaboran con los centros docentes en el cumplimiento de los objetivos educativos, especialmente en lo referido a la atenci\u00f3n a la diversidad, al alumnado con necesidades espec\u00edficas de apoyo y a la determinaci\u00f3n de necesidades educativas especiales. Favorecen el desarrollo global e inserci\u00f3n social de los alumnos, en coordinaci\u00f3n con servicios de su sector.<\/p>\n\n\n\n<p><\/p>\n\n\n\n<div class=\"wp-block-image\"><figure class=\"aligncenter size-large is-resized\"><img decoding=\"async\" src=\"https:\/\/site.educa.madrid.org\/eoep.aranjuez\/\/wp-content\/uploads\/eoep.aranjuez\/2023\/06\/Diseno-sin-titulo-1-edited-1.png\" alt=\"\" class=\"wp-image-421\" width=\"299\" srcset=\"https:\/\/site.educa.madrid.org\/eoep.aranjuez\/\/wp-content\/uploads\/eoep.aranjuez\/2023\/06\/Diseno-sin-titulo-1-edited-1.png 998w, https:\/\/site.educa.madrid.org\/eoep.aranjuez\/\/wp-content\/uploads\/eoep.aranjuez\/2023\/06\/Diseno-sin-titulo-1-edited-1-300x300.png 300w, https:\/\/site.educa.madrid.org\/eoep.aranjuez\/\/wp-content\/uploads\/eoep.aranjuez\/2023\/06\/Diseno-sin-titulo-1-edited-1-150x150.png 150w, https:\/\/site.educa.madrid.org\/eoep.aranjuez\/\/wp-content\/uploads\/eoep.aranjuez\/2023\/06\/Diseno-sin-titulo-1-edited-1-768x769.png 768w\" sizes=\"(max-width: 998px) 100vw, 998px\" \/><\/figure><\/div>\n","protected":false},"excerpt":{"rendered":"<p>Los Equipos de Orientaci\u00f3n Educativa y Psicopedag\u00f3gica Generales, a trav\u00e9s del asesoramiento, colaboran con los centros docentes en el cumplimiento de los objetivos educativos, especialmente en lo referido a la atenci\u00f3n a la diversidad, al alumnado con necesidades espec\u00edficas de apoyo y a la determinaci\u00f3n de necesidades educativas especiales. Favorecen el desarrollo global e inserci\u00f3n<\/p><\/div>\n<div class=\"blog-btn\"><a href=\"https:\/\/site.educa.madrid.org\/eoep.aranjuez\/index.php\/inicio\/\" class=\"home-blog-btn\">Leer m\u00e1s<\/a><\/p>\n","protected":false},"author":4,"featured_media":0,"parent":0,"menu_order":0,"comment_status":"closed","ping_status":"closed","template":"","meta":{"footnotes":""},"folder":[],"class_list":["post-146","page","type-page","status-publish","hentry"],"rttpg_featured_image_url":null,"rttpg_author":{"display_name":"Cuenta Admin-educamadrid","author_link":"https:\/\/site.educa.madrid.org\/eoep.aranjuez\/index.php\/author\/cuenta_admin-educamadrid\/"},"rttpg_comment":0,"rttpg_category":false,"rttpg_excerpt":"Los Equipos de Orientaci\u00f3n Educativa y Psicopedag\u00f3gica Generales, a trav\u00e9s del asesoramiento, colaboran con los centros docentes en el cumplimiento de los objetivos educativos, especialmente en lo referido a la atenci\u00f3n a la diversidad, al alumnado con necesidades espec\u00edficas de apoyo y a la determinaci\u00f3n de necesidades educativas especiales. Favorecen el desarrollo global e inserci\u00f3nLeer&hellip;","post_mailing_queue_ids":[],"_links":{"self":[{"href":"https:\/\/site.educa.madrid.org\/eoep.aranjuez\/index.php\/wp-json\/wp\/v2\/pages\/146","targetHints":{"allow":["GET"]}}],"collection":[{"href":"https:\/\/site.educa.madrid.org\/eoep.aranjuez\/index.php\/wp-json\/wp\/v2\/pages"}],"about":[{"href":"https:\/\/site.educa.madrid.org\/eoep.aranjuez\/index.php\/wp-json\/wp\/v2\/types\/page"}],"author":[{"embeddable":true,"href":"https:\/\/site.educa.madrid.org\/eoep.aranjuez\/index.php\/wp-json\/wp\/v2\/users\/4"}],"replies":[{"embeddable":true,"href":"https:\/\/site.educa.madrid.org\/eoep.aranjuez\/index.php\/wp-json\/wp\/v2\/comments?post=146"}],"version-history":[{"count":31,"href":"https:\/\/site.educa.madrid.org\/eoep.aranjuez\/index.php\/wp-json\/wp\/v2\/pages\/146\/revisions"}],"predecessor-version":[{"id":423,"href":"https:\/\/site.educa.madrid.org\/eoep.aranjuez\/index.php\/wp-json\/wp\/v2\/pages\/146\/revisions\/423"}],"wp:attachment":[{"href":"https:\/\/site.educa.madrid.org\/eoep.aranjuez\/index.php\/wp-json\/wp\/v2\/media?parent=146"}],"wp:term":[{"taxonomy":"folder","embeddable":true,"href":"https:\/\/site.educa.madrid.org\/eoep.aranjuez\/index.php\/wp-json\/wp\/v2\/folder?post=146"}],"curies":[{"name":"wp","href":"https:\/\/api.w.org\/{rel}","templated":true}]}}