{"id":152,"date":"2022-07-21T12:32:59","date_gmt":"2022-07-21T10:32:59","guid":{"rendered":"https:\/\/site.educa.madrid.org\/centro.nuevadinamicas07\/?page_id=152"},"modified":"2023-06-30T09:32:11","modified_gmt":"2023-06-30T07:32:11","slug":"quienes-somos-3","status":"publish","type":"page","link":"https:\/\/site.educa.madrid.org\/eoep.aranjuez\/index.php\/quienes-somos-3\/","title":{"rendered":"Qui\u00e9nes somos"},"content":{"rendered":"\n<h2 class=\"has-vivid-red-color has-text-color wp-block-heading\">EOEP Aranjuez<\/h2>\n\n\n\n<p class=\"has-text-align-left has-medium-font-size\">El <strong>EOEP de Aranjuez<\/strong>, como equipo general de orientaci\u00f3n, es el responsable de la orientaci\u00f3n en los centros p\u00fablicos de Educaci\u00f3n Infantil y Primaria que escolarizan alumnos de entre 3 y 12 a\u00f1os.<\/p>\n\n\n\n<p class=\"has-medium-font-size\">Los <strong>Equipos de Orientaci\u00f3n Educativa y Psicopedag\u00f3gica Generales<\/strong>, a trav\u00e9s del asesoramiento, colaboran con los centros docentes en el cumplimiento de los objetivos educativos, especialmente en lo referido a la atenci\u00f3n a la diversidad, al alumnado con necesidades espec\u00edficas de apoyo y a la determinaci\u00f3n de necesidades educativas especiales. Favorecen el desarrollo global e inserci\u00f3n social de los alumnos, en coordinaci\u00f3n con servicios de su sector.<\/p>\n\n\n\n<p class=\"has-medium-font-size\">En el curso 2021-2022, tuvo lugar el desdoblamiento del equipo, quedando distribuido en dos EOEP (EOEP Valdemoro y EOEP Aranjuez); desde este momento, nuestro equipo atiende a las localidades de <strong>Aranjuez y Ciempozuelos<\/strong>. Est\u00e1 compuesto por 9 profesores de orientaci\u00f3n educativa y 2 profesores de servicios a la comunidad. <\/p>\n\n\n\n<p><\/p>\n","protected":false},"excerpt":{"rendered":"<p>EOEP Aranjuez El EOEP de Aranjuez, como equipo general de orientaci\u00f3n, es el responsable de la orientaci\u00f3n en los centros p\u00fablicos de Educaci\u00f3n Infantil y Primaria que escolarizan alumnos de entre 3 y 12 a\u00f1os. Los Equipos de Orientaci\u00f3n Educativa y Psicopedag\u00f3gica Generales, a trav\u00e9s del asesoramiento, colaboran con los centros docentes en el cumplimiento<\/p><\/div>\n<div class=\"blog-btn\"><a href=\"https:\/\/site.educa.madrid.org\/eoep.aranjuez\/index.php\/quienes-somos-3\/\" class=\"home-blog-btn\">Leer m\u00e1s<\/a><\/p>\n","protected":false},"author":4,"featured_media":0,"parent":0,"menu_order":0,"comment_status":"closed","ping_status":"closed","template":"","meta":{"footnotes":""},"folder":[],"class_list":["post-152","page","type-page","status-publish","hentry"],"rttpg_featured_image_url":null,"rttpg_author":{"display_name":"Cuenta Admin-educamadrid","author_link":"https:\/\/site.educa.madrid.org\/eoep.aranjuez\/index.php\/author\/cuenta_admin-educamadrid\/"},"rttpg_comment":0,"rttpg_category":false,"rttpg_excerpt":"EOEP Aranjuez El EOEP de Aranjuez, como equipo general de orientaci\u00f3n, es el responsable de la orientaci\u00f3n en los centros p\u00fablicos de Educaci\u00f3n Infantil y Primaria que escolarizan alumnos de entre 3 y 12 a\u00f1os. Los Equipos de Orientaci\u00f3n Educativa y Psicopedag\u00f3gica Generales, a trav\u00e9s del asesoramiento, colaboran con los centros docentes en el cumplimientoLeer&hellip;","post_mailing_queue_ids":[],"_links":{"self":[{"href":"https:\/\/site.educa.madrid.org\/eoep.aranjuez\/index.php\/wp-json\/wp\/v2\/pages\/152","targetHints":{"allow":["GET"]}}],"collection":[{"href":"https:\/\/site.educa.madrid.org\/eoep.aranjuez\/index.php\/wp-json\/wp\/v2\/pages"}],"about":[{"href":"https:\/\/site.educa.madrid.org\/eoep.aranjuez\/index.php\/wp-json\/wp\/v2\/types\/page"}],"author":[{"embeddable":true,"href":"https:\/\/site.educa.madrid.org\/eoep.aranjuez\/index.php\/wp-json\/wp\/v2\/users\/4"}],"replies":[{"embeddable":true,"href":"https:\/\/site.educa.madrid.org\/eoep.aranjuez\/index.php\/wp-json\/wp\/v2\/comments?post=152"}],"version-history":[{"count":9,"href":"https:\/\/site.educa.madrid.org\/eoep.aranjuez\/index.php\/wp-json\/wp\/v2\/pages\/152\/revisions"}],"predecessor-version":[{"id":455,"href":"https:\/\/site.educa.madrid.org\/eoep.aranjuez\/index.php\/wp-json\/wp\/v2\/pages\/152\/revisions\/455"}],"wp:attachment":[{"href":"https:\/\/site.educa.madrid.org\/eoep.aranjuez\/index.php\/wp-json\/wp\/v2\/media?parent=152"}],"wp:term":[{"taxonomy":"folder","embeddable":true,"href":"https:\/\/site.educa.madrid.org\/eoep.aranjuez\/index.php\/wp-json\/wp\/v2\/folder?post=152"}],"curies":[{"name":"wp","href":"https:\/\/api.w.org\/{rel}","templated":true}]}}