{"id":243,"date":"2023-02-02T07:39:37","date_gmt":"2023-02-02T06:39:37","guid":{"rendered":"https:\/\/site.educa.madrid.org\/eoep.aranjuez\/?page_id=243"},"modified":"2023-06-29T12:20:18","modified_gmt":"2023-06-29T10:20:18","slug":"sector-de-aranjuez","status":"publish","type":"page","link":"https:\/\/site.educa.madrid.org\/eoep.aranjuez\/index.php\/sector-de-aranjuez\/","title":{"rendered":"Sector de Aranjuez"},"content":{"rendered":"\n<p><strong>CENTROS EDUCATIVOS<\/strong><\/p>\n\n\n\n<p><strong>CEIP CARLOS III<\/strong><\/p>\n\n\n\n<p>Direcci\u00f3n: C\/ Moreras 221<\/p>\n\n\n\n<p>28300. Aranjuez&nbsp;<\/p>\n\n\n\n<p>Tel\u00e9fono: 91 809 01 65<\/p>\n\n\n\n<p>P\u00e1gina web: <a href=\"https:\/\/colegiocarlosiii.com\/\">https:\/\/colegiocarlosiii.com\/<\/a><\/p>\n\n\n\n<p><strong>CEIPSO MAESTRO RODRIGO<\/strong><\/p>\n\n\n\n<p>Direcci\u00f3n: Av. Memorial de la Paz de Hiroshima, 5<\/p>\n\n\n\n<p>28300 Aranjuez, Madrid<\/p>\n\n\n\n<p>Tel\u00e9fono: 91 892 78 41<\/p>\n\n\n\n<p>P\u00e1gina web: <a href=\"https:\/\/site.educa.madrid.org\/cp.maestrorodrigo.aranjuez\/\">https:\/\/site.educa.madrid.org\/cp.maestrorodrigo.aranjuez\/<\/a><\/p>\n\n\n\n<p><strong>CEIP SAN FERNANDO<\/strong><\/p>\n\n\n\n<p>Direcci\u00f3n: C\/Santiago Rusi\u00f1ol, 7<\/p>\n\n\n\n<p>28300 Aranjuez, Madrid<\/p>\n\n\n\n<p>Tel\u00e9fono: 91 891 51 94<\/p>\n\n\n\n<p>P\u00e1gina web: <a href=\"https:\/\/www.educa2.madrid.org\/web\/centro.cp.sanfernando.aranjuez\">https:\/\/www.educa2.madrid.org\/web\/centro.cp.sanfernando.aranjuez<\/a><\/p>\n\n\n\n<p><strong>CEIP SAN ISIDRO<\/strong><\/p>\n\n\n\n<p>Direcci\u00f3n: C\/ de los Cuarteles, 51<\/p>\n\n\n\n<p>28300 Aranjuez, Madrid<\/p>\n\n\n\n<p>Tel\u00e9fono: 91 891 12 99<\/p>\n\n\n\n<p>P\u00e1gina web: <a href=\"https:\/\/www.educa2.madrid.org\/web\/centro.cp.sanisidro.aranjuez\">https:\/\/www.educa2.madrid.org\/web\/centro.cp.sanisidro.aranjuez<\/a><\/p>\n\n\n\n<p><strong>CEIP SAN JOS\u00c9 DE CALASANZ<\/strong><\/p>\n\n\n\n<p>Direcci\u00f3n: Av. Plaza de Toros, 32<\/p>\n\n\n\n<p>28300 Aranjuez, Madrid<\/p>\n\n\n\n<p>Tel\u00e9fono: 91 891 07 71<\/p>\n\n\n\n<p>P\u00e1gina web:<a href=\"https:\/\/www.educa2.madrid.org\/web\/centro.cp.sanjosedecalasanz.aranjuez\">https:\/\/www.educa2.madrid.org\/web\/centro.cp.sanjosedecalasanz.aranjuez<\/a><\/p>\n\n\n\n<p><strong>CEIP SANTA TERESA DE JES\u00daS<\/strong><\/p>\n\n\n\n<p>Direcci\u00f3n: \u00a0Plaza de la Paloma, 11<\/p>\n\n\n\n<p>28300 Aranjuez, Madrid<\/p>\n\n\n\n<p>Tel\u00e9fono: 91 891 51 44<\/p>\n\n\n\n<p>P\u00e1gina web:<a href=\"https:\/\/colesantateresa.com\/\">https:\/\/colesantateresa.com\/<\/a><\/p>\n\n\n\n<p><strong>CEIP VICENTE ALIEXANDRE<\/strong><\/p>\n\n\n\n<p>Direcci\u00f3n: \u00a0C\/ del Pr\u00edncipe, 38, 28300 Aranjuez, Madrid<\/p>\n\n\n\n<p>Tel\u00e9fono: 91 891 26 25<\/p>\n\n\n\n<p>P\u00e1gina web: <a href=\"https:\/\/site.educa.madrid.org\/cp.vicentealeixandre.aranjuez\/index.php\/nuestro-centro\/\">https:\/\/site.educa.madrid.org\/cp.vicentealeixandre.aranjuez\/index.php\/nuestro-centro\/<\/a><\/p>\n","protected":false},"excerpt":{"rendered":"<p>CENTROS EDUCATIVOS CEIP CARLOS III Direcci\u00f3n: C\/ Moreras 221 28300. Aranjuez&nbsp; Tel\u00e9fono: 91 809 01 65 P\u00e1gina web: https:\/\/colegiocarlosiii.com\/ CEIPSO MAESTRO RODRIGO Direcci\u00f3n: Av. Memorial de la Paz de Hiroshima, 5 28300 Aranjuez, Madrid Tel\u00e9fono: 91 892 78 41 P\u00e1gina web: https:\/\/site.educa.madrid.org\/cp.maestrorodrigo.aranjuez\/ CEIP SAN FERNANDO Direcci\u00f3n: C\/Santiago Rusi\u00f1ol, 7 28300 Aranjuez, Madrid Tel\u00e9fono: 91 891<\/p><\/div>\n<div class=\"blog-btn\"><a href=\"https:\/\/site.educa.madrid.org\/eoep.aranjuez\/index.php\/sector-de-aranjuez\/\" class=\"home-blog-btn\">Leer m\u00e1s<\/a><\/p>\n","protected":false},"author":3,"featured_media":0,"parent":0,"menu_order":0,"comment_status":"closed","ping_status":"closed","template":"","meta":{"footnotes":""},"folder":[],"class_list":["post-243","page","type-page","status-publish","hentry"],"rttpg_featured_image_url":null,"rttpg_author":{"display_name":"eoep.aranjuez","author_link":"https:\/\/site.educa.madrid.org\/eoep.aranjuez\/index.php\/author\/cuenta_eoep-aranjuez\/"},"rttpg_comment":0,"rttpg_category":false,"rttpg_excerpt":"CENTROS EDUCATIVOS CEIP CARLOS III Direcci\u00f3n: C\/ Moreras 221 28300. Aranjuez&nbsp; Tel\u00e9fono: 91 809 01 65 P\u00e1gina web: https:\/\/colegiocarlosiii.com\/ CEIPSO MAESTRO RODRIGO Direcci\u00f3n: Av. Memorial de la Paz de Hiroshima, 5 28300 Aranjuez, Madrid Tel\u00e9fono: 91 892 78 41 P\u00e1gina web: https:\/\/site.educa.madrid.org\/cp.maestrorodrigo.aranjuez\/ CEIP SAN FERNANDO Direcci\u00f3n: C\/Santiago Rusi\u00f1ol, 7 28300 Aranjuez, Madrid Tel\u00e9fono: 91 891Leer&hellip;","post_mailing_queue_ids":[],"_links":{"self":[{"href":"https:\/\/site.educa.madrid.org\/eoep.aranjuez\/index.php\/wp-json\/wp\/v2\/pages\/243","targetHints":{"allow":["GET"]}}],"collection":[{"href":"https:\/\/site.educa.madrid.org\/eoep.aranjuez\/index.php\/wp-json\/wp\/v2\/pages"}],"about":[{"href":"https:\/\/site.educa.madrid.org\/eoep.aranjuez\/index.php\/wp-json\/wp\/v2\/types\/page"}],"author":[{"embeddable":true,"href":"https:\/\/site.educa.madrid.org\/eoep.aranjuez\/index.php\/wp-json\/wp\/v2\/users\/3"}],"replies":[{"embeddable":true,"href":"https:\/\/site.educa.madrid.org\/eoep.aranjuez\/index.php\/wp-json\/wp\/v2\/comments?post=243"}],"version-history":[{"count":7,"href":"https:\/\/site.educa.madrid.org\/eoep.aranjuez\/index.php\/wp-json\/wp\/v2\/pages\/243\/revisions"}],"predecessor-version":[{"id":371,"href":"https:\/\/site.educa.madrid.org\/eoep.aranjuez\/index.php\/wp-json\/wp\/v2\/pages\/243\/revisions\/371"}],"wp:attachment":[{"href":"https:\/\/site.educa.madrid.org\/eoep.aranjuez\/index.php\/wp-json\/wp\/v2\/media?parent=243"}],"wp:term":[{"taxonomy":"folder","embeddable":true,"href":"https:\/\/site.educa.madrid.org\/eoep.aranjuez\/index.php\/wp-json\/wp\/v2\/folder?post=243"}],"curies":[{"name":"wp","href":"https:\/\/api.w.org\/{rel}","templated":true}]}}