{"id":244,"date":"2023-02-02T07:39:37","date_gmt":"2023-02-02T06:39:37","guid":{"rendered":"https:\/\/site.educa.madrid.org\/eoep.aranjuez\/?page_id=244"},"modified":"2023-06-29T10:42:22","modified_gmt":"2023-06-29T08:42:22","slug":"sector-ciempozuelos","status":"publish","type":"page","link":"https:\/\/site.educa.madrid.org\/eoep.aranjuez\/index.php\/sector-ciempozuelos\/","title":{"rendered":"Sector Ciempozuelos"},"content":{"rendered":"\n<p class=\"has-text-align-left\"><strong>CENTROS EDUCATIVOS<\/strong><\/p>\n\n\n\n<p><strong>CEIP ANDR\u00c9S SEGOVIA<\/strong><\/p>\n\n\n\n<p>Direcci\u00f3n:\u00a0C\/de Jer\u00f3nimo del Moral, 104, <\/p>\n\n\n\n<p>28350 Ciempozuelos, Madrid<\/p>\n\n\n\n<p>Tel\u00e9fono: 91 893 17 51&nbsp;<\/p>\n\n\n\n<p>P\u00e1gina web: <a href=\"https:\/\/www.educa2.madrid.org\/web\/centro.cp.andressegovia.ciempozuelos\">https:\/\/www.educa2.madrid.org\/web\/centro.cp.andressegovia.ciempozuelos<\/a><\/p>\n\n\n\n<p><strong>CEIP ELOY SAAVEDRA<\/strong><\/p>\n\n\n\n<p>Direcci\u00f3n: C\/Timanfaya, 1, 28350 Ciempozuelos, Madrid<\/p>\n\n\n\n<p>28350 Ciempozuelos, Madrid<\/p>\n\n\n\n<p>Tel\u00e9fono: 91 893 16 80<\/p>\n\n\n\n<p>P\u00e1gina web: <a href=\"https:\/\/site.educa.madrid.org\/cp.eloysaavedra.ciempozuelos\/\">https:\/\/site.educa.madrid.org\/cp.eloysaavedra.ciempozuelos\/<\/a><\/p>\n\n\n\n<p><\/p>\n\n\n\n<p><strong>CEIP VENTURA RODR\u00cdGUEZ<\/strong><\/p>\n\n\n\n<p>Direcci\u00f3n: &nbsp;C\/ Fern\u00e1ndez Victorio, 7<\/p>\n\n\n\n<p> 28350 Ciempozuelos, Madrid<\/p>\n\n\n\n<p>Tel\u00e9fono:  91 893 02 94<\/p>\n\n\n\n<p>P\u00e1gina web: <a href=\"https:\/\/www.educa2.madrid.org\/web\/ventura-rodriguez-web\">https:\/\/www.educa2.madrid.org\/web\/ventura-rodriguez-web<\/a><\/p>\n\n\n\n<p><strong>CEIP VIRGEN DEL CONSUELO<\/strong><\/p>\n\n\n\n<p>Direcci\u00f3n: \u00a0C\/Jardines, 10<\/p>\n\n\n\n<p>28350 Ciempozuelos, Madrid<\/p>\n\n\n\n<p>Tel\u00e9fono: 91 893 00 51<\/p>\n\n\n\n<p>P\u00e1gina web: <a href=\"https:\/\/www.educa2.madrid.org\/web\/centro.cp.consuelo.ciempozuelos\">https:\/\/www.educa2.madrid.org\/web\/centro.cp.consuelo.ciempozuelos<\/a><\/p>\n","protected":false},"excerpt":{"rendered":"<p>CENTROS EDUCATIVOS CEIP ANDR\u00c9S SEGOVIA Direcci\u00f3n:\u00a0C\/de Jer\u00f3nimo del Moral, 104, 28350 Ciempozuelos, Madrid Tel\u00e9fono: 91 893 17 51&nbsp; P\u00e1gina web: https:\/\/www.educa2.madrid.org\/web\/centro.cp.andressegovia.ciempozuelos CEIP ELOY SAAVEDRA Direcci\u00f3n: C\/Timanfaya, 1, 28350 Ciempozuelos, Madrid 28350 Ciempozuelos, Madrid Tel\u00e9fono: 91 893 16 80 P\u00e1gina web: https:\/\/site.educa.madrid.org\/cp.eloysaavedra.ciempozuelos\/ CEIP VENTURA RODR\u00cdGUEZ Direcci\u00f3n: &nbsp;C\/ Fern\u00e1ndez Victorio, 7 28350 Ciempozuelos, Madrid Tel\u00e9fono: 91 893<\/p><\/div>\n<div class=\"blog-btn\"><a href=\"https:\/\/site.educa.madrid.org\/eoep.aranjuez\/index.php\/sector-ciempozuelos\/\" class=\"home-blog-btn\">Leer m\u00e1s<\/a><\/p>\n","protected":false},"author":3,"featured_media":0,"parent":0,"menu_order":0,"comment_status":"closed","ping_status":"closed","template":"","meta":{"footnotes":""},"folder":[],"class_list":["post-244","page","type-page","status-publish","hentry"],"rttpg_featured_image_url":null,"rttpg_author":{"display_name":"eoep.aranjuez","author_link":"https:\/\/site.educa.madrid.org\/eoep.aranjuez\/index.php\/author\/cuenta_eoep-aranjuez\/"},"rttpg_comment":0,"rttpg_category":false,"rttpg_excerpt":"CENTROS EDUCATIVOS CEIP ANDR\u00c9S SEGOVIA Direcci\u00f3n:\u00a0C\/de Jer\u00f3nimo del Moral, 104, 28350 Ciempozuelos, Madrid Tel\u00e9fono: 91 893 17 51&nbsp; P\u00e1gina web: https:\/\/www.educa2.madrid.org\/web\/centro.cp.andressegovia.ciempozuelos CEIP ELOY SAAVEDRA Direcci\u00f3n: C\/Timanfaya, 1, 28350 Ciempozuelos, Madrid 28350 Ciempozuelos, Madrid Tel\u00e9fono: 91 893 16 80 P\u00e1gina web: https:\/\/site.educa.madrid.org\/cp.eloysaavedra.ciempozuelos\/ CEIP VENTURA RODR\u00cdGUEZ Direcci\u00f3n: &nbsp;C\/ Fern\u00e1ndez Victorio, 7 28350 Ciempozuelos, Madrid Tel\u00e9fono: 91 893Leer&hellip;","post_mailing_queue_ids":[],"_links":{"self":[{"href":"https:\/\/site.educa.madrid.org\/eoep.aranjuez\/index.php\/wp-json\/wp\/v2\/pages\/244","targetHints":{"allow":["GET"]}}],"collection":[{"href":"https:\/\/site.educa.madrid.org\/eoep.aranjuez\/index.php\/wp-json\/wp\/v2\/pages"}],"about":[{"href":"https:\/\/site.educa.madrid.org\/eoep.aranjuez\/index.php\/wp-json\/wp\/v2\/types\/page"}],"author":[{"embeddable":true,"href":"https:\/\/site.educa.madrid.org\/eoep.aranjuez\/index.php\/wp-json\/wp\/v2\/users\/3"}],"replies":[{"embeddable":true,"href":"https:\/\/site.educa.madrid.org\/eoep.aranjuez\/index.php\/wp-json\/wp\/v2\/comments?post=244"}],"version-history":[{"count":4,"href":"https:\/\/site.educa.madrid.org\/eoep.aranjuez\/index.php\/wp-json\/wp\/v2\/pages\/244\/revisions"}],"predecessor-version":[{"id":354,"href":"https:\/\/site.educa.madrid.org\/eoep.aranjuez\/index.php\/wp-json\/wp\/v2\/pages\/244\/revisions\/354"}],"wp:attachment":[{"href":"https:\/\/site.educa.madrid.org\/eoep.aranjuez\/index.php\/wp-json\/wp\/v2\/media?parent=244"}],"wp:term":[{"taxonomy":"folder","embeddable":true,"href":"https:\/\/site.educa.madrid.org\/eoep.aranjuez\/index.php\/wp-json\/wp\/v2\/folder?post=244"}],"curies":[{"name":"wp","href":"https:\/\/api.w.org\/{rel}","templated":true}]}}