{"id":379,"date":"2023-06-29T12:34:58","date_gmt":"2023-06-29T10:34:58","guid":{"rendered":"https:\/\/site.educa.madrid.org\/eoep.aranjuez\/?page_id=379"},"modified":"2024-06-21T11:26:10","modified_gmt":"2024-06-21T09:26:10","slug":"inicio-2","status":"publish","type":"page","link":"https:\/\/site.educa.madrid.org\/eoep.aranjuez\/","title":{"rendered":"Inicio"},"content":{"rendered":"\n<figure class=\"wp-block-image size-large\"><img loading=\"lazy\" decoding=\"async\" width=\"1024\" height=\"512\" src=\"https:\/\/site.educa.madrid.org\/eoep.aranjuez\/\/wp-content\/uploads\/eoep.aranjuez\/2023\/06\/Diseno-sin-titulo-1024x512.png\" alt=\"\" class=\"wp-image-398\" srcset=\"https:\/\/site.educa.madrid.org\/eoep.aranjuez\/\/wp-content\/uploads\/eoep.aranjuez\/2023\/06\/Diseno-sin-titulo-1024x512.png 1024w, https:\/\/site.educa.madrid.org\/eoep.aranjuez\/\/wp-content\/uploads\/eoep.aranjuez\/2023\/06\/Diseno-sin-titulo-300x150.png 300w, https:\/\/site.educa.madrid.org\/eoep.aranjuez\/\/wp-content\/uploads\/eoep.aranjuez\/2023\/06\/Diseno-sin-titulo-768x384.png 768w, https:\/\/site.educa.madrid.org\/eoep.aranjuez\/\/wp-content\/uploads\/eoep.aranjuez\/2023\/06\/Diseno-sin-titulo-1536x768.png 1536w, https:\/\/site.educa.madrid.org\/eoep.aranjuez\/\/wp-content\/uploads\/eoep.aranjuez\/2023\/06\/Diseno-sin-titulo-2048x1024.png 2048w\" sizes=\"auto, (max-width: 1024px) 100vw, 1024px\" \/><\/figure>\n\n\n\n<p class=\"has-text-align-center\"><em>\u00abDime y lo olvido, ens\u00e9\u00f1ame y lo recuerdo, invol\u00facrame y lo aprendo\u00bb<\/em>. <strong>B. Franklin<\/strong><\/p>\n\n\n\n<hr class=\"wp-block-separator has-alpha-channel-opacity\"\/>\n\n\n\n<p><\/p>\n\n\n\n<p><\/p>\n\n\n\n<p><\/p>\n","protected":false},"excerpt":{"rendered":"<p>\u00abDime y lo olvido, ens\u00e9\u00f1ame y lo recuerdo, invol\u00facrame y lo aprendo\u00bb. B. Franklin<\/p>\n","protected":false},"author":3,"featured_media":0,"parent":0,"menu_order":0,"comment_status":"closed","ping_status":"closed","template":"","meta":{"footnotes":""},"folder":[],"class_list":["post-379","page","type-page","status-publish","hentry"],"rttpg_featured_image_url":null,"rttpg_author":{"display_name":"eoep.aranjuez","author_link":"https:\/\/site.educa.madrid.org\/eoep.aranjuez\/index.php\/author\/cuenta_eoep-aranjuez\/"},"rttpg_comment":0,"rttpg_category":false,"rttpg_excerpt":"\u00abDime y lo olvido, ens\u00e9\u00f1ame y lo recuerdo, invol\u00facrame y lo aprendo\u00bb. B. Franklin","post_mailing_queue_ids":[],"_links":{"self":[{"href":"https:\/\/site.educa.madrid.org\/eoep.aranjuez\/index.php\/wp-json\/wp\/v2\/pages\/379","targetHints":{"allow":["GET"]}}],"collection":[{"href":"https:\/\/site.educa.madrid.org\/eoep.aranjuez\/index.php\/wp-json\/wp\/v2\/pages"}],"about":[{"href":"https:\/\/site.educa.madrid.org\/eoep.aranjuez\/index.php\/wp-json\/wp\/v2\/types\/page"}],"author":[{"embeddable":true,"href":"https:\/\/site.educa.madrid.org\/eoep.aranjuez\/index.php\/wp-json\/wp\/v2\/users\/3"}],"replies":[{"embeddable":true,"href":"https:\/\/site.educa.madrid.org\/eoep.aranjuez\/index.php\/wp-json\/wp\/v2\/comments?post=379"}],"version-history":[{"count":9,"href":"https:\/\/site.educa.madrid.org\/eoep.aranjuez\/index.php\/wp-json\/wp\/v2\/pages\/379\/revisions"}],"predecessor-version":[{"id":594,"href":"https:\/\/site.educa.madrid.org\/eoep.aranjuez\/index.php\/wp-json\/wp\/v2\/pages\/379\/revisions\/594"}],"wp:attachment":[{"href":"https:\/\/site.educa.madrid.org\/eoep.aranjuez\/index.php\/wp-json\/wp\/v2\/media?parent=379"}],"wp:term":[{"taxonomy":"folder","embeddable":true,"href":"https:\/\/site.educa.madrid.org\/eoep.aranjuez\/index.php\/wp-json\/wp\/v2\/folder?post=379"}],"curies":[{"name":"wp","href":"https:\/\/api.w.org\/{rel}","templated":true}]}}