{"id":458,"date":"2023-06-30T09:39:26","date_gmt":"2023-06-30T07:39:26","guid":{"rendered":"https:\/\/site.educa.madrid.org\/eoep.aranjuez\/?page_id=458"},"modified":"2023-07-12T13:23:32","modified_gmt":"2023-07-12T11:23:32","slug":"centro-atencion-temprana","status":"publish","type":"page","link":"https:\/\/site.educa.madrid.org\/eoep.aranjuez\/index.php\/centro-atencion-temprana\/","title":{"rendered":"Atenci\u00f3n temprana"},"content":{"rendered":"\n<p>Las unidades de tratamiento de los <strong>Centros Base&nbsp;y los Centros de Atenci\u00f3n Temprana<\/strong>&nbsp;constituyen una red especializada&nbsp;en el tratamiento integral&nbsp;de los ni\u00f1os que busca&nbsp;potenciar su plena inclusi\u00f3n, su capacidad de desarrollo y&nbsp;su bienestar,&nbsp;as\u00ed como la participaci\u00f3n activa de las familias en todo el proceso.<\/p>\n\n\n\n<p>Todos los centros de la red cuentan con&nbsp;<strong>equipos multidisciplinares&nbsp;<\/strong>que intervienen desde un enfoque global y a partir de una&nbsp;<strong>programaci\u00f3n&nbsp;individualizada,<\/strong>&nbsp;en coordinaci\u00f3n con otros servicios sociosanitarios y educativos implicados en la atenci\u00f3n del ni\u00f1o.<\/p>\n\n\n\n<p>Sus servicios comprenden:&nbsp;<\/p>\n\n\n\n<ul class=\"has-black-color has-text-color wp-block-list\">\n<li><strong>Atenci\u00f3n sociofamiliar&nbsp;<\/strong>(psicolog\u00eda, trabajo social,\u2026)<\/li>\n\n\n\n<li><strong>Atenci\u00f3n terap\u00e9utica&nbsp;<\/strong>( estimulaci\u00f3n, fisioterapia, psicomotricidad, logopedia y psicoterapia) <\/li>\n<\/ul>\n\n\n\n<p><\/p>\n\n\n<div class=\"wp-block-image\">\n<figure class=\"aligncenter size-full is-resized\"><img loading=\"lazy\" decoding=\"async\" src=\"https:\/\/site.educa.madrid.org\/eoep.aranjuez\/\/wp-content\/uploads\/eoep.aranjuez\/2023\/06\/atencion-temprana.jpg\" alt=\"\" class=\"wp-image-473\" width=\"285\" height=\"213\"\/><\/figure>\n<\/div>\n\n\n<blockquote class=\"wp-block-quote is-layout-flow wp-block-quote-is-layout-flow\">\n<p><\/p>\n\n\n\n<p><strong>EQUIPO DE ATENCI\u00d3N TEMPRANA &#8211; EAT ARANJUEZ <\/strong><\/p>\n\n\n\n<p> Direcci\u00f3n: C\/Hospital, 3 Aranjuez<\/p>\n\n\n\n<p>Tel\u00e9fono: 638042236 | 638042225 | 918754257<\/p>\n\n\n\n<p><\/p>\n\n\n\n<p><\/p>\n\n\n\n<p><strong>CENTRO REGIONAL DE COORDINACI\u00d3N Y VALORACI\u00d3N INFANTIL (CRECOVI)<\/strong><\/p>\n<\/blockquote>\n\n\n\n<p>Direcci\u00f3n: C\/ Doctor Castelo, 49 Madrid<\/p>\n\n\n\n<p>Tel\u00e9fono: 912761183<\/p>\n\n\n\n<blockquote class=\"wp-block-quote is-layout-flow wp-block-quote-is-layout-flow\">\n<p><strong>CENTROS DE ATENCI\u00d3N TEMPRANA<\/strong><\/p>\n<\/blockquote>\n\n\n\n<p><strong>CAT ARANJUEZ<\/strong><\/p>\n\n\n\n<p>Direcci\u00f3n: C\/ del Sol, 12 Aranjuez<\/p>\n\n\n\n<p>Tel\u00e9fono: 918754883<\/p>\n\n\n\n<p><\/p>\n\n\n\n<p><strong>CAT VALDEMORO<\/strong><\/p>\n\n\n\n<p>Direcci\u00f3n: C\/ Apolo, 22 Valdemoro<\/p>\n\n\n\n<p>Tel\u00e9fono: 918657346<\/p>\n\n\n\n<p><strong>CAT PINTO<\/strong><\/p>\n\n\n\n<p>Direcci\u00f3n: C\/ Egido de la Fuente, 15 Pinto<\/p>\n\n\n\n<p>Tel\u00e9fono: 916923952<\/p>\n\n\n\n<blockquote class=\"wp-block-quote is-layout-flow wp-block-quote-is-layout-flow\">\n<p><strong>CENTROS BASE<\/strong><\/p>\n<\/blockquote>\n\n\n\n<p><strong>CENTRO BASE 2<\/strong> (Aranjuez)<\/p>\n\n\n\n<p>Direcci\u00f3n: C\/ Melquiades Biencinto, 15 Madrid<\/p>\n\n\n\n<p>Tel\u00e9fono: 915521004<\/p>\n\n\n\n<p><strong>CENTRO BASE 7<\/strong> (Ciempozuelos)<\/p>\n\n\n\n<p>Direcci\u00f3n: C\/ Rafael Alberti, 17 Madrid<\/p>\n\n\n\n<p>Tel\u00e9fono: 913803935<\/p>\n\n\n\n<p><\/p>\n\n\n\n<p><\/p>\n\n\n\n<div class=\"wp-block-buttons is-layout-flex wp-block-buttons-is-layout-flex\">\n<div class=\"wp-block-button is-style-outline aligncenter is-style-outline--1\"><a class=\"wp-block-button__link has-vivid-red-color has-white-background-color has-text-color has-background wp-element-button\" href=\"https:\/\/www.comunidad.madrid\/servicios\/servicios-sociales\/guia-rapida-acceso-servicios-prestaciones-discapacidad-dependencia-atencion-temprana\">Gu\u00eda r\u00e1pida de acceso a servicios y prestaciones de discapacidad, dependencia y atenci\u00f3n temprana.<\/a><\/div>\n<\/div>\n\n\n\n<p><\/p>\n","protected":false},"excerpt":{"rendered":"<p>Las unidades de tratamiento de los Centros Base&nbsp;y los Centros de Atenci\u00f3n Temprana&nbsp;constituyen una red especializada&nbsp;en el tratamiento integral&nbsp;de los ni\u00f1os que busca&nbsp;potenciar su plena inclusi\u00f3n, su capacidad de desarrollo y&nbsp;su bienestar,&nbsp;as\u00ed como la participaci\u00f3n activa de las familias en todo el proceso. Todos los centros de la red cuentan con&nbsp;equipos multidisciplinares&nbsp;que intervienen desde un<\/p><\/div>\n<div class=\"blog-btn\"><a href=\"https:\/\/site.educa.madrid.org\/eoep.aranjuez\/index.php\/centro-atencion-temprana\/\" class=\"home-blog-btn\">Leer m\u00e1s<\/a><\/p>\n","protected":false},"author":3,"featured_media":0,"parent":0,"menu_order":0,"comment_status":"closed","ping_status":"closed","template":"","meta":{"footnotes":""},"folder":[],"class_list":["post-458","page","type-page","status-publish","hentry"],"rttpg_featured_image_url":null,"rttpg_author":{"display_name":"eoep.aranjuez","author_link":"https:\/\/site.educa.madrid.org\/eoep.aranjuez\/index.php\/author\/cuenta_eoep-aranjuez\/"},"rttpg_comment":0,"rttpg_category":false,"rttpg_excerpt":"Las unidades de tratamiento de los Centros Base&nbsp;y los Centros de Atenci\u00f3n Temprana&nbsp;constituyen una red especializada&nbsp;en el tratamiento integral&nbsp;de los ni\u00f1os que busca&nbsp;potenciar su plena inclusi\u00f3n, su capacidad de desarrollo y&nbsp;su bienestar,&nbsp;as\u00ed como la participaci\u00f3n activa de las familias en todo el proceso. Todos los centros de la red cuentan con&nbsp;equipos multidisciplinares&nbsp;que intervienen desde unLeer&hellip;","post_mailing_queue_ids":[],"_links":{"self":[{"href":"https:\/\/site.educa.madrid.org\/eoep.aranjuez\/index.php\/wp-json\/wp\/v2\/pages\/458","targetHints":{"allow":["GET"]}}],"collection":[{"href":"https:\/\/site.educa.madrid.org\/eoep.aranjuez\/index.php\/wp-json\/wp\/v2\/pages"}],"about":[{"href":"https:\/\/site.educa.madrid.org\/eoep.aranjuez\/index.php\/wp-json\/wp\/v2\/types\/page"}],"author":[{"embeddable":true,"href":"https:\/\/site.educa.madrid.org\/eoep.aranjuez\/index.php\/wp-json\/wp\/v2\/users\/3"}],"replies":[{"embeddable":true,"href":"https:\/\/site.educa.madrid.org\/eoep.aranjuez\/index.php\/wp-json\/wp\/v2\/comments?post=458"}],"version-history":[{"count":11,"href":"https:\/\/site.educa.madrid.org\/eoep.aranjuez\/index.php\/wp-json\/wp\/v2\/pages\/458\/revisions"}],"predecessor-version":[{"id":579,"href":"https:\/\/site.educa.madrid.org\/eoep.aranjuez\/index.php\/wp-json\/wp\/v2\/pages\/458\/revisions\/579"}],"wp:attachment":[{"href":"https:\/\/site.educa.madrid.org\/eoep.aranjuez\/index.php\/wp-json\/wp\/v2\/media?parent=458"}],"wp:term":[{"taxonomy":"folder","embeddable":true,"href":"https:\/\/site.educa.madrid.org\/eoep.aranjuez\/index.php\/wp-json\/wp\/v2\/folder?post=458"}],"curies":[{"name":"wp","href":"https:\/\/api.w.org\/{rel}","templated":true}]}}