{"id":482,"date":"2023-06-30T10:28:44","date_gmt":"2023-06-30T08:28:44","guid":{"rendered":"https:\/\/site.educa.madrid.org\/eoep.aranjuez\/?page_id=482"},"modified":"2023-06-30T11:09:46","modified_gmt":"2023-06-30T09:09:46","slug":"eoep-especificos","status":"publish","type":"page","link":"https:\/\/site.educa.madrid.org\/eoep.aranjuez\/index.php\/eoep-especificos\/","title":{"rendered":"EOEP Espec\u00edficos"},"content":{"rendered":"\n<p>Colaboran con los Equipos de Orientaci\u00f3n Educativa y Psicopedag\u00f3gica Generales y de&nbsp;Atenci\u00f3n Temprana &nbsp;y con los orientadores en centros, en la orientaci\u00f3n a los centros educativos, especialmente a los&nbsp;centros de escolarizaci\u00f3n preferente&nbsp;y en la realizaci\u00f3n de evaluaciones psicopedag\u00f3gicas,&nbsp;cuando se precisen estrategias espec\u00edficas, as\u00ed como en la puesta en marcha de actuaciones educativas novedosas que permitan mejorar la respuesta a las necesidades espec\u00edficas de estos alumnos.<\/p>\n\n\n\n<p><strong>DESTINATARIOS:<\/strong><\/p>\n\n\n\n<ul class=\"wp-block-list\"><li>Centros educativos,\u00a0Equipos de Orientaci\u00f3n Educativa y Psicopedag\u00f3gica\u00a0de Atenci\u00f3n Temprana y Generales, Departamentos de Orientaci\u00f3n\u00a0y Orientadores de centros de toda la Comunidad de Madrid.<\/li><li>Alumnos con Discapacidad Motora, Discapacidad Visual, Discapacidad Auditiva, con Trastornos Generalizados del Desarrollo, altas capacidades y Dificultades Espec\u00edficas de Aprendizaje, TDAH y Trastorno Espec\u00edfico del Lenguaje, escolarizados en las etapas educativas de Educaci\u00f3n Infantil, Educaci\u00f3n Primaria, Educaci\u00f3n Secundaria Obligatoria y Post-obligatoria.<\/li><li>Familias de alumnos con necesidades espec\u00edficas de apoyo educativo asociadas a Discapacidad Motora, Discapacidad Visual, Discapacidad Auditiva, Trastornos Generalizados del Desarrollo, altas capacidades,  Dificultades Espec\u00edficas de Aprendizaje, Trastorno Espec\u00edfico del Lenguaje y TDAH.<\/li><\/ul>\n\n\n\n<p><strong>LISTADO DE EQUIPOS<\/strong>:<\/p>\n\n\n\n<p><sup><strong>EQUIPO DE ORIENTACI\u00d3N EDUCATIVA Y PSICOPEDAG\u00d3GICA ESPEC\u00cdFICO DE ALTAS\u00a0CAPACIDADES<\/strong><\/sup><\/p>\n\n\n\n<p>Tel\u00e9fono: 681 26 10 08<\/p>\n\n\n\n<p>Email: <a href=\"eoep.altascapacidades.madrid@educa.madrid.org\" data-type=\"URL\" data-id=\"eoep.altascapacidades.madrid@educa.madrid.org\">eoep.altascapacidades.madrid@educa.madrid.org<\/a><\/p>\n\n\n\n<p>P\u00e1gina web: <a href=\"https:\/\/www.educa2.madrid.org\/web\/equipo-especifico-altas-capacidades\">https:\/\/www.educa2.madrid.org\/web\/equipo-especifico-altas-capacidades<\/a><\/p>\n\n\n\n<p><sup><strong>EQUIPO DE ORIENTACI\u00d3N EDUCATIVA Y PSICOPEDAG\u00d3GICA ESPEC\u00cdFICO DE ALTERACIONES GRAVES DEL DESARROLLO<\/strong><\/sup><\/p>\n\n\n\n<p>Tel\u00e9fono: 91 544 22 42<\/p>\n\n\n\n<p>Email: <a href=\"mailto:eoep.alteracionesdesarrollo.madrid@madrid.org\">eoep.alteracionesdesarrollo.madrid@madrid.org<\/a> <\/p>\n\n\n\n<p>P\u00e1gina web: <a href=\"https:\/\/www.educa2.madrid.org\/web\/centro.eoep.alteracionesdesarrollo.madrid\/primera\">https:\/\/www.educa2.madrid.org\/web\/centro.eoep.alteracionesdesarrollo.madrid\/primera<\/a><\/p>\n\n\n\n<p><sup><strong>EQUIPO DE ORIENTACI\u00d3N EDUCATIVA Y PSICOPEDAG\u00d3GICA ESPEC\u00cdFICO DE DIFICULTADES\u00a0DE APRENDIZAJE, TRASTORNOS DEL LENGUAJE Y TRASTORNO POR D\u00c9FICIT DE ATENCI\u00d3N CON HIPERACTIVIDAD<\/strong><\/sup>.<\/p>\n\n\n\n<p>Tel\u00e9fono: 690270359<\/p>\n\n\n\n<p>Email:<a href=\"eoep.tdah.madrid@educa.madrid.org\" data-type=\"URL\" data-id=\"eoep.tdah.madrid@educa.madrid.org\">eoep.tdah.madrid@educa.madrid.org<\/a><\/p>\n\n\n\n<p>P\u00e1gina web: <a href=\"https:\/\/www.educa2.madrid.org\/web\/dificultades-de-aprendizaje-trastornos-del-lenguaje-y-tdah\">https:\/\/www.educa2.madrid.org\/web\/dificultades-de-aprendizaje-trastornos-del-lenguaje-y-tdah<\/a><\/p>\n\n\n\n<p><sup><strong>EQUIPO DE ORIENTACI\u00d3N EDUCATIVA Y PSICOPEDAG\u00d3GICA ESPEC\u00cdFICO DE DISCAPACIDAD AUDITIVA<\/strong><\/sup><\/p>\n\n\n\n<p>Tel\u00e9fono: 91 760 02 57 \/\/ 91 760 15 21<\/p>\n\n\n\n<p>Email: <a href=\"eoep.auditivas.madrid@educa.madrid.org\">eoep.auditivas.madrid@educa.madrid.org<\/a><\/p>\n\n\n\n<p>P\u00e1gina web: <a href=\"https:\/\/www.educa2.madrid.org\/web\/centro.eoep.auditivas.madrid\">https:\/\/www.educa2.madrid.org\/web\/centro.eoep.auditivas.madrid<\/a><\/p>\n\n\n\n<p><sup><strong>EQUIPO DE ORIENTACI\u00d3N EDUCATIVA Y PSICOPEDAG\u00d3GICA ESPEC\u00cdFICO DE DISCAPACIDAD MOTORA<\/strong><\/sup><\/p>\n\n\n\n<p>Tel\u00e9fono: 91 360 18 34 \/\/ 91 306 07 30<\/p>\n\n\n\n<p>Email: <a href=\"eoep.motoricas.madrid@educamadrid.org\">eoep.motoricas.madrid@educamadrid.org <\/a><\/p>\n\n\n\n<p>P\u00e1gina web: <a href=\"https:\/\/www.educa2.madrid.org\/web\/eoep.discapacidadmotora.madrid\">https:\/\/www.educa2.madrid.org\/web\/eoep.discapacidadmotora.madrid<\/a><\/p>\n\n\n\n<p><sup><strong>EQUIPO DE ORIENTACI\u00d3N EDUCATIVA Y PSICOPEDAG\u00d3GICA ESPEC\u00cdFICO DE DISCAPACIDAD VISUAL<\/strong><\/sup><\/p>\n\n\n\n<p>Tel\u00e9fono: 91 350 62 88<\/p>\n\n\n\n<p>Email:<a href=\"eoep.visuales.madrid@educa.madrid.org\">eoep.visuales.madrid@educa.madrid.org<\/a>     <\/p>\n\n\n\n<p>P\u00e1gina web: <a href=\"https:\/\/www.educa2.madrid.org\/web\/centro.eoep.visuales.madrid\/inicio\">https:\/\/www.educa2.madrid.org\/web\/centro.eoep.visuales.madrid\/inicio<\/a><\/p>\n","protected":false},"excerpt":{"rendered":"<p>Colaboran con los Equipos de Orientaci\u00f3n Educativa y Psicopedag\u00f3gica Generales y de&nbsp;Atenci\u00f3n Temprana &nbsp;y con los orientadores en centros, en la orientaci\u00f3n a los centros educativos, especialmente a los&nbsp;centros de escolarizaci\u00f3n preferente&nbsp;y en la realizaci\u00f3n de evaluaciones psicopedag\u00f3gicas,&nbsp;cuando se precisen estrategias espec\u00edficas, as\u00ed como en la puesta en marcha de actuaciones educativas novedosas que permitan<\/p><\/div>\n<div class=\"blog-btn\"><a href=\"https:\/\/site.educa.madrid.org\/eoep.aranjuez\/index.php\/eoep-especificos\/\" class=\"home-blog-btn\">Leer m\u00e1s<\/a><\/p>\n","protected":false},"author":3,"featured_media":0,"parent":0,"menu_order":0,"comment_status":"closed","ping_status":"closed","template":"","meta":{"footnotes":""},"folder":[],"class_list":["post-482","page","type-page","status-publish","hentry"],"rttpg_featured_image_url":null,"rttpg_author":{"display_name":"eoep.aranjuez","author_link":"https:\/\/site.educa.madrid.org\/eoep.aranjuez\/index.php\/author\/cuenta_eoep-aranjuez\/"},"rttpg_comment":0,"rttpg_category":false,"rttpg_excerpt":"Colaboran con los Equipos de Orientaci\u00f3n Educativa y Psicopedag\u00f3gica Generales y de&nbsp;Atenci\u00f3n Temprana &nbsp;y con los orientadores en centros, en la orientaci\u00f3n a los centros educativos, especialmente a los&nbsp;centros de escolarizaci\u00f3n preferente&nbsp;y en la realizaci\u00f3n de evaluaciones psicopedag\u00f3gicas,&nbsp;cuando se precisen estrategias espec\u00edficas, as\u00ed como en la puesta en marcha de actuaciones educativas novedosas que permitanLeer&hellip;","post_mailing_queue_ids":[],"_links":{"self":[{"href":"https:\/\/site.educa.madrid.org\/eoep.aranjuez\/index.php\/wp-json\/wp\/v2\/pages\/482","targetHints":{"allow":["GET"]}}],"collection":[{"href":"https:\/\/site.educa.madrid.org\/eoep.aranjuez\/index.php\/wp-json\/wp\/v2\/pages"}],"about":[{"href":"https:\/\/site.educa.madrid.org\/eoep.aranjuez\/index.php\/wp-json\/wp\/v2\/types\/page"}],"author":[{"embeddable":true,"href":"https:\/\/site.educa.madrid.org\/eoep.aranjuez\/index.php\/wp-json\/wp\/v2\/users\/3"}],"replies":[{"embeddable":true,"href":"https:\/\/site.educa.madrid.org\/eoep.aranjuez\/index.php\/wp-json\/wp\/v2\/comments?post=482"}],"version-history":[{"count":3,"href":"https:\/\/site.educa.madrid.org\/eoep.aranjuez\/index.php\/wp-json\/wp\/v2\/pages\/482\/revisions"}],"predecessor-version":[{"id":494,"href":"https:\/\/site.educa.madrid.org\/eoep.aranjuez\/index.php\/wp-json\/wp\/v2\/pages\/482\/revisions\/494"}],"wp:attachment":[{"href":"https:\/\/site.educa.madrid.org\/eoep.aranjuez\/index.php\/wp-json\/wp\/v2\/media?parent=482"}],"wp:term":[{"taxonomy":"folder","embeddable":true,"href":"https:\/\/site.educa.madrid.org\/eoep.aranjuez\/index.php\/wp-json\/wp\/v2\/folder?post=482"}],"curies":[{"name":"wp","href":"https:\/\/api.w.org\/{rel}","templated":true}]}}