{"id":1883,"date":"2024-09-03T07:03:25","date_gmt":"2024-09-03T07:03:25","guid":{"rendered":"https:\/\/www.eoimoratalaz.disercom.es\/?page_id=213"},"modified":"2025-05-24T19:48:20","modified_gmt":"2025-05-24T17:48:20","slug":"tramites-administrativos","status":"publish","type":"page","link":"https:\/\/site.educa.madrid.org\/eoi.extmoratalaz-ptevallecas.madrid\/index.php\/tramites-administrativos\/","title":{"rendered":"Tr\u00e1mites administrativos"},"content":{"rendered":"\n<div style=\"height:50px\" aria-hidden=\"true\" class=\"wp-block-spacer\"><\/div>\n\n\n<div id=\"pl-gb1883-6a037ab2bb06e\"  class=\"panel-layout panel-layout\" ><div id=\"pg-gb1883-6a037ab2bb06e-0\"  class=\"panel-grid panel-no-style\"  data-style=\"{&quot;background_image_attachment&quot;:false,&quot;background_display&quot;:&quot;tile&quot;,&quot;background_image_size&quot;:&quot;full&quot;,&quot;background_image_opacity&quot;:&quot;100&quot;,&quot;border_thickness&quot;:&quot;1px&quot;,&quot;full_height&quot;:&quot;&quot;,&quot;cell_alignment&quot;:&quot;flex-start&quot;,&quot;link_overlay_new_window&quot;:&quot;&quot;}\" ><div id=\"pgc-gb1883-6a037ab2bb06e-0-0\"  class=\"panel-grid-cell\"  data-weight=\"0.33333333333333\" ><div id=\"panel-gb1883-6a037ab2bb06e-0-0-0\" class=\"so-panel widget widget_sow-icon panel-first-child\" data-index=\"0\" data-style=\"{&quot;background_image_attachment&quot;:false,&quot;background_display&quot;:&quot;tile&quot;,&quot;background_image_size&quot;:&quot;full&quot;,&quot;background_image_opacity&quot;:&quot;100&quot;,&quot;border_thickness&quot;:&quot;1px&quot;,&quot;link_overlay_new_window&quot;:&quot;&quot;}\" ><div\n\t\t\t\n\t\t\tclass=\"so-widget-sow-icon so-widget-sow-icon-default-39574eb41890\"\n\t\t\t\n\t\t>\n<div class=\"sow-icon-container sow-icon\">\n\t\t\t<a href=\"https:\/\/site.educa.madrid.org\/eoi.extmoratalaz-ptevallecas.madrid\/index.php\/2024\/08\/30\/cambios-de-grupo\/\" >\n\t\t\t<span class=\"sow-icon-materialicons sowm-regular\" data-sow-icon=\"&#xe8d4\"\n\t\t title=\"Cambio de grupo\"\n\t\taria-hidden=\"true\"><\/span>\t\t\t<\/a>\n\t<\/div>\n<\/div><\/div><div id=\"panel-gb1883-6a037ab2bb06e-0-0-1\" class=\"so-panel widget widget_text\" data-index=\"1\" data-style=\"{&quot;background_image_attachment&quot;:false,&quot;background_display&quot;:&quot;tile&quot;,&quot;background_image_size&quot;:&quot;full&quot;,&quot;background_image_opacity&quot;:&quot;100&quot;,&quot;border_thickness&quot;:&quot;1px&quot;,&quot;link_overlay_new_window&quot;:&quot;&quot;}\" >\t\t\t<div class=\"textwidget\"><p><center><\/p>\n<h3>Cambio de grupo<\/h3>\n<p><\/center><\/p>\n<\/div>\n\t\t<\/div><div id=\"panel-gb1883-6a037ab2bb06e-0-0-2\" class=\"so-panel widget widget_sow-icon\" data-index=\"2\" data-style=\"{&quot;background_image_attachment&quot;:false,&quot;background_display&quot;:&quot;tile&quot;,&quot;background_image_size&quot;:&quot;full&quot;,&quot;background_image_opacity&quot;:&quot;100&quot;,&quot;border_thickness&quot;:&quot;1px&quot;,&quot;link_overlay_new_window&quot;:&quot;&quot;}\" ><div\n\t\t\t\n\t\t\tclass=\"so-widget-sow-icon so-widget-sow-icon-default-39574eb41890\"\n\t\t\t\n\t\t>\n<div class=\"sow-icon-container sow-icon\">\n\t\t\t<a href=\"https:\/\/site.educa.madrid.org\/eoi.extmoratalaz-ptevallecas.madrid\/index.php\/2024\/08\/30\/anulacion-de-matricula\/\" >\n\t\t\t<span class=\"sow-icon-materialicons sowm-regular\" data-sow-icon=\"&#xef46\"\n\t\t title=\"Anulaci\u00f3n de matr\u00edcula\"\n\t\taria-hidden=\"true\"><\/span>\t\t\t<\/a>\n\t<\/div>\n<\/div><\/div><div id=\"panel-gb1883-6a037ab2bb06e-0-0-3\" class=\"so-panel widget widget_text\" data-index=\"3\" data-style=\"{&quot;background_image_attachment&quot;:false,&quot;background_display&quot;:&quot;tile&quot;,&quot;background_image_size&quot;:&quot;full&quot;,&quot;background_image_opacity&quot;:&quot;100&quot;,&quot;border_thickness&quot;:&quot;1px&quot;,&quot;link_overlay_new_window&quot;:&quot;&quot;}\" >\t\t\t<div class=\"textwidget\"><p><center><\/p>\n<h3>Anulaci\u00f3n de matr\u00edcula<\/h3>\n<p><\/center><\/p>\n<\/div>\n\t\t<\/div><div id=\"panel-gb1883-6a037ab2bb06e-0-0-4\" class=\"so-panel widget widget_sow-icon\" data-index=\"4\" data-style=\"{&quot;background_image_attachment&quot;:false,&quot;background_display&quot;:&quot;tile&quot;,&quot;background_image_size&quot;:&quot;full&quot;,&quot;background_image_opacity&quot;:&quot;100&quot;,&quot;border_thickness&quot;:&quot;1px&quot;,&quot;link_overlay_new_window&quot;:&quot;&quot;}\" ><div\n\t\t\t\n\t\t\tclass=\"so-widget-sow-icon so-widget-sow-icon-default-39574eb41890\"\n\t\t\t\n\t\t>\n<div class=\"sow-icon-container sow-icon\">\n\t\t\t<a href=\"https:\/\/site.educa.madrid.org\/eoi.extmoratalaz-ptevallecas.madrid\/index.php\/2024\/08\/30\/cambio-de-modalidad\/\" >\n\t\t\t<span class=\"sow-icon-materialicons sowm-regular\" data-sow-icon=\"&#xe8d5\"\n\t\t title=\"Cambio de modalidad\"\n\t\taria-hidden=\"true\"><\/span>\t\t\t<\/a>\n\t<\/div>\n<\/div><\/div><div id=\"panel-gb1883-6a037ab2bb06e-0-0-5\" class=\"so-panel widget widget_text\" data-index=\"5\" data-style=\"{&quot;background_image_attachment&quot;:false,&quot;background_display&quot;:&quot;tile&quot;,&quot;background_image_size&quot;:&quot;full&quot;,&quot;background_image_opacity&quot;:&quot;100&quot;,&quot;border_thickness&quot;:&quot;1px&quot;,&quot;link_overlay_new_window&quot;:&quot;&quot;}\" >\t\t\t<div class=\"textwidget\"><p><center><\/p>\n<h3>Cambio de modalidad<\/h3>\n<p><\/center><\/p>\n<\/div>\n\t\t<\/div><div id=\"panel-gb1883-6a037ab2bb06e-0-0-6\" class=\"so-panel widget widget_sow-icon\" data-index=\"6\" data-style=\"{&quot;background_image_attachment&quot;:false,&quot;background_display&quot;:&quot;tile&quot;,&quot;background_image_size&quot;:&quot;full&quot;,&quot;background_image_opacity&quot;:&quot;100&quot;,&quot;border_thickness&quot;:&quot;1px&quot;,&quot;link_overlay_new_window&quot;:&quot;&quot;}\" ><div\n\t\t\t\n\t\t\tclass=\"so-widget-sow-icon so-widget-sow-icon-default-39574eb41890\"\n\t\t\t\n\t\t>\n<div class=\"sow-icon-container sow-icon\">\n\t\t\t<a href=\"https:\/\/site.educa.madrid.org\/eoi.extmoratalaz-ptevallecas.madrid\/index.php\/2024\/08\/30\/solicitud-de-adaptacion-de-examen\/\" >\n\t\t\t<span class=\"sow-icon-materialicons sowm-regular\" data-sow-icon=\"&#xe742\"\n\t\t title=\"Solicitud de adaptaci\u00f3n de examen\"\n\t\taria-hidden=\"true\"><\/span>\t\t\t<\/a>\n\t<\/div>\n<\/div><\/div><div id=\"panel-gb1883-6a037ab2bb06e-0-0-7\" class=\"so-panel widget widget_text panel-last-child\" data-index=\"7\" data-style=\"{&quot;background_image_attachment&quot;:false,&quot;background_display&quot;:&quot;tile&quot;,&quot;background_image_size&quot;:&quot;full&quot;,&quot;background_image_opacity&quot;:&quot;100&quot;,&quot;border_thickness&quot;:&quot;1px&quot;,&quot;link_overlay_new_window&quot;:&quot;&quot;}\" >\t\t\t<div class=\"textwidget\"><p><center><\/p>\n<h3>Solicitud de adaptaci\u00f3n de examen<\/h3>\n<p><\/center><\/p>\n<\/div>\n\t\t<\/div><\/div><div id=\"pgc-gb1883-6a037ab2bb06e-0-1\"  class=\"panel-grid-cell\"  data-weight=\"0.33333333333333\" ><div id=\"panel-gb1883-6a037ab2bb06e-0-1-0\" class=\"so-panel widget widget_sow-icon panel-first-child\" data-index=\"8\" data-style=\"{&quot;background_image_attachment&quot;:false,&quot;background_display&quot;:&quot;tile&quot;,&quot;background_image_size&quot;:&quot;full&quot;,&quot;background_image_opacity&quot;:&quot;100&quot;,&quot;border_thickness&quot;:&quot;1px&quot;,&quot;link_overlay_new_window&quot;:&quot;&quot;}\" ><div\n\t\t\t\n\t\t\tclass=\"so-widget-sow-icon so-widget-sow-icon-default-39574eb41890\"\n\t\t\t\n\t\t>\n<div class=\"sow-icon-container sow-icon\">\n\t\t\t<a href=\"https:\/\/site.educa.madrid.org\/eoi.extmoratalaz-ptevallecas.madrid\/index.php\/2024\/08\/30\/certificado-academico-personal\/\" >\n\t\t\t<span class=\"sow-icon-materialicons sowm-regular\" data-sow-icon=\"&#xe80c\"\n\t\t title=\"Cert\u00edficado acad\u00e9mico personal\"\n\t\taria-hidden=\"true\"><\/span>\t\t\t<\/a>\n\t<\/div>\n<\/div><\/div><div id=\"panel-gb1883-6a037ab2bb06e-0-1-1\" class=\"so-panel widget widget_text\" data-index=\"9\" data-style=\"{&quot;background_image_attachment&quot;:false,&quot;background_display&quot;:&quot;tile&quot;,&quot;background_image_size&quot;:&quot;full&quot;,&quot;background_image_opacity&quot;:&quot;100&quot;,&quot;border_thickness&quot;:&quot;1px&quot;,&quot;link_overlay_new_window&quot;:&quot;&quot;}\" >\t\t\t<div class=\"textwidget\"><p><center><\/p>\n<h3>Certificado acad\u00e9mico personal<\/h3>\n<p><\/center><\/p>\n<\/div>\n\t\t<\/div><div id=\"panel-gb1883-6a037ab2bb06e-0-1-2\" class=\"so-panel widget widget_sow-icon\" data-index=\"10\" data-style=\"{&quot;background_image_attachment&quot;:false,&quot;background_display&quot;:&quot;tile&quot;,&quot;background_image_size&quot;:&quot;full&quot;,&quot;background_image_opacity&quot;:&quot;100&quot;,&quot;border_thickness&quot;:&quot;1px&quot;,&quot;link_overlay_new_window&quot;:&quot;&quot;}\" ><div\n\t\t\t\n\t\t\tclass=\"so-widget-sow-icon so-widget-sow-icon-default-39574eb41890\"\n\t\t\t\n\t\t>\n<div class=\"sow-icon-container sow-icon\">\n\t\t\t<a href=\"https:\/\/site.educa.madrid.org\/eoi.extmoratalaz-ptevallecas.madrid\/index.php\/2024\/08\/30\/matricula-en-cursos-ya-superados\/\" >\n\t\t\t<span class=\"sow-icon-materialicons sowm-regular\" data-sow-icon=\"&#xe865\"\n\t\t title=\"Matr\u00edcula en cursos ya superados\"\n\t\taria-hidden=\"true\"><\/span>\t\t\t<\/a>\n\t<\/div>\n<\/div><\/div><div id=\"panel-gb1883-6a037ab2bb06e-0-1-3\" class=\"so-panel widget widget_text\" data-index=\"11\" data-style=\"{&quot;background_image_attachment&quot;:false,&quot;background_display&quot;:&quot;tile&quot;,&quot;background_image_size&quot;:&quot;full&quot;,&quot;background_image_opacity&quot;:&quot;100&quot;,&quot;border_thickness&quot;:&quot;1px&quot;,&quot;link_overlay_new_window&quot;:&quot;&quot;}\" >\t\t\t<div class=\"textwidget\"><p><center><\/p>\n<h3>Matr\u00edcula en cursos ya superados<\/h3>\n<p><\/center><\/p>\n<\/div>\n\t\t<\/div><div id=\"panel-gb1883-6a037ab2bb06e-0-1-4\" class=\"so-panel widget widget_sow-icon\" data-index=\"12\" data-style=\"{&quot;background_image_attachment&quot;:false,&quot;background_display&quot;:&quot;tile&quot;,&quot;background_image_size&quot;:&quot;full&quot;,&quot;background_image_opacity&quot;:&quot;100&quot;,&quot;border_thickness&quot;:&quot;1px&quot;,&quot;link_overlay_new_window&quot;:&quot;&quot;}\" ><div\n\t\t\t\n\t\t\tclass=\"so-widget-sow-icon so-widget-sow-icon-default-39574eb41890\"\n\t\t\t\n\t\t>\n<div class=\"sow-icon-container sow-icon\">\n\t\t\t<a href=\"https:\/\/site.educa.madrid.org\/eoi.extmoratalaz-ptevallecas.madrid\/index.php\/2024\/08\/30\/traslados\/\" >\n\t\t\t<span class=\"sow-icon-materialicons sowm-regular\" data-sow-icon=\"&#xe572\"\n\t\t title=\"Traslados\"\n\t\taria-hidden=\"true\"><\/span>\t\t\t<\/a>\n\t<\/div>\n<\/div><\/div><div id=\"panel-gb1883-6a037ab2bb06e-0-1-5\" class=\"so-panel widget widget_text\" data-index=\"13\" data-style=\"{&quot;background_image_attachment&quot;:false,&quot;background_display&quot;:&quot;tile&quot;,&quot;background_image_size&quot;:&quot;full&quot;,&quot;background_image_opacity&quot;:&quot;100&quot;,&quot;border_thickness&quot;:&quot;1px&quot;,&quot;link_overlay_new_window&quot;:&quot;&quot;}\" >\t\t\t<div class=\"textwidget\"><p><center><\/p>\n<h3>Traslados<\/h3>\n<p><\/center><\/p>\n<\/div>\n\t\t<\/div><div id=\"panel-gb1883-6a037ab2bb06e-0-1-6\" class=\"so-panel widget widget_sow-icon\" data-index=\"14\" data-style=\"{&quot;background_image_attachment&quot;:false,&quot;background_display&quot;:&quot;tile&quot;,&quot;background_image_size&quot;:&quot;full&quot;,&quot;background_image_opacity&quot;:&quot;100&quot;,&quot;border_thickness&quot;:&quot;1px&quot;,&quot;link_overlay_new_window&quot;:&quot;&quot;}\" ><div\n\t\t\t\n\t\t\tclass=\"so-widget-sow-icon so-widget-sow-icon-default-39574eb41890\"\n\t\t\t\n\t\t>\n<div class=\"sow-icon-container sow-icon\">\n\t\t\t<a href=\"https:\/\/site.educa.madrid.org\/eoi.extmoratalaz-ptevallecas.madrid\/index.php\/2024\/08\/30\/devolucion-de-tasas\/\" >\n\t\t\t<span class=\"sow-icon-materialicons sowm-regular\" data-sow-icon=\"&#xe25c\"\n\t\t title=\"Devoluci\u00f3n de tasas\"\n\t\taria-hidden=\"true\"><\/span>\t\t\t<\/a>\n\t<\/div>\n<\/div><\/div><div id=\"panel-gb1883-6a037ab2bb06e-0-1-7\" class=\"so-panel widget widget_text panel-last-child\" data-index=\"15\" data-style=\"{&quot;background_image_attachment&quot;:false,&quot;background_display&quot;:&quot;tile&quot;,&quot;background_image_size&quot;:&quot;full&quot;,&quot;background_image_opacity&quot;:&quot;100&quot;,&quot;border_thickness&quot;:&quot;1px&quot;,&quot;link_overlay_new_window&quot;:&quot;&quot;}\" >\t\t\t<div class=\"textwidget\"><p><center><\/p>\n<h3>Devoluci\u00f3n de tasas<\/h3>\n<p><\/center><\/p>\n<\/div>\n\t\t<\/div><\/div><div id=\"pgc-gb1883-6a037ab2bb06e-0-2\"  class=\"panel-grid-cell\"  data-weight=\"0.33333333333333\" ><div id=\"panel-gb1883-6a037ab2bb06e-0-2-0\" class=\"so-panel widget widget_sow-icon panel-first-child\" data-index=\"16\" data-style=\"{&quot;background_image_attachment&quot;:false,&quot;background_display&quot;:&quot;tile&quot;,&quot;background_image_size&quot;:&quot;full&quot;,&quot;background_image_opacity&quot;:&quot;100&quot;,&quot;border_thickness&quot;:&quot;1px&quot;,&quot;link_overlay_new_window&quot;:&quot;&quot;}\" ><div\n\t\t\t\n\t\t\tclass=\"so-widget-sow-icon so-widget-sow-icon-default-39574eb41890\"\n\t\t\t\n\t\t>\n<div class=\"sow-icon-container sow-icon\">\n\t\t\t<a href=\"https:\/\/site.educa.madrid.org\/eoi.extmoratalaz-ptevallecas.madrid\/index.php\/2024\/08\/30\/renuncia-a-la-matricula\/\" >\n\t\t\t<span class=\"sow-icon-materialicons sowm-regular\" data-sow-icon=\"&#xe85f\"\n\t\t title=\"Renuncia a la matr\u00edcula\"\n\t\taria-hidden=\"true\"><\/span>\t\t\t<\/a>\n\t<\/div>\n<\/div><\/div><div id=\"panel-gb1883-6a037ab2bb06e-0-2-1\" class=\"so-panel widget widget_text\" data-index=\"17\" data-style=\"{&quot;background_image_attachment&quot;:false,&quot;background_display&quot;:&quot;tile&quot;,&quot;background_image_size&quot;:&quot;full&quot;,&quot;background_image_opacity&quot;:&quot;100&quot;,&quot;border_thickness&quot;:&quot;1px&quot;,&quot;link_overlay_new_window&quot;:&quot;&quot;}\" >\t\t\t<div class=\"textwidget\"><p><center><\/p>\n<h3>Renuncia a la matr\u00edcula<\/h3>\n<p><\/center><\/p>\n<\/div>\n\t\t<\/div><div id=\"panel-gb1883-6a037ab2bb06e-0-2-2\" class=\"so-panel widget widget_sow-icon\" data-index=\"18\" data-style=\"{&quot;background_image_attachment&quot;:false,&quot;background_display&quot;:&quot;tile&quot;,&quot;background_image_size&quot;:&quot;full&quot;,&quot;background_image_opacity&quot;:&quot;100&quot;,&quot;border_thickness&quot;:&quot;1px&quot;,&quot;link_overlay_new_window&quot;:&quot;&quot;}\" ><div\n\t\t\t\n\t\t\tclass=\"so-widget-sow-icon so-widget-sow-icon-default-39574eb41890\"\n\t\t\t\n\t\t>\n<div class=\"sow-icon-container sow-icon\">\n\t\t\t<a href=\"https:\/\/site.educa.madrid.org\/eoi.extmoratalaz-ptevallecas.madrid\/index.php\/2024\/08\/30\/modificacion-de-matricula-por-falta-de-adecuacion-linguistica\/\" >\n\t\t\t<span class=\"sow-icon-materialicons sowm-regular\" data-sow-icon=\"&#xe894\"\n\t\t title=\"Modificaci\u00f3n de matr\u00edcula por falta de adecuaci\u00f3n ling\u00fc\u00edstica\"\n\t\taria-hidden=\"true\"><\/span>\t\t\t<\/a>\n\t<\/div>\n<\/div><\/div><div id=\"panel-gb1883-6a037ab2bb06e-0-2-3\" class=\"so-panel widget widget_text\" data-index=\"19\" data-style=\"{&quot;background_image_attachment&quot;:false,&quot;background_display&quot;:&quot;tile&quot;,&quot;background_image_size&quot;:&quot;full&quot;,&quot;background_image_opacity&quot;:&quot;100&quot;,&quot;border_thickness&quot;:&quot;1px&quot;,&quot;link_overlay_new_window&quot;:&quot;&quot;}\" >\t\t\t<div class=\"textwidget\"><p><center><\/p>\n<h3>Modificaci\u00f3n de matr\u00edcula por falta de adecuaci\u00f3n ling\u00fc\u00edstica<\/h3>\n<p><\/center><\/p>\n<\/div>\n\t\t<\/div><div id=\"panel-gb1883-6a037ab2bb06e-0-2-4\" class=\"so-panel widget widget_sow-icon\" data-index=\"20\" data-style=\"{&quot;background_image_attachment&quot;:false,&quot;background_display&quot;:&quot;tile&quot;,&quot;background_image_size&quot;:&quot;full&quot;,&quot;background_image_opacity&quot;:&quot;100&quot;,&quot;border_thickness&quot;:&quot;1px&quot;,&quot;link_overlay_new_window&quot;:&quot;&quot;}\" ><div\n\t\t\t\n\t\t\tclass=\"so-widget-sow-icon so-widget-sow-icon-default-39574eb41890\"\n\t\t\t\n\t\t>\n<div class=\"sow-icon-container sow-icon\">\n\t\t\t<a href=\"https:\/\/site.educa.madrid.org\/eoi.extmoratalaz-ptevallecas.madrid\/index.php\/2024\/08\/30\/solicitud-de-titulos\/\" >\n\t\t\t<span class=\"sow-icon-materialicons sowm-regular\" data-sow-icon=\"&#xe80c\"\n\t\t title=\"Solicitud de t\u00edtulo\"\n\t\taria-hidden=\"true\"><\/span>\t\t\t<\/a>\n\t<\/div>\n<\/div><\/div><div id=\"panel-gb1883-6a037ab2bb06e-0-2-5\" class=\"so-panel widget widget_text\" data-index=\"21\" data-style=\"{&quot;background_image_attachment&quot;:false,&quot;background_display&quot;:&quot;tile&quot;,&quot;background_image_size&quot;:&quot;full&quot;,&quot;background_image_opacity&quot;:&quot;100&quot;,&quot;border_thickness&quot;:&quot;1px&quot;,&quot;link_overlay_new_window&quot;:&quot;&quot;}\" >\t\t\t<div class=\"textwidget\"><p><center><\/p>\n<h3>Solicitud de T\u00edtulo<\/h3>\n<p><\/center><\/p>\n<\/div>\n\t\t<\/div><div id=\"panel-gb1883-6a037ab2bb06e-0-2-6\" class=\"so-panel widget widget_sow-icon\" data-index=\"22\" data-style=\"{&quot;background_image_attachment&quot;:false,&quot;background_display&quot;:&quot;tile&quot;,&quot;background_image_size&quot;:&quot;full&quot;,&quot;background_image_opacity&quot;:&quot;100&quot;,&quot;border_thickness&quot;:&quot;1px&quot;,&quot;link_overlay_new_window&quot;:&quot;&quot;}\" ><div\n\t\t\t\n\t\t\tclass=\"so-widget-sow-icon so-widget-sow-icon-default-39574eb41890\"\n\t\t\t\n\t\t>\n<div class=\"sow-icon-container sow-icon\">\n\t\t\t<a href=\"https:\/\/site.educa.madrid.org\/eoi.extmoratalaz-ptevallecas.madrid\/index.php\/2024\/08\/30\/becas\/\" >\n\t\t\t<span class=\"sow-icon-materialicons sowm-regular\" data-sow-icon=\"&#xe2eb\"\n\t\t title=\"Becas\"\n\t\taria-hidden=\"true\"><\/span>\t\t\t<\/a>\n\t<\/div>\n<\/div><\/div><div id=\"panel-gb1883-6a037ab2bb06e-0-2-7\" class=\"so-panel widget widget_text panel-last-child\" data-index=\"23\" data-style=\"{&quot;background_image_attachment&quot;:false,&quot;background_display&quot;:&quot;tile&quot;,&quot;background_image_size&quot;:&quot;full&quot;,&quot;background_image_opacity&quot;:&quot;100&quot;,&quot;border_thickness&quot;:&quot;1px&quot;,&quot;link_overlay_new_window&quot;:&quot;&quot;}\" >\t\t\t<div class=\"textwidget\"><p><center><\/p>\n<h3>Becas<\/h3>\n<p><\/center><\/p>\n<\/div>\n\t\t<\/div><\/div><\/div><\/div>\n\n\n<div style=\"height:100px\" aria-hidden=\"true\" class=\"wp-block-spacer\"><\/div>\n","protected":false},"excerpt":{"rendered":"","protected":false},"author":2,"featured_media":0,"parent":0,"menu_order":0,"comment_status":"closed","ping_status":"closed","template":"template-fullwidth.php","meta":{"footnotes":""},"folder":[],"class_list":["post-1883","page","type-page","status-publish","hentry"],"rttpg_featured_image_url":null,"rttpg_author":{"display_name":"tic.eoi.extmoratalaz-ptevallecas.madrid","author_link":"https:\/\/site.educa.madrid.org\/eoi.extmoratalaz-ptevallecas.madrid\/index.php\/author\/cuenta_tic-eoi-extmoratalaz-ptevallecas-madrid\/"},"rttpg_comment":0,"rttpg_category":false,"rttpg_excerpt":null,"post_mailing_queue_ids":[],"_links":{"self":[{"href":"https:\/\/site.educa.madrid.org\/eoi.extmoratalaz-ptevallecas.madrid\/index.php\/wp-json\/wp\/v2\/pages\/1883","targetHints":{"allow":["GET"]}}],"collection":[{"href":"https:\/\/site.educa.madrid.org\/eoi.extmoratalaz-ptevallecas.madrid\/index.php\/wp-json\/wp\/v2\/pages"}],"about":[{"href":"https:\/\/site.educa.madrid.org\/eoi.extmoratalaz-ptevallecas.madrid\/index.php\/wp-json\/wp\/v2\/types\/page"}],"author":[{"embeddable":true,"href":"https:\/\/site.educa.madrid.org\/eoi.extmoratalaz-ptevallecas.madrid\/index.php\/wp-json\/wp\/v2\/users\/2"}],"replies":[{"embeddable":true,"href":"https:\/\/site.educa.madrid.org\/eoi.extmoratalaz-ptevallecas.madrid\/index.php\/wp-json\/wp\/v2\/comments?post=1883"}],"version-history":[{"count":21,"href":"https:\/\/site.educa.madrid.org\/eoi.extmoratalaz-ptevallecas.madrid\/index.php\/wp-json\/wp\/v2\/pages\/1883\/revisions"}],"predecessor-version":[{"id":2818,"href":"https:\/\/site.educa.madrid.org\/eoi.extmoratalaz-ptevallecas.madrid\/index.php\/wp-json\/wp\/v2\/pages\/1883\/revisions\/2818"}],"wp:attachment":[{"href":"https:\/\/site.educa.madrid.org\/eoi.extmoratalaz-ptevallecas.madrid\/index.php\/wp-json\/wp\/v2\/media?parent=1883"}],"wp:term":[{"taxonomy":"folder","embeddable":true,"href":"https:\/\/site.educa.madrid.org\/eoi.extmoratalaz-ptevallecas.madrid\/index.php\/wp-json\/wp\/v2\/folder?post=1883"}],"curies":[{"name":"wp","href":"https:\/\/api.w.org\/{rel}","templated":true}]}}