{"id":2445,"date":"2024-12-26T12:58:07","date_gmt":"2024-12-26T11:58:07","guid":{"rendered":"https:\/\/site.educa.madrid.org\/eoi.extmoratalaz-ptevallecas.madrid\/?page_id=2445"},"modified":"2024-12-26T13:21:36","modified_gmt":"2024-12-26T12:21:36","slug":"encuesta-de-satisfaccion","status":"publish","type":"page","link":"https:\/\/site.educa.madrid.org\/eoi.extmoratalaz-ptevallecas.madrid\/index.php\/encuesta-de-satisfaccion\/","title":{"rendered":"Encuesta de satisfacci\u00f3n"},"content":{"rendered":"<div id=\"pl-gb2445-6a0356c560b2b\"  class=\"panel-layout panel-layout\" ><div id=\"pg-gb2445-6a0356c560b2b-0\"  class=\"panel-grid panel-no-style\"  data-style=\"{&quot;background_image_attachment&quot;:false,&quot;background_display&quot;:&quot;tile&quot;,&quot;background_image_size&quot;:&quot;full&quot;,&quot;background_image_opacity&quot;:&quot;100&quot;,&quot;border_thickness&quot;:&quot;1px&quot;,&quot;full_height&quot;:&quot;&quot;,&quot;cell_alignment&quot;:&quot;flex-start&quot;,&quot;link_overlay_new_window&quot;:&quot;&quot;}\" ><div id=\"pgc-gb2445-6a0356c560b2b-0-0\"  class=\"panel-grid-cell\"  data-weight=\"1\" ><div id=\"panel-gb2445-6a0356c560b2b-0-0-0\" class=\"so-panel widget widget_sow-hero panel-first-child panel-last-child\" data-index=\"0\" data-style=\"{&quot;background_image_attachment&quot;:false,&quot;background_display&quot;:&quot;tile&quot;,&quot;background_image_size&quot;:&quot;full&quot;,&quot;background_image_opacity&quot;:&quot;100&quot;,&quot;border_thickness&quot;:&quot;1px&quot;,&quot;link_overlay_new_window&quot;:&quot;&quot;}\" ><div\n\t\t\t\n\t\t\tclass=\"so-widget-sow-hero so-widget-sow-hero-default-66ce8e01b6e9 so-widget-fittext-wrapper\"\n\t\t\t data-fit-text-compressor=\"0.85\"\n\t\t>\t\t\t\t<div class=\"sow-slider-base\" style=\"display: none\" tabindex=\"0\">\n\t\t\t\t\t<ul\n\t\t\t\t\tclass=\"sow-slider-images\"\n\t\t\t\t\tdata-settings=\"{&quot;pagination&quot;:true,&quot;speed&quot;:400,&quot;timeout&quot;:8000,&quot;paused&quot;:false,&quot;pause_on_hover&quot;:false,&quot;swipe&quot;:true,&quot;nav_always_show_desktop&quot;:&quot;&quot;,&quot;nav_always_show_mobile&quot;:&quot;&quot;,&quot;breakpoint&quot;:&quot;780px&quot;,&quot;unmute&quot;:false,&quot;anchor&quot;:null}\"\n\t\t\t\t\tstyle=\"min-height: 455px\"\t\t\t\t\tdata-anchor-id=\"\"\n\t\t\t\t>\t\t<li class=\"sow-slider-image  sow-slider-image-cover\" style=\"visibility: visible;;background-color: #333333\" >\n\t\t\t\t\t<div class=\"sow-slider-image-container\">\n\t\t\t<div class=\"sow-slider-image-wrapper\">\n\t\t\t\t<h2 style=\"text-align: center\"><strong>Encuesta de satisfacci\u00f3n\u00a0<\/strong><\/h2>\n\t\t\t<\/div>\n\t\t<\/div>\n\t\t<div class=\"sow-slider-image-overlay sow-slider-image-cover\" style=\"opacity: 0.6;background-image: url(https:\/\/site.educa.madrid.org\/eoi.extmoratalaz-ptevallecas.madrid\/\/wp-content\/uploads\/eoi.extmoratalaz-ptevallecas.madrid\/2024\/12\/g8fea667d865fb05e0be216fc2c6632379c68db78f3973e33b17e10f65f92f31208b900117dccf42e3b3217cac7aa178e_1920.png)\"  ><\/div>\t\t<\/li>\n\t\t<\/ul>\t\t\t\t<ol class=\"sow-slider-pagination\">\n\t\t\t\t\t\t\t\t\t\t\t<li><a href=\"#\" data-goto=\"0\" aria-label=\"mostrar diapositiva 1\"><\/a><\/li>\n\t\t\t\t\t\t\t\t\t<\/ol>\n\n\t\t\t\t<div class=\"sow-slide-nav sow-slide-nav-next\">\n\t\t\t\t\t<a href=\"#\" data-goto=\"next\" aria-label=\"diapositiva siguiente\" data-action=\"next\">\n\t\t\t\t\t\t<em class=\"sow-sld-icon-thin-right\"><\/em>\n\t\t\t\t\t<\/a>\n\t\t\t\t<\/div>\n\n\t\t\t\t<div class=\"sow-slide-nav sow-slide-nav-prev\">\n\t\t\t\t\t<a href=\"#\" data-goto=\"previous\" aria-label=\"diapositiva anterior\" data-action=\"prev\">\n\t\t\t\t\t\t<em class=\"sow-sld-icon-thin-left\"><\/em>\n\t\t\t\t\t<\/a>\n\t\t\t\t<\/div>\n\t\t\t\t<\/div><\/div><\/div><\/div><\/div><div id=\"pg-gb2445-6a0356c560b2b-1\"  class=\"panel-grid panel-no-style\"  data-style=\"{&quot;background_image_attachment&quot;:false,&quot;background_display&quot;:&quot;tile&quot;,&quot;background_image_size&quot;:&quot;full&quot;,&quot;background_image_opacity&quot;:&quot;100&quot;,&quot;border_thickness&quot;:&quot;1px&quot;,&quot;full_height&quot;:&quot;&quot;,&quot;cell_alignment&quot;:&quot;flex-start&quot;,&quot;link_overlay_new_window&quot;:&quot;&quot;}\" ><div id=\"pgc-gb2445-6a0356c560b2b-1-0\"  class=\"panel-grid-cell\"  data-weight=\"0.5\" ><div id=\"panel-gb2445-6a0356c560b2b-1-0-0\" class=\"so-panel widget widget_sow-headline panel-first-child\" data-index=\"1\" data-style=\"{&quot;background_image_attachment&quot;:false,&quot;background_display&quot;:&quot;tile&quot;,&quot;background_image_size&quot;:&quot;full&quot;,&quot;background_image_opacity&quot;:&quot;100&quot;,&quot;border_thickness&quot;:&quot;1px&quot;,&quot;link_overlay_new_window&quot;:&quot;&quot;}\" ><div\n\t\t\t\n\t\t\tclass=\"so-widget-sow-headline so-widget-sow-headline-default-ec1eb4cebc48\"\n\t\t\t\n\t\t><div class=\"sow-headline-container \">\n\t\t\t\t\t\t\t<h2 class=\"sow-headline\">\n\t\t\t\t\t\tEncuestas de pr\u00e1ctica docente\t\t\t\t\t\t<\/h2>\n\t\t\t\t\t\t\t\t\t\t\t<div class=\"decoration\">\n\t\t\t\t\t\t<div class=\"decoration-inside\"><\/div>\n\t\t\t\t\t<\/div>\n\t\t\t\t\t<\/div>\n<\/div><\/div><div id=\"panel-gb2445-6a0356c560b2b-1-0-1\" class=\"so-panel widget widget_sow-editor panel-last-child\" data-index=\"2\" data-style=\"{&quot;background_image_attachment&quot;:false,&quot;background_display&quot;:&quot;tile&quot;,&quot;background_image_size&quot;:&quot;full&quot;,&quot;background_image_opacity&quot;:&quot;100&quot;,&quot;border_thickness&quot;:&quot;1px&quot;,&quot;link_overlay_new_window&quot;:&quot;&quot;}\" ><div\n\t\t\t\n\t\t\tclass=\"so-widget-sow-editor so-widget-sow-editor-base\"\n\t\t\t\n\t\t>\n<div class=\"siteorigin-widget-tinymce textwidget\">\n\t<p>A lo largo del curso recibir\u00e1s dos encuestas sobre la pr\u00e1ctica docente:<\/p>\n<ul>\n<li>La primera <a href=\"https:\/\/formularios.educa.madrid.org\/index.php\/964897?lang=es\" target=\"_blank\" rel=\"noopener\">encuesta<\/a> ser\u00e1 en noviembre a trav\u00e9s del correo electr\u00f3nico que has facilitado en Ra\u00edces. Necesitamos identificar a tiempo\u00a0 cualquier \u00e1rea de mejora.<\/li>\n<li>La segunda ser\u00e1 en mayo\/junio tambi\u00e9n a trav\u00e9s del correo electr\u00f3nico. Te agradecemos nos informes y des tu opini\u00f3n para implementar medidas de mejora realistas y acertadas.<\/li>\n<\/ul>\n<p>Tu profesor tambi\u00e9n te entregar\u00e1 una encuesta de satisfacci\u00f3n en el mes de febrero.<\/p>\n<p>\u00a1Participa en todas ellas! Tu opini\u00f3n nos ayuda a mejorar.<\/p>\n<\/div>\n<\/div><\/div><\/div><div id=\"pgc-gb2445-6a0356c560b2b-1-1\"  class=\"panel-grid-cell\"  data-weight=\"0.5\" ><div id=\"panel-gb2445-6a0356c560b2b-1-1-0\" class=\"so-panel widget widget_sow-headline panel-first-child\" data-index=\"3\" data-style=\"{&quot;background_image_attachment&quot;:false,&quot;background_display&quot;:&quot;tile&quot;,&quot;background_image_size&quot;:&quot;full&quot;,&quot;background_image_opacity&quot;:&quot;100&quot;,&quot;border_thickness&quot;:&quot;1px&quot;,&quot;link_overlay_new_window&quot;:&quot;&quot;}\" ><div\n\t\t\t\n\t\t\tclass=\"so-widget-sow-headline so-widget-sow-headline-default-ec1eb4cebc48\"\n\t\t\t\n\t\t><div class=\"sow-headline-container \">\n\t\t\t\t\t\t\t<h2 class=\"sow-headline\">\n\t\t\t\t\t\tResultados\t\t\t\t\t\t<\/h2>\n\t\t\t\t\t\t\t\t\t\t\t<div class=\"decoration\">\n\t\t\t\t\t\t<div class=\"decoration-inside\"><\/div>\n\t\t\t\t\t<\/div>\n\t\t\t\t\t<\/div>\n<\/div><\/div><div id=\"panel-gb2445-6a0356c560b2b-1-1-1\" class=\"so-panel widget widget_sow-editor panel-last-child\" data-index=\"4\" data-style=\"{&quot;background_image_attachment&quot;:false,&quot;background_display&quot;:&quot;tile&quot;,&quot;background_image_size&quot;:&quot;full&quot;,&quot;background_image_opacity&quot;:&quot;100&quot;,&quot;border_thickness&quot;:&quot;1px&quot;,&quot;link_overlay_new_window&quot;:&quot;&quot;}\" ><div\n\t\t\t\n\t\t\tclass=\"so-widget-sow-editor so-widget-sow-editor-base\"\n\t\t\t\n\t\t>\n<div class=\"siteorigin-widget-tinymce textwidget\">\n\t<p style=\"text-align: center;\"><a href=\"https:\/\/cloud.educa.madrid.org\/s\/S43gfDPNjbgEBSK\" target=\"_blank\" rel=\"noopener\">Encuesta pr\u00e1ctica docente 2023-2024<\/a>.<\/p>\n<\/div>\n<\/div><\/div><\/div><\/div><\/div>","protected":false},"excerpt":{"rendered":"<p>A lo largo del curso recibir\u00e1s dos encuestas sobre la pr\u00e1ctica docente: La primera encuesta ser\u00e1 en noviembre a trav\u00e9s del correo electr\u00f3nico que has facilitado en Ra\u00edces. Necesitamos identificar &#8230;<\/p>\n","protected":false},"author":2,"featured_media":0,"parent":0,"menu_order":0,"comment_status":"closed","ping_status":"closed","template":"template-fullwidth.php","meta":{"footnotes":""},"folder":[],"class_list":["post-2445","page","type-page","status-publish","hentry"],"rttpg_featured_image_url":null,"rttpg_author":{"display_name":"tic.eoi.extmoratalaz-ptevallecas.madrid","author_link":"https:\/\/site.educa.madrid.org\/eoi.extmoratalaz-ptevallecas.madrid\/index.php\/author\/cuenta_tic-eoi-extmoratalaz-ptevallecas-madrid\/"},"rttpg_comment":0,"rttpg_category":false,"rttpg_excerpt":"A lo largo del curso recibir\u00e1s dos encuestas sobre la pr\u00e1ctica docente: La primera encuesta ser\u00e1 en noviembre a trav\u00e9s del correo electr\u00f3nico que has facilitado en Ra\u00edces. Necesitamos identificar ...","post_mailing_queue_ids":[],"_links":{"self":[{"href":"https:\/\/site.educa.madrid.org\/eoi.extmoratalaz-ptevallecas.madrid\/index.php\/wp-json\/wp\/v2\/pages\/2445","targetHints":{"allow":["GET"]}}],"collection":[{"href":"https:\/\/site.educa.madrid.org\/eoi.extmoratalaz-ptevallecas.madrid\/index.php\/wp-json\/wp\/v2\/pages"}],"about":[{"href":"https:\/\/site.educa.madrid.org\/eoi.extmoratalaz-ptevallecas.madrid\/index.php\/wp-json\/wp\/v2\/types\/page"}],"author":[{"embeddable":true,"href":"https:\/\/site.educa.madrid.org\/eoi.extmoratalaz-ptevallecas.madrid\/index.php\/wp-json\/wp\/v2\/users\/2"}],"replies":[{"embeddable":true,"href":"https:\/\/site.educa.madrid.org\/eoi.extmoratalaz-ptevallecas.madrid\/index.php\/wp-json\/wp\/v2\/comments?post=2445"}],"version-history":[{"count":12,"href":"https:\/\/site.educa.madrid.org\/eoi.extmoratalaz-ptevallecas.madrid\/index.php\/wp-json\/wp\/v2\/pages\/2445\/revisions"}],"predecessor-version":[{"id":2461,"href":"https:\/\/site.educa.madrid.org\/eoi.extmoratalaz-ptevallecas.madrid\/index.php\/wp-json\/wp\/v2\/pages\/2445\/revisions\/2461"}],"wp:attachment":[{"href":"https:\/\/site.educa.madrid.org\/eoi.extmoratalaz-ptevallecas.madrid\/index.php\/wp-json\/wp\/v2\/media?parent=2445"}],"wp:term":[{"taxonomy":"folder","embeddable":true,"href":"https:\/\/site.educa.madrid.org\/eoi.extmoratalaz-ptevallecas.madrid\/index.php\/wp-json\/wp\/v2\/folder?post=2445"}],"curies":[{"name":"wp","href":"https:\/\/api.w.org\/{rel}","templated":true}]}}