{"id":2824,"date":"2025-05-27T18:04:35","date_gmt":"2025-05-27T16:04:35","guid":{"rendered":"https:\/\/site.educa.madrid.org\/eoi.extmoratalaz-ptevallecas.madrid\/?page_id=2824"},"modified":"2025-06-05T19:07:32","modified_gmt":"2025-06-05T17:07:32","slug":"matricula-antiguos-alumnos-junio-2025","status":"publish","type":"page","link":"https:\/\/site.educa.madrid.org\/eoi.extmoratalaz-ptevallecas.madrid\/index.php\/matricula-antiguos-alumnos-junio-2025\/","title":{"rendered":"Matr\u00edcula antiguos alumnos &#8211; Junio 2025"},"content":{"rendered":"\n<p><\/p>\n\n\n\n<div style=\"height:23px\" aria-hidden=\"true\" class=\"wp-block-spacer\"><\/div>\n\n\n\n<div id=\"contenedor\" style=\"position: relative; width: 500px; height: 100px; overflow: hidden; margin: 20px auto;\">\n    <div id=\"textoAnimado\" style=\"position: absolute; font-size: 3em; font-family: Arial, sans-serif; color: #880000; white-space: nowrap;\">\n      \u00a1de 6 al 26 de junio!\n    <\/div>\n  <\/div>\n<script>\n    const contenedor = document.getElementById('contenedor');\n    const texto = document.getElementById('textoAnimado');\n    const contenedorAncho = 800; \/\/ Ancho del contenedor (debe coincidir con el style width)\n    let posicion = -contenedorAncho; \/\/ Comienza fuera del contenedor por la izquierda\n\n    function animarTexto() {\n      posicion += 4; \/\/ Velocidad del movimiento (ajusta este valor para m\u00e1s r\u00e1pida o lenta)\n      texto.style.left = posicion + 'px';\n\n      \/\/ Si el texto sale completamente por la derecha del contenedor, reinicia\n      if (posicion > contenedorAncho) {\n        posicion = -contenedorAncho;\n      }\n\n      requestAnimationFrame(animarTexto); \/\/ Bucle de animaci\u00f3n fluido\n    }\n\n    \/\/ Inicia la animaci\u00f3n\n    animarTexto();\n  <\/script>\n\n\n\n<div style=\"height:31px\" aria-hidden=\"true\" class=\"wp-block-spacer\"><\/div>\n\n\n\n<h2 class=\"wp-block-heading has-text-align-center has-text-color has-link-color has-large-font-size wp-elements-db1e3946259e7cc45926f63256f20441\" style=\"color:#880000\">Reserva de grupo para el curso 2025-2026<\/h2>\n\n\n\n<p><\/p>\n\n\n\n<p class=\"has-text-align-center has-vivid-red-color has-text-color has-link-color has-large-font-size wp-elements-ec94e60a2fb23a22429da0649b23304e\"><strong>del 6 al 26 de junio <\/strong><\/p>\n\n\n\n<p class=\"has-text-align-center\"><\/p>\n\n\n\n<div style=\"height:31px\" aria-hidden=\"true\" class=\"wp-block-spacer\"><\/div>\n\n\n\n<div class=\"wp-block-columns is-layout-flex wp-container-core-columns-is-layout-9d6595d7 wp-block-columns-is-layout-flex\">\n<div class=\"wp-block-column is-layout-flow wp-block-column-is-layout-flow\">\n<p>Para que te puedan matricular en el curso deseado&nbsp;<strong>debes subir a Ra\u00edces al menos 4 documentos<\/strong>.<\/p>\n\n\n\n<p>\u2013&nbsp;<strong><a href=\"https:\/\/drive.google.com\/file\/d\/1B0GfLO-ZPQ0gKBl_ACoa4bw6eHRBl8YS\/view\" target=\"_blank\" rel=\"noreferrer noopener\">Formulario de reserva de plaza<\/a>.<\/strong><\/p>\n\n\n\n<p>\u2013 Justificante pago de tasas administrativas&nbsp;(o justificante de exoneraci\u00f3n del pago)<\/p>\n\n\n\n<p>\u2013 Justificante pago de tasas del curso&nbsp;(o justificante de exoneraci\u00f3n del pago)<\/p>\n\n\n\n<p>\u2013 Copia DNI \/ NIE o pasaporte por ambos lados<\/p>\n\n\n\n<div class=\"wp-block-columns is-layout-flex wp-container-core-columns-is-layout-9d6595d7 wp-block-columns-is-layout-flex\">\n<div class=\"wp-block-column is-vertically-aligned-center is-layout-flow wp-block-column-is-layout-flow\"><div\n\t\t\t\n\t\t\tclass=\"so-widget-sow-button so-widget-sow-button-flat-c4c2fadb638d\"\n\t\t\t\n\t\t><div class=\"ow-button-base ow-button-align-center\">\n\t<a\n\thref=\"\"\n\t\tclass=\"ow-icon-placement-left ow-button-hover\" \t>\n\t\t<span>\n\t\t\t\n\t\t\tOferta educativa provisional\t\t<\/span>\n\t<\/a>\n<\/div>\n<\/div><\/div>\n\n\n\n<div class=\"wp-block-column is-vertically-aligned-center is-layout-flow wp-block-column-is-layout-flow\"><div\n\t\t\t\n\t\t\tclass=\"so-widget-sow-button so-widget-sow-button-flat-c4c2fadb638d\"\n\t\t\t\n\t\t><div class=\"ow-button-base ow-button-align-center\">\n\t<a\n\thref=\"https:\/\/docs.google.com\/document\/d\/1YoX5o3-2jXMGxhTCLlkGiVTjFpWATf8t\/edit?tab=t.0#heading=h.gjdgxs\"\n\t\tclass=\"ow-icon-placement-left ow-button-hover\" target=\"_blank\" rel=\"noopener noreferrer\" \t>\n\t\t<span>\n\t\t\t\n\t\t\tInstrucciones de matr\u00edcula\t\t<\/span>\n\t<\/a>\n<\/div>\n<\/div><\/div>\n\n\n\n<div class=\"wp-block-column is-vertically-aligned-center is-layout-flow wp-block-column-is-layout-flow\"><div\n\t\t\t\n\t\t\tclass=\"so-widget-sow-button so-widget-sow-button-flat-c4c2fadb638d\"\n\t\t\t\n\t\t><div class=\"ow-button-base ow-button-align-center\">\n\t<a\n\thref=\"https:\/\/raices.madrid.org\/raiz_app\/jsp\/portal\/portalraices.html\"\n\t\tclass=\"ow-icon-placement-left ow-button-hover\" \t>\n\t\t<span>\n\t\t\t\n\t\t\tEnlace a Ra\u00edces\t\t<\/span>\n\t<\/a>\n<\/div>\n<\/div><\/div>\n<\/div>\n<\/div>\n\n\n\n<div class=\"wp-block-column is-layout-flow wp-block-column-is-layout-flow\">\n<div style=\"width: 100%;\"><div style=\"position: relative; padding-bottom: 56.25%; padding-top: 0; height: 0;\"><iframe loading=\"lazy\" title=\"2025 2026 VK - MATRICULACI\u00d3N RA\u00cdCES\" frameborder=\"0\" width=\"1200px\" height=\"675px\" style=\"position: absolute; top: 0; left: 0; width: 100%; height: 100%;\" src=\"https:\/\/view.genially.com\/68349a37c2228fe83c8de730\" type=\"text\/html\" allowscriptaccess=\"always\" allowfullscreen=\"true\" scrolling=\"yes\" allownetworking=\"all\"><\/iframe> <\/div> <\/div>\n<\/div>\n<\/div>\n\n\n\n<h3 class=\"wp-block-heading\">Solicitud de adaptaci\u00f3n <\/h3>\n\n\n\n<p>No olvides solicitar ahora con la matricula la adaptaci\u00f3n para las pruebas de evaluaci\u00f3n. Toda la informaci\u00f3n la encontrar\u00e1s en <a href=\"https:\/\/site.educa.madrid.org\/eoi.extmoratalaz-ptevallecas.madrid\/index.php\/2024\/08\/30\/solicitud-de-adaptacion-de-examen\/\"><strong>este enlace<\/strong><\/a><\/p>\n","protected":false},"excerpt":{"rendered":"<p>\u00a1de 6 al 26 de junio! Reserva de grupo para el curso 2025-2026 del 6 al 26 de junio Para que te puedan matricular en el curso deseado&nbsp;debes subir a &#8230;<\/p>\n","protected":false},"author":2,"featured_media":0,"parent":0,"menu_order":0,"comment_status":"closed","ping_status":"closed","template":"template-fullwidth.php","meta":{"footnotes":""},"folder":[],"class_list":["post-2824","page","type-page","status-publish","hentry"],"rttpg_featured_image_url":null,"rttpg_author":{"display_name":"tic.eoi.extmoratalaz-ptevallecas.madrid","author_link":"https:\/\/site.educa.madrid.org\/eoi.extmoratalaz-ptevallecas.madrid\/index.php\/author\/cuenta_tic-eoi-extmoratalaz-ptevallecas-madrid\/"},"rttpg_comment":0,"rttpg_category":false,"rttpg_excerpt":"\u00a1de 6 al 26 de junio! Reserva de grupo para el curso 2025-2026 del 6 al 26 de junio Para que te puedan matricular en el curso deseado&nbsp;debes subir a ...","post_mailing_queue_ids":[],"_links":{"self":[{"href":"https:\/\/site.educa.madrid.org\/eoi.extmoratalaz-ptevallecas.madrid\/index.php\/wp-json\/wp\/v2\/pages\/2824","targetHints":{"allow":["GET"]}}],"collection":[{"href":"https:\/\/site.educa.madrid.org\/eoi.extmoratalaz-ptevallecas.madrid\/index.php\/wp-json\/wp\/v2\/pages"}],"about":[{"href":"https:\/\/site.educa.madrid.org\/eoi.extmoratalaz-ptevallecas.madrid\/index.php\/wp-json\/wp\/v2\/types\/page"}],"author":[{"embeddable":true,"href":"https:\/\/site.educa.madrid.org\/eoi.extmoratalaz-ptevallecas.madrid\/index.php\/wp-json\/wp\/v2\/users\/2"}],"replies":[{"embeddable":true,"href":"https:\/\/site.educa.madrid.org\/eoi.extmoratalaz-ptevallecas.madrid\/index.php\/wp-json\/wp\/v2\/comments?post=2824"}],"version-history":[{"count":15,"href":"https:\/\/site.educa.madrid.org\/eoi.extmoratalaz-ptevallecas.madrid\/index.php\/wp-json\/wp\/v2\/pages\/2824\/revisions"}],"predecessor-version":[{"id":2880,"href":"https:\/\/site.educa.madrid.org\/eoi.extmoratalaz-ptevallecas.madrid\/index.php\/wp-json\/wp\/v2\/pages\/2824\/revisions\/2880"}],"wp:attachment":[{"href":"https:\/\/site.educa.madrid.org\/eoi.extmoratalaz-ptevallecas.madrid\/index.php\/wp-json\/wp\/v2\/media?parent=2824"}],"wp:term":[{"taxonomy":"folder","embeddable":true,"href":"https:\/\/site.educa.madrid.org\/eoi.extmoratalaz-ptevallecas.madrid\/index.php\/wp-json\/wp\/v2\/folder?post=2824"}],"curies":[{"name":"wp","href":"https:\/\/api.w.org\/{rel}","templated":true}]}}